{"id":1258,"date":"2022-11-30T14:28:23","date_gmt":"2022-11-30T17:28:23","guid":{"rendered":"https:\/\/pc.sc.gov.br\/?page_id=1258"},"modified":"2023-11-16T14:59:55","modified_gmt":"2023-11-16T17:59:55","slug":"noticias","status":"publish","type":"page","link":"https:\/\/pc.sc.gov.br\/?page_id=1258","title":{"rendered":"Not\u00edcias"},"content":{"rendered":"\t\t<div data-elementor-type=\"wp-page\" data-elementor-id=\"1258\" class=\"elementor elementor-1258\" data-elementor-post-type=\"page\">\n\t\t\t\t\t\t<section class=\"elementor-section elementor-top-section elementor-element elementor-element-9575abd elementor-section-boxed elementor-section-height-default elementor-section-height-default\" data-id=\"9575abd\" data-element_type=\"section\">\n\t\t\t\t\t\t<div class=\"elementor-container elementor-column-gap-default\">\n\t\t\t\t\t<div class=\"elementor-column elementor-col-100 elementor-top-column elementor-element elementor-element-97a7a39\" data-id=\"97a7a39\" data-element_type=\"column\">\n\t\t\t<div class=\"elementor-widget-wrap elementor-element-populated\">\n\t\t\t\t\t\t<div class=\"elementor-element elementor-element-e0b3978 elementor-search-form--button-type-text elementor-search-form--skin-classic elementor-widget elementor-widget-search-form\" data-id=\"e0b3978\" data-element_type=\"widget\" data-settings=\"{&quot;skin&quot;:&quot;classic&quot;}\" data-widget_type=\"search-form.default\">\n\t\t\t\t<div class=\"elementor-widget-container\">\n\t\t\t\t\t\t\t<search role=\"search\">\n\t\t\t<form class=\"elementor-search-form\" action=\"https:\/\/pc.sc.gov.br\" method=\"get\">\n\t\t\t\t\t\t\t\t\t\t\t\t<div class=\"elementor-search-form__container\">\n\t\t\t\t\t<label class=\"elementor-screen-only\" for=\"elementor-search-form-e0b3978\">Search<\/label>\n\n\t\t\t\t\t\n\t\t\t\t\t<input id=\"elementor-search-form-e0b3978\" placeholder=\"Pesquisar por palavras chave.\" class=\"elementor-search-form__input\" type=\"search\" name=\"s\" value=\"\">\n\t\t\t\t\t\n\t\t\t\t\t\t\t\t\t\t\t<button class=\"elementor-search-form__submit\" type=\"submit\" aria-label=\"Search\">\n\t\t\t\t\t\t\t\t\t\t\t\t\t\t\tBuscar\t\t\t\t\t\t\t\t\t\t\t\t\t<\/button>\n\t\t\t\t\t\n\t\t\t\t\t\t\t\t\t<\/div>\n\t\t\t<\/form>\n\t\t<\/search>\n\t\t\t\t\t\t<\/div>\n\t\t\t\t<\/div>\n\t\t\t\t<div class=\"elementor-element elementor-element-7389fcb elementor-widget elementor-widget-heading\" data-id=\"7389fcb\" data-element_type=\"widget\" data-widget_type=\"heading.default\">\n\t\t\t\t<div class=\"elementor-widget-container\">\n\t\t\t\t\t<h2 class=\"elementor-heading-title elementor-size-default\">Not\u00edcias<\/h2>\t\t\t\t<\/div>\n\t\t\t\t<\/div>\n\t\t\t\t\t<\/div>\n\t\t<\/div>\n\t\t\t\t\t<\/div>\n\t\t<\/section>\n\t\t\t\t<section class=\"elementor-section elementor-top-section elementor-element elementor-element-7108867 elementor-section-boxed elementor-section-height-default elementor-section-height-default\" data-id=\"7108867\" data-element_type=\"section\">\n\t\t\t\t\t\t<div class=\"elementor-container elementor-column-gap-default\">\n\t\t\t\t\t<div class=\"elementor-column elementor-col-100 elementor-top-column elementor-element elementor-element-8d2e11c\" data-id=\"8d2e11c\" data-element_type=\"column\">\n\t\t\t<div class=\"elementor-widget-wrap elementor-element-populated\">\n\t\t\t\t\t\t<div class=\"elementor-element elementor-element-25ea893 elementor-grid-2 elementor-grid-tablet-2 elementor-grid-mobile-1 elementor-posts--thumbnail-top elementor-card-shadow-yes elementor-posts__hover-gradient elementor-widget elementor-widget-posts\" data-id=\"25ea893\" data-element_type=\"widget\" data-settings=\"{&quot;cards_columns&quot;:&quot;2&quot;,&quot;pagination_type&quot;:&quot;numbers&quot;,&quot;cards_columns_tablet&quot;:&quot;2&quot;,&quot;cards_columns_mobile&quot;:&quot;1&quot;,&quot;cards_row_gap&quot;:{&quot;unit&quot;:&quot;px&quot;,&quot;size&quot;:35,&quot;sizes&quot;:[]},&quot;cards_row_gap_tablet&quot;:{&quot;unit&quot;:&quot;px&quot;,&quot;size&quot;:&quot;&quot;,&quot;sizes&quot;:[]},&quot;cards_row_gap_mobile&quot;:{&quot;unit&quot;:&quot;px&quot;,&quot;size&quot;:&quot;&quot;,&quot;sizes&quot;:[]}}\" data-widget_type=\"posts.cards\">\n\t\t\t\t<div class=\"elementor-widget-container\">\n\t\t\t\t\t\t\t<div class=\"elementor-posts-container elementor-posts elementor-posts--skin-cards elementor-grid\" role=\"list\">\n\t\t\t\t<article class=\"elementor-post elementor-grid-item post-38265 post type-post status-publish format-standard has-post-thumbnail hentry category-sem-categoria\" role=\"listitem\">\n\t\t\t<div class=\"elementor-post__card\">\n\t\t\t\t<a class=\"elementor-post__thumbnail__link\" href=\"https:\/\/pc.sc.gov.br\/?p=38265\" tabindex=\"-1\" target=\"_blank\"><div class=\"elementor-post__thumbnail\"><img fetchpriority=\"high\" decoding=\"async\" width=\"696\" height=\"522\" src=\"https:\/\/pc.sc.gov.br\/\/wp-content\/uploads\/2026\/04\/WhatsApp-Image-2026-04-23-at-17.10.20-1024x768.jpeg\" class=\"attachment-large size-large wp-image-38266\" alt=\"\" srcset=\"https:\/\/pc.sc.gov.br\/\/wp-content\/uploads\/2026\/04\/WhatsApp-Image-2026-04-23-at-17.10.20-1024x768.jpeg 1024w, https:\/\/pc.sc.gov.br\/\/wp-content\/uploads\/2026\/04\/WhatsApp-Image-2026-04-23-at-17.10.20-300x225.jpeg 300w, https:\/\/pc.sc.gov.br\/\/wp-content\/uploads\/2026\/04\/WhatsApp-Image-2026-04-23-at-17.10.20-768x576.jpeg 768w, https:\/\/pc.sc.gov.br\/\/wp-content\/uploads\/2026\/04\/WhatsApp-Image-2026-04-23-at-17.10.20-1536x1152.jpeg 1536w, https:\/\/pc.sc.gov.br\/\/wp-content\/uploads\/2026\/04\/WhatsApp-Image-2026-04-23-at-17.10.20.jpeg 1600w\" sizes=\"(max-width: 696px) 100vw, 696px\" \/><\/div><\/a>\n\t\t\t\t<div class=\"elementor-post__text\">\n\t\t\t\t<h3 class=\"elementor-post__title\">\n\t\t\t<a href=\"https:\/\/pc.sc.gov.br\/?p=38265\" target=&quot;_blank&quot;>\n\t\t\t\tPol\u00edcia Civil cumpre mandados de busca em investiga\u00e7\u00e3o de viol\u00eancia dom\u00e9stica em Joinville\t\t\t<\/a>\n\t\t<\/h3>\n\t\t\t\t<div class=\"elementor-post__excerpt\">\n\t\t\t<p>Pol\u00edcia Civil cumpre mandados de busca em investiga\u00e7\u00e3o de viol\u00eancia dom\u00e9stica em Joinville A Pol\u00edcia Civil de Santa Catarina, por meio da Delegacia de Prote\u00e7\u00e3o<\/p>\n\t\t<\/div>\n\t\t\n\t\t<a class=\"elementor-post__read-more\" href=\"https:\/\/pc.sc.gov.br\/?p=38265\" aria-label=\"Read more about Pol\u00edcia Civil cumpre mandados de busca em investiga\u00e7\u00e3o de viol\u00eancia dom\u00e9stica em Joinville\" tabindex=\"-1\" target=\"_blank\">\n\t\t\tSaiba Mais\t\t<\/a>\n\n\t\t\t\t<\/div>\n\t\t\t\t<div class=\"elementor-post__meta-data\">\n\t\t\t\t\t<span class=\"elementor-post-date\">\n\t\t\t24 de abril de 2026\t\t<\/span>\n\t\t\t\t<\/div>\n\t\t\t\t\t<\/div>\n\t\t<\/article>\n\t\t\t\t<article class=\"elementor-post elementor-grid-item post-38248 post type-post status-publish format-standard has-post-thumbnail hentry category-sem-categoria\" role=\"listitem\">\n\t\t\t<div class=\"elementor-post__card\">\n\t\t\t\t<a class=\"elementor-post__thumbnail__link\" href=\"https:\/\/pc.sc.gov.br\/?p=38248\" tabindex=\"-1\" target=\"_blank\"><div class=\"elementor-post__thumbnail\"><img decoding=\"async\" width=\"696\" height=\"522\" src=\"https:\/\/pc.sc.gov.br\/\/wp-content\/uploads\/2026\/04\/WhatsApp-Image-2026-04-22-at-21.11.41-1024x768.jpeg\" class=\"attachment-large size-large wp-image-38250\" alt=\"\" srcset=\"https:\/\/pc.sc.gov.br\/\/wp-content\/uploads\/2026\/04\/WhatsApp-Image-2026-04-22-at-21.11.41-1024x768.jpeg 1024w, https:\/\/pc.sc.gov.br\/\/wp-content\/uploads\/2026\/04\/WhatsApp-Image-2026-04-22-at-21.11.41-300x225.jpeg 300w, https:\/\/pc.sc.gov.br\/\/wp-content\/uploads\/2026\/04\/WhatsApp-Image-2026-04-22-at-21.11.41-768x576.jpeg 768w, https:\/\/pc.sc.gov.br\/\/wp-content\/uploads\/2026\/04\/WhatsApp-Image-2026-04-22-at-21.11.41-1536x1152.jpeg 1536w, https:\/\/pc.sc.gov.br\/\/wp-content\/uploads\/2026\/04\/WhatsApp-Image-2026-04-22-at-21.11.41.jpeg 1600w\" sizes=\"(max-width: 696px) 100vw, 696px\" \/><\/div><\/a>\n\t\t\t\t<div class=\"elementor-post__text\">\n\t\t\t\t<h3 class=\"elementor-post__title\">\n\t\t\t<a href=\"https:\/\/pc.sc.gov.br\/?p=38248\" target=&quot;_blank&quot;>\n\t\t\t\tPol\u00edcia Civil inaugura nova Delegacia de Prote\u00e7\u00e3o \u00e0 Crian\u00e7a, Adolescente, Mulher e Idoso em Imbituba\t\t\t<\/a>\n\t\t<\/h3>\n\t\t\t\t<div class=\"elementor-post__excerpt\">\n\t\t\t<p>Pol\u00edcia Civil inaugura nova Delegacia de Prote\u00e7\u00e3o \u00e0 Crian\u00e7a, Adolescente, Mulher e Idoso em Imbituba A Pol\u00edcia Civil de Santa Catarina inaugurou, nesta quarta-feira (22\/04),<\/p>\n\t\t<\/div>\n\t\t\n\t\t<a class=\"elementor-post__read-more\" href=\"https:\/\/pc.sc.gov.br\/?p=38248\" aria-label=\"Read more about Pol\u00edcia Civil inaugura nova Delegacia de Prote\u00e7\u00e3o \u00e0 Crian\u00e7a, Adolescente, Mulher e Idoso em Imbituba\" tabindex=\"-1\" target=\"_blank\">\n\t\t\tSaiba Mais\t\t<\/a>\n\n\t\t\t\t<\/div>\n\t\t\t\t<div class=\"elementor-post__meta-data\">\n\t\t\t\t\t<span class=\"elementor-post-date\">\n\t\t\t23 de abril de 2026\t\t<\/span>\n\t\t\t\t<\/div>\n\t\t\t\t\t<\/div>\n\t\t<\/article>\n\t\t\t\t<article class=\"elementor-post elementor-grid-item post-38246 post type-post status-publish format-standard has-post-thumbnail hentry category-sem-categoria tag-8dp tag-capital tag-dce tag-estelionato tag-pcsc\" role=\"listitem\">\n\t\t\t<div class=\"elementor-post__card\">\n\t\t\t\t<a class=\"elementor-post__thumbnail__link\" href=\"https:\/\/pc.sc.gov.br\/?p=38246\" tabindex=\"-1\" target=\"_blank\"><div class=\"elementor-post__thumbnail\"><img decoding=\"async\" width=\"696\" height=\"930\" src=\"https:\/\/pc.sc.gov.br\/\/wp-content\/uploads\/2026\/04\/WhatsApp-Image-2026-04-23-at-16.19.59-2-766x1024.jpeg\" class=\"attachment-large size-large wp-image-38247\" alt=\"\" srcset=\"https:\/\/pc.sc.gov.br\/\/wp-content\/uploads\/2026\/04\/WhatsApp-Image-2026-04-23-at-16.19.59-2-766x1024.jpeg 766w, https:\/\/pc.sc.gov.br\/\/wp-content\/uploads\/2026\/04\/WhatsApp-Image-2026-04-23-at-16.19.59-2-224x300.jpeg 224w, https:\/\/pc.sc.gov.br\/\/wp-content\/uploads\/2026\/04\/WhatsApp-Image-2026-04-23-at-16.19.59-2-768x1027.jpeg 768w, https:\/\/pc.sc.gov.br\/\/wp-content\/uploads\/2026\/04\/WhatsApp-Image-2026-04-23-at-16.19.59-2-1149x1536.jpeg 1149w, https:\/\/pc.sc.gov.br\/\/wp-content\/uploads\/2026\/04\/WhatsApp-Image-2026-04-23-at-16.19.59-2.jpeg 1197w\" sizes=\"(max-width: 696px) 100vw, 696px\" \/><\/div><\/a>\n\t\t\t\t<div class=\"elementor-post__text\">\n\t\t\t\t<h3 class=\"elementor-post__title\">\n\t\t\t<a href=\"https:\/\/pc.sc.gov.br\/?p=38246\" target=&quot;_blank&quot;>\n\t\t\t\tPol\u00edcia Civil prende estelionat\u00e1rio na Capital\t\t\t<\/a>\n\t\t<\/h3>\n\t\t\t\t<div class=\"elementor-post__excerpt\">\n\t\t\t<p>Pol\u00edcia Civil prende estelionat\u00e1rio na Capital Nesta quinta-feira (23\/04), a Pol\u00edcia Civil de Santa Catarina, por meio da Delegacia de Combate a Estelionatos do Departamento<\/p>\n\t\t<\/div>\n\t\t\n\t\t<a class=\"elementor-post__read-more\" href=\"https:\/\/pc.sc.gov.br\/?p=38246\" aria-label=\"Read more about Pol\u00edcia Civil prende estelionat\u00e1rio na Capital\" tabindex=\"-1\" target=\"_blank\">\n\t\t\tSaiba Mais\t\t<\/a>\n\n\t\t\t\t<\/div>\n\t\t\t\t<div class=\"elementor-post__meta-data\">\n\t\t\t\t\t<span class=\"elementor-post-date\">\n\t\t\t23 de abril de 2026\t\t<\/span>\n\t\t\t\t<\/div>\n\t\t\t\t\t<\/div>\n\t\t<\/article>\n\t\t\t\t<article class=\"elementor-post elementor-grid-item post-38237 post type-post status-publish format-standard has-post-thumbnail hentry category-sem-categoria tag-criciuma tag-dic tag-drr tag-policia-civil tag-prisao-de-foragido tag-rio-grande-do-sul tag-roubo tag-seguranca-publica\" role=\"listitem\">\n\t\t\t<div class=\"elementor-post__card\">\n\t\t\t\t<a class=\"elementor-post__thumbnail__link\" href=\"https:\/\/pc.sc.gov.br\/?p=38237\" tabindex=\"-1\" target=\"_blank\"><div class=\"elementor-post__thumbnail\"><img loading=\"lazy\" decoding=\"async\" width=\"696\" height=\"761\" src=\"https:\/\/pc.sc.gov.br\/\/wp-content\/uploads\/2026\/04\/WhatsApp-Image-2026-04-23-at-15.06.40-937x1024.jpeg\" class=\"attachment-large size-large wp-image-38240\" alt=\"\" \/><\/div><\/a>\n\t\t\t\t<div class=\"elementor-post__text\">\n\t\t\t\t<h3 class=\"elementor-post__title\">\n\t\t\t<a href=\"https:\/\/pc.sc.gov.br\/?p=38237\" target=&quot;_blank&quot;>\n\t\t\t\tPol\u00edcia Civil prende em Crici\u00fama foragido por roubo cometido no Rio Grande do Sul\t\t\t<\/a>\n\t\t<\/h3>\n\t\t\t\t<div class=\"elementor-post__excerpt\">\n\t\t\t<p>PCSC prende em Crici\u00fama homem de 29 anos foragido por roubo no RS. A\u00e7\u00e3o integrada com a PC de Cachoeirinha localizou o alvo no bairro Pinheirinho.<\/p>\n\t\t<\/div>\n\t\t\n\t\t<a class=\"elementor-post__read-more\" href=\"https:\/\/pc.sc.gov.br\/?p=38237\" aria-label=\"Read more about Pol\u00edcia Civil prende em Crici\u00fama foragido por roubo cometido no Rio Grande do Sul\" tabindex=\"-1\" target=\"_blank\">\n\t\t\tSaiba Mais\t\t<\/a>\n\n\t\t\t\t<\/div>\n\t\t\t\t<div class=\"elementor-post__meta-data\">\n\t\t\t\t\t<span class=\"elementor-post-date\">\n\t\t\t23 de abril de 2026\t\t<\/span>\n\t\t\t\t<\/div>\n\t\t\t\t\t<\/div>\n\t\t<\/article>\n\t\t\t\t<article class=\"elementor-post elementor-grid-item post-38229 post type-post status-publish format-standard has-post-thumbnail hentry category-sem-categoria tag-combustiveis tag-fiscalizacao tag-postos tag-sc\" role=\"listitem\">\n\t\t\t<div class=\"elementor-post__card\">\n\t\t\t\t<a class=\"elementor-post__thumbnail__link\" href=\"https:\/\/pc.sc.gov.br\/?p=38229\" tabindex=\"-1\" target=\"_blank\"><div class=\"elementor-post__thumbnail\"><img loading=\"lazy\" decoding=\"async\" width=\"696\" height=\"930\" src=\"https:\/\/pc.sc.gov.br\/\/wp-content\/uploads\/2026\/04\/WhatsApp-Image-2026-04-17-at-18.25.43-766x1024.jpeg\" class=\"attachment-large size-large wp-image-38230\" alt=\"\" srcset=\"https:\/\/pc.sc.gov.br\/\/wp-content\/uploads\/2026\/04\/WhatsApp-Image-2026-04-17-at-18.25.43-766x1024.jpeg 766w, https:\/\/pc.sc.gov.br\/\/wp-content\/uploads\/2026\/04\/WhatsApp-Image-2026-04-17-at-18.25.43-224x300.jpeg 224w, https:\/\/pc.sc.gov.br\/\/wp-content\/uploads\/2026\/04\/WhatsApp-Image-2026-04-17-at-18.25.43-768x1027.jpeg 768w, https:\/\/pc.sc.gov.br\/\/wp-content\/uploads\/2026\/04\/WhatsApp-Image-2026-04-17-at-18.25.43-1149x1536.jpeg 1149w, https:\/\/pc.sc.gov.br\/\/wp-content\/uploads\/2026\/04\/WhatsApp-Image-2026-04-17-at-18.25.43.jpeg 1197w\" sizes=\"(max-width: 696px) 100vw, 696px\" \/><\/div><\/a>\n\t\t\t\t<div class=\"elementor-post__text\">\n\t\t\t\t<h3 class=\"elementor-post__title\">\n\t\t\t<a href=\"https:\/\/pc.sc.gov.br\/?p=38229\" target=&quot;_blank&quot;>\n\t\t\t\tPol\u00edcia Civil deflagra opera\u00e7\u00e3o \u201cPosto Seguro\u201d e fiscaliza 624 postos de combust\u00edveis em 150 munic\u00edpios catarinenses\t\t\t<\/a>\n\t\t<\/h3>\n\t\t\t\t<div class=\"elementor-post__excerpt\">\n\t\t\t<p>Pol\u00edcia Civil deflagra opera\u00e7\u00e3o \u201cPosto Seguro\u201d e fiscaliza 624 postos de combust\u00edveis em 150 munic\u00edpios catarinenses A Pol\u00edcia Civil de Santa Catarina encerrou na sexta-feira<\/p>\n\t\t<\/div>\n\t\t\n\t\t<a class=\"elementor-post__read-more\" href=\"https:\/\/pc.sc.gov.br\/?p=38229\" aria-label=\"Read more about Pol\u00edcia Civil deflagra opera\u00e7\u00e3o \u201cPosto Seguro\u201d e fiscaliza 624 postos de combust\u00edveis em 150 munic\u00edpios catarinenses\" tabindex=\"-1\" target=\"_blank\">\n\t\t\tSaiba Mais\t\t<\/a>\n\n\t\t\t\t<\/div>\n\t\t\t\t<div class=\"elementor-post__meta-data\">\n\t\t\t\t\t<span class=\"elementor-post-date\">\n\t\t\t23 de abril de 2026\t\t<\/span>\n\t\t\t\t<\/div>\n\t\t\t\t\t<\/div>\n\t\t<\/article>\n\t\t\t\t<article class=\"elementor-post elementor-grid-item post-38222 post type-post status-publish format-standard has-post-thumbnail hentry category-sem-categoria tag-divida-de-drogas tag-homicidio-qualificado tag-investigacao tag-ocultacao-de-cadaver tag-operacao-ultimo-chamado tag-policia-civil tag-seguranca-publica tag-xaxim\" role=\"listitem\">\n\t\t\t<div class=\"elementor-post__card\">\n\t\t\t\t<a class=\"elementor-post__thumbnail__link\" href=\"https:\/\/pc.sc.gov.br\/?p=38222\" tabindex=\"-1\" target=\"_blank\"><div class=\"elementor-post__thumbnail\"><img loading=\"lazy\" decoding=\"async\" width=\"696\" height=\"928\" src=\"https:\/\/pc.sc.gov.br\/\/wp-content\/uploads\/2026\/04\/WhatsApp-Image-2026-04-23-at-13.36.00-768x1024.jpeg\" class=\"attachment-large size-large wp-image-38223\" alt=\"\" srcset=\"https:\/\/pc.sc.gov.br\/\/wp-content\/uploads\/2026\/04\/WhatsApp-Image-2026-04-23-at-13.36.00-768x1024.jpeg 768w, https:\/\/pc.sc.gov.br\/\/wp-content\/uploads\/2026\/04\/WhatsApp-Image-2026-04-23-at-13.36.00-225x300.jpeg 225w, https:\/\/pc.sc.gov.br\/\/wp-content\/uploads\/2026\/04\/WhatsApp-Image-2026-04-23-at-13.36.00.jpeg 877w\" sizes=\"(max-width: 696px) 100vw, 696px\" \/><\/div><\/a>\n\t\t\t\t<div class=\"elementor-post__text\">\n\t\t\t\t<h3 class=\"elementor-post__title\">\n\t\t\t<a href=\"https:\/\/pc.sc.gov.br\/?p=38222\" target=&quot;_blank&quot;>\n\t\t\t\tPol\u00edcia Civil indicia trio por homic\u00eddio e oculta\u00e7\u00e3o de cad\u00e1ver em Xaxim\t\t\t<\/a>\n\t\t<\/h3>\n\t\t\t\t<div class=\"elementor-post__excerpt\">\n\t\t\t<p>PCSC conclui investiga\u00e7\u00e3o sobre sequestro e morte de jovem em Xaxim. Opera\u00e7\u00e3o \u00daltimo Chamado indiciou tr\u00eas homens por homic\u00eddio qualificado e oculta\u00e7\u00e3o de cad\u00e1ver.<\/p>\n\t\t<\/div>\n\t\t\n\t\t<a class=\"elementor-post__read-more\" href=\"https:\/\/pc.sc.gov.br\/?p=38222\" aria-label=\"Read more about Pol\u00edcia Civil indicia trio por homic\u00eddio e oculta\u00e7\u00e3o de cad\u00e1ver em Xaxim\" tabindex=\"-1\" target=\"_blank\">\n\t\t\tSaiba Mais\t\t<\/a>\n\n\t\t\t\t<\/div>\n\t\t\t\t<div class=\"elementor-post__meta-data\">\n\t\t\t\t\t<span class=\"elementor-post-date\">\n\t\t\t23 de abril de 2026\t\t<\/span>\n\t\t\t\t<\/div>\n\t\t\t\t\t<\/div>\n\t\t<\/article>\n\t\t\t\t<article class=\"elementor-post elementor-grid-item post-38182 post type-post status-publish format-standard has-post-thumbnail hentry category-sem-categoria\" role=\"listitem\">\n\t\t\t<div class=\"elementor-post__card\">\n\t\t\t\t<a class=\"elementor-post__thumbnail__link\" href=\"https:\/\/pc.sc.gov.br\/?p=38182\" tabindex=\"-1\" target=\"_blank\"><div class=\"elementor-post__thumbnail\"><img loading=\"lazy\" decoding=\"async\" width=\"696\" height=\"464\" src=\"https:\/\/pc.sc.gov.br\/\/wp-content\/uploads\/2026\/04\/Ricardo-Trida-SSP-SC-74-1024x683.jpg\" class=\"attachment-large size-large wp-image-38208\" alt=\"\" srcset=\"https:\/\/pc.sc.gov.br\/\/wp-content\/uploads\/2026\/04\/Ricardo-Trida-SSP-SC-74-1024x683.jpg 1024w, https:\/\/pc.sc.gov.br\/\/wp-content\/uploads\/2026\/04\/Ricardo-Trida-SSP-SC-74-300x200.jpg 300w, https:\/\/pc.sc.gov.br\/\/wp-content\/uploads\/2026\/04\/Ricardo-Trida-SSP-SC-74-768x512.jpg 768w, https:\/\/pc.sc.gov.br\/\/wp-content\/uploads\/2026\/04\/Ricardo-Trida-SSP-SC-74-1536x1024.jpg 1536w, https:\/\/pc.sc.gov.br\/\/wp-content\/uploads\/2026\/04\/Ricardo-Trida-SSP-SC-74-2048x1365.jpg 2048w\" sizes=\"(max-width: 696px) 100vw, 696px\" \/><\/div><\/a>\n\t\t\t\t<div class=\"elementor-post__text\">\n\t\t\t\t<h3 class=\"elementor-post__title\">\n\t\t\t<a href=\"https:\/\/pc.sc.gov.br\/?p=38182\" target=&quot;_blank&quot;>\n\t\t\t\tPol\u00edcia Civil inaugura nova sede da Delegacia Regional e do Departamento de Investiga\u00e7\u00f5es Criminais em S\u00e3o Jos\u00e9\t\t\t<\/a>\n\t\t<\/h3>\n\t\t\t\t<div class=\"elementor-post__excerpt\">\n\t\t\t<p>Pol\u00edcia Civil inaugura nova sede da Delegacia Regional e do Departamento de Investiga\u00e7\u00f5es Criminais em S\u00e3o Jos\u00e9 A Seguran\u00e7a P\u00fablica de Santa Catarina deu mais<\/p>\n\t\t<\/div>\n\t\t\n\t\t<a class=\"elementor-post__read-more\" href=\"https:\/\/pc.sc.gov.br\/?p=38182\" aria-label=\"Read more about Pol\u00edcia Civil inaugura nova sede da Delegacia Regional e do Departamento de Investiga\u00e7\u00f5es Criminais em S\u00e3o Jos\u00e9\" tabindex=\"-1\" target=\"_blank\">\n\t\t\tSaiba Mais\t\t<\/a>\n\n\t\t\t\t<\/div>\n\t\t\t\t<div class=\"elementor-post__meta-data\">\n\t\t\t\t\t<span class=\"elementor-post-date\">\n\t\t\t23 de abril de 2026\t\t<\/span>\n\t\t\t\t<\/div>\n\t\t\t\t\t<\/div>\n\t\t<\/article>\n\t\t\t\t<article class=\"elementor-post elementor-grid-item post-38198 post type-post status-publish format-standard has-post-thumbnail hentry category-sem-categoria\" role=\"listitem\">\n\t\t\t<div class=\"elementor-post__card\">\n\t\t\t\t<a class=\"elementor-post__thumbnail__link\" href=\"https:\/\/pc.sc.gov.br\/?p=38198\" tabindex=\"-1\" target=\"_blank\"><div class=\"elementor-post__thumbnail\"><img loading=\"lazy\" decoding=\"async\" width=\"696\" height=\"597\" src=\"https:\/\/pc.sc.gov.br\/\/wp-content\/uploads\/2026\/04\/WhatsApp-Image-2026-04-22-at-18.01.42-e1776956957289-1024x879.jpeg\" class=\"attachment-large size-large wp-image-38199\" alt=\"\" srcset=\"https:\/\/pc.sc.gov.br\/\/wp-content\/uploads\/2026\/04\/WhatsApp-Image-2026-04-22-at-18.01.42-e1776956957289-1024x879.jpeg 1024w, https:\/\/pc.sc.gov.br\/\/wp-content\/uploads\/2026\/04\/WhatsApp-Image-2026-04-22-at-18.01.42-e1776956957289-300x258.jpeg 300w, https:\/\/pc.sc.gov.br\/\/wp-content\/uploads\/2026\/04\/WhatsApp-Image-2026-04-22-at-18.01.42-e1776956957289-768x659.jpeg 768w, https:\/\/pc.sc.gov.br\/\/wp-content\/uploads\/2026\/04\/WhatsApp-Image-2026-04-22-at-18.01.42-e1776956957289.jpeg 1080w\" sizes=\"(max-width: 696px) 100vw, 696px\" \/><\/div><\/a>\n\t\t\t\t<div class=\"elementor-post__text\">\n\t\t\t\t<h3 class=\"elementor-post__title\">\n\t\t\t<a href=\"https:\/\/pc.sc.gov.br\/?p=38198\" target=&quot;_blank&quot;>\n\t\t\t\tJusti\u00e7a condena dupla investigada pela DECOD por tr\u00e1fico e associa\u00e7\u00e3o criminosa em Chapec\u00f3\t\t\t<\/a>\n\t\t<\/h3>\n\t\t\t\t<div class=\"elementor-post__excerpt\">\n\t\t\t<p>Justi\u00e7a condena dupla investigada pela DECOD por tr\u00e1fico e associa\u00e7\u00e3o criminosa em Chapec\u00f3 A Pol\u00edcia Civil de Santa Catarina tomou conhecimento, nesta quinta-feira (23), da<\/p>\n\t\t<\/div>\n\t\t\n\t\t<a class=\"elementor-post__read-more\" href=\"https:\/\/pc.sc.gov.br\/?p=38198\" aria-label=\"Read more about Justi\u00e7a condena dupla investigada pela DECOD por tr\u00e1fico e associa\u00e7\u00e3o criminosa em Chapec\u00f3\" tabindex=\"-1\" target=\"_blank\">\n\t\t\tSaiba Mais\t\t<\/a>\n\n\t\t\t\t<\/div>\n\t\t\t\t<div class=\"elementor-post__meta-data\">\n\t\t\t\t\t<span class=\"elementor-post-date\">\n\t\t\t23 de abril de 2026\t\t<\/span>\n\t\t\t\t<\/div>\n\t\t\t\t\t<\/div>\n\t\t<\/article>\n\t\t\t\t<\/div>\n\t\t\n\t\t\t\t<div class=\"e-load-more-anchor\" data-page=\"1\" data-max-page=\"484\" data-next-page=\"https:\/\/pc.sc.gov.br\/index.php?rest_route=%2Fwp%2Fv2%2Fpages%2F1258&#038;paged=2\"><\/div>\n\t\t\t\t<nav class=\"elementor-pagination\" aria-label=\"Pagination\">\n\t\t\t<span aria-current=\"page\" class=\"page-numbers current\"><span class=\"elementor-screen-only\">Page<\/span>1<\/span>\n<a class=\"page-numbers\" href=\"https:\/\/pc.sc.gov.br\/index.php\/?paged=2\"><span class=\"elementor-screen-only\">Page<\/span>2<\/a>\n<a class=\"page-numbers\" href=\"https:\/\/pc.sc.gov.br\/index.php\/?paged=3\"><span class=\"elementor-screen-only\">Page<\/span>3<\/a>\n<span class=\"page-numbers dots\">&hellip;<\/span>\n<a class=\"page-numbers\" href=\"https:\/\/pc.sc.gov.br\/index.php\/?paged=484\"><span class=\"elementor-screen-only\">Page<\/span>484<\/a>\t\t<\/nav>\n\t\t\t\t\t\t<\/div>\n\t\t\t\t<\/div>\n\t\t\t\t\t<\/div>\n\t\t<\/div>\n\t\t\t\t\t<\/div>\n\t\t<\/section>\n\t\t\t\t<\/div>\n\t\t","protected":false},"excerpt":{"rendered":"<p>Not\u00edcias<\/p>\n","protected":false},"author":2,"featured_media":0,"parent":0,"menu_order":0,"comment_status":"closed","ping_status":"closed","template":"elementor_header_footer","meta":{"_monsterinsights_skip_tracking":false,"_monsterinsights_sitenote_active":false,"_monsterinsights_sitenote_note":"","_monsterinsights_sitenote_category":0,"footnotes":""},"class_list":["post-1258","page","type-page","status-publish","hentry"],"_links":{"self":[{"href":"https:\/\/pc.sc.gov.br\/index.php?rest_route=\/wp\/v2\/pages\/1258","targetHints":{"allow":["GET"]}}],"collection":[{"href":"https:\/\/pc.sc.gov.br\/index.php?rest_route=\/wp\/v2\/pages"}],"about":[{"href":"https:\/\/pc.sc.gov.br\/index.php?rest_route=\/wp\/v2\/types\/page"}],"author":[{"embeddable":true,"href":"https:\/\/pc.sc.gov.br\/index.php?rest_route=\/wp\/v2\/users\/2"}],"replies":[{"embeddable":true,"href":"https:\/\/pc.sc.gov.br\/index.php?rest_route=%2Fwp%2Fv2%2Fcomments&post=1258"}],"version-history":[{"count":34,"href":"https:\/\/pc.sc.gov.br\/index.php?rest_route=\/wp\/v2\/pages\/1258\/revisions"}],"predecessor-version":[{"id":15254,"href":"https:\/\/pc.sc.gov.br\/index.php?rest_route=\/wp\/v2\/pages\/1258\/revisions\/15254"}],"wp:attachment":[{"href":"https:\/\/pc.sc.gov.br\/index.php?rest_route=%2Fwp%2Fv2%2Fmedia&parent=1258"}],"curies":[{"name":"wp","href":"https:\/\/api.w.org\/{rel}","templated":true}]}}