{"id":18772,"date":"2024-04-01T14:33:37","date_gmt":"2024-04-01T17:33:37","guid":{"rendered":"https:\/\/pc.sc.gov.br\/?page_id=18772"},"modified":"2026-02-09T16:52:33","modified_gmt":"2026-02-09T19:52:33","slug":"elementor-18772","status":"publish","type":"page","link":"https:\/\/pc.sc.gov.br\/?page_id=18772","title":{"rendered":"A Mulher tem Voz"},"content":{"rendered":"\t\t<div data-elementor-type=\"wp-page\" data-elementor-id=\"18772\" class=\"elementor elementor-18772\" data-elementor-post-type=\"page\">\n\t\t\t\t\t\t<section class=\"elementor-section elementor-top-section elementor-element elementor-element-829873b elementor-section-boxed elementor-section-height-default elementor-section-height-default\" data-id=\"829873b\" data-element_type=\"section\">\n\t\t\t\t\t\t<div class=\"elementor-container elementor-column-gap-default\">\n\t\t\t\t\t<div class=\"elementor-column elementor-col-100 elementor-top-column elementor-element elementor-element-53cec59\" data-id=\"53cec59\" data-element_type=\"column\">\n\t\t\t<div class=\"elementor-widget-wrap elementor-element-populated\">\n\t\t\t\t\t\t<div class=\"elementor-element elementor-element-8eaf3a9 elementor-widget elementor-widget-heading\" data-id=\"8eaf3a9\" data-element_type=\"widget\" data-widget_type=\"heading.default\">\n\t\t\t\t<div class=\"elementor-widget-container\">\n\t\t\t\t\t<h2 class=\"elementor-heading-title elementor-size-default\">A Mulher tem Voz<\/h2>\t\t\t\t<\/div>\n\t\t\t\t<\/div>\n\t\t\t\t\t<\/div>\n\t\t<\/div>\n\t\t\t\t\t<\/div>\n\t\t<\/section>\n\t\t\t\t<section class=\"elementor-section elementor-top-section elementor-element elementor-element-2d98ffb elementor-section-boxed elementor-section-height-default elementor-section-height-default\" data-id=\"2d98ffb\" data-element_type=\"section\">\n\t\t\t\t\t\t<div class=\"elementor-container elementor-column-gap-default\">\n\t\t\t\t\t<div class=\"elementor-column elementor-col-100 elementor-top-column elementor-element elementor-element-6848abc\" data-id=\"6848abc\" data-element_type=\"column\">\n\t\t\t<div class=\"elementor-widget-wrap elementor-element-populated\">\n\t\t\t\t\t\t<div class=\"elementor-element elementor-element-a65543d elementor-widget elementor-widget-text-editor\" data-id=\"a65543d\" data-element_type=\"widget\" data-widget_type=\"text-editor.default\">\n\t\t\t\t<div class=\"elementor-widget-container\">\n\t\t\t\t\t\t\t\t\t<div>A viol\u00eancia contra a mulher \u00e9 uma realidade que continua a assolar nossa sociedade, demandando a\u00e7\u00f5es pro-ativas e estrat\u00e9gicas para seu enfrentamento. Consciente da relev\u00e2ncia do tema e da necessidade do envolvimento institucional, a Pol\u00edcia Civil apresenta o programa de preven\u00e7\u00e3o denominado &#8220;A MULHER TEM VOZ\u201d, o qual tem como objetivo dispor sobre a <strong>obrigatoriedade de casas noturnas, casas de shows e estabelecimentos similares, fiscalizados pela Pol\u00edcia Civil, adotarem medidas de aux\u00edlio \u00e0 mulher que se sinta em situa\u00e7\u00e3o que a coloque em risco no interior desses estabelecimentos, em conson\u00e2ncia com a Lei n.\u00ba 14.786\/2023<\/strong>.<\/div>\t\t\t\t\t\t\t\t<\/div>\n\t\t\t\t<\/div>\n\t\t\t\t<div class=\"elementor-element elementor-element-b2febab elementor-widget elementor-widget-text-editor\" data-id=\"b2febab\" data-element_type=\"widget\" data-widget_type=\"text-editor.default\">\n\t\t\t\t<div class=\"elementor-widget-container\">\n\t\t\t\t\t\t\t\t\t<div>Deste modo, o presente programa oportuniza as mulheres que frequentam certos estabelecimentos de entretenimento os meios para exercerem o seu direito a um atendimento qualificado e respons\u00e1vel em situa\u00e7\u00f5es de risco a ser prestado pela equipe de colaboradores dos estabelecimentos.<\/div>\n\t\t\t\t\t\t\t\t<\/div>\n\t\t\t\t<\/div>\n\t\t\t\t<div class=\"elementor-element elementor-element-60ac4eb elementor-widget elementor-widget-text-editor\" data-id=\"60ac4eb\" data-element_type=\"widget\" data-widget_type=\"text-editor.default\">\n\t\t\t\t<div class=\"elementor-widget-container\">\n\t\t\t\t\t\t\t\t\t<div>A Policia Civil produziu dois cartazes para impress\u00e3o e afixa\u00e7\u00e3o, preferencialmente nos banheiros. Clique nas imagens para realizar o download do arquivo PDF para impress\u00e3o.<\/div>\t\t\t\t\t\t\t\t<\/div>\n\t\t\t\t<\/div>\n\t\t\t\t\t<\/div>\n\t\t<\/div>\n\t\t\t\t\t<\/div>\n\t\t<\/section>\n\t\t\t\t<section class=\"elementor-section elementor-top-section elementor-element elementor-element-08311d4 elementor-section-boxed elementor-section-height-default elementor-section-height-default\" data-id=\"08311d4\" data-element_type=\"section\">\n\t\t\t\t\t\t<div class=\"elementor-container elementor-column-gap-default\">\n\t\t\t\t\t<div class=\"elementor-column elementor-col-50 elementor-top-column elementor-element elementor-element-6b17cfa\" data-id=\"6b17cfa\" data-element_type=\"column\">\n\t\t\t<div class=\"elementor-widget-wrap elementor-element-populated\">\n\t\t\t\t\t\t<div class=\"elementor-element elementor-element-a436758 elementor-widget elementor-widget-image\" data-id=\"a436758\" data-element_type=\"widget\" data-widget_type=\"image.default\">\n\t\t\t\t<div class=\"elementor-widget-container\">\n\t\t\t\t\t\t\t\t\t\t\t\t\t\t\t\t<a href=\"https:\/\/pc.sc.gov.br\/\/wp-content\/uploads\/2026\/02\/Cartaz_BWC_SC_MulherTemVoz.pdf\" target=\"_blank\">\n\t\t\t\t\t\t\t<img fetchpriority=\"high\" decoding=\"async\" width=\"589\" height=\"854\" src=\"https:\/\/pc.sc.gov.br\/\/wp-content\/uploads\/2024\/04\/BANNER-FEM.png\" class=\"attachment-large size-large wp-image-18780\" alt=\"\" srcset=\"https:\/\/pc.sc.gov.br\/\/wp-content\/uploads\/2024\/04\/BANNER-FEM.png 589w, https:\/\/pc.sc.gov.br\/\/wp-content\/uploads\/2024\/04\/BANNER-FEM-207x300.png 207w\" sizes=\"(max-width: 589px) 100vw, 589px\" \/>\t\t\t\t\t\t\t\t<\/a>\n\t\t\t\t\t\t\t\t\t\t\t\t\t\t\t<\/div>\n\t\t\t\t<\/div>\n\t\t\t\t\t<\/div>\n\t\t<\/div>\n\t\t\t\t<div class=\"elementor-column elementor-col-50 elementor-top-column elementor-element elementor-element-d1fe8c5\" data-id=\"d1fe8c5\" data-element_type=\"column\">\n\t\t\t<div class=\"elementor-widget-wrap elementor-element-populated\">\n\t\t\t\t\t\t<div class=\"elementor-element elementor-element-2033bbe elementor-widget elementor-widget-image\" data-id=\"2033bbe\" data-element_type=\"widget\" data-widget_type=\"image.default\">\n\t\t\t\t<div class=\"elementor-widget-container\">\n\t\t\t\t\t\t\t\t\t\t\t\t\t\t\t\t<a href=\"https:\/\/pc.sc.gov.br\/\/wp-content\/uploads\/2026\/02\/Cartaz_BWC_SC_MulherTemVoz.pdf\" target=\"_blank\">\n\t\t\t\t\t\t\t<img decoding=\"async\" width=\"589\" height=\"854\" src=\"https:\/\/pc.sc.gov.br\/\/wp-content\/uploads\/2024\/04\/BANNER-MASC.png\" class=\"attachment-large size-large wp-image-18781\" alt=\"\" srcset=\"https:\/\/pc.sc.gov.br\/\/wp-content\/uploads\/2024\/04\/BANNER-MASC.png 589w, https:\/\/pc.sc.gov.br\/\/wp-content\/uploads\/2024\/04\/BANNER-MASC-207x300.png 207w\" sizes=\"(max-width: 589px) 100vw, 589px\" \/>\t\t\t\t\t\t\t\t<\/a>\n\t\t\t\t\t\t\t\t\t\t\t\t\t\t\t<\/div>\n\t\t\t\t<\/div>\n\t\t\t\t\t<\/div>\n\t\t<\/div>\n\t\t\t\t\t<\/div>\n\t\t<\/section>\n\t\t\t\t<section class=\"elementor-section elementor-top-section elementor-element elementor-element-89fd955 elementor-section-boxed elementor-section-height-default elementor-section-height-default\" data-id=\"89fd955\" data-element_type=\"section\">\n\t\t\t\t\t\t<div class=\"elementor-container elementor-column-gap-default\">\n\t\t\t\t\t<div class=\"elementor-column elementor-col-100 elementor-top-column elementor-element elementor-element-4b3a582\" data-id=\"4b3a582\" data-element_type=\"column\">\n\t\t\t<div class=\"elementor-widget-wrap elementor-element-populated\">\n\t\t\t\t\t\t<div class=\"elementor-element elementor-element-7736ac6 elementor-widget elementor-widget-image\" data-id=\"7736ac6\" data-element_type=\"widget\" data-widget_type=\"image.default\">\n\t\t\t\t<div class=\"elementor-widget-container\">\n\t\t\t\t\t\t\t\t\t\t\t\t\t\t\t\t<a href=\"https:\/\/pc.sc.gov.br\/\/wp-content\/uploads\/2026\/02\/Programa-A-Mulher-tem-Voz.pdf\" target=\"_blank\">\n\t\t\t\t\t\t\t<img decoding=\"async\" width=\"1258\" height=\"747\" src=\"https:\/\/pc.sc.gov.br\/\/wp-content\/uploads\/2024\/04\/CARTILHA-2.png\" class=\"attachment-full size-full wp-image-18838\" alt=\"\" srcset=\"https:\/\/pc.sc.gov.br\/\/wp-content\/uploads\/2024\/04\/CARTILHA-2.png 1258w, https:\/\/pc.sc.gov.br\/\/wp-content\/uploads\/2024\/04\/CARTILHA-2-300x178.png 300w, https:\/\/pc.sc.gov.br\/\/wp-content\/uploads\/2024\/04\/CARTILHA-2-1024x608.png 1024w, https:\/\/pc.sc.gov.br\/\/wp-content\/uploads\/2024\/04\/CARTILHA-2-768x456.png 768w\" sizes=\"(max-width: 1258px) 100vw, 1258px\" \/>\t\t\t\t\t\t\t\t<\/a>\n\t\t\t\t\t\t\t\t\t\t\t\t\t\t\t<\/div>\n\t\t\t\t<\/div>\n\t\t\t\t\t<\/div>\n\t\t<\/div>\n\t\t\t\t\t<\/div>\n\t\t<\/section>\n\t\t\t\t<section class=\"elementor-section elementor-top-section elementor-element elementor-element-6281287 elementor-section-boxed elementor-section-height-default elementor-section-height-default\" data-id=\"6281287\" data-element_type=\"section\">\n\t\t\t\t\t\t<div class=\"elementor-container elementor-column-gap-default\">\n\t\t\t\t\t<div class=\"elementor-column elementor-col-100 elementor-top-column elementor-element elementor-element-4cd5eb8\" data-id=\"4cd5eb8\" data-element_type=\"column\">\n\t\t\t<div class=\"elementor-widget-wrap elementor-element-populated\">\n\t\t\t\t\t\t<div class=\"elementor-element elementor-element-aa6e3a8 elementor-widget elementor-widget-image\" data-id=\"aa6e3a8\" data-element_type=\"widget\" data-widget_type=\"image.default\">\n\t\t\t\t<div class=\"elementor-widget-container\">\n\t\t\t\t\t\t\t\t\t\t\t\t\t\t\t\t<a href=\"https:\/\/pc.sc.gov.br\/wp-content\/uploads\/2024\/04\/RESOLUCAO-No-04-A-mulher-tem-voz.pdf\" target=\"_blank\">\n\t\t\t\t\t\t\t<img loading=\"lazy\" decoding=\"async\" width=\"1258\" height=\"129\" src=\"https:\/\/pc.sc.gov.br\/\/wp-content\/uploads\/2024\/04\/banner-resolucao.png\" class=\"attachment-full size-full wp-image-18808\" alt=\"\" srcset=\"https:\/\/pc.sc.gov.br\/\/wp-content\/uploads\/2024\/04\/banner-resolucao.png 1258w, https:\/\/pc.sc.gov.br\/\/wp-content\/uploads\/2024\/04\/banner-resolucao-300x31.png 300w, https:\/\/pc.sc.gov.br\/\/wp-content\/uploads\/2024\/04\/banner-resolucao-1024x105.png 1024w, https:\/\/pc.sc.gov.br\/\/wp-content\/uploads\/2024\/04\/banner-resolucao-768x79.png 768w\" sizes=\"(max-width: 1258px) 100vw, 1258px\" \/>\t\t\t\t\t\t\t\t<\/a>\n\t\t\t\t\t\t\t\t\t\t\t\t\t\t\t<\/div>\n\t\t\t\t<\/div>\n\t\t\t\t\t<\/div>\n\t\t<\/div>\n\t\t\t\t\t<\/div>\n\t\t<\/section>\n\t\t\t\t<\/div>\n\t\t","protected":false},"excerpt":{"rendered":"<p>A Mulher tem Voz A viol\u00eancia contra a mulher \u00e9 uma realidade que continua a assolar nossa sociedade, demandando a\u00e7\u00f5es pro-ativas e estrat\u00e9gicas para seu enfrentamento. Consciente da relev\u00e2ncia do tema e da necessidade do envolvimento institucional, a Pol\u00edcia Civil apresenta o programa de preven\u00e7\u00e3o denominado &#8220;A MULHER TEM VOZ\u201d, o qual tem como objetivo [&hellip;]<\/p>\n","protected":false},"author":2,"featured_media":0,"parent":0,"menu_order":0,"comment_status":"closed","ping_status":"closed","template":"","meta":{"_monsterinsights_skip_tracking":false,"_monsterinsights_sitenote_active":false,"_monsterinsights_sitenote_note":"","_monsterinsights_sitenote_category":0,"footnotes":""},"class_list":["post-18772","page","type-page","status-publish","hentry"],"_links":{"self":[{"href":"https:\/\/pc.sc.gov.br\/index.php?rest_route=\/wp\/v2\/pages\/18772","targetHints":{"allow":["GET"]}}],"collection":[{"href":"https:\/\/pc.sc.gov.br\/index.php?rest_route=\/wp\/v2\/pages"}],"about":[{"href":"https:\/\/pc.sc.gov.br\/index.php?rest_route=\/wp\/v2\/types\/page"}],"author":[{"embeddable":true,"href":"https:\/\/pc.sc.gov.br\/index.php?rest_route=\/wp\/v2\/users\/2"}],"replies":[{"embeddable":true,"href":"https:\/\/pc.sc.gov.br\/index.php?rest_route=%2Fwp%2Fv2%2Fcomments&post=18772"}],"version-history":[{"count":34,"href":"https:\/\/pc.sc.gov.br\/index.php?rest_route=\/wp\/v2\/pages\/18772\/revisions"}],"predecessor-version":[{"id":36224,"href":"https:\/\/pc.sc.gov.br\/index.php?rest_route=\/wp\/v2\/pages\/18772\/revisions\/36224"}],"wp:attachment":[{"href":"https:\/\/pc.sc.gov.br\/index.php?rest_route=%2Fwp%2Fv2%2Fmedia&parent=18772"}],"curies":[{"name":"wp","href":"https:\/\/api.w.org\/{rel}","templated":true}]}}