{"id":23811,"date":"2024-09-27T11:14:17","date_gmt":"2024-09-27T14:14:17","guid":{"rendered":"https:\/\/pc.sc.gov.br\/?page_id=23811"},"modified":"2024-09-27T15:30:09","modified_gmt":"2024-09-27T18:30:09","slug":"elementor-23811","status":"publish","type":"page","link":"https:\/\/pc.sc.gov.br\/?page_id=23811","title":{"rendered":"Elementor #23811"},"content":{"rendered":"\t\t<div data-elementor-type=\"wp-page\" data-elementor-id=\"23811\" class=\"elementor elementor-23811\" data-elementor-post-type=\"page\">\n\t\t\t\t\t\t<section class=\"elementor-section elementor-top-section elementor-element elementor-element-d0a0583 elementor-section-boxed elementor-section-height-default elementor-section-height-default\" data-id=\"d0a0583\" data-element_type=\"section\">\n\t\t\t\t\t\t<div class=\"elementor-container elementor-column-gap-default\">\n\t\t\t\t\t<div class=\"elementor-column elementor-col-100 elementor-top-column elementor-element elementor-element-47fb9e6\" data-id=\"47fb9e6\" data-element_type=\"column\">\n\t\t\t<div class=\"elementor-widget-wrap elementor-element-populated\">\n\t\t\t\t\t\t<div class=\"elementor-element elementor-element-446a66d elementor-widget elementor-widget-heading\" data-id=\"446a66d\" data-element_type=\"widget\" data-widget_type=\"heading.default\">\n\t\t\t\t<div class=\"elementor-widget-container\">\n\t\t\t\t\t<h1 class=\"elementor-heading-title elementor-size-large\">Protocolo para enfrentamento da Viol\u00eancia Pol\u00edtica contra a Mulher<\/h1>\t\t\t\t<\/div>\n\t\t\t\t<\/div>\n\t\t\t\t\t<\/div>\n\t\t<\/div>\n\t\t\t\t\t<\/div>\n\t\t<\/section>\n\t\t\t\t<section class=\"elementor-section elementor-top-section elementor-element elementor-element-beb6640 elementor-section-boxed elementor-section-height-default elementor-section-height-default\" data-id=\"beb6640\" data-element_type=\"section\">\n\t\t\t\t\t\t<div class=\"elementor-container elementor-column-gap-default\">\n\t\t\t\t\t<div class=\"elementor-column elementor-col-100 elementor-top-column elementor-element elementor-element-aa7d23d\" data-id=\"aa7d23d\" data-element_type=\"column\">\n\t\t\t<div class=\"elementor-widget-wrap elementor-element-populated\">\n\t\t\t\t\t\t<div class=\"elementor-element elementor-element-f64f31c elementor-widget elementor-widget-text-editor\" data-id=\"f64f31c\" data-element_type=\"widget\" data-widget_type=\"text-editor.default\">\n\t\t\t\t<div class=\"elementor-widget-container\">\n\t\t\t\t\t\t\t\t\t<p>H\u00e1 dois anos, em 4 de agosto de 2021, foi promulgada a <strong>Lei 14.192\/2021<\/strong>, que estabelece diretrizes para prevenir, punir e combater a viol\u00eancia pol\u00edtica contra as mulheres tanto durante o per\u00edodo eleitoral quanto no exerc\u00edcio de seus direitos pol\u00edticos e fun\u00e7\u00f5es p\u00fablicas.<\/p><p>A lei define como <strong>viol\u00eancia pol\u00edtica<\/strong> contra a mulher qualquer a\u00e7\u00e3o, comportamento ou omiss\u00e3o com o intuito de <strong>impedir, dificultar ou limitar seus direitos pol\u00edticos<\/strong>. Al\u00e9m disso, modifica o C\u00f3digo Eleitoral, proibindo a propaganda partid\u00e1ria que menospreze a mulher ou incentive a discrimina\u00e7\u00e3o baseada em sexo, cor, ra\u00e7a ou etnia.<\/p><p>Com nova reda\u00e7\u00e3o do Art. 326-B, o C\u00f3digo Eleitoral pune com pena de reclus\u00e3o de 1 a 4 anos, e multa, o ato de \u201c<em>Assediar, constranger, humilhar, perseguir ou amea\u00e7ar, por qualquer meio, candidata a cargo eletivo ou detentora de mandato eletivo, utilizando-se de menosprezo ou discrimina\u00e7\u00e3o \u00e0 condi\u00e7\u00e3o de mulher ou \u00e0 sua cor, ra\u00e7a ou etnia, com a finalidade de impedir ou de dificultar a sua campanha eleitoral ou o desempenho de seu mandato eletivo.<\/em>\u201d.<\/p><p><span dir=\"ltr\">Neste sentido, o C\u00f3digo Penal, em seu artigo 359, <\/span><span dir=\"ltr\">P,<\/span><span dir=\"ltr\"> pune com pena de reclus\u00e3o de 3 (tr\u00eas) a 6 <\/span><span dir=\"ltr\">(seis) anos a conduta de <em>\u201c<\/em><\/span><em><span dir=\"ltr\">Restringir, impedir ou dificultar, com emprego de viol\u00eancia f\u00edsica, <\/span><span dir=\"ltr\">sexual ou psicol\u00f3gica, o exerc\u00edcio de direitos pol\u00edticos a qualquer pessoa em raz\u00e3o de seu sexo, <\/span><\/em><span dir=\"ltr\"><em>ra\u00e7a, cor, etnia, religi\u00e3o ou proced\u00eancia nacional\u201d<\/em>.<\/span><\/p><p>Para fortalecer a consci\u00eancia pol\u00edtica a respeito destes direitos, como tamb\u00e9m materializar a estrutura institucional para sua melhor garantia, a Secretaria da Mulher da C\u00e2mara dos Deputados estabeleceu um <strong>Protocolo de enfrentamento da Viol\u00eancia Pol\u00edtica contra Mulheres<\/strong>.<\/p>\t\t\t\t\t\t\t\t<\/div>\n\t\t\t\t<\/div>\n\t\t\t\t\t<\/div>\n\t\t<\/div>\n\t\t\t\t\t<\/div>\n\t\t<\/section>\n\t\t\t\t<section class=\"elementor-section elementor-top-section elementor-element elementor-element-340ae54 elementor-section-boxed elementor-section-height-default elementor-section-height-default\" data-id=\"340ae54\" data-element_type=\"section\">\n\t\t\t\t\t\t<div class=\"elementor-container elementor-column-gap-default\">\n\t\t\t\t\t<div class=\"elementor-column elementor-col-100 elementor-top-column elementor-element elementor-element-c65a798\" data-id=\"c65a798\" data-element_type=\"column\">\n\t\t\t<div class=\"elementor-widget-wrap elementor-element-populated\">\n\t\t\t\t\t\t<div class=\"elementor-element elementor-element-64688e5 elementor-widget__width-inherit elementor-widget elementor-widget-sina_dynamic_button\" data-id=\"64688e5\" data-element_type=\"widget\" data-widget_type=\"sina_dynamic_button.default\">\n\t\t\t\t<div class=\"elementor-widget-container\">\n\t\t\t\t\t\t\t<div class=\"sina-dynamic-button\">\r\n\t\t\t<a  class=\"sina-dynamic-btn   \" href=\"https:\/\/pc.sc.gov.br\/wp-content\/uploads\/2024\/09\/Protocolo-Combate-violencia-politica-assinado.pdf\"\r\n\t\t\t\t\t\t\t\t\t\t\t\t\ttarget=\"_blank\" \r\n\t\t\t\t\t\t\t\t>\r\n\t\t\t\t\t\t\t\t<i class=\"icofont icofont-file-document sina-icon-left\"><\/i>\r\n\t\t\t\tCLIQUE AQUI PARA ACESSAR O PROTOCOLO\t\t\t\t\t<\/a>\r\n\t\t<\/div><!-- .sina-dynamic-button -->\r\n\t\t\t\t\t\t<\/div>\n\t\t\t\t<\/div>\n\t\t\t\t\t<\/div>\n\t\t<\/div>\n\t\t\t\t\t<\/div>\n\t\t<\/section>\n\t\t\t\t<section class=\"elementor-section elementor-top-section elementor-element elementor-element-9627cc5 elementor-section-boxed elementor-section-height-default elementor-section-height-default\" data-id=\"9627cc5\" data-element_type=\"section\">\n\t\t\t\t\t\t<div class=\"elementor-container elementor-column-gap-default\">\n\t\t\t\t\t<div class=\"elementor-column elementor-col-100 elementor-top-column elementor-element elementor-element-59ede22\" data-id=\"59ede22\" data-element_type=\"column\">\n\t\t\t<div class=\"elementor-widget-wrap elementor-element-populated\">\n\t\t\t\t\t\t<div class=\"elementor-element elementor-element-5315463 elementor-widget elementor-widget-text-editor\" data-id=\"5315463\" data-element_type=\"widget\" data-widget_type=\"text-editor.default\">\n\t\t\t\t<div class=\"elementor-widget-container\">\n\t\t\t\t\t\t\t\t\t<p>No Estado de Santa Catarina, a Policia Civil oferece um meio facilitado de\u00a0 registro de Boletim de Ocorr\u00eancia contra estes crimes, por meio de sua <a href=\"https:\/\/delegaciavirtual.sc.gov.br\/\"><strong>Delegacia Virtual (clique aqui para acessar)<\/strong><\/a>. \u00a0Neste ambiente, a denunciante dever\u00e1 selecionar, como tipo de fato ocorrido, a modalidade \u2018OUTRAS OCORR\u00caNCIAS\u2019 , e realizar a sua den\u00fancia.<\/p><p><span dir=\"ltr\">Se voc\u00ea tem conhecimento da ocorr\u00eancia de um crime pol\u00edtico cometido contra uma mulher, <\/span><span dir=\"ltr\">poder\u00e1 efetuar a sua den\u00fancia atrav\u00e9s do telefone <strong>181<\/strong>, ou do whatsApp den\u00fancia <strong>(48) 99110-<\/strong><\/span><span dir=\"ltr\"><strong>0975<\/strong>.<\/span><\/p><p><span dir=\"ltr\">Lembre-se, a Pol\u00edcia Civil permanece \u00e0 disposi\u00e7\u00e3o da popula\u00e7\u00e3o de Santa Catarina 24 horas por <\/span><span dir=\"ltr\">dia<\/span><\/p>\t\t\t\t\t\t\t\t<\/div>\n\t\t\t\t<\/div>\n\t\t\t\t\t<\/div>\n\t\t<\/div>\n\t\t\t\t\t<\/div>\n\t\t<\/section>\n\t\t\t\t<section class=\"elementor-section elementor-top-section elementor-element elementor-element-514e32c elementor-section-boxed elementor-section-height-default elementor-section-height-default\" data-id=\"514e32c\" data-element_type=\"section\">\n\t\t\t\t\t\t<div class=\"elementor-container elementor-column-gap-default\">\n\t\t\t\t\t<div class=\"elementor-column elementor-col-50 elementor-top-column elementor-element elementor-element-344f950\" data-id=\"344f950\" data-element_type=\"column\">\n\t\t\t<div class=\"elementor-widget-wrap elementor-element-populated\">\n\t\t\t\t\t\t<div class=\"elementor-element elementor-element-b19d660 elementor-widget elementor-widget-image\" data-id=\"b19d660\" data-element_type=\"widget\" data-widget_type=\"image.default\">\n\t\t\t\t<div class=\"elementor-widget-container\">\n\t\t\t\t\t\t\t\t\t\t\t\t\t\t\t<img fetchpriority=\"high\" decoding=\"async\" width=\"690\" height=\"601\" src=\"https:\/\/pc.sc.gov.br\/\/wp-content\/uploads\/2024\/09\/grafico-protocolo-violencia-politica.jpg\" class=\"attachment-large size-large wp-image-23829\" alt=\"\" srcset=\"https:\/\/pc.sc.gov.br\/\/wp-content\/uploads\/2024\/09\/grafico-protocolo-violencia-politica.jpg 690w, https:\/\/pc.sc.gov.br\/\/wp-content\/uploads\/2024\/09\/grafico-protocolo-violencia-politica-300x261.jpg 300w\" sizes=\"(max-width: 690px) 100vw, 690px\" \/>\t\t\t\t\t\t\t\t\t\t\t\t\t\t\t<\/div>\n\t\t\t\t<\/div>\n\t\t\t\t<div class=\"elementor-element elementor-element-3dc74a5 elementor-widget elementor-widget-text-editor\" data-id=\"3dc74a5\" data-element_type=\"widget\" data-widget_type=\"text-editor.default\">\n\t\t\t\t<div class=\"elementor-widget-container\">\n\t\t\t\t\t\t\t\t\t<p>fonte: www.camara.leg.br<\/p>\t\t\t\t\t\t\t\t<\/div>\n\t\t\t\t<\/div>\n\t\t\t\t\t<\/div>\n\t\t<\/div>\n\t\t\t\t<div class=\"elementor-column elementor-col-50 elementor-top-column elementor-element elementor-element-72db760\" data-id=\"72db760\" data-element_type=\"column\">\n\t\t\t<div class=\"elementor-widget-wrap elementor-element-populated\">\n\t\t\t\t\t\t<div class=\"elementor-element elementor-element-07fe07e elementor-widget elementor-widget-video\" data-id=\"07fe07e\" data-element_type=\"widget\" data-settings=\"{&quot;youtube_url&quot;:&quot;https:\\\/\\\/www.youtube.com\\\/watch?v=p46px74Nqk4&quot;,&quot;video_type&quot;:&quot;youtube&quot;,&quot;controls&quot;:&quot;yes&quot;}\" data-widget_type=\"video.default\">\n\t\t\t\t<div class=\"elementor-widget-container\">\n\t\t\t\t\t\t\t<div class=\"elementor-wrapper elementor-open-inline\">\n\t\t\t<div class=\"elementor-video\"><\/div>\t\t<\/div>\n\t\t\t\t\t\t<\/div>\n\t\t\t\t<\/div>\n\t\t\t\t\t<\/div>\n\t\t<\/div>\n\t\t\t\t\t<\/div>\n\t\t<\/section>\n\t\t\t\t<\/div>\n\t\t","protected":false},"excerpt":{"rendered":"<p>Protocolo para enfrentamento da Viol\u00eancia Pol\u00edtica contra a Mulher H\u00e1 dois anos, em 4 de agosto de 2021, foi promulgada a Lei 14.192\/2021, que estabelece diretrizes para prevenir, punir e combater a viol\u00eancia pol\u00edtica contra as mulheres tanto durante o per\u00edodo eleitoral quanto no exerc\u00edcio de seus direitos pol\u00edticos e fun\u00e7\u00f5es p\u00fablicas. A lei define [&hellip;]<\/p>\n","protected":false},"author":2,"featured_media":0,"parent":0,"menu_order":0,"comment_status":"closed","ping_status":"closed","template":"","meta":{"_monsterinsights_skip_tracking":false,"_monsterinsights_sitenote_active":false,"_monsterinsights_sitenote_note":"","_monsterinsights_sitenote_category":0,"footnotes":""},"class_list":["post-23811","page","type-page","status-publish","hentry"],"_links":{"self":[{"href":"https:\/\/pc.sc.gov.br\/index.php?rest_route=\/wp\/v2\/pages\/23811","targetHints":{"allow":["GET"]}}],"collection":[{"href":"https:\/\/pc.sc.gov.br\/index.php?rest_route=\/wp\/v2\/pages"}],"about":[{"href":"https:\/\/pc.sc.gov.br\/index.php?rest_route=\/wp\/v2\/types\/page"}],"author":[{"embeddable":true,"href":"https:\/\/pc.sc.gov.br\/index.php?rest_route=\/wp\/v2\/users\/2"}],"replies":[{"embeddable":true,"href":"https:\/\/pc.sc.gov.br\/index.php?rest_route=%2Fwp%2Fv2%2Fcomments&post=23811"}],"version-history":[{"count":25,"href":"https:\/\/pc.sc.gov.br\/index.php?rest_route=\/wp\/v2\/pages\/23811\/revisions"}],"predecessor-version":[{"id":23842,"href":"https:\/\/pc.sc.gov.br\/index.php?rest_route=\/wp\/v2\/pages\/23811\/revisions\/23842"}],"wp:attachment":[{"href":"https:\/\/pc.sc.gov.br\/index.php?rest_route=%2Fwp%2Fv2%2Fmedia&parent=23811"}],"curies":[{"name":"wp","href":"https:\/\/api.w.org\/{rel}","templated":true}]}}