{"id":2708,"date":"2022-12-16T14:03:20","date_gmt":"2022-12-16T17:03:20","guid":{"rendered":"https:\/\/pc.sc.gov.br\/?page_id=2708"},"modified":"2025-02-12T16:40:14","modified_gmt":"2025-02-12T19:40:14","slug":"cadeia-de-valor-da-policia-civil-de-santa-catarina","status":"publish","type":"page","link":"https:\/\/pc.sc.gov.br\/?page_id=2708","title":{"rendered":"Cadeia de Valor da Pol\u00edcia Civil de Santa Catarina"},"content":{"rendered":"\t\t<div data-elementor-type=\"wp-page\" data-elementor-id=\"2708\" class=\"elementor elementor-2708\" data-elementor-post-type=\"page\">\n\t\t\t\t\t\t<section class=\"elementor-section elementor-top-section elementor-element elementor-element-2d351f7 elementor-section-boxed elementor-section-height-default elementor-section-height-default\" data-id=\"2d351f7\" data-element_type=\"section\">\n\t\t\t\t\t\t<div class=\"elementor-container elementor-column-gap-default\">\n\t\t\t\t\t<div class=\"elementor-column elementor-col-100 elementor-top-column elementor-element elementor-element-2db4850\" data-id=\"2db4850\" data-element_type=\"column\">\n\t\t\t<div class=\"elementor-widget-wrap elementor-element-populated\">\n\t\t\t\t\t\t<div class=\"elementor-element elementor-element-082f0f3 elementor-widget elementor-widget-heading\" data-id=\"082f0f3\" data-element_type=\"widget\" data-widget_type=\"heading.default\">\n\t\t\t\t<div class=\"elementor-widget-container\">\n\t\t\t\t\t<h2 class=\"elementor-heading-title elementor-size-default\">Cadeia de Valor da Pol\u00edcia Civil de Santa Catarina<\/h2>\t\t\t\t<\/div>\n\t\t\t\t<\/div>\n\t\t\t\t\t<\/div>\n\t\t<\/div>\n\t\t\t\t\t<\/div>\n\t\t<\/section>\n\t\t\t\t<section class=\"elementor-section elementor-top-section elementor-element elementor-element-afa9a39 elementor-section-boxed elementor-section-height-default elementor-section-height-default\" data-id=\"afa9a39\" data-element_type=\"section\">\n\t\t\t\t\t\t<div class=\"elementor-container elementor-column-gap-default\">\n\t\t\t\t\t<div class=\"elementor-column elementor-col-100 elementor-top-column elementor-element elementor-element-05c8fa9\" data-id=\"05c8fa9\" data-element_type=\"column\">\n\t\t\t<div class=\"elementor-widget-wrap elementor-element-populated\">\n\t\t\t\t\t\t<div class=\"elementor-element elementor-element-5081170 elementor-widget elementor-widget-text-editor\" data-id=\"5081170\" data-element_type=\"widget\" data-widget_type=\"text-editor.default\">\n\t\t\t\t<div class=\"elementor-widget-container\">\n\t\t\t\t\t\t\t\t\t<p>A Cadeia de Valor da Pol\u00edcia Civil de Santa Catarina evidencia quais s\u00e3o os principais macroprocessos da Pol\u00edcia Civil e, com isso, permite a compreens\u00e3o do fluxo que agrega valor aos produtos e servi\u00e7os da institui\u00e7\u00e3o policial.<\/p><p>Dessa forma, a cadeia de valor tem como objetivo fornecer a qualquer pessoa uma vis\u00e3o sist\u00eamica sobre a institui\u00e7\u00e3o e direcionar os esfor\u00e7os da Pol\u00edcia Civil com a finalidade de promover melhorias nos processos de trabalho, oferecendo assim servi\u00e7os de maior qualidade para a sociedade.<\/p><p>Criada por Michael Porter em 1985, a cadeia de valor \u00e9 uma ferramenta que serve para gerenciar processos. Por meio dela, todas as atividades que a organiza\u00e7\u00e3o faz para gerar valor \u00e0s suas entregas s\u00e3o reveladas e os elos entre elas s\u00e3o evidenciados. Ao fortalecer as liga\u00e7\u00f5es entre essas atividades \u00e9 poss\u00edvel proporcionar desenvolvimento aos processos da organiza\u00e7\u00e3o, o qual favorece o seu crescimento como um todo.<\/p><p>De uma forma simples, a cadeia de valor apresenta os macroprocessos da organiza\u00e7\u00e3o, alinhados \u00e0 miss\u00e3o, vis\u00e3o e aos valores da institui\u00e7\u00e3o. S\u00e3o apresentados, por exemplo, os macroprocessos das atividades final\u00edsticas de investiga\u00e7\u00e3o, intelig\u00eancia e pol\u00edcia administrativa, bem como os de suporte a essas atividades. Em uma terceira e \u00faltima categoria s\u00e3o apresentados os macroprocessos estrat\u00e9gicos que direcionam a institui\u00e7\u00e3o.<\/p><p>A partir da cadeia de valor foram definidas as frentes de trabalho de mapeamento e aperfei\u00e7oamento dos processos da institui\u00e7\u00e3o com potencial de transforma\u00e7\u00e3o digital, impactos nas rotinas das delegacias de pol\u00edcia e no or\u00e7amento institucional.<\/p><p>O levantamento dos macroprocessos da cadeia de valor da Pol\u00edcia Civil foi um processo que levou tr\u00eas meses para ser executado. Durante o per\u00edodo, foram entrevistados 106 policiais civis e identificados mais de 290 macroprocessos.<\/p><p>Confira mais sobre a Cadeia de Valor da PCSC no <strong><a style=\"color: #bf971c;\" href=\"https:\/\/pc.sc.gov.br\/wp-content\/uploads\/2025\/02\/Manual-Cadeia-de-Valor-site-PCSC.pdf\" target=\"_blank\" rel=\"noopener\">Manual sobre o tema<\/a><\/strong>.<\/p>\t\t\t\t\t\t\t\t<\/div>\n\t\t\t\t<\/div>\n\t\t\t\t\t<\/div>\n\t\t<\/div>\n\t\t\t\t\t<\/div>\n\t\t<\/section>\n\t\t\t\t<\/div>\n\t\t","protected":false},"excerpt":{"rendered":"<p>Cadeia de Valor da Pol\u00edcia Civil de Santa Catarina A Cadeia de Valor da Pol\u00edcia Civil de Santa Catarina evidencia quais s\u00e3o os principais macroprocessos da Pol\u00edcia Civil e, com isso, permite a compreens\u00e3o do fluxo que agrega valor aos produtos e servi\u00e7os da institui\u00e7\u00e3o policial. Dessa forma, a cadeia de valor tem como objetivo [&hellip;]<\/p>\n","protected":false},"author":2,"featured_media":0,"parent":0,"menu_order":0,"comment_status":"closed","ping_status":"closed","template":"","meta":{"_monsterinsights_skip_tracking":false,"_monsterinsights_sitenote_active":false,"_monsterinsights_sitenote_note":"","_monsterinsights_sitenote_category":0,"footnotes":""},"class_list":["post-2708","page","type-page","status-publish","hentry"],"_links":{"self":[{"href":"https:\/\/pc.sc.gov.br\/index.php?rest_route=\/wp\/v2\/pages\/2708","targetHints":{"allow":["GET"]}}],"collection":[{"href":"https:\/\/pc.sc.gov.br\/index.php?rest_route=\/wp\/v2\/pages"}],"about":[{"href":"https:\/\/pc.sc.gov.br\/index.php?rest_route=\/wp\/v2\/types\/page"}],"author":[{"embeddable":true,"href":"https:\/\/pc.sc.gov.br\/index.php?rest_route=\/wp\/v2\/users\/2"}],"replies":[{"embeddable":true,"href":"https:\/\/pc.sc.gov.br\/index.php?rest_route=%2Fwp%2Fv2%2Fcomments&post=2708"}],"version-history":[{"count":22,"href":"https:\/\/pc.sc.gov.br\/index.php?rest_route=\/wp\/v2\/pages\/2708\/revisions"}],"predecessor-version":[{"id":26605,"href":"https:\/\/pc.sc.gov.br\/index.php?rest_route=\/wp\/v2\/pages\/2708\/revisions\/26605"}],"wp:attachment":[{"href":"https:\/\/pc.sc.gov.br\/index.php?rest_route=%2Fwp%2Fv2%2Fmedia&parent=2708"}],"curies":[{"name":"wp","href":"https:\/\/api.w.org\/{rel}","templated":true}]}}