{"id":292,"date":"2022-10-18T14:19:45","date_gmt":"2022-10-18T17:19:45","guid":{"rendered":"https:\/\/pc.sc.gov.br\/?page_id=292"},"modified":"2026-02-24T18:50:45","modified_gmt":"2026-02-24T21:50:45","slug":"18-florianopolis","status":"publish","type":"page","link":"https:\/\/pc.sc.gov.br\/?page_id=292","title":{"rendered":"18-florianopolis"},"content":{"rendered":"\t\t<div data-elementor-type=\"wp-page\" data-elementor-id=\"292\" class=\"elementor elementor-292\" data-elementor-post-type=\"page\">\n\t\t\t\t\t\t<section class=\"elementor-section elementor-top-section elementor-element elementor-element-5086fd8 elementor-section-boxed elementor-section-height-default elementor-section-height-default\" data-id=\"5086fd8\" data-element_type=\"section\">\n\t\t\t\t\t\t<div class=\"elementor-container elementor-column-gap-default\">\n\t\t\t\t\t<div class=\"elementor-column elementor-col-100 elementor-top-column elementor-element elementor-element-5c9efec\" data-id=\"5c9efec\" data-element_type=\"column\">\n\t\t\t<div class=\"elementor-widget-wrap elementor-element-populated\">\n\t\t\t\t\t\t<div class=\"elementor-element elementor-element-d395637 elementor-widget elementor-widget-heading\" data-id=\"d395637\" data-element_type=\"widget\" data-widget_type=\"heading.default\">\n\t\t\t\t<div class=\"elementor-widget-container\">\n\t\t\t\t\t<h2 class=\"elementor-heading-title elementor-size-default\">00- Diretoria de Pol\u00edcia da Grande Florian\u00f3polis<\/h2>\t\t\t\t<\/div>\n\t\t\t\t<\/div>\n\t\t\t\t\t<\/div>\n\t\t<\/div>\n\t\t\t\t\t<\/div>\n\t\t<\/section>\n\t\t\t\t<section class=\"elementor-section elementor-top-section elementor-element elementor-element-672983d elementor-section-boxed elementor-section-height-default elementor-section-height-default\" data-id=\"672983d\" data-element_type=\"section\">\n\t\t\t\t\t\t<div class=\"elementor-container elementor-column-gap-default\">\n\t\t\t\t\t<div class=\"elementor-column elementor-col-100 elementor-top-column elementor-element elementor-element-f29c3b1\" data-id=\"f29c3b1\" data-element_type=\"column\">\n\t\t\t<div class=\"elementor-widget-wrap elementor-element-populated\">\n\t\t\t\t\t\t<div class=\"elementor-element elementor-element-2447d67 elementor-widget elementor-widget-text-editor\" data-id=\"2447d67\" data-element_type=\"widget\" data-widget_type=\"text-editor.default\">\n\t\t\t\t<div class=\"elementor-widget-container\">\n\t\t\t\t\t\t\t\t\t<p><strong>Diretoria de Pol\u00edcia da Grande Florian\u00f3polis &#8211; DPGF<\/strong><br \/>Avenida Governador Ivo Silveira, 1521 &#8211; Centro Administrativo da SSP &#8211; Bloco B &#8211; 6\u00b0 andar &#8211; Capoeiras<br \/>Florian\u00f3polis &#8211; SC &#8211; CEP: 88010-001<br \/>Telefone: (48) 3665-8106<br \/><em>e-mail<\/em>: <a href=\"mailto:dpgf@pc.sc.gov.br\">dpgf@pc.sc.gov.br<\/a><\/p><p><strong>Florian\u00f3polis &#8211; 1\u00aa Delegacia de Pol\u00edcia da Capital<\/strong><br \/>Avenida Prefeito Osmar Cunha, 263 &#8211; Centro<br \/>Florian\u00f3polis &#8211; SC &#8211; CEP: 88015-100<br \/>Telefone: (48) 3665-4453<br \/><em>e-mail<\/em>: <a href=\"mailto:1dpcapital@pc.sc.gov.br\">1dpcapital@pc.sc.gov.br<br \/><\/a>Atendimento ao p\u00fablico: 12h \u00e0s 19h.<\/p><p><strong>Florian\u00f3polis &#8211; 2\u00aa Delegacia de Pol\u00edcia da Capital<\/strong><br \/>Av. Deputado Diom\u00edcio Freitas, 3393, Carianos<br \/>(anexo ao Multihospital Florian\u00f3polis)<br \/>Florian\u00f3polis &#8211; SC &#8211; CEP: 88047-710<br \/>Telefone: (48) 3665-5883<br \/><em>e-mail<\/em>: <a href=\"mailto:2dpcapital@pc.sc.gov.br\">2dpcapital@pc.sc.gov.br<\/a><\/p><p><strong>Florian\u00f3polis &#8211; DPCapContinente<\/strong><br \/>Rua Tijucas, 92 &#8211; Balne\u00e1rio<br \/>Florian\u00f3polis &#8211; SC &#8211; CEP: 88075-540<br \/>Telefone: (48) 3664-2920<br \/><em>e-mail<\/em>: <a href=\"mailto:dpcapcontinente@pc.sc.gov.br\">dpcapcontinente@pc.sc.gov.br<\/a><\/p><p><strong>Florian\u00f3polis &#8211; 5\u00aa Delegacia de Pol\u00edcia da Capital<\/strong><br \/>Rua Lauro Linhares, 605 &#8211; Trindade<br \/>Florian\u00f3polis &#8211; SC &#8211; CEP: 88036-001<br \/>Telefone: (48) 3665-6444<br \/>Ramal externo: 01856444<br \/><em>e-mail<\/em>: <a href=\"mailto:5dpcapital@pc.sc.gov.br\">5dpcapital@pc.sc.gov.br<\/a><\/p><p><strong>Florian\u00f3polis &#8211; Delegacia de Prote\u00e7\u00e3o \u00e0 Crian\u00e7a, ao Adolescente e \u00e0 Pessoa Idosa &#8211; DPCAI<\/strong><br \/>Rua Delminda Silveira, 811 &#8211; Agron\u00f4mica<br \/>Florian\u00f3polis &#8211; SC &#8211; CEP: 88025-500<br \/>Telefone: (48) 3665-6528<br \/><em>e-mail<\/em>: <a href=\"mailto:dpcaicapital@pc.sc.gov.br\">dpcaicapital@pc.sc.gov.br<\/a><\/p><p><strong>Florian\u00f3polis &#8211; Delegacia Especializada no Atendimento \u00e0 Mulher &#8211; DEAM<\/strong><br \/>Rua Delminda Silveira, 811 &#8211; Agron\u00f4mica<br \/>Florian\u00f3polis &#8211; SC &#8211; CEP: 88025-500<br \/>Telefone: (48) 3665-6528<br \/><em>e-mail<\/em>: <a href=\"mailto:deamcapital@pc.sc.gov.br\">deamcapital@pc.sc.gov.br<\/a><\/p><p><strong>Florian\u00f3polis &#8211; Delegacia Especializada no Atendimento ao Adolescente em Conflito com a Lei &#8211; DEACLE<\/strong><br \/>Rua Delminda Silveira, 811 &#8211; Agron\u00f4mica<br \/>Florian\u00f3polis &#8211; SC &#8211; CEP: 88025-500<br \/>Telefone: (48) 3665-6528<br \/><em>e-mail<\/em>: <a href=\"mailto:deaclecapital@pc.sc.gov.br\">deaclecapital@pc.sc.gov.br<\/a><\/p><p><strong>Florian\u00f3polis &#8211; 7\u00aa Delegacia de Pol\u00edcia da Capital<\/strong><br \/>Rua Tertuliano Brito Xavier, 315 &#8211; Canasvieiras<br \/>Florian\u00f3polis &#8211; SC &#8211; CEP: 88054-601<br \/>Telefone: (48) 3665-4797<br \/><em>e-mail<\/em>: <a href=\"mailto:7dpcapital@pc.sc.gov.br\">7dpcapital@pc.sc.gov.br<\/a><\/p><p><strong>Florian\u00f3polis &#8211; 8\u00aa Delegacia de Pol\u00edcia da Capital<\/strong><br \/>Rua Intendente Jo\u00e3o Nunes Vieira, n\u00ba 1615 &#8211; Ingleses do Rio Vermelho<br \/>Florian\u00f3polis &#8211; SC &#8211; CEP: 88058-100<br \/>Telefone: (48) \u00a03665-8081<br \/><em>e-mail<\/em>: <a href=\"mailto:8dpcapital@pc.sc.gov.br\">8dpcapital@pc.sc.gov.br<\/a><\/p><p><strong>Florian\u00f3polis &#8211; 10\u00aa Delegacia de Pol\u00edcia da Capital<\/strong><br \/>Rua Cris\u00f3gono Vieira da Cruz, s\/n\u00ba, Lagoa da Concei\u00e7\u00e3o<br \/>Florian\u00f3polis &#8211; SC &#8211; CEP: 88062-110<br \/>Telefone: (48) 3665-4960 \/ 3665-4961<br \/>Ramal externo: 01854960<br \/><em>e-mail<\/em>: <a href=\"mailto:10dpcapital@pc.sc.gov.br\">10dpcapital@pc.sc.gov.br<\/a><\/p><p><strong>Florian\u00f3polis &#8211; Central de Plant\u00e3o Policial da Capital &#8211; CPP<\/strong><br \/>Rua Lauro Linhares, 208 &#8211; Trindade<br \/>Florian\u00f3polis &#8211; SC &#8211; CEP: 88036-000<br \/>Telefone: (48) 3665-6455<br \/><em>e-mail<\/em>: <a href=\"mailto:cppcapital@pc.sc.gov.br\">cppcapital@pc.sc.gov.br<\/a><\/p><p><strong>Florian\u00f3polis &#8211; Central de Plant\u00e3o Policial &#8211; CPP Norte da Ilha<br \/>Central de Investiga\u00e7\u00e3o do Norte da Ilha \u2013 CINI<\/strong><br \/>Rua Tertuliano Brito Xavier, 315 &#8211; Canasvieiras<br \/>Florian\u00f3polis &#8211; SC &#8211; CEP: 88054-601<br \/>Telefone: (48) 3665-4797<br \/><em>e-mail<\/em>: <a href=\"mailto:cppilhanorte@pc.sc.gov.br\">cppilhanorte@pc.sc.gov.br<\/a> \/ <a href=\"mailto:cini@pc.sc.gov.br\">cini@pc.sc.gov.br<\/a><\/p><p><strong>Florian\u00f3polis &#8211; Delegacia de Combate ao Crime Organizado &#8211; DECRIM<\/strong><br \/>Rua Tijucas, 92, 2\u00ba Andar &#8211; Bairro Estreito<br \/>Florian\u00f3polis &#8211; SC &#8211; CEP: 88.075-540<br \/>Telefone: (48) 3664-2956 \/ 3664-2960<br \/><em>e-mail<\/em>: <a href=\"mailto:decrim@pc.sc.gov.br\">decrim@pc.sc.gov.br<\/a><\/p><p><strong>Florian\u00f3polis &#8211; Delegacia de Combate \u00e0s Drogas &#8211; DECOD<\/strong><br \/>Rua Tijucas, 92 &#8211; 2\u00ba andar &#8211; Bairro Estreito<br \/>Florian\u00f3polis &#8211; SC &#8211; CP: 88.075-540<br \/>Telefone: (48) 3664-2947 \/ 3664-2949 \/ 3664-2949<br \/><em>e-mail<\/em>: <a href=\"mailto:decod@pc.sc.gov.br\">decod@pc.sc.gov.br<\/a><\/p><p><strong>Florian\u00f3polis &#8211; Delegacia de Prote\u00e7\u00e3o ao Turista &#8211; DPTUR (Unidade Terminal Rodovi\u00e1rio Rita Maria<\/strong><br \/>Avenida Paulo Fontes, 1101 &#8211; Terminal Rodovi\u00e1rio Rita Maria &#8211; Centro<br \/>Florian\u00f3polis &#8211; SC &#8211; CEP: 88010-230<br \/>Telefone: (48) 3665-5723<br \/>Ramal externo: 01855723<br \/><em>e-mail<\/em>: <a href=\"mailto:dptur@pc.sc.gov.br\">dptur@pc.sc.gov.br<\/a><\/p><p><strong>Florian\u00f3polis &#8211; Delegacia de Homic\u00eddios da Capital<\/strong><br \/>Avenida Prefeito Osmar Cunha, 263, 3\u00ba Andar &#8211; Centro<br \/>Florian\u00f3polis &#8211; SC &#8211; CEP: 88015-100<br \/>Telefone: (48) 3665-6664<br \/><em>e-mail<\/em>: <a href=\"mailto:dphomicidios@pc.sc.gov.br\">dphomicidios@pc.sc.gov.br<\/a><\/p><p><strong>Florian\u00f3polis &#8211; Delegacia de Repress\u00e3o a Roubos &#8211; DRR<\/strong><br \/>Rua Tijucas, 92 &#8211; 2\u00ba andar &#8211; Bairro Estreito<br \/>Florian\u00f3polis &#8211; SC &#8211; CEP: 88075-540<br \/>Telefone: (48) 3664-2920<br \/><em>e-mail<\/em>: <a href=\"mailto:drr@pc.sc.gov.br\">drr@pc.sc.gov.br<\/a><\/p><p><strong>Florian\u00f3polis &#8211; Delegacia de Prote\u00e7\u00e3o ao Turista \u2013 DPTUR (Unidade Aeroporto Internacional Herc\u00edlio Luz)<\/strong><br \/>Rodovia de Acesso ao Aeroporto, 6200, Carianos<br \/>Florian\u00f3polis &#8211; SC &#8211; CEP: 88047-402<br \/>Telefone: (48) 3665-5726.<br \/>Ramal externo: 01855726<br \/><em>e-mail<\/em>: <a href=\"mailto:dpaeroporto@pc.sc.gov.br\">dpaeroporto@pc.sc.gov.br<\/a><\/p><p><span style=\"font-weight: bolder; letter-spacing: -0.2px;\">Florian\u00f3polis &#8211; Delegacia de Combate a Estelionatos &#8211; DCE<\/span><br style=\"letter-spacing: -0.2px;\" \/><span style=\"letter-spacing: -0.2px;\">Rua Lauro Linhares, n\u00ba 605, 3\u2070 andar, Trindade<\/span><br style=\"letter-spacing: -0.2px;\" \/><span style=\"letter-spacing: -0.2px;\">Florian\u00f3polis\/SC &#8211; CEP 88036-001<\/span><br style=\"letter-spacing: -0.2px;\" \/><span style=\"letter-spacing: -0.2px;\">WhatsApp: (48) 3664-2959<\/span><br style=\"letter-spacing: -0.2px;\" \/><em style=\"letter-spacing: -0.2px;\">email:<\/em><span style=\"letter-spacing: -0.2px;\">\u00a0dce@pc.sc.gov.br<\/span><\/p><p><strong>Florian\u00f3polis &#8211; Delegacia de Prote\u00e7\u00e3o Animal &#8211; DPA<\/strong><br \/>Rua Felipe Schmidt, n\u00ba 755, 4\u2070 andar, Centro<br \/>Florian\u00f3polis\/SC &#8211; CEP 88010-001<br \/>Telefone: (48) 3664-2356<br \/><em>email:<\/em> dpa@pc.sc.gov.br<\/p><p><strong>Florian\u00f3polis &#8211; Subdelegacia Ribeir\u00e3o da Ilha<\/strong><br \/>Rodovia Baldicero Filomeno, 7820 &#8211; Bairro Ribeir\u00e3o da Ilha<br \/>Florian\u00f3polis &#8211; SC &#8211; CEP: 88.064-002<br \/>Telefone: (48) 3665-5741<br \/>Ramal externo: 01855471<br \/><em>e-mail<\/em>: <a href=\"mailto:subdpribeiraodailha@pc.sc.gov.br\">subdpribeiraodailha@pc.sc.gov.br<\/a><\/p>\t\t\t\t\t\t\t\t<\/div>\n\t\t\t\t<\/div>\n\t\t\t\t\t<\/div>\n\t\t<\/div>\n\t\t\t\t\t<\/div>\n\t\t<\/section>\n\t\t\t\t<\/div>\n\t\t","protected":false},"excerpt":{"rendered":"<p>00- Diretoria de Pol\u00edcia da Grande Florian\u00f3polis Diretoria de Pol\u00edcia da Grande Florian\u00f3polis &#8211; DPGFAvenida Governador Ivo Silveira, 1521 &#8211; Centro Administrativo da SSP &#8211; Bloco B &#8211; 6\u00b0 andar &#8211; CapoeirasFlorian\u00f3polis &#8211; SC &#8211; CEP: 88010-001Telefone: (48) 3665-8106e-mail: dpgf@pc.sc.gov.br Florian\u00f3polis &#8211; 1\u00aa Delegacia de Pol\u00edcia da CapitalAvenida Prefeito Osmar Cunha, 263 &#8211; CentroFlorian\u00f3polis &#8211; [&hellip;]<\/p>\n","protected":false},"author":1,"featured_media":0,"parent":83,"menu_order":0,"comment_status":"closed","ping_status":"closed","template":"elementor_header_footer","meta":{"_monsterinsights_skip_tracking":false,"_monsterinsights_sitenote_active":false,"_monsterinsights_sitenote_note":"","_monsterinsights_sitenote_category":0,"footnotes":""},"class_list":["post-292","page","type-page","status-publish","hentry"],"_links":{"self":[{"href":"https:\/\/pc.sc.gov.br\/index.php?rest_route=\/wp\/v2\/pages\/292","targetHints":{"allow":["GET"]}}],"collection":[{"href":"https:\/\/pc.sc.gov.br\/index.php?rest_route=\/wp\/v2\/pages"}],"about":[{"href":"https:\/\/pc.sc.gov.br\/index.php?rest_route=\/wp\/v2\/types\/page"}],"author":[{"embeddable":true,"href":"https:\/\/pc.sc.gov.br\/index.php?rest_route=\/wp\/v2\/users\/1"}],"replies":[{"embeddable":true,"href":"https:\/\/pc.sc.gov.br\/index.php?rest_route=%2Fwp%2Fv2%2Fcomments&post=292"}],"version-history":[{"count":74,"href":"https:\/\/pc.sc.gov.br\/index.php?rest_route=\/wp\/v2\/pages\/292\/revisions"}],"predecessor-version":[{"id":37955,"href":"https:\/\/pc.sc.gov.br\/index.php?rest_route=\/wp\/v2\/pages\/292\/revisions\/37955"}],"up":[{"embeddable":true,"href":"https:\/\/pc.sc.gov.br\/index.php?rest_route=\/wp\/v2\/pages\/83"}],"wp:attachment":[{"href":"https:\/\/pc.sc.gov.br\/index.php?rest_route=%2Fwp%2Fv2%2Fmedia&parent=292"}],"curies":[{"name":"wp","href":"https:\/\/api.w.org\/{rel}","templated":true}]}}