{"id":318,"date":"2022-10-18T14:35:03","date_gmt":"2022-10-18T17:35:03","guid":{"rendered":"https:\/\/pc.sc.gov.br\/?page_id=318"},"modified":"2026-02-06T16:09:24","modified_gmt":"2026-02-06T19:09:24","slug":"9-blumenau-03-drp","status":"publish","type":"page","link":"https:\/\/pc.sc.gov.br\/?page_id=318","title":{"rendered":"9-blumenau-03-drp"},"content":{"rendered":"\t\t<div data-elementor-type=\"wp-page\" data-elementor-id=\"318\" class=\"elementor elementor-318\" data-elementor-post-type=\"page\">\n\t\t\t\t\t\t<section class=\"elementor-section elementor-top-section elementor-element elementor-element-c3cd490 elementor-section-boxed elementor-section-height-default elementor-section-height-default\" data-id=\"c3cd490\" data-element_type=\"section\">\n\t\t\t\t\t\t<div class=\"elementor-container elementor-column-gap-default\">\n\t\t\t\t\t<div class=\"elementor-column elementor-col-100 elementor-top-column elementor-element elementor-element-a583691\" data-id=\"a583691\" data-element_type=\"column\">\n\t\t\t<div class=\"elementor-widget-wrap elementor-element-populated\">\n\t\t\t\t\t\t<div class=\"elementor-element elementor-element-11c9419 elementor-widget elementor-widget-heading\" data-id=\"11c9419\" data-element_type=\"widget\" data-widget_type=\"heading.default\">\n\t\t\t\t<div class=\"elementor-widget-container\">\n\t\t\t\t\t<h2 class=\"elementor-heading-title elementor-size-default\">03\u00aa DRP - Blumenau<\/h2>\t\t\t\t<\/div>\n\t\t\t\t<\/div>\n\t\t\t\t\t<\/div>\n\t\t<\/div>\n\t\t\t\t\t<\/div>\n\t\t<\/section>\n\t\t\t\t<section class=\"elementor-section elementor-top-section elementor-element elementor-element-6b569d7 elementor-section-boxed elementor-section-height-default elementor-section-height-default\" data-id=\"6b569d7\" data-element_type=\"section\">\n\t\t\t\t\t\t<div class=\"elementor-container elementor-column-gap-default\">\n\t\t\t\t\t<div class=\"elementor-column elementor-col-100 elementor-top-column elementor-element elementor-element-bd825c1\" data-id=\"bd825c1\" data-element_type=\"column\">\n\t\t\t<div class=\"elementor-widget-wrap elementor-element-populated\">\n\t\t\t\t\t\t<div class=\"elementor-element elementor-element-47b6f9c elementor-widget elementor-widget-text-editor\" data-id=\"47b6f9c\" data-element_type=\"widget\" data-widget_type=\"text-editor.default\">\n\t\t\t\t<div class=\"elementor-widget-container\">\n\t\t\t\t\t\t\t\t\t<p><strong>03\u00aa &#8211; Delegacia Regional de Pol\u00edcia &#8211; Blumenau<\/strong><br \/>Rua Humberto de Campos, 242 &#8211; Velha<br \/>Blumenau &#8211; SC &#8211; CEP: 89036-050<br \/>Telefone: (47) 3378-8440<br \/>Ramal externo:\u00a001588440<br \/><em>e-mail<\/em>: <a href=\"mailto:drpblumenau@pc.sc.gov.br\">drpblumenau@pc.sc.gov.br<\/a><br \/><strong>Atendimento ao p\u00fablico: 8h \u00e0s 18h. Ciretran: 10h \u00e0s 16h.<\/strong><\/p><p><strong>Api\u00fana &#8211; Delegacia de Pol\u00edcia do Munic\u00edpio<\/strong><br \/>Rua Belo Horizonte, s\/n &#8211; Centro<br \/>Api\u00fana &#8211; SC &#8211; CEP: 89135-000<br \/>Telefone: (47) 3378-8232<br \/><em>e-mail<\/em>: <a href=\"mailto:dpapiuna@pc.sc.gov.br\">dpapiuna@pc.sc.gov.br<\/a><\/p><p><strong>Ascurra &#8211; Delegacia de Pol\u00edcia da Comarca<\/strong><br \/>Avenida Get\u00falio Vargas, 159 &#8211; Centro<br \/>Ascurra &#8211; SC &#8211; CEP: 89139-000<br \/>Telefone: (47) \u00a03399-3121<br \/><em>e-mail<\/em>: <a href=\"mailto:dpascurra@pc.sc.gov.br\">dpascurra@pc.sc.gov.br<\/a><\/p><p><strong>Benedito Novo &#8211; Delegacia de Pol\u00edcia do Munic\u00edpio<\/strong><br \/>Rua Guilherme Doege, s\/n &#8211; Centro<br \/>Benedito Novo &#8211; SC &#8211; CEP: 89124-000<br \/>Telefone: (47) 3399-3090<br \/>Ramal Externo: 03593090<br \/><em>e-mail<\/em>: <a href=\"mailto:dpbeneditonovo@pc.sc.gov.br\">dpbeneditonovo@pc.sc.gov.br<\/a><\/p><p><strong>Blumenau &#8211; 01\u00aa Delegacia de Pol\u00edcia da Comarca<\/strong><br \/>Rua Humberto de Campos, 242 &#8211; Velha<br \/>Blumenau &#8211; SC &#8211; CEP: 89036-050<br \/>Telefone: (47) 3326-2146<br \/><em>e-mail<\/em>: <a href=\"mailto:1dpblumenau@pc.sc.gov.br\">1dpblumenau@pc.sc.gov.br<\/a><\/p><p><strong>Blumenau &#8211; 02\u00aa Delegacia de Pol\u00edcia da Comarca<\/strong><br \/>Rua Dois de Setembro, 1.761- Itoupava Norte<br \/>Blumenau &#8211; SC &#8211; CEP: 89052-001<br \/>Telefone: (47) 3378-9066<br \/><em>e-mail<\/em>: <a href=\"mailto:2dpblumenau@pc.sc.gov.br\">2dpblumenau@pc.sc.gov.br<\/a><\/p><p><strong>Blumenau &#8211; Central de Plant\u00e3o Policial &#8211; CPP<\/strong><br \/>Rua Dois de Setembro, 1.761- Itoupava Norte<br \/>Blumenau &#8211; SC &#8211; CEP: 89052-001<br \/>Telefone: (47) 3378-9075<br \/><em>e-mail<\/em>: <a href=\"mailto:cppblumenau@pc.sc.gov.br\" target=\"_blank\" rel=\"noopener\">cppblumenau@pc.sc.gov.br<\/a><\/p><p><strong>Blumenau &#8211; Delegacia de Combate a Estelionatos &#8211; DCE<\/strong><br \/><span dir=\"ltr\">Rua Adolfo <\/span><span dir=\"ltr\">Freygang, n\u00ba 87 \u2013 Bairro Garcia<\/span>,<br \/>Blumenau &#8211; SC &#8211; CEP: 89032-239<br \/>Telefone: (47) <span dir=\"ltr\">3326-5487<\/span><br \/>e-mail: <span dir=\"ltr\">dceblumenau<\/span>@pc.sc.gov.br<\/p><p><strong>Blumenau &#8211; Delegacia de Combate ao Crime Organizado e Lavagem de Capitais &#8211; DECRIM<\/strong><br \/><span dir=\"ltr\">Rua Adolfo <\/span><span dir=\"ltr\">Freygang, n\u00ba 87 \u2013 Bairro Garcia<\/span>,<br \/>Blumenau &#8211; SC &#8211; CEP: 89032-239<br \/>Telefone: (47) <span dir=\"ltr\">3326-5487<\/span><br \/>e-mail: decrim<span dir=\"ltr\">blumenau<\/span>@pc.sc.gov.br<\/p><p><strong>Blumenau &#8211; Delegacia de Combate \u00e0s Drogas &#8211; DECOD<\/strong><br \/><span dir=\"ltr\">Rua Adolfo <\/span><span dir=\"ltr\">Freygang, n\u00ba 87 \u2013 Bairro Garcia<\/span>,<br \/>Blumenau &#8211; SC &#8211; CEP: 89032-239<br \/>Telefone: (47) <span dir=\"ltr\">3326-5487<\/span><br \/>e-mail: <span dir=\"ltr\">decodblumenau<\/span>@pc.sc.gov.br<\/p><p><strong>Blumenau &#8211; Delegacia de Repress\u00e3o a Roubos<\/strong><br \/>Rua Adolfo Freygang, 87 \u2013 Garcia<br \/>Blumenau \u2013 SC \u2013 CEP: 89022-160<br \/>Telefone: (47) 3326-5487<br \/>email: drrblumenau@pc.sc.gov.br<\/p><p><strong>Blumenau &#8211; Delegacia de Homicidios &#8211; DH<\/strong><br \/>Rua Adolfo Freygang, 87 \u2013 Garcia<br \/>Blumenau \u2013 SC \u2013 CEP: 89022-160<br \/>Telefone: (47) <span dir=\"ltr\">3326-5487<\/span><br \/>email: dhblumenau@pc.sc.gov.br<\/p><p><strong>Blumenau &#8211; Delegacia Especializada no Atendimento \u00e0 Mulher &#8211; DEAM<\/strong><br \/>Rua Dr. Sappelt, 45 &#8211; Victor Konder<br \/>Blumenau &#8211; SC &#8211; CEP: 89012-132<br \/>Telefone: (47) 3378-8816<br \/><em>e-mail<\/em>:\u00a0 <a href=\"mailto:deamblumenau@pc.sc.gov.br\">deamblumenau@pc.sc.gov.br<\/a><\/p><p><strong>Blumenau &#8211; Delegacia de Prote\u00e7\u00e3o \u00e0 Crian\u00e7a, ao Adolescente e \u00e0 Pessoa Idosa &#8211; DPCAI<\/strong><br \/>Rua Dr. Sappelt, 45 &#8211; Victor Konder<br \/>Blumenau &#8211; SC &#8211; CEP: 89012-132<br \/>Telefone: (47) 3378-8816<br \/><em>e-mail<\/em>:\u00a0 <a href=\"mailto:dpcaiblumenau@pc.sc.gov.br\">dpcaiblumenau@pc.sc.gov.br<\/a><\/p><p><strong>Blumenau &#8211; Delegacia Especializada no Atendimento ao Adolescente em Conflito com a Lei &#8211; DEACLE<\/strong><br \/>Rua Dr. Sappelt, 45 &#8211; Victor Konder<br \/>Blumenau &#8211; SC &#8211; CEP: 89012-132<br \/>Telefone: (47) 3378-8816<br \/><em>e-mail<\/em>:\u00a0 <a href=\"mailto:deacleblumenau@pc.sc.gov.br\">deacleblumenau@pc.sc.gov.br<\/a><\/p><p><strong>Blumenau &#8211; Delegacia de Prote\u00e7\u00e3o Animal &#8211; DPA<\/strong><br \/>Rua Adolfo Freygang, 87 &#8211; Garcia<br \/>Blumenau &#8211; SC &#8211; CEP: 89022-160<br \/>Telefone: (47) <span dir=\"ltr\">3326-5487<\/span><br \/><em>e-mail<\/em>: dpablumenau@pc.sc.gov.br<\/p><p><strong>Blumenau &#8211; 4\u00aa Delegacia de Pol\u00edcia especializada no Combate \u00e0 Corrup\u00e7\u00e3o<\/strong><br \/>Rua Paulo Zimmermann, 118 &#8211; 7\u00ba andar Ed. Atenas &#8211; Bairro Centro<br \/>Blumenau &#8211; CEP 89069-001<br \/>Telefone para contato: (47) 3378-8481<br \/>Correio Eletr\u00f4nico: <a href=\"mailto:4decor@pc.sc.gov.br\">4decor@pc.sc.gov.br<\/a><\/p><p><strong>Blumenau &#8211; Departamento de Investiga\u00e7\u00e3o Criminal &#8211; DIC<\/strong><br \/>Rua Adolfo Freygang, 87 &#8211; Garcia<br \/>Blumenau &#8211; SC &#8211; CEP: 89022-160<br \/>Telefone: (47) 3326-5487<br \/><em>e-mail<\/em>: <a href=\"mailto:dicblumenau@pc.sc.gov.br\">dicblumenau@pc.sc.gov.br<\/a><\/p><p><strong>Blumenau &#8211; SubDP Vila Itoupava<\/strong><br \/>Rua Henrique Conrad, 851, Vila Itoupava<br \/>Blumenau &#8211; SC &#8211; CEP 89095-300<br \/>Telefone: (47) 3337-4334<br \/><em>e-mail<\/em>: <a href=\"mailto:subdpvilaitoupava@pc.sc.gov.br\">subdpvilaitoupava@pc.sc.gov.br<\/a><\/p><p><strong>Doutor Pedrinho &#8211; Delegacia de Pol\u00edcia do Munic\u00edpio<\/strong><br \/>Rua Duque de Caxias, 80 &#8211; Centro<br \/>Doutor Pedrinho &#8211; SC &#8211; CEP: 89126-000<br \/>Telefone: (47) 3388-0302<br \/><em>e-mail<\/em>: <a href=\"mailto:dpdrpedrinho@pc.sc.gov.br\">dpdrpedrinho@pc.sc.gov.br<\/a><\/p><p><strong>Gaspar &#8211; Delegacia de Pol\u00edcia da Comarca<\/strong><br \/>Rua Vereador Augusto Beduschi, 257 &#8211; Centro<br \/>Gaspar &#8211; SC &#8211; CEP: 89110-000<br \/>Telefone: (47) 3332-1000<br \/><em>e-mail<\/em>: <a href=\"mailto:dpgaspar@pc.sc.gov.br\">dpgaspar@pc.sc.gov.br<\/a><\/p><p><strong>Gaspar &#8211; Delegacia de Prote\u00e7\u00e3o \u00e0 Crian\u00e7a, Adolescente, Mulher e Idoso &#8211; DPCAMI<\/strong><br \/>Rua Augusto Beduschi, 254 &#8211; Centro<br \/>Gaspar &#8211; SC &#8211; CEP: 89110-070<br \/>Telefone: (47) 3378-8170<br \/><em>e-mail<\/em>: <a href=\"mailto:dpcamigaspar@pc.sc.gov.br\">dpcamigaspar@pc.sc.gov.br<\/a><\/p><p><strong>Ilhota &#8211; Delegacia de Pol\u00edcia do Munic\u00edpio<\/strong><br \/>Rua Leoberto Leal, 328 &#8211; Centro<br \/>Ilhota &#8211; SC &#8211; CEP: 88320-000<br \/>Telefone: (47) 3378-8795<br \/><em>e-mail<\/em>: <a href=\"mailto:dpilhota@pc.sc.gov.br\">dpilhota@pc.sc.gov.br<\/a><\/p><p><strong>Indaial &#8211; Delegacia de Pol\u00edcia da Comarca<\/strong><br \/>Rua Prefeito Victor Peters, 44 &#8211; Das Na\u00e7\u00f5es<br \/>Indaial &#8211; SC &#8211; CEP: 89130-000<br \/>Telefone: (47) 3399-3042<br \/>Ramal externo:\u00a003593042<br \/><em>e-mail<\/em>: <a href=\"mailto:dpindaial@pc.sc.gov.br\">dpindaial@pc.sc.gov.br<\/a><\/p><p><strong>Indaial &#8211; Delegacia de Prote\u00e7\u00e3o \u00e0 Crian\u00e7a, Adolescente, Mulher e Idoso &#8211; DPCAMI<\/strong><br \/>Rua Prefeito Victor Peters, 44 &#8211; Das Na\u00e7\u00f5es<br \/>Indaial &#8211; SC &#8211; CEP: 89082-070<br \/>Telefone: (47) 3399-3144<br \/><em>e-mail<\/em>: <a href=\"mailto:dpcamiindaial@pc.sc.gov.br\">dpcamiindaial@pc.sc.gov.br<\/a><\/p><p><strong>Pomerode &#8211; Delegacia de Pol\u00edcia da Comarca<\/strong><br \/>Rua dos Atiradores, 344 &#8211; Centro<br \/>Pomerode &#8211; SC &#8211; CEP: 89107-000<br \/>Telefone: (47) 3378-8181<br \/><em>e-mail<\/em>: <a href=\"mailto:dppomerode@pc.sc.gov.br\">dppomerode@pc.sc.gov.br<\/a><\/p><p><strong>Rio dos Cedros &#8211; Delegacia de Pol\u00edcia do Munic\u00edpio<br \/><\/strong>Rua Cear\u00e1, 75 &#8211; Centro<br \/>Rio dos Cedros &#8211; SC &#8211; CEP: 89121-000<br \/>Telefone: (47) 3399-3085<br \/>Ramal interno: 03593085<br \/><em>e-mail:<\/em> <a href=\"mailto:dpriodoscedros@pc.sc.gov.br\">dpriodoscedros@pc.sc.gov.br<\/a><\/p><p><strong>Rodeio &#8211; Delegacia de Pol\u00edcia do Munic\u00edpio<br \/><\/strong>Rua Gi\u00e1como Furlani, 590 &#8211; Centro<br \/>Rodeio &#8211; SC &#8211; CEP: 89136-000<br \/>Telefone: 47 3399-3073<br \/>Ramal Externo: 03593073<br \/><em>e-mail:<\/em> <a href=\"mailto:dprodeio@pc.sc.gov.br\">dprodeio@pc.sc.gov.br<\/a><\/p><p><strong>Timb\u00f3 &#8211; Delegacia de Pol\u00edcia da Comarca<\/strong><br \/>Rua Wilhelm Butzke S\u00eanior, 312 &#8211; Centro<br \/>Timb\u00f3 &#8211; SC &#8211; CEP: 89120-000<br \/>Telefone: (47) 3382-0092<br \/><em>e-mail<\/em>: <a href=\"mailto:dptimbo@pc.sc.gov.br\">dptimbo@pc.sc.gov.br<\/a><\/p>\t\t\t\t\t\t\t\t<\/div>\n\t\t\t\t<\/div>\n\t\t\t\t\t<\/div>\n\t\t<\/div>\n\t\t\t\t\t<\/div>\n\t\t<\/section>\n\t\t\t\t<\/div>\n\t\t","protected":false},"excerpt":{"rendered":"<p>03\u00aa DRP &#8211; Blumenau 03\u00aa &#8211; Delegacia Regional de Pol\u00edcia &#8211; BlumenauRua Humberto de Campos, 242 &#8211; VelhaBlumenau &#8211; SC &#8211; CEP: 89036-050Telefone: (47) 3378-8440Ramal externo:\u00a001588440e-mail: drpblumenau@pc.sc.gov.brAtendimento ao p\u00fablico: 8h \u00e0s 18h. Ciretran: 10h \u00e0s 16h. Api\u00fana &#8211; Delegacia de Pol\u00edcia do Munic\u00edpioRua Belo Horizonte, s\/n &#8211; CentroApi\u00fana &#8211; SC &#8211; CEP: 89135-000Telefone: (47) 3378-8232e-mail: [&hellip;]<\/p>\n","protected":false},"author":1,"featured_media":0,"parent":83,"menu_order":0,"comment_status":"closed","ping_status":"closed","template":"elementor_header_footer","meta":{"_monsterinsights_skip_tracking":false,"_monsterinsights_sitenote_active":false,"_monsterinsights_sitenote_note":"","_monsterinsights_sitenote_category":0,"footnotes":""},"class_list":["post-318","page","type-page","status-publish","hentry"],"_links":{"self":[{"href":"https:\/\/pc.sc.gov.br\/index.php?rest_route=\/wp\/v2\/pages\/318","targetHints":{"allow":["GET"]}}],"collection":[{"href":"https:\/\/pc.sc.gov.br\/index.php?rest_route=\/wp\/v2\/pages"}],"about":[{"href":"https:\/\/pc.sc.gov.br\/index.php?rest_route=\/wp\/v2\/types\/page"}],"author":[{"embeddable":true,"href":"https:\/\/pc.sc.gov.br\/index.php?rest_route=\/wp\/v2\/users\/1"}],"replies":[{"embeddable":true,"href":"https:\/\/pc.sc.gov.br\/index.php?rest_route=%2Fwp%2Fv2%2Fcomments&post=318"}],"version-history":[{"count":49,"href":"https:\/\/pc.sc.gov.br\/index.php?rest_route=\/wp\/v2\/pages\/318\/revisions"}],"predecessor-version":[{"id":36188,"href":"https:\/\/pc.sc.gov.br\/index.php?rest_route=\/wp\/v2\/pages\/318\/revisions\/36188"}],"up":[{"embeddable":true,"href":"https:\/\/pc.sc.gov.br\/index.php?rest_route=\/wp\/v2\/pages\/83"}],"wp:attachment":[{"href":"https:\/\/pc.sc.gov.br\/index.php?rest_route=%2Fwp%2Fv2%2Fmedia&parent=318"}],"curies":[{"name":"wp","href":"https:\/\/api.w.org\/{rel}","templated":true}]}}