{"id":324,"date":"2022-10-18T14:40:04","date_gmt":"2022-10-18T17:40:04","guid":{"rendered":"https:\/\/pc.sc.gov.br\/?page_id=324"},"modified":"2026-04-13T19:01:36","modified_gmt":"2026-04-13T22:01:36","slug":"19-itajai-04-drp","status":"publish","type":"page","link":"https:\/\/pc.sc.gov.br\/?page_id=324","title":{"rendered":"19-itajai-04-drp"},"content":{"rendered":"\t\t<div data-elementor-type=\"wp-page\" data-elementor-id=\"324\" class=\"elementor elementor-324\" data-elementor-post-type=\"page\">\n\t\t\t\t\t\t<section class=\"elementor-section elementor-top-section elementor-element elementor-element-052d616 elementor-section-boxed elementor-section-height-default elementor-section-height-default\" data-id=\"052d616\" data-element_type=\"section\">\n\t\t\t\t\t\t<div class=\"elementor-container elementor-column-gap-default\">\n\t\t\t\t\t<div class=\"elementor-column elementor-col-100 elementor-top-column elementor-element elementor-element-c0612de\" data-id=\"c0612de\" data-element_type=\"column\">\n\t\t\t<div class=\"elementor-widget-wrap elementor-element-populated\">\n\t\t\t\t\t\t<div class=\"elementor-element elementor-element-dd32896 elementor-widget elementor-widget-heading\" data-id=\"dd32896\" data-element_type=\"widget\" data-widget_type=\"heading.default\">\n\t\t\t\t<div class=\"elementor-widget-container\">\n\t\t\t\t\t<h2 class=\"elementor-heading-title elementor-size-default\">04\u00aa DRP - Itaja\u00ed<\/h2>\t\t\t\t<\/div>\n\t\t\t\t<\/div>\n\t\t\t\t<div class=\"elementor-element elementor-element-c846ae4 elementor-widget elementor-widget-text-editor\" data-id=\"c846ae4\" data-element_type=\"widget\" data-widget_type=\"text-editor.default\">\n\t\t\t\t<div class=\"elementor-widget-container\">\n\t\t\t\t\t\t\t\t\t<p><strong>04\u00aa &#8211; Delegacia Regional de Pol\u00edcia &#8211; Itaja\u00ed<\/strong><br \/>Rua 7 de Setembro, 600 &#8211; Centro<br \/>Itaja\u00ed &#8211; SC &#8211; CEP: 88301-201<br \/>Telefone: (47) 3241-1500<br \/><em>e-mail<\/em>: <a href=\"mailto:drpitajai@pc.sc.gov.br\">drpitajai@pc.sc.gov.br<\/a><br \/><strong>Atendimento ao p\u00fablico: 12h \u00e0s 18h<\/strong><\/p><p><strong>Balne\u00e1rio Pi\u00e7arras &#8211; Delegacia de Pol\u00edcia da Comarca<\/strong><br \/>Rua Vitor Molin, 222<br \/>Pi\u00e7arras &#8211; SC &#8211; CEP: 88380-000<br \/>Telefone: (47)3398-6168<br \/><em>e-mail<\/em>: <a href=\"mailto:dppicarras@pc.sc.gov.br\">dppicarras@pc.sc.gov.br<\/a><\/p><p><strong>Barra Velha &#8211; Delegacia de Prote\u00e7\u00e3o \u00e0 Crian\u00e7a, ao Adolescente, \u00e0 Mulher e ao Idoso &#8211; DPCAMI<\/strong><br \/>Rua Marino Atan\u00e1sio Pinheiro, 311 &#8211; Jardim Icara\u00ed<br \/>Barra Velha &#8211; SC &#8211; CEP: 88390-000<br \/>Telefone: (47) 3481-4330<br \/><em>e-mail<\/em>:\u00a0<a href=\"mailto:dpcamibarravelha@pc.sc.gov.br\" target=\"_blank\" rel=\"noopener\">dpcamibarravelha@pc.sc.gov.br<\/a><\/p><p><strong>Barra Velha &#8211; Delegacia de Pol\u00edcia da Comarca<\/strong><br \/>Rua Marino Atan\u00e1sio Pinheiro, 311 &#8211; Jardim Icara\u00ed<br \/>Barra Velha &#8211; SC &#8211; CEP: 88390-000<br \/>Telefone: (47) 3481-4330<br \/><em>e-mail<\/em>:\u00a0<a href=\"mailto:dpbarravelha@pc.sc.gov.br\">dpbarravelha@pc.sc.gov.br<\/a><\/p><p><strong>Diretoria de Pol\u00edcia do Litoral &#8211; DPOL<\/strong><br \/>Rua Etelvina de Brito, 130 &#8211; Centro<br \/>Itaja\u00ed &#8211; SC &#8211; CEP: 88303-070<br \/>Telefone: (47) 3398-6142<br \/>Ramal externo:\u00a001786142<br \/><em>e-mail<\/em>: <a href=\"mailto:dpol@pc.sc.gov.br\">dpol@pc.sc.gov.br<\/a><\/p><p><strong>Itaja\u00ed &#8211; 01\u00aa Delegacia de Pol\u00edcia<\/strong><br \/>Av. Prefeito Paulo Bauer, 800, Centro<br \/>Itaja\u00ed &#8211; SC &#8211; CEP: 88302-000<br \/>Telefone: (47) 3398-6290<br \/><em>e-mail<\/em>: <a href=\"mailto:1dpitajai@pc.sc.gov.br\">1dpitajai@pc.sc.gov.br<\/a><\/p><p><strong>Itaja\u00ed &#8211; 02\u00aa Delegacia de Pol\u00edcia<\/strong><br \/>Av. Prefeito Paulo Bauer, 800, Centro<br \/>Itaja\u00ed &#8211; SC &#8211; CEP: 88302-000<br \/>Telefone: (47) 3398-6287<br \/><em>e-mail<\/em>: <a href=\"mailto:2dpitajai@pc.sc.gov.br\">2dpitajai@pc.sc.gov.br<\/a><\/p><p><strong>Itaja\u00ed &#8211; 03\u00aa Delegacia de Pol\u00edcia<\/strong><br \/>Rua 7 de Setembro, 600 &#8211; Centro<br \/>Itaja\u00ed &#8211; SC &#8211; CEP: 88301-201<br \/><span dir=\"ltr\">Telefone: (47) 3398-6578 \/ Celular funcional: (47) 99785-2530<\/span><br \/><span dir=\"ltr\"><em>e-mail<\/em>: <a href=\"mailto:3dpitajai@pc.sc.gov.br\">3dpitajai@pc.sc.gov.br<\/a><\/span><\/p><p><strong>Itaja\u00ed &#8211; Central de Boletim de Ocorr\u00eancia &#8211; CBO<\/strong><br \/>Rua 7 de Setembro, 600 \u2013 Centro<br \/>Itaja\u00ed &#8211; SC &#8211; CEP: 88301-201<br \/>Telefone: (47) 3241-1500<br \/><em>e-mail<\/em>: <a href=\"mailto:drpitajai@pc.sc.gov.br\">drpitajai@pc.sc.gov.br<\/a><br \/><strong>Atendimento ao p\u00fablico: 12h \u00e0s 18h<\/strong><\/p><p><strong>Itaja\u00ed &#8211; Central de Plant\u00e3o Policial &#8211; CPP<\/strong><br \/>Rua Expedicion\u00e1rio Aleixo Maba, 199 &#8211; Barra do Rio<br \/>Itaja\u00ed &#8211; SC &#8211; CEP: 88305-360<br \/>Telefone:\u00a0(47) 3246-4701<br \/><em>e-mail<\/em>: <a href=\"mailto:cppitajai@pc.sc.gov.br\">cppitajai@pc.sc.gov.br<\/a><\/p><p><strong>Itaja\u00ed &#8211; Delegacia de Combate \u00e0s Drogas (DECOD)<\/strong><br \/>Rua Lauro Muller, 533, Centro<br \/>Itaja\u00ed &#8211; SC &#8211; CEP 88.301-400<br \/>Telefone: (47) 3348-2004<br \/><em>e-mail<\/em>: decoditajai@pc.sc.gov.br<\/p><p><strong>Itaja\u00ed &#8211; Delegacia de Homic\u00eddios (DH)<\/strong><br \/>Rua Lauro Muller, 533, Bairro Centro<br \/>Itaja\u00ed &#8211; SC &#8211; CEP 88.301-400<br \/>Telefone: (47) 3348-2004<br \/><em>e-mail<\/em>: dhitajai@pc.sc.gov.br<\/p><p><strong>Itaja\u00ed &#8211; Delegacia Especializada no Atendimento \u00e0 Mulher &#8211; DEAM<\/strong><br \/>Av. Prefeito Paulo Bauer, 800, Centro<br \/>Itaja\u00ed &#8211; SC &#8211; CEP: 88301-020<br \/>Telefone: (47) 3396-6280<br \/><em>e-mail<\/em>: <a href=\"mailto:dpcamiitajai@pc.sc.gov.br\">dpcamiitajai@pc.sc.gov.br<\/a><\/p><p><strong>Itaja\u00ed &#8211; Delegacia de Prote\u00e7\u00e3o \u00e0 Crian\u00e7a, ao Adolescente e \u00e0 Pessoa Idosa &#8211; DPCAI<\/strong><br \/>Av. Prefeito Paulo Bauer, 800, Centro<br \/>Itaja\u00ed &#8211; SC &#8211; CEP: 88301-020<br \/>Telefone: (47) 3396-6280<br \/><em>e-mail<\/em>: <a href=\"mailto:dpcaiitajai@pc.sc.gov.br\">dpcaiitajai@pc.sc.gov.br<\/a><\/p><p><strong>Itaja\u00ed &#8211; Delegacia de Repress\u00e3o a Roubos (DRR)<\/strong><br \/>Rua Lauro Muller, 533, Bairro Centro<br \/>Itaja\u00ed &#8211; SC &#8211; CEP 88.301-400<br \/>Telefone: (47) 3348-2004<br \/><em>e-mail<\/em>: drritajai@pc.sc.gov.br<\/p><p><strong>Itaja\u00ed &#8211; Departamento de Investiga\u00e7\u00e3o Criminal &#8211; DIC<\/strong><br \/>Rua Lauro Muller, 533, Bairro Centro<br \/>Itaja\u00ed &#8211; SC &#8211; CEP 88.301-400<br \/>Telefone: \u00a0(47) 3348-2004<br \/><em>e-mail<\/em>: <a href=\"mailto:dicitajai@pc.sc.gov.br\">dicitajai@pc.sc.gov.br<\/a><\/p><p><strong>Luiz Alves &#8211; Delegacia de Pol\u00edcia do Munic\u00edpio<\/strong><br \/>Rua Erich Gielow, 36 &#8211; Centro<br \/>Luiz Alves &#8211; SC &#8211; CEP: 89115-000<br \/>Telefone: (47) 3378-8551<br \/><em>e-mail<\/em>: <a href=\"mailto:dpluizalves@pc.sc.gov.br\">dpluizalves@pc.sc.gov.br<\/a><\/p><p><strong>Navegantes &#8211; Delegacia de Pol\u00edcia da Comarca<\/strong><br \/>Rua Vereador Nereu Liberato Nunes, 62 &#8211; Centro<br \/>Navegantes &#8211; SC &#8211; CEP: 88375-000<br \/>Telefone: (47) 3398-6401<br \/><em>e-mail<\/em>: <a href=\"mailto:dpnavegantes@pc.sc.gov.br\">dpnavegantes@pc.sc.gov.br<\/a><\/p><p><strong>Navegantes &#8211; Delegacia de Prote\u00e7\u00e3o \u00e0 Crian\u00e7a, ao Adolescente, \u00e0 Mulher e ao Idoso &#8211; DPCAMI<\/strong><br \/>Rua Vereador Nereu Liberato Nunes, 62 &#8211; Centro<br \/>Navegantes &#8211; SC &#8211; CEP: 88370-232<br \/>Telefone: (47) 3398-6401<br \/><em>e-mail<\/em>: <a href=\"mailto:dpcaminavegantes@pc.sc.gov.br\">dpcaminavegantes@pc.sc.gov.br<\/a><\/p><p><strong>Penha &#8211; Delegacia de Pol\u00edcia da Comarca<\/strong><br \/>Rua Jos\u00e9 Luiz Nori, 77 &#8211; Recanto dos P\u00e1ssaros<br \/>Penha &#8211; SC &#8211; CEP: 88385-000<br \/>Telefone: (47) 3398-6162 \/ 3398-6163<br \/><em>e-mail<\/em>: <a href=\"mailto:dppenha@pc.sc.gov.br\">dppenha@pc.sc.gov.br<\/a><\/p><p><strong>S\u00e3o Jo\u00e3o de Itaperi\u00fa &#8211; Delegacia de Pol\u00edcia do Munic\u00edpio<br \/><\/strong>Rua Ema Delmonego Sino, 109 &#8211; Centro<br \/>S\u00e3o Jo\u00e3o do Itaperi\u00fa &#8211; SC &#8211; CEP: 88395-000<br \/>Telefone: (47) 3461 -1558<br \/>Ramal externo: 02311558<strong><br \/><\/strong>e-mail: <a href=\"mailto:dpsaojoaodoitaperiu@pc.sc.gov.br\">dpsaojoaodoitaperiu@pc.sc.gov.br<\/a><\/p>\t\t\t\t\t\t\t\t<\/div>\n\t\t\t\t<\/div>\n\t\t\t\t\t<\/div>\n\t\t<\/div>\n\t\t\t\t\t<\/div>\n\t\t<\/section>\n\t\t\t\t<\/div>\n\t\t","protected":false},"excerpt":{"rendered":"<p>04\u00aa DRP &#8211; Itaja\u00ed 04\u00aa &#8211; Delegacia Regional de Pol\u00edcia &#8211; Itaja\u00edRua 7 de Setembro, 600 &#8211; CentroItaja\u00ed &#8211; SC &#8211; CEP: 88301-201Telefone: (47) 3241-1500e-mail: drpitajai@pc.sc.gov.brAtendimento ao p\u00fablico: 12h \u00e0s 18h Balne\u00e1rio Pi\u00e7arras &#8211; Delegacia de Pol\u00edcia da ComarcaRua Vitor Molin, 222Pi\u00e7arras &#8211; SC &#8211; CEP: 88380-000Telefone: (47)3398-6168e-mail: dppicarras@pc.sc.gov.br Barra Velha &#8211; Delegacia de Prote\u00e7\u00e3o [&hellip;]<\/p>\n","protected":false},"author":1,"featured_media":0,"parent":83,"menu_order":0,"comment_status":"closed","ping_status":"closed","template":"elementor_header_footer","meta":{"_monsterinsights_skip_tracking":false,"_monsterinsights_sitenote_active":false,"_monsterinsights_sitenote_note":"","_monsterinsights_sitenote_category":0,"footnotes":""},"class_list":["post-324","page","type-page","status-publish","hentry"],"_links":{"self":[{"href":"https:\/\/pc.sc.gov.br\/index.php?rest_route=\/wp\/v2\/pages\/324","targetHints":{"allow":["GET"]}}],"collection":[{"href":"https:\/\/pc.sc.gov.br\/index.php?rest_route=\/wp\/v2\/pages"}],"about":[{"href":"https:\/\/pc.sc.gov.br\/index.php?rest_route=\/wp\/v2\/types\/page"}],"author":[{"embeddable":true,"href":"https:\/\/pc.sc.gov.br\/index.php?rest_route=\/wp\/v2\/users\/1"}],"replies":[{"embeddable":true,"href":"https:\/\/pc.sc.gov.br\/index.php?rest_route=%2Fwp%2Fv2%2Fcomments&post=324"}],"version-history":[{"count":58,"href":"https:\/\/pc.sc.gov.br\/index.php?rest_route=\/wp\/v2\/pages\/324\/revisions"}],"predecessor-version":[{"id":37801,"href":"https:\/\/pc.sc.gov.br\/index.php?rest_route=\/wp\/v2\/pages\/324\/revisions\/37801"}],"up":[{"embeddable":true,"href":"https:\/\/pc.sc.gov.br\/index.php?rest_route=\/wp\/v2\/pages\/83"}],"wp:attachment":[{"href":"https:\/\/pc.sc.gov.br\/index.php?rest_route=%2Fwp%2Fv2%2Fmedia&parent=324"}],"curies":[{"name":"wp","href":"https:\/\/api.w.org\/{rel}","templated":true}]}}