{"id":34,"date":"2022-10-14T15:45:35","date_gmt":"2022-10-14T18:45:35","guid":{"rendered":"https:\/\/pc.sc.gov.br\/?page_id=34"},"modified":"2023-02-24T14:25:23","modified_gmt":"2023-02-24T17:25:23","slug":"atribuicoes","status":"publish","type":"page","link":"https:\/\/pc.sc.gov.br\/?page_id=34","title":{"rendered":"Atribui\u00e7\u00f5es"},"content":{"rendered":"\t\t<div data-elementor-type=\"wp-page\" data-elementor-id=\"34\" class=\"elementor elementor-34\" data-elementor-post-type=\"page\">\n\t\t\t\t\t\t<section class=\"elementor-section elementor-top-section elementor-element elementor-element-feb2210 elementor-section-boxed elementor-section-height-default elementor-section-height-default\" data-id=\"feb2210\" data-element_type=\"section\">\n\t\t\t\t\t\t<div class=\"elementor-container elementor-column-gap-default\">\n\t\t\t\t\t<div class=\"elementor-column elementor-col-100 elementor-top-column elementor-element elementor-element-98744bc\" data-id=\"98744bc\" data-element_type=\"column\">\n\t\t\t<div class=\"elementor-widget-wrap elementor-element-populated\">\n\t\t\t\t\t\t<div class=\"elementor-element elementor-element-240665e elementor-widget elementor-widget-heading\" data-id=\"240665e\" data-element_type=\"widget\" data-widget_type=\"heading.default\">\n\t\t\t\t<div class=\"elementor-widget-container\">\n\t\t\t\t\t<h2 class=\"elementor-heading-title elementor-size-default\">Atribui\u00e7\u00f5es<\/h2>\t\t\t\t<\/div>\n\t\t\t\t<\/div>\n\t\t\t\t\t<\/div>\n\t\t<\/div>\n\t\t\t\t\t<\/div>\n\t\t<\/section>\n\t\t\t\t<section class=\"elementor-section elementor-top-section elementor-element elementor-element-95b0abd elementor-section-boxed elementor-section-height-default elementor-section-height-default\" data-id=\"95b0abd\" data-element_type=\"section\">\n\t\t\t\t\t\t<div class=\"elementor-container elementor-column-gap-default\">\n\t\t\t\t\t<div class=\"elementor-column elementor-col-50 elementor-top-column elementor-element elementor-element-ba06b47\" data-id=\"ba06b47\" data-element_type=\"column\">\n\t\t\t<div class=\"elementor-widget-wrap elementor-element-populated\">\n\t\t\t\t\t\t<div class=\"elementor-element elementor-element-73a5bfa elementor-hidden-desktop elementor-widget elementor-widget-image\" data-id=\"73a5bfa\" data-element_type=\"widget\" data-widget_type=\"image.default\">\n\t\t\t\t<div class=\"elementor-widget-container\">\n\t\t\t\t\t\t\t\t\t\t\t\t\t\t\t<img fetchpriority=\"high\" decoding=\"async\" width=\"696\" height=\"1020\" src=\"https:\/\/pc.sc.gov.br\/\/wp-content\/uploads\/2022\/10\/atribuicoes-699x1024.jpg\" class=\"attachment-large size-large wp-image-185\" alt=\"Imagem de Bras\u00e3o Pol\u00edcia Civil junto com algemas\" srcset=\"https:\/\/pc.sc.gov.br\/\/wp-content\/uploads\/2022\/10\/atribuicoes-699x1024.jpg 699w, https:\/\/pc.sc.gov.br\/\/wp-content\/uploads\/2022\/10\/atribuicoes-205x300.jpg 205w, https:\/\/pc.sc.gov.br\/\/wp-content\/uploads\/2022\/10\/atribuicoes-768x1126.jpg 768w, https:\/\/pc.sc.gov.br\/\/wp-content\/uploads\/2022\/10\/atribuicoes.jpg 790w\" sizes=\"(max-width: 696px) 100vw, 696px\" \/>\t\t\t\t\t\t\t\t\t\t\t\t\t\t\t<\/div>\n\t\t\t\t<\/div>\n\t\t\t\t<div class=\"elementor-element elementor-element-3117139 elementor-widget elementor-widget-text-editor\" data-id=\"3117139\" data-element_type=\"widget\" data-widget_type=\"text-editor.default\">\n\t\t\t\t<div class=\"elementor-widget-container\">\n\t\t\t\t\t\t\t\t\t<p>A Pol\u00edcia Civil combate o crime atrav\u00e9s da complexa atividade de Investiga\u00e7\u00e3o Criminal.&nbsp;H\u00e1 diversos sistemas de preven\u00e7\u00e3o, entretanto, a Pol\u00edcia Civil age quando outras barreiras preventivas n\u00e3o deram resultado. A principal atribui\u00e7\u00e3o da Institui\u00e7\u00e3o \u00e9 a apura\u00e7\u00e3o das circunst\u00e2ncias do evento criminoso e identifica\u00e7\u00e3o de seus respons\u00e1veis.&nbsp;Para toda unidade policial civil \u00e9 disponibilizada uma equipe composta por Delegado de Pol\u00edcia, Agente de Pol\u00edcia, Escriv\u00e3o de Pol\u00edcia e, a depender do crime, um Psic\u00f3logo Policial.&nbsp;Cada um desses profissionais possuem atribui\u00e7\u00f5es e especialidades espec\u00edficas, as quais somadas contribuem significativamente para a elucida\u00e7\u00e3o e esclarecimento dos mais diversos crimes.<\/p>\n<p dir=\"ltr\">A atividade investigativa \u00e9 sigilosa e requer o conhecimento de m\u00e9todos, t\u00e9cnicas e tecnologias especificas, al\u00e9m do conhecimento jur\u00eddico necess\u00e1rio para evitar arbitrariedades e viola\u00e7\u00e3o de direitos, sendo tudo materializado atrav\u00e9s de um Inqu\u00e9rito Policial.&nbsp;Ap\u00f3s a apura\u00e7\u00e3o e elucida\u00e7\u00e3o do crime, o Inqu\u00e9rito Policial \u00e9 encaminhado ao Poder Judici\u00e1rio, a fim de que o criminoso seja devidamente responsabilizado, devendo a pena ser proporcional ao crime praticado.<\/p>\n<p dir=\"ltr\">Compete tamb\u00e9m \u00e0 Pol\u00edcia Civil, como resultado final das investiga\u00e7\u00f5es e do processo criminal, o cumprimento dos mandados de pris\u00f5es expedidos em desfavor daqueles que foram judicialmente condenados.&nbsp;Em \u00faltima an\u00e1lise, a Pol\u00edcia Civil preocupa-se com a elucida\u00e7\u00e3o dos crimes que ocorrem em nossa sociedade, colaborando diretamente com a defesa dos direitos fundamentais do cidad\u00e3o. <br><\/p><div id=\"jsn-leftsidecontent\" class=\"span3 order1 offset-12\"><div id=\"jsn-leftsidecontent_inner\"><div id=\"jsn-pos-left\"><div class=\"richbox-1 jsn-modulecontainer\"><div class=\"jsn-modulecontainer_inner\"><div>\n<\/div>\n<\/div>\n<\/div>\n<\/div>\n<\/div>\n<\/div>\t\t\t\t\t\t\t\t<\/div>\n\t\t\t\t<\/div>\n\t\t\t\t\t<\/div>\n\t\t<\/div>\n\t\t\t\t<div class=\"elementor-column elementor-col-50 elementor-top-column elementor-element elementor-element-3c697a5\" data-id=\"3c697a5\" data-element_type=\"column\">\n\t\t\t<div class=\"elementor-widget-wrap elementor-element-populated\">\n\t\t\t\t\t\t<div class=\"elementor-element elementor-element-e055fa7 elementor-hidden-tablet elementor-hidden-mobile elementor-widget elementor-widget-image\" data-id=\"e055fa7\" data-element_type=\"widget\" data-widget_type=\"image.default\">\n\t\t\t\t<div class=\"elementor-widget-container\">\n\t\t\t\t\t\t\t\t\t\t\t\t\t\t\t<img fetchpriority=\"high\" decoding=\"async\" width=\"696\" height=\"1020\" src=\"https:\/\/pc.sc.gov.br\/\/wp-content\/uploads\/2022\/10\/atribuicoes-699x1024.jpg\" class=\"attachment-large size-large wp-image-185\" alt=\"Imagem de Bras\u00e3o Pol\u00edcia Civil junto com algemas\" srcset=\"https:\/\/pc.sc.gov.br\/\/wp-content\/uploads\/2022\/10\/atribuicoes-699x1024.jpg 699w, https:\/\/pc.sc.gov.br\/\/wp-content\/uploads\/2022\/10\/atribuicoes-205x300.jpg 205w, https:\/\/pc.sc.gov.br\/\/wp-content\/uploads\/2022\/10\/atribuicoes-768x1126.jpg 768w, https:\/\/pc.sc.gov.br\/\/wp-content\/uploads\/2022\/10\/atribuicoes.jpg 790w\" sizes=\"(max-width: 696px) 100vw, 696px\" \/>\t\t\t\t\t\t\t\t\t\t\t\t\t\t\t<\/div>\n\t\t\t\t<\/div>\n\t\t\t\t\t<\/div>\n\t\t<\/div>\n\t\t\t\t\t<\/div>\n\t\t<\/section>\n\t\t\t\t<\/div>\n\t\t","protected":false},"excerpt":{"rendered":"<p>Atribui\u00e7\u00f5es A Pol\u00edcia Civil combate o crime atrav\u00e9s da complexa atividade de Investiga\u00e7\u00e3o Criminal.&nbsp;H\u00e1 diversos sistemas de preven\u00e7\u00e3o, entretanto, a Pol\u00edcia Civil age quando outras barreiras preventivas n\u00e3o deram resultado. A principal atribui\u00e7\u00e3o da Institui\u00e7\u00e3o \u00e9 a apura\u00e7\u00e3o das circunst\u00e2ncias do evento criminoso e identifica\u00e7\u00e3o de seus respons\u00e1veis.&nbsp;Para toda unidade policial civil \u00e9 disponibilizada uma [&hellip;]<\/p>\n","protected":false},"author":1,"featured_media":0,"parent":45,"menu_order":0,"comment_status":"closed","ping_status":"closed","template":"elementor_header_footer","meta":{"_monsterinsights_skip_tracking":false,"_monsterinsights_sitenote_active":false,"_monsterinsights_sitenote_note":"","_monsterinsights_sitenote_category":0,"footnotes":""},"class_list":["post-34","page","type-page","status-publish","hentry"],"_links":{"self":[{"href":"https:\/\/pc.sc.gov.br\/index.php?rest_route=\/wp\/v2\/pages\/34","targetHints":{"allow":["GET"]}}],"collection":[{"href":"https:\/\/pc.sc.gov.br\/index.php?rest_route=\/wp\/v2\/pages"}],"about":[{"href":"https:\/\/pc.sc.gov.br\/index.php?rest_route=\/wp\/v2\/types\/page"}],"author":[{"embeddable":true,"href":"https:\/\/pc.sc.gov.br\/index.php?rest_route=\/wp\/v2\/users\/1"}],"replies":[{"embeddable":true,"href":"https:\/\/pc.sc.gov.br\/index.php?rest_route=%2Fwp%2Fv2%2Fcomments&post=34"}],"version-history":[{"count":46,"href":"https:\/\/pc.sc.gov.br\/index.php?rest_route=\/wp\/v2\/pages\/34\/revisions"}],"predecessor-version":[{"id":5664,"href":"https:\/\/pc.sc.gov.br\/index.php?rest_route=\/wp\/v2\/pages\/34\/revisions\/5664"}],"up":[{"embeddable":true,"href":"https:\/\/pc.sc.gov.br\/index.php?rest_route=\/wp\/v2\/pages\/45"}],"wp:attachment":[{"href":"https:\/\/pc.sc.gov.br\/index.php?rest_route=%2Fwp%2Fv2%2Fmedia&parent=34"}],"curies":[{"name":"wp","href":"https:\/\/api.w.org\/{rel}","templated":true}]}}