{"id":349,"date":"2022-10-18T14:49:36","date_gmt":"2022-10-18T17:49:36","guid":{"rendered":"https:\/\/pc.sc.gov.br\/?page_id=349"},"modified":"2025-09-12T12:44:04","modified_gmt":"2025-09-12T15:44:04","slug":"29-rio-do-sul-07-drp","status":"publish","type":"page","link":"https:\/\/pc.sc.gov.br\/?page_id=349","title":{"rendered":"29-rio-do-sul-07-drp"},"content":{"rendered":"\t\t<div data-elementor-type=\"wp-page\" data-elementor-id=\"349\" class=\"elementor elementor-349\" data-elementor-post-type=\"page\">\n\t\t\t\t\t\t<section class=\"elementor-section elementor-top-section elementor-element elementor-element-0d6ab39 elementor-section-boxed elementor-section-height-default elementor-section-height-default\" data-id=\"0d6ab39\" data-element_type=\"section\">\n\t\t\t\t\t\t<div class=\"elementor-container elementor-column-gap-default\">\n\t\t\t\t\t<div class=\"elementor-column elementor-col-100 elementor-top-column elementor-element elementor-element-d6436ed\" data-id=\"d6436ed\" data-element_type=\"column\">\n\t\t\t<div class=\"elementor-widget-wrap elementor-element-populated\">\n\t\t\t\t\t\t<div class=\"elementor-element elementor-element-1b00d7a elementor-widget elementor-widget-heading\" data-id=\"1b00d7a\" data-element_type=\"widget\" data-widget_type=\"heading.default\">\n\t\t\t\t<div class=\"elementor-widget-container\">\n\t\t\t\t\t<h2 class=\"elementor-heading-title elementor-size-default\">07\u00aa DRP - Rio do Sul<\/h2>\t\t\t\t<\/div>\n\t\t\t\t<\/div>\n\t\t\t\t<div class=\"elementor-element elementor-element-2662413 elementor-widget elementor-widget-text-editor\" data-id=\"2662413\" data-element_type=\"widget\" data-widget_type=\"text-editor.default\">\n\t\t\t\t<div class=\"elementor-widget-container\">\n\t\t\t\t\t\t\t\t\t<p><strong>07\u00aa &#8211; Delegacia Regional de Pol\u00edcia &#8211; Rio do Sul<\/strong><br \/>Rua Bulc\u00e3o Viana, 292 &#8211; Jardim Am\u00e9rica <br \/>Rio do Sul &#8211; SC &#8211; CEP: 89160-226<br \/>Telefone: (47) 3526-3050<br \/><em>e-mail<\/em>: <a href=\"mailto:drpriodosul@pc.sc.gov.br\">drpriodosul@pc.sc.gov.br<\/a><br \/><strong>Atendimento ao p\u00fablico: 12h \u00e0s 19h<\/strong><\/p><p><strong>Agrol\u00e2ndia &#8211; Delegacia de Pol\u00edcia do Munic\u00edpio<\/strong><br \/>Rua Leopoldo Zwicker, 99 &#8211; Centro<br \/>Agrol\u00e2ndia &#8211; SC &#8211; CEP: 88420-000<br \/>Telefone: (47) 3534-4200<br \/><em>e-mail<\/em>: <a href=\"mailto:dpagrolandia@pc.sc.gov.br\">dpagrolandia@pc.sc.gov.br<\/a><\/p><p><strong>Agron\u00f4mica &#8211; Delegacia de Pol\u00edcia do Munic\u00edpio<\/strong><br \/>Rua XV de Novembro, 367 &#8211; Centro<br \/>Agron\u00f4mica &#8211; SC &#8211; CEP: 89188-000<br \/>Telefone: (47) 3542-0103<br \/><em>e-mail<\/em>: <a href=\"mailto:dpagronomica@pc.sc.gov.br\">dpagronomica@pc.sc.gov.br<\/a><\/p><p><strong>Aurora &#8211; Delegacia de Pol\u00edcia do Munic\u00edpio<\/strong> <br \/>Rodovia SC 302 KM 365 &#8211; Centro<br \/>Aurora &#8211; SC &#8211; CEP: 89186-000<br \/>Telefone: (47) 3533-8801<br \/><em>e-mail<\/em>: <a href=\"mailto:dpaurora@pc.sc.gov.br\">dpaurora@pc.sc.gov.br<\/a><\/p><p><strong>Bra\u00e7o do Trombudo &#8211; Delegacia de Pol\u00edcia do Munic\u00edpio<\/strong> <br \/>Rua Tiradentes, 755 &#8211; Centro<br \/>Bra\u00e7o do Trombudo &#8211; SC &#8211; CEP: 89178-000<br \/>Telefone: (47) 3547-0213<br \/><em>e-mail<\/em>: <a href=\"mailto:dpbracodotrombudo@pc.sc.gov.br\">dpbracodotrombudo@pc.sc.gov.br<\/a><\/p><p><strong>Dona Emma &#8211; Delegacia de Pol\u00edcia do Munic\u00edpio<\/strong><br \/>Rua 25 de Julho, 65 &#8211; Centro<br \/>Dona Emma &#8211; SC &#8211; CEP: 89155-000<br \/>Telefone: (47) 3357-8999<br \/><em>e-mail<\/em>: <a href=\"mailto:dpdonaemma@pc.sc.gov.br\">dpdonaemma@pc.sc.gov.br<\/a><\/p><p><strong>Ibirama &#8211; Delegacia de Pol\u00edcia da Comarca<\/strong><br \/>Rua Blumenau,451 &#8211; Centro<br \/>Ibirama &#8211; SC &#8211; CEP: 89140-000<br \/>Telefone: (47) 3357-2050<br \/><em>e-mail<\/em>: <a href=\"mailto:dpibirama@pc.sc.gov.br\">dpibirama@pc.sc.gov.br<\/a><\/p><p><strong>Jos\u00e9 Boiteux &#8211; Delegacia de Pol\u00edcia do Munic\u00edpio<\/strong> <br \/>Rua 26 de julho, 171 &#8211; Centro<br \/>Jos\u00e9 Boiteux &#8211; SC &#8211; CEP: 89145-000<br \/>Telefone: (47) 3357-8992<br \/><em>e-mail<\/em>: <a href=\"mailto:dpjoseboiteux@pc.sc.gov.br\">dpjoseboiteux@pc.sc.gov.br<\/a><\/p><p><strong>Laurentino &#8211; Delegacia de Pol\u00edcia do Munic\u00edpio<\/strong><br \/>Avenida Colombo Machado Salles, 122 &#8211; Centro<br \/>Laurentino &#8211; SC &#8211; CEP: 89170-000<br \/>Telefone: (47) 3546-1240<br \/><em>e-mail<\/em>: <a href=\"mailto:dplaurentino@pc.sc.gov.br\">dplaurentino@pc.sc.gov.br<\/a><\/p><p><strong>Lontras &#8211; Delegacia de Pol\u00edcia do Munic\u00edpio<\/strong><br \/>Rua Francisco de Carvalho, 40 &#8211; Centro<br \/>Lontras &#8211; SC &#8211; CEP: 89182-000<br \/>Telefone: (47) 3523-0169<br \/><em>e-mail<\/em>: <a href=\"mailto:dplontras@pc.sc.gov.br\">dplontras@pc.sc.gov.br<\/a><\/p><p><strong>Mirim Doce &#8211; Delegacia de Pol\u00edcia do Munic\u00edpio<\/strong><br \/>Rua Irma Hetterich, 19 &#8211; Centro<br \/>Mirim Doce &#8211; SC &#8211; CEP: 89194-000<br \/>Telefone: (47) 3562-8469<br \/><em>e-mail<\/em>: <a href=\"mailto:dpmirimdoce@pc.sc.gov.br\">dpmirimdoce@pc.sc.gov.br<\/a><\/p><p><strong>Pouso Redondo &#8211; Delegacia de Pol\u00edcia do Munic\u00edpio<\/strong><br \/>Rua Get\u00falio Vargas,106 &#8211; Boa Vista<br \/>Pouso Redondo &#8211; SC &#8211; CEP: 89172-000<br \/>Telefone: (47) 3545-1201<br \/><em>e-mail<\/em>: <a href=\"mailto:dppousoredondo@pc.sc.gov.br\">dppousoredondo@pc.sc.gov.br<\/a><\/p><p><strong>Presidente Get\u00falio &#8211; Delegacia de Pol\u00edcia da Comarca<\/strong><br \/>Rua Padre Moacir Jos\u00e9 Moser, s\/n &#8211; Centro<br \/>Presidente Get\u00falio &#8211; SC &#8211; CEP: 89150-000<br \/>Telefone: (47) 3352-1290<br \/><em>e-mail<\/em>: <a href=\"mailto:dppresidentegetulio@pc.sc.gov.br\">dppresidentegetulio@pc.sc.gov.br<\/a><\/p><p><strong>Presidente Nereu &#8211; Delegacia de Pol\u00edcia do Munic\u00edpio<\/strong><br \/>Rua Matilde Schaefer, 181 &#8211; Centro<br \/>Presidente Nereu &#8211; SC &#8211; CEP: 89184-000<br \/>Telefone: (47) 3357-8971<br \/><em>e-mail<\/em>: <a href=\"mailto:dppresidentenereu@pc.sc.gov.br\">dppresidentenereu@pc.sc.gov.br<\/a><\/p><p><strong>Rio do Campo &#8211; Delegacia de Pol\u00edcia da Comarca<\/strong><br \/>Rua Marcolino Back, 142 &#8211; Centro<br \/>Rio do Campo &#8211; SC &#8211; CEP: 89198-000<br \/>Telefone: (47) 3564-1153<br \/><em>e-mail<\/em>: <a href=\"mailto:dpriodocampo@pc.sc.gov.br\">dpriodocampo@pc.sc.gov.br<\/a><\/p><p><strong>Rio do Oeste &#8211; Delegacia de Pol\u00edcia da Comarca<\/strong><br \/>Rua Rua Serafim Ronchi, 90 &#8211; Centro<br \/>Rio do Oeste &#8211; SC &#8211; CEP: 89180-000<br \/>Telefone: (47)3543-0190 \/ 3543-0669<br \/><em>e-mail<\/em>: <a href=\"mailto:dpriodooeste@pc.sc.gov.br\">dpriodooeste@pc.sc.gov.br<\/a><\/p><p><strong>Rio do Sul &#8211; Central de Plant\u00e3o Policial &#8211; CPP<\/strong><br \/>Rua Bulc\u00e3o Viana, 292 &#8211; Jardim Am\u00e9rica<br \/>Rio do Sul &#8211; SC &#8211; CEP: 89160-226<br \/>Telefone: (47) 3526-3052 \/ 3526-3053<br \/><em>e-mail<\/em>: <a href=\"mailto:drpriodosul@pc.sc.gov.br\" target=\"_blank\" rel=\"noopener\">drpriodosul@pc.sc.gov.br<\/a><\/p><p><strong>Rio do Sul &#8211; Delegacia de Pol\u00edcia da Comarca<\/strong> <br \/>Rua Bulc\u00e3o Viana, 292 &#8211; Jardim Am\u00e9rica<br \/>Rio do Sul &#8211; SC &#8211; CEP: 89160-226<br \/>Telefone: (47) 3526-3054<br \/><em>e-mail<\/em>: <a href=\"mailto:dpriodosul@pc.sc.gov.br\">dpriodosul@pc.sc.gov.br<\/a> <a href=\"mailto:dpriodosul@pc.sc.gov.br\"><br \/><\/a><\/p><p><a href=\"mailto:dpriodosul@pc.sc.gov.br\"><strong>Rio do Sul &#8211; Divis\u00e3o de Investiga\u00e7\u00e3o Criminal &#8211; DIC<\/strong><br \/><\/a>Rua Bulc\u00e3o Viana, 292 &#8211; Jardim Am\u00e9rica<br \/>Rio do Sul &#8211; SC &#8211; CEP: 89160-226<br \/>Telefone: (47) 3526-3049\u00a0<br \/><em>e-mail<\/em>:\u00a0<a href=\"mailto:diriodosul@pc.sc.gov.br\">dicriodosul@pc.sc.gov.br <\/a><\/p><p><strong>Rio do Sul &#8211; Delegacia de Prote\u00e7\u00e3o \u00e0 Crian\u00e7a, Adolescente, Mulher e Idoso &#8211; DPCAMI<\/strong><br \/>Rua Bulc\u00e3o Viana, 292 &#8211; Jardim Am\u00e9rica<br \/>Rio do Sul &#8211; SC &#8211; CEP: 89160-226<br \/>Telefone: (47) 3526-3051<br \/><em>e-mail<\/em>: <a href=\"mailto:dpcamiriodosul@pc.sc.gov.br\">dpcamiriodosul@pc.sc.gov.br<\/a><\/p><p><strong>Salete &#8211; Delegacia de Pol\u00edcia do Munic\u00edpio<\/strong><br \/>Rua Dona Margarida, 95 &#8211; Centro<br \/>Salete &#8211; SC &#8211; CEP: 89196-000<br \/>Telefone: (47) 3562-8473<br \/><em>e-mail<\/em>: <a href=\"mailto:dpsalete@pc.sc.gov.br\">dpsalete@pc.sc.gov.br<\/a><\/p><p><strong>Santa Terezinha &#8211; Delegacia de Policia do Munic\u00edpio<\/strong><br \/>Rua Silvino Londen, 78 &#8211; Centro<br \/>Santa Terezinha &#8211; SC &#8211; CEP: 89199000<br \/>Telefone: (47)3556-0066<br \/><em>e-mail<\/em>: <a href=\"mailto:dpsantaterezinha@pc.sc.gov.br\">dpsantaterezinha@pc.sc.gov.br<\/a><\/p><p><strong>Tai\u00f3 &#8211; Delegacia de Pol\u00edcia da Comarca<\/strong><br \/>Avenida Nereu Ramos, 118 &#8211; Centro<br \/>Tai\u00f3 &#8211; SC &#8211; CEP: 89190-000<br \/>Telefone: (47) 3562-0340<br \/><em>e-mail<\/em>: <a href=\"mailto:dptaio@pc.sc.gov.br\">dptaio@pc.sc.gov.br<\/a><\/p><p><strong>Trombudo Central &#8211; Delegacia de Pol\u00edcia da Comarca<\/strong><br \/>Rua Jorge Lacerda, s\/n &#8211; Centro<br \/>Trombudo Central &#8211; SC &#8211; CEP: 89176-000<br \/>Telefone: (47) 3544-0389<br \/><em>e-mail<\/em>: <a href=\"mailto:dptrombudocentral@pc.sc.gov.br\">dptrombudocentral@pc.sc.gov.br<\/a> <a href=\"mailto:dptrombudocentral@pc.sc.gov.br\"><br \/><\/a><\/p><p><strong>Vitor Meirelles &#8211; Delegacia de Pol\u00edcia do Munic\u00edpio<\/strong><br \/>Rua Sebasti\u00e3o Kammer, 1 &#8211; Centro<br \/>Vitor Meirelles &#8211; SC &#8211; CEP: 89148-000<br \/>Telefone: (47) 3258-0239<br \/><em>e-mail<\/em>: <a href=\"mailto:dpvitormeirelles@pc.sc.gov.br\">dpvitormeirelles@pc.sc.gov.br<\/a><\/p><p><strong>Witmarsum &#8211; Delegacia de Pol\u00edcia do Munic\u00edpio<\/strong><br \/>Rua Willy Pett, 95 &#8211; Centro<br \/>Witmarsum &#8211; SC &#8211; CEP: 89157-000<br \/>Telefone: (47) 3357-8998<br \/><em>e-mail<\/em>: <a href=\"mailto:dpwitmarsum@pc.sc.gov.br\">dpwitmarsum@pc.sc.gov.br<\/a><\/p>\t\t\t\t\t\t\t\t<\/div>\n\t\t\t\t<\/div>\n\t\t\t\t\t<\/div>\n\t\t<\/div>\n\t\t\t\t\t<\/div>\n\t\t<\/section>\n\t\t\t\t<\/div>\n\t\t","protected":false},"excerpt":{"rendered":"<p>07\u00aa DRP &#8211; Rio do Sul 07\u00aa &#8211; Delegacia Regional de Pol\u00edcia &#8211; Rio do SulRua Bulc\u00e3o Viana, 292 &#8211; Jardim Am\u00e9rica Rio do Sul &#8211; SC &#8211; CEP: 89160-226Telefone: (47) 3526-3050e-mail: drpriodosul@pc.sc.gov.brAtendimento ao p\u00fablico: 12h \u00e0s 19h Agrol\u00e2ndia &#8211; Delegacia de Pol\u00edcia do Munic\u00edpioRua Leopoldo Zwicker, 99 &#8211; CentroAgrol\u00e2ndia &#8211; SC &#8211; CEP: 88420-000Telefone: [&hellip;]<\/p>\n","protected":false},"author":1,"featured_media":0,"parent":83,"menu_order":0,"comment_status":"closed","ping_status":"closed","template":"elementor_header_footer","meta":{"_monsterinsights_skip_tracking":false,"_monsterinsights_sitenote_active":false,"_monsterinsights_sitenote_note":"","_monsterinsights_sitenote_category":0,"footnotes":""},"class_list":["post-349","page","type-page","status-publish","hentry"],"_links":{"self":[{"href":"https:\/\/pc.sc.gov.br\/index.php?rest_route=\/wp\/v2\/pages\/349","targetHints":{"allow":["GET"]}}],"collection":[{"href":"https:\/\/pc.sc.gov.br\/index.php?rest_route=\/wp\/v2\/pages"}],"about":[{"href":"https:\/\/pc.sc.gov.br\/index.php?rest_route=\/wp\/v2\/types\/page"}],"author":[{"embeddable":true,"href":"https:\/\/pc.sc.gov.br\/index.php?rest_route=\/wp\/v2\/users\/1"}],"replies":[{"embeddable":true,"href":"https:\/\/pc.sc.gov.br\/index.php?rest_route=%2Fwp%2Fv2%2Fcomments&post=349"}],"version-history":[{"count":16,"href":"https:\/\/pc.sc.gov.br\/index.php?rest_route=\/wp\/v2\/pages\/349\/revisions"}],"predecessor-version":[{"id":32157,"href":"https:\/\/pc.sc.gov.br\/index.php?rest_route=\/wp\/v2\/pages\/349\/revisions\/32157"}],"up":[{"embeddable":true,"href":"https:\/\/pc.sc.gov.br\/index.php?rest_route=\/wp\/v2\/pages\/83"}],"wp:attachment":[{"href":"https:\/\/pc.sc.gov.br\/index.php?rest_route=%2Fwp%2Fv2%2Fmedia&parent=349"}],"curies":[{"name":"wp","href":"https:\/\/api.w.org\/{rel}","templated":true}]}}