{"id":35230,"date":"2025-12-16T14:22:45","date_gmt":"2025-12-16T17:22:45","guid":{"rendered":"https:\/\/pc.sc.gov.br\/?page_id=35230"},"modified":"2026-02-03T17:22:51","modified_gmt":"2026-02-03T20:22:51","slug":"fiscalizacao-de-jogos-diversoes-publicas-e-produtos-controladosdev","status":"publish","type":"page","link":"https:\/\/pc.sc.gov.br\/?page_id=35230","title":{"rendered":"Fiscaliza\u00e7\u00e3o de Jogos, Divers\u00f5es P\u00fablicas e Produtos Controlados"},"content":{"rendered":"\t\t<div data-elementor-type=\"wp-page\" data-elementor-id=\"35230\" class=\"elementor elementor-35230\" data-elementor-post-type=\"page\">\n\t\t\t\t\t\t<section class=\"elementor-section elementor-top-section elementor-element elementor-element-ef1c53f elementor-section-boxed elementor-section-height-default elementor-section-height-default\" data-id=\"ef1c53f\" data-element_type=\"section\">\n\t\t\t\t\t\t<div class=\"elementor-container elementor-column-gap-default\">\n\t\t\t\t\t<div class=\"elementor-column elementor-col-100 elementor-top-column elementor-element elementor-element-833fcac\" data-id=\"833fcac\" data-element_type=\"column\">\n\t\t\t<div class=\"elementor-widget-wrap elementor-element-populated\">\n\t\t\t\t\t\t<div class=\"elementor-element elementor-element-533aed4 elementor-widget elementor-widget-heading\" data-id=\"533aed4\" data-element_type=\"widget\" data-widget_type=\"heading.default\">\n\t\t\t\t<div class=\"elementor-widget-container\">\n\t\t\t\t\t<h2 class=\"elementor-heading-title elementor-size-default\">Fiscaliza\u00e7\u00e3o de Jogos, Divers\u00f5es P\u00fablicas e Produtos Controlados<\/h2>\t\t\t\t<\/div>\n\t\t\t\t<\/div>\n\t\t\t\t<div class=\"elementor-element elementor-element-4729ba8 elementor-widget elementor-widget-text-editor\" data-id=\"4729ba8\" data-element_type=\"widget\" data-widget_type=\"text-editor.default\">\n\t\t\t\t<div class=\"elementor-widget-container\">\n\t\t\t\t\t\t\t\t\t<div>Os atos internos relativos \u00e0 estrutura organizacional da fiscaliza\u00e7\u00e3o de jogos, divers\u00f5es p\u00fablicas e produtos controlados no \u00e2mbito da Pol\u00edcia Civil de Santa Catarina s\u00e3o regulamentados pela <strong>Resolu\u00e7\u00e3o n\u00b0 27\/GAB\/DGPC\/PCSC\/2022<\/strong>, da Delegacia-Geral da Pol\u00edcia Civil, a qual disp\u00f5e sobre as atribui\u00e7\u00f5es da Ger\u00eancia de Fiscaliza\u00e7\u00e3o de Jogos, Divers\u00f5es P\u00fablicas e Produtos Controlados (GEFID), na Capital, e dos Setores de Fiscaliza\u00e7\u00e3o das Delegacias Regionais de Pol\u00edcia (DRPs), das Delegacias de Pol\u00edcia de Comarca (DPCOs) e das Delegacias de Pol\u00edcia dos Munic\u00edpios (DPMUs), nas demais cidades do Estado, para autorizar e fiscalizar as atividades sujeitas ao poder de pol\u00edcia administrativa que guardem rela\u00e7\u00e3o com a seguran\u00e7a p\u00fablica, nos termos do art. 106, incisos V e VI, da Constitui\u00e7\u00e3o Estadual.<\/div>\t\t\t\t\t\t\t\t<\/div>\n\t\t\t\t<\/div>\n\t\t\t\t<div class=\"elementor-element elementor-element-68315ca elementor-widget elementor-widget-text-editor\" data-id=\"68315ca\" data-element_type=\"widget\" data-widget_type=\"text-editor.default\">\n\t\t\t\t<div class=\"elementor-widget-container\">\n\t\t\t\t\t\t\t\t\t<div><a href=\"https:\/\/pc.sc.gov.br\/?page_id=35262\" rel=\"noopener\"><strong>CLIQUE AQUI<\/strong><\/a> para informa\u00e7\u00f5es sobre <strong>JOGOS E DIVERS\u00d5ES P\u00daBLICAS<\/strong>.<\/div>\t\t\t\t\t\t\t\t<\/div>\n\t\t\t\t<\/div>\n\t\t\t\t<div class=\"elementor-element elementor-element-78d0127 elementor-widget elementor-widget-text-editor\" data-id=\"78d0127\" data-element_type=\"widget\" data-widget_type=\"text-editor.default\">\n\t\t\t\t<div class=\"elementor-widget-container\">\n\t\t\t\t\t\t\t\t\t<div><a href=\"https:\/\/pc.sc.gov.br\/?page_id=35315\" rel=\"noopener\"><strong>CLIQUE AQUI<\/strong><\/a> para informa\u00e7\u00f5es sobre <strong>PRODUTOS CONTROLADOS<\/strong>.<\/div>\t\t\t\t\t\t\t\t<\/div>\n\t\t\t\t<\/div>\n\t\t\t\t<div class=\"elementor-element elementor-element-4f1b76a elementor-widget elementor-widget-text-editor\" data-id=\"4f1b76a\" data-element_type=\"widget\" data-widget_type=\"text-editor.default\">\n\t\t\t\t<div class=\"elementor-widget-container\">\n\t\t\t\t\t\t\t\t\t<div><a href=\"https:\/\/pc.sc.gov.br\/?page_id=35317\" rel=\"noopener\"><strong>CLIQUE AQUI<\/strong><\/a> para informa\u00e7\u00f5es sobre <strong>SUPERMERCADOS E SIMILARES<\/strong>.<\/div>\t\t\t\t\t\t\t\t<\/div>\n\t\t\t\t<\/div>\n\t\t\t\t<div class=\"elementor-element elementor-element-158360d elementor-widget elementor-widget-text-editor\" data-id=\"158360d\" data-element_type=\"widget\" data-widget_type=\"text-editor.default\">\n\t\t\t\t<div class=\"elementor-widget-container\">\n\t\t\t\t\t\t\t\t\t<div>As <strong>DARES<\/strong> dever\u00e3o ser impressas atrav\u00e9s do site da <a href=\"https:\/\/www.sef.sc.gov.br\/\" target=\"_blank\" rel=\"noopener\"><strong>Secretaria da Fazenda do Estado de Santa Catarina<\/strong><\/a>, com o preenchimento dos valores constantes na tabela de taxas vigente (<a href=\"https:\/\/legislacao.sef.sc.gov.br\/html\/decretos\/2023\/dec_23_0420.htm\" target=\"_blank\" rel=\"noopener\"><strong>DECRETO N\u00ba 420, DE 22 DE DEZEMBRO DE 2023<\/strong><\/a>).<\/div>\t\t\t\t\t\t\t\t<\/div>\n\t\t\t\t<\/div>\n\t\t\t\t<div class=\"elementor-element elementor-element-4fae021 elementor-widget elementor-widget-text-editor\" data-id=\"4fae021\" data-element_type=\"widget\" data-widget_type=\"text-editor.default\">\n\t\t\t\t<div class=\"elementor-widget-container\">\n\t\t\t\t\t\t\t\t\t<div><a href=\"https:\/\/pc.sc.gov.br\/\/wp-content\/uploads\/2026\/01\/Taxas-GEFID-Dec-420_2023.docx-1-1.pdf\" target=\"_blank\" rel=\"noopener\"><strong>CLIQUE AQUI<\/strong><\/a> para visualizar a <strong>tabela de taxas vigente<\/strong>.<\/div>\t\t\t\t\t\t\t\t<\/div>\n\t\t\t\t<\/div>\n\t\t\t\t<div class=\"elementor-element elementor-element-34f961b elementor-widget elementor-widget-text-editor\" data-id=\"34f961b\" data-element_type=\"widget\" data-widget_type=\"text-editor.default\">\n\t\t\t\t<div class=\"elementor-widget-container\">\n\t\t\t\t\t\t\t\t\t<div><a href=\"https:\/\/pc.sc.gov.br\/?page_id=83\" target=\"_blank\" rel=\"noopener\"><strong>CLIQUE AQUI<\/strong><\/a> para consultar o endere\u00e7o e contatos da unidade policial civil incumbida da presta\u00e7\u00e3o do servi\u00e7o em seu munic\u00edpio.<\/div>\t\t\t\t\t\t\t\t<\/div>\n\t\t\t\t<\/div>\n\t\t\t\t<div class=\"elementor-element elementor-element-a27cc18 elementor-widget elementor-widget-text-editor\" data-id=\"a27cc18\" data-element_type=\"widget\" data-widget_type=\"text-editor.default\">\n\t\t\t\t<div class=\"elementor-widget-container\">\n\t\t\t\t\t\t\t\t\tPROGRAMAS ESPECIAIS PARA O CIDAD\u00c3O\t\t\t\t\t\t\t\t<\/div>\n\t\t\t\t<\/div>\n\t\t\t\t<section class=\"elementor-section elementor-inner-section elementor-element elementor-element-2cebd5d elementor-section-boxed elementor-section-height-default elementor-section-height-default\" data-id=\"2cebd5d\" data-element_type=\"section\">\n\t\t\t\t\t\t<div class=\"elementor-container elementor-column-gap-default\">\n\t\t\t\t\t<div class=\"elementor-column elementor-col-50 elementor-inner-column elementor-element elementor-element-3becd54\" data-id=\"3becd54\" data-element_type=\"column\">\n\t\t\t<div class=\"elementor-widget-wrap elementor-element-populated\">\n\t\t\t\t\t\t<div class=\"elementor-element elementor-element-48d3331 elementor-widget elementor-widget-image\" data-id=\"48d3331\" data-element_type=\"widget\" data-widget_type=\"image.default\">\n\t\t\t\t<div class=\"elementor-widget-container\">\n\t\t\t\t\t\t\t\t\t\t\t\t\t\t\t\t<a href=\"https:\/\/pc.sc.gov.br\/?page_id=18772\">\n\t\t\t\t\t\t\t<img fetchpriority=\"high\" decoding=\"async\" width=\"500\" height=\"179\" src=\"https:\/\/pc.sc.gov.br\/\/wp-content\/uploads\/2024\/04\/AMulherTemVoz.png\" class=\"attachment-large size-large wp-image-18830\" alt=\"\" srcset=\"https:\/\/pc.sc.gov.br\/\/wp-content\/uploads\/2024\/04\/AMulherTemVoz.png 500w, https:\/\/pc.sc.gov.br\/\/wp-content\/uploads\/2024\/04\/AMulherTemVoz-300x107.png 300w\" sizes=\"(max-width: 500px) 100vw, 500px\" \/>\t\t\t\t\t\t\t\t<\/a>\n\t\t\t\t\t\t\t\t\t\t\t\t\t\t\t<\/div>\n\t\t\t\t<\/div>\n\t\t\t\t\t<\/div>\n\t\t<\/div>\n\t\t\t\t<div class=\"elementor-column elementor-col-50 elementor-inner-column elementor-element elementor-element-6971c56\" data-id=\"6971c56\" data-element_type=\"column\">\n\t\t\t<div class=\"elementor-widget-wrap elementor-element-populated\">\n\t\t\t\t\t\t<div class=\"elementor-element elementor-element-e0ba5ee elementor-widget elementor-widget-image\" data-id=\"e0ba5ee\" data-element_type=\"widget\" data-widget_type=\"image.default\">\n\t\t\t\t<div class=\"elementor-widget-container\">\n\t\t\t\t\t\t\t\t\t\t\t\t\t\t\t\t<a href=\"https:\/\/pc.sc.gov.br\/?page_id=35820\">\n\t\t\t\t\t\t\t<img decoding=\"async\" width=\"500\" height=\"179\" src=\"https:\/\/pc.sc.gov.br\/\/wp-content\/uploads\/2026\/01\/balada_segura.png\" class=\"attachment-large size-large wp-image-35839\" alt=\"\" srcset=\"https:\/\/pc.sc.gov.br\/\/wp-content\/uploads\/2026\/01\/balada_segura.png 500w, https:\/\/pc.sc.gov.br\/\/wp-content\/uploads\/2026\/01\/balada_segura-300x107.png 300w\" sizes=\"(max-width: 500px) 100vw, 500px\" \/>\t\t\t\t\t\t\t\t<\/a>\n\t\t\t\t\t\t\t\t\t\t\t\t\t\t\t<\/div>\n\t\t\t\t<\/div>\n\t\t\t\t\t<\/div>\n\t\t<\/div>\n\t\t\t\t\t<\/div>\n\t\t<\/section>\n\t\t\t\t<div class=\"elementor-element elementor-element-d1e2ac1 elementor-widget elementor-widget-text-editor\" data-id=\"d1e2ac1\" data-element_type=\"widget\" data-widget_type=\"text-editor.default\">\n\t\t\t\t<div class=\"elementor-widget-container\">\n\t\t\t\t\t\t\t\t\t<div>LEGISLA\u00c7\u00c3O<\/div>\t\t\t\t\t\t\t\t<\/div>\n\t\t\t\t<\/div>\n\t\t\t\t<div class=\"elementor-element elementor-element-ca4b6d6 elementor-widget elementor-widget-accordion\" data-id=\"ca4b6d6\" data-element_type=\"widget\" data-widget_type=\"accordion.default\">\n\t\t\t\t<div class=\"elementor-widget-container\">\n\t\t\t\t\t\t\t<div class=\"elementor-accordion\">\n\t\t\t\t\t\t\t<div class=\"elementor-accordion-item\">\n\t\t\t\t\t<div id=\"elementor-tab-title-2121\" class=\"elementor-tab-title\" data-tab=\"1\" role=\"button\" aria-controls=\"elementor-tab-content-2121\" aria-expanded=\"false\">\n\t\t\t\t\t\t\t\t\t\t\t\t\t<span class=\"elementor-accordion-icon elementor-accordion-icon-left\" aria-hidden=\"true\">\n\t\t\t\t\t\t\t\t\t\t\t\t\t\t\t<span class=\"elementor-accordion-icon-closed\"><i class=\"fas fa-angle-down\"><\/i><\/span>\n\t\t\t\t\t\t\t\t<span class=\"elementor-accordion-icon-opened\"><i class=\"fas fa-angle-up\"><\/i><\/span>\n\t\t\t\t\t\t\t\t\t\t\t\t\t\t<\/span>\n\t\t\t\t\t\t\t\t\t\t\t\t<a class=\"elementor-accordion-title\" tabindex=\"0\">LEGISLA\u00c7\u00c3O GERAL<\/a>\n\t\t\t\t\t<\/div>\n\t\t\t\t\t<div id=\"elementor-tab-content-2121\" class=\"elementor-tab-content elementor-clearfix\" data-tab=\"1\" role=\"region\" aria-labelledby=\"elementor-tab-title-2121\"><div style=\"margin-top: 1rem;\"><a style=\"color: #e4c46e;\" href=\"https:\/\/leis.alesc.sc.gov.br\/ato-normativo\/52785\" target=\"_blank\" rel=\"noopener\"><strong>Constitui\u00e7\u00e3o do Estado de Santa Catarina<\/strong><\/a><\/div>\n<div style=\"margin-top: 2rem;\"><a style=\"color: #e4c46e;\" href=\"https:\/\/www.planalto.gov.br\/ccivil_03\/_ato2019-2022\/2019\/lei\/L13874.htm\" target=\"_blank\" rel=\"noopener\"><strong>Lei Federal n\u00ba 13.874 de 20 de setembro de 2019<\/strong><\/a><\/div>\n<div style=\"margin-top: 1rem;\">Institui a Declara\u00e7\u00e3o de Direitos de Liberdade Econ\u00f4mica e estabelece garantias de livre mercado.<\/div>\n<div style=\"margin-top: 2rem;\"><a style=\"color: #e4c46e;\" href=\"https:\/\/sistemas.pc.sc.gov.br\/publicacoes\/gefid\/Anexo_21_Resolu%C3%A7%C3%A3o_CGSIM_22_2010.pdf\" target=\"_blank\" rel=\"noopener\"><strong>Resolu\u00e7\u00e3o CGSIM n\u00ba 22, de 22 de junho de 2010<\/strong><\/a><\/div>\n<div style=\"margin-top: 1rem;\">Disp\u00f5e sobre regras a serem seguidas quanto \u00e0 regulamenta\u00e7\u00e3o da classifica\u00e7\u00e3o de risco das atividades econ\u00f4micas.<\/div>\n<div style=\"margin-top: 2rem;\"><a style=\"color: #e4c46e;\" href=\"https:\/\/www.in.gov.br\/en\/web\/dou\/-\/resolucao-n-51-de-11-de-junho-de-2019-163114755\" target=\"_blank\" rel=\"noopener\"><strong>Resolu\u00e7\u00e3o CGSIM n\u00ba 51, de 11 de junho de 2019<\/strong><\/a><\/div>\n<div style=\"margin-top: 1rem;\">Versa sobre a defini\u00e7\u00e3o de baixo risco para os fins da Lei n\u00ba 13.874, de 20 de setembro de 2019.<\/div>\n<div style=\"margin-top: 2rem;\"><a style=\"color: #e4c46e;\" href=\"https:\/\/leis.alesc.sc.gov.br\/ato-normativo\/20892\" target=\"_blank\" rel=\"noopener\"><strong>Lei Estadual n\u00ba 18.091, de 29 de janeiro de 2021<\/strong><\/a><\/div>\n<div style=\"margin-top: 1rem;\">Regulamenta, em \u00e2mbito estadual, o art. 3\u00ba, \u00a7 1\u00ba, III, da Lei federal n\u00ba 13.874, de 2019, para classificar atividades de baixo risco, e adota outras provid\u00eancias.<\/div>\n<div style=\"margin-top: 2rem;\"><a style=\"color: #e4c46e;\" href=\"https:\/\/leis.alesc.sc.gov.br\/ato-normativo\/8797\" target=\"_blank\" rel=\"noopener\"><strong>Lei 7.541, de 30 de dezembro de 1988<\/strong><\/a><\/div>\n<div style=\"margin-top: 1rem;\">Ficam isentos do pagamento da taxa de servi\u00e7os gerais para obten\u00e7\u00e3o das autoriza\u00e7\u00f5es na Administra\u00e7\u00e3o P\u00fablica do Estado de Santa Catarina, conforme o art. 6\u00ba da Lei 7.541, de 30 de dezembro de 1988, dentre outros:<\/div>\n<div style=\"margin-top: 1rem; margin-left: 2rem;\">&#8211; as licen\u00e7as para festividades de car\u00e1ter beneficente, promovidas por pessoas, institui\u00e7\u00f5es, clubes de servi\u00e7os ou entidades sem fins lucrativos, mediante comprova\u00e7\u00e3o junto ao \u00f3rg\u00e3o da Secretaria da Seguran\u00e7a P\u00fablica;<\/div>\n<div style=\"margin-top: 1rem; margin-left: 2rem;\">&#8211; os atos relativos ao Microempreendedor Individual (MEI).<\/div>\n<div style=\"margin-top: 1rem;\">Para saber como realizar como emitir o Documento de Arrecada\u00e7\u00e3o de Receitas Estaduais \u2013 DARE, <a style=\"color: #e4c46e;\" href=\"https:\/\/sistemas.pc.sc.gov.br\/publicacoes\/gefid\/Anexo_22_Explica%C3%A7%C3%A3o_emissao_taxas.pdf\" target=\"_blank\" rel=\"noopener\"><strong>clique aqui e fa\u00e7a o download do material<\/strong><\/a>.<\/div>\n<div style=\"margin-top: 2rem;\"><a style=\"color: #e4c46e;\" href=\"https:\/\/sistemas.pc.sc.gov.br\/publicacoes\/gefid\/Anexo_12_RESOLUCAO%20N%C2%BA%2027%20-%20organiza%C3%A7%C3%A3o%20fiscalizat%C3%B3ria.pdf\" target=\"_blank\" rel=\"noopener\"><strong>Resolu\u00e7\u00e3o n\u00ba 27\/GAB\/DGPC\/PCSC\/2022<\/strong><\/a><\/div>\n<div style=\"margin-top: 1rem; margin-bottom: 2rem;\">Regulamenta e consolida os atos internos relativos \u00e0 estrutura organizacional da fiscaliza\u00e7\u00e3o de jogos, divers\u00f5es p\u00fablicas e produtos controlados no \u00e2mbito da Pol\u00edcia Civil de Santa Catarina.<\/div><\/div>\n\t\t\t\t<\/div>\n\t\t\t\t\t\t\t<div class=\"elementor-accordion-item\">\n\t\t\t\t\t<div id=\"elementor-tab-title-2122\" class=\"elementor-tab-title\" data-tab=\"2\" role=\"button\" aria-controls=\"elementor-tab-content-2122\" aria-expanded=\"false\">\n\t\t\t\t\t\t\t\t\t\t\t\t\t<span class=\"elementor-accordion-icon elementor-accordion-icon-left\" aria-hidden=\"true\">\n\t\t\t\t\t\t\t\t\t\t\t\t\t\t\t<span class=\"elementor-accordion-icon-closed\"><i class=\"fas fa-angle-down\"><\/i><\/span>\n\t\t\t\t\t\t\t\t<span class=\"elementor-accordion-icon-opened\"><i class=\"fas fa-angle-up\"><\/i><\/span>\n\t\t\t\t\t\t\t\t\t\t\t\t\t\t<\/span>\n\t\t\t\t\t\t\t\t\t\t\t\t<a class=\"elementor-accordion-title\" tabindex=\"0\">LEGISLA\u00c7\u00c3O SOBRE ATIVIDADES DE JOGOS E DIVERS\u00d5ES P\u00daBLICAS<\/a>\n\t\t\t\t\t<\/div>\n\t\t\t\t\t<div id=\"elementor-tab-content-2122\" class=\"elementor-tab-content elementor-clearfix\" data-tab=\"2\" role=\"region\" aria-labelledby=\"elementor-tab-title-2122\"><div style=\"margin-top: 1rem;\"><a style=\"color: #e4c46e;\" href=\"https:\/\/sistemas.pc.sc.gov.br\/publicacoes\/gefid\/Anexo_13_Decreto%20Lei%20894_1972.pdf\" target=\"_blank\" rel=\"noopener\"><strong>Decreto Lei N\u00ba 894\/1972<\/strong><\/a><\/div>\n<div style=\"margin-top: 1rem;\">Disciplina a concess\u00e3o de Alvar\u00e1s, de Licen\u00e7as, a expedi\u00e7\u00e3o de Registro, Auto de Vistoria Policial e outros documentos, na Secretaria de Seguran\u00e7a e Informa\u00e7\u00f5es, atrav\u00e9s da Diretoria de Pol\u00edcia Judici\u00e1ria da Superintend\u00eancia da Pol\u00edcia Civil, e d\u00e1 outras provid\u00eancias.<\/div>\n<div style=\"margin-top: 2rem;\"><a style=\"color: #e4c46e;\" href=\"https:\/\/sistemas.pc.sc.gov.br\/publicacoes\/gefid\/Anexo_14_RESOLUCAO%20N%C2%BA%2021%20-%20balada%20segura.pdf\"  target=\"_blank\" rel=\"noopener\"><strong>Resolu\u00e7\u00e3o N\u00ba 21\/GAB\/DGPC\/PCSC\/2022<\/strong><\/a><\/div>\n<div style=\"margin-top: 1rem;\">Disp\u00f5e sobre a cria\u00e7\u00e3o e regulamenta\u00e7\u00e3o do certificado selo balada segura como reconhecimento p\u00fablico da Pol\u00edcia Civil catarinense \u00e0s pessoas jur\u00eddicas que exploram atividade comercial de discotecas, boates, sal\u00f5es de bailes e similares.<\/div>\n<div style=\"margin-top: 2rem;\"><a style=\"color: #e4c46e;\" href=\"https:\/\/sistemas.pc.sc.gov.br\/publicacoes\/gefid\/Anexo_15_RESOLUCAO%20N%C2%BA%2028%20-%20jogos%20e%20divers%C3%B5es.pdf\" target=\"_blank\" rel=\"noopener\"><strong>Resolu\u00e7\u00e3o n\u00ba 28\/GAB\/DGPC\/PCSC\/2022<\/strong><\/a><\/div>\n<div style=\"margin-top: 1rem;\">Regulamenta e consolida os atos internos relativos \u00e0 fiscaliza\u00e7\u00e3o de jogos e divers\u00f5es p\u00fablicas no \u00e2mbito da Pol\u00edcia Civil de Santa Catarina.<\/div>\n<div style=\"margin-top: 2rem;\"><a style=\"color: #e4c46e;\" href=\"https:\/\/pc.sc.gov.br\/wp-content\/uploads\/2024\/04\/RESOLUCAO-No-04-A-mulher-tem-voz-1.pdf\" target=\"_blank\" rel=\"noopener\"><strong>Resolu\u00e7\u00e3o n\u00ba 04\/GAB\/DGPC\/PCSC\/2024<\/strong><\/a><\/div>\n<div style=\"margin-top: 1rem; margin-bottom: 2rem;\">Disp\u00f5e sobre a cria\u00e7\u00e3o e regulamenta\u00e7\u00e3o do programa de preven\u00e7\u00e3o\ndenominado \u201dA MULHER TEM VOZ\u201d, no \u00e2mbito da Pol\u00edcia Civil de Santa\nCatarina (PCSC), o qual tem como objetivo promover a prote\u00e7\u00e3o das\nmulheres e o enfrentamento \u00e0 viol\u00eancia contra elas praticados em\nambientes de entretenimento.<\/div><\/div>\n\t\t\t\t<\/div>\n\t\t\t\t\t\t\t<div class=\"elementor-accordion-item\">\n\t\t\t\t\t<div id=\"elementor-tab-title-2123\" class=\"elementor-tab-title\" data-tab=\"3\" role=\"button\" aria-controls=\"elementor-tab-content-2123\" aria-expanded=\"false\">\n\t\t\t\t\t\t\t\t\t\t\t\t\t<span class=\"elementor-accordion-icon elementor-accordion-icon-left\" aria-hidden=\"true\">\n\t\t\t\t\t\t\t\t\t\t\t\t\t\t\t<span class=\"elementor-accordion-icon-closed\"><i class=\"fas fa-angle-down\"><\/i><\/span>\n\t\t\t\t\t\t\t\t<span class=\"elementor-accordion-icon-opened\"><i class=\"fas fa-angle-up\"><\/i><\/span>\n\t\t\t\t\t\t\t\t\t\t\t\t\t\t<\/span>\n\t\t\t\t\t\t\t\t\t\t\t\t<a class=\"elementor-accordion-title\" tabindex=\"0\">LEGISLA\u00c7\u00c3O SOBRE ATIVIDADES E PRODUTOS CONTROLADOS<\/a>\n\t\t\t\t\t<\/div>\n\t\t\t\t\t<div id=\"elementor-tab-content-2123\" class=\"elementor-tab-content elementor-clearfix\" data-tab=\"3\" role=\"region\" aria-labelledby=\"elementor-tab-title-2123\"><div style=\"margin-top: 1rem;\"><a style=\"color: #e4c46e;\" href=\"https:\/\/www.planalto.gov.br\/ccivil_03\/decreto\/antigos\/d89056.htm\" target=\"_blank\" rel=\"noopener\"><strong>Decreto Lei n\u00ba 89.056\/1983<\/strong><\/a><\/div><div style=\"margin-top: 1rem;\">Regulamenta a Lei n. 7.102, de 20 de junho de 1983, que disp\u00f5e sobre seguran\u00e7a para estabelecimentos financeiros, estabelece normas para constitui\u00e7\u00e3o e funcionamento das empresas particulares que exploram servi\u00e7os de vigil\u00e2ncia e de transporte de valores, e d\u00e1 outras provid\u00eancias.<\/div><div style=\"margin-top: 2rem;\"><a style=\"color: #e4c46e;\" href=\"https:\/\/www.planalto.gov.br\/ccivil_03\/_ato2019-2022\/2019\/decreto\/D10030.htm\" target=\"_blank\" rel=\"noopener\"><strong>Decreto n\u00ba 10.030\/2019<\/strong><\/a><\/div><div style=\"margin-top: 1rem;\">Tem por finalidade estabelecer as normas necess\u00e1rias para a correta fiscaliza\u00e7\u00e3o das atividades exercidas por pessoas f\u00edsicas e jur\u00eddicas, que envolvam produtos controlados pelo Ex\u00e9rcito.<\/div><div style=\"margin-top: 2rem;\"><a style=\"color: #e4c46e;\" href=\"https:\/\/sistemas.pc.sc.gov.br\/publicacoes\/gefid\/Anexo_16_Decreto_3008_92.pdf\" target=\"_blank\" rel=\"noopener\"><strong>Decreto n\u00ba 3.008\/1992<\/strong><\/a><\/div><div style=\"margin-top: 1rem;\">Institui normas para fiscaliza\u00e7\u00e3o de produtos controlados no \u00e2mbito do Estado, e d\u00e1 outras provid\u00eancias.<\/div><div style=\"margin-top: 2rem;\"><a style=\"color: #e4c46e;\" href=\"https:\/\/sistemas.pc.sc.gov.br\/publicacoes\/gefid\/Anexo_17_RESOLUCAO%20N%C2%BA%2017%20-%20blaster.pdf\" target=\"_blank\" rel=\"noopener\"><strong>Resolu\u00e7\u00e3o n\u00ba 17\/GAB\/DGPC\/PCSC\/2022<\/strong><\/a><\/div><div style=\"margin-top: 1rem;\">Regulamenta e consolida as normas internas relativas \u00e0 autoriza\u00e7\u00e3o para o exerc\u00edcio da atividade de profissional de encarregado de fogo BLASTER, por pessoa f\u00edsica no Estado de Santa Catarina.<\/div><div style=\"margin-top: 2rem;\"><a style=\"color: #e4c46e;\" href=\"https:\/\/pc.sc.gov.br\/wp-content\/uploads\/2025\/01\/RESOLUCAO-No-25-2025-certidao-de-regularidade.pdf\" target=\"_blank\" rel=\"noopener\"><strong>Resolu\u00e7\u00e3o n\u00ba 25\/GAB\/DGPC\/PCSC\/2024<\/strong><\/a><\/div><div style=\"margin-top: 1rem;\">Regulamenta a expedi\u00e7\u00e3o de certid\u00e3o de cumprimento de regularidade para empresa prestadora de servi\u00e7o de seguran\u00e7a privada ou empresa ou condom\u00ednio edil\u00edcio possuidor de servi\u00e7o org\u00e2nico de seguran\u00e7a privada, com ou sem utiliza\u00e7\u00e3o de arma de fogo, no \u00e2mbito da Pol\u00edcia Civil do Estado de Santa Catarina (PCSC) e estabelece outras provid\u00eancias.<\/div><div style=\"margin-top: 2rem;\"><a style=\"color: #e4c46e;\" href=\"https:\/\/sistemas.pc.sc.gov.br\/publicacoes\/gefid\/Anexo_19_RESOLUCAO%20N%C2%BA%2022%20-%20colete%20bal%C3%ADstico.pdf\" target=\"_blank\" rel=\"noopener\"><strong>Resolu\u00e7\u00e3o n\u00ba 22\/GAB\/DGPC\/PCSC\/2022<\/strong><\/a><\/div><div style=\"margin-top: 1rem;\">Regulamenta e consolida as normas internas relativas \u00e0 autoriza\u00e7\u00e3o para a aquisi\u00e7\u00e3o de coletes bal\u00edsticos por pessoa f\u00edsica no Estado de Santa Catarina.<\/div><div style=\"margin-top: 2rem;\"><a style=\"color: #e4c46e;\" href=\"https:\/\/sistemas.pc.sc.gov.br\/publicacoes\/gefid\/Anexo_20_RESOLUCAO%20N%C2%BA%2025%20-%20produtos%20controlados.pdf\" target=\"_blank\" rel=\"noopener\"><strong>Resolu\u00e7\u00e3o n\u00ba 25\/GAB\/DGPC\/PCSC\/2022<\/strong><\/a><\/div><div style=\"margin-top: 1rem; margin-bottom: 2rem;\">Regulamenta e consolida as normas internas relativas \u00e0 fiscaliza\u00e7\u00e3o de produtos controlados pela Pol\u00edcia Civil no \u00e2mbito do Estado de Santa Catarina.<\/div><\/div>\n\t\t\t\t<\/div>\n\t\t\t\t\t\t\t\t<\/div>\n\t\t\t\t\t\t<\/div>\n\t\t\t\t<\/div>\n\t\t\t\t\t<\/div>\n\t\t<\/div>\n\t\t\t\t\t<\/div>\n\t\t<\/section>\n\t\t\t\t<\/div>\n\t\t","protected":false},"excerpt":{"rendered":"<p>Fiscaliza\u00e7\u00e3o de Jogos, Divers\u00f5es P\u00fablicas e Produtos Controlados Os atos internos relativos \u00e0 estrutura organizacional da fiscaliza\u00e7\u00e3o de jogos, divers\u00f5es p\u00fablicas e produtos controlados no \u00e2mbito da Pol\u00edcia Civil de Santa Catarina s\u00e3o regulamentados pela Resolu\u00e7\u00e3o n\u00b0 27\/GAB\/DGPC\/PCSC\/2022, da Delegacia-Geral da Pol\u00edcia Civil, a qual disp\u00f5e sobre as atribui\u00e7\u00f5es da Ger\u00eancia de Fiscaliza\u00e7\u00e3o de Jogos, [&hellip;]<\/p>\n","protected":false},"author":10,"featured_media":0,"parent":0,"menu_order":0,"comment_status":"closed","ping_status":"closed","template":"","meta":{"_monsterinsights_skip_tracking":false,"_monsterinsights_sitenote_active":false,"_monsterinsights_sitenote_note":"","_monsterinsights_sitenote_category":0,"footnotes":""},"class_list":["post-35230","page","type-page","status-publish","hentry"],"_links":{"self":[{"href":"https:\/\/pc.sc.gov.br\/index.php?rest_route=\/wp\/v2\/pages\/35230","targetHints":{"allow":["GET"]}}],"collection":[{"href":"https:\/\/pc.sc.gov.br\/index.php?rest_route=\/wp\/v2\/pages"}],"about":[{"href":"https:\/\/pc.sc.gov.br\/index.php?rest_route=\/wp\/v2\/types\/page"}],"author":[{"embeddable":true,"href":"https:\/\/pc.sc.gov.br\/index.php?rest_route=\/wp\/v2\/users\/10"}],"replies":[{"embeddable":true,"href":"https:\/\/pc.sc.gov.br\/index.php?rest_route=%2Fwp%2Fv2%2Fcomments&post=35230"}],"version-history":[{"count":125,"href":"https:\/\/pc.sc.gov.br\/index.php?rest_route=\/wp\/v2\/pages\/35230\/revisions"}],"predecessor-version":[{"id":37964,"href":"https:\/\/pc.sc.gov.br\/index.php?rest_route=\/wp\/v2\/pages\/35230\/revisions\/37964"}],"wp:attachment":[{"href":"https:\/\/pc.sc.gov.br\/index.php?rest_route=%2Fwp%2Fv2%2Fmedia&parent=35230"}],"curies":[{"name":"wp","href":"https:\/\/api.w.org\/{rel}","templated":true}]}}