{"id":35262,"date":"2025-12-16T15:54:39","date_gmt":"2025-12-16T18:54:39","guid":{"rendered":"https:\/\/pc.sc.gov.br\/?page_id=35262"},"modified":"2026-02-03T17:31:54","modified_gmt":"2026-02-03T20:31:54","slug":"elementor-35262","status":"publish","type":"page","link":"https:\/\/pc.sc.gov.br\/?page_id=35262","title":{"rendered":"Jogos e Divers\u00f5es P\u00fablicas"},"content":{"rendered":"\t\t<div data-elementor-type=\"wp-page\" data-elementor-id=\"35262\" class=\"elementor elementor-35262\" data-elementor-post-type=\"page\">\n\t\t\t\t\t\t<section class=\"elementor-section elementor-top-section elementor-element elementor-element-fb36d49 elementor-section-boxed elementor-section-height-default elementor-section-height-default\" data-id=\"fb36d49\" data-element_type=\"section\">\n\t\t\t\t\t\t<div class=\"elementor-container elementor-column-gap-default\">\n\t\t\t\t\t<div class=\"elementor-column elementor-col-100 elementor-top-column elementor-element elementor-element-3506c76\" data-id=\"3506c76\" data-element_type=\"column\">\n\t\t\t<div class=\"elementor-widget-wrap elementor-element-populated\">\n\t\t\t\t\t\t<div class=\"elementor-element elementor-element-50f4565 elementor-widget elementor-widget-heading\" data-id=\"50f4565\" data-element_type=\"widget\" data-widget_type=\"heading.default\">\n\t\t\t\t<div class=\"elementor-widget-container\">\n\t\t\t\t\t<h2 class=\"elementor-heading-title elementor-size-default\">Jogos e Divers\u00f5es P\u00fablicas<\/h2>\t\t\t\t<\/div>\n\t\t\t\t<\/div>\n\t\t\t\t\t<\/div>\n\t\t<\/div>\n\t\t\t\t\t<\/div>\n\t\t<\/section>\n\t\t\t\t<section class=\"elementor-section elementor-top-section elementor-element elementor-element-ea76628 elementor-section-boxed elementor-section-height-default elementor-section-height-default\" data-id=\"ea76628\" data-element_type=\"section\">\n\t\t\t\t\t\t<div class=\"elementor-container elementor-column-gap-default\">\n\t\t\t\t\t<div class=\"elementor-column elementor-col-100 elementor-top-column elementor-element elementor-element-8a19746\" data-id=\"8a19746\" data-element_type=\"column\">\n\t\t\t<div class=\"elementor-widget-wrap elementor-element-populated\">\n\t\t\t\t\t\t<div class=\"elementor-element elementor-element-421eb54 elementor-widget elementor-widget-text-editor\" data-id=\"421eb54\" data-element_type=\"widget\" data-widget_type=\"text-editor.default\">\n\t\t\t\t<div class=\"elementor-widget-container\">\n\t\t\t\t\t\t\t\t\t<div>Compete \u00e0 Pol\u00edcia Civil de Santa Catarina exercer a fiscaliza\u00e7\u00e3o de atividades consideradas jogos e divers\u00f5es p\u00fablicas, conforme disposi\u00e7\u00f5es contidas nos artigos 105, inciso I e 106, incisos VI, da Constitui\u00e7\u00e3o Estadual e a legisla\u00e7\u00e3o vigente.<\/div>\t\t\t\t\t\t\t\t<\/div>\n\t\t\t\t<\/div>\n\t\t\t\t<div class=\"elementor-element elementor-element-25c7bc6 elementor-widget elementor-widget-text-editor\" data-id=\"25c7bc6\" data-element_type=\"widget\" data-widget_type=\"text-editor.default\">\n\t\t\t\t<div class=\"elementor-widget-container\">\n\t\t\t\t\t\t\t\t\t<div>As autoriza\u00e7\u00f5es administrativas, nas modalidades de Alvar\u00e1 Anual, Licen\u00e7a Mensal e Licen\u00e7a Di\u00e1ria s\u00e3o expedidas pelos Delegados de Pol\u00edcia com atribui\u00e7\u00e3o nas circunscri\u00e7\u00f5es municipais em que o estabelecimento estiver exercendo de fato as suas atividades, mediante o cumprimento das exig\u00eancias legais previstas na Resolu\u00e7\u00e3o n\u00ba 28\/GAB\/DGPC\/PCSC\/2022, as quais visam estabelecer crit\u00e9rios m\u00ednimos de seguran\u00e7a e ordem p\u00fablica.<\/div>\t\t\t\t\t\t\t\t<\/div>\n\t\t\t\t<\/div>\n\t\t\t\t<div class=\"elementor-element elementor-element-df55243 elementor-widget elementor-widget-text-editor\" data-id=\"df55243\" data-element_type=\"widget\" data-widget_type=\"text-editor.default\">\n\t\t\t\t<div class=\"elementor-widget-container\">\n\t\t\t\t\t\t\t\t\t<div>Os interessados na obten\u00e7\u00e3o de qualquer autoriza\u00e7\u00e3o administrativa dever\u00e3o encaminhar a documenta\u00e7\u00e3o e comprova\u00e7\u00e3o de pagamento das taxas para solicita\u00e7\u00e3o de alvar\u00e1 ou licen\u00e7a da Pol\u00edcia Civil ao e-mail do setor de Fiscaliza\u00e7\u00e3o de Jogos, Divers\u00f5es P\u00fablicas e Produtos Controlados de seu munic\u00edpio.<\/div>\t\t\t\t\t\t\t\t<\/div>\n\t\t\t\t<\/div>\n\t\t\t\t<div class=\"elementor-element elementor-element-8db41f4 elementor-widget elementor-widget-text-editor\" data-id=\"8db41f4\" data-element_type=\"widget\" data-widget_type=\"text-editor.default\">\n\t\t\t\t<div class=\"elementor-widget-container\">\n\t\t\t\t\t\t\t\t\t<div><strong>AUTORIZA\u00c7\u00d5ES EM ESP\u00c9CIE<\/strong><\/div>\t\t\t\t\t\t\t\t<\/div>\n\t\t\t\t<\/div>\n\t\t\t\t<div class=\"elementor-element elementor-element-5a168b5 elementor-tabs-view-horizontal elementor-widget elementor-widget-tabs\" data-id=\"5a168b5\" data-element_type=\"widget\" data-widget_type=\"tabs.default\">\n\t\t\t\t<div class=\"elementor-widget-container\">\n\t\t\t\t\t\t\t<div class=\"elementor-tabs\">\n\t\t\t<div class=\"elementor-tabs-wrapper\" role=\"tablist\" >\n\t\t\t\t\t\t\t\t\t<div id=\"elementor-tab-title-9441\" class=\"elementor-tab-title elementor-tab-desktop-title\" aria-selected=\"true\" data-tab=\"1\" role=\"tab\" tabindex=\"0\" aria-controls=\"elementor-tab-content-9441\" aria-expanded=\"false\">Alvar\u00e1 Anual<\/div>\n\t\t\t\t\t\t\t\t\t<div id=\"elementor-tab-title-9442\" class=\"elementor-tab-title elementor-tab-desktop-title\" aria-selected=\"false\" data-tab=\"2\" role=\"tab\" tabindex=\"-1\" aria-controls=\"elementor-tab-content-9442\" aria-expanded=\"false\">Licen\u00e7a Mensal<\/div>\n\t\t\t\t\t\t\t\t\t<div id=\"elementor-tab-title-9443\" class=\"elementor-tab-title elementor-tab-desktop-title\" aria-selected=\"false\" data-tab=\"3\" role=\"tab\" tabindex=\"-1\" aria-controls=\"elementor-tab-content-9443\" aria-expanded=\"false\">Licen\u00e7a Di\u00e1ria<\/div>\n\t\t\t\t\t\t\t<\/div>\n\t\t\t<div class=\"elementor-tabs-content-wrapper\" role=\"tablist\" aria-orientation=\"vertical\">\n\t\t\t\t\t\t\t\t\t<div class=\"elementor-tab-title elementor-tab-mobile-title\" aria-selected=\"true\" data-tab=\"1\" role=\"tab\" tabindex=\"0\" aria-controls=\"elementor-tab-content-9441\" aria-expanded=\"false\">Alvar\u00e1 Anual<\/div>\n\t\t\t\t\t<div id=\"elementor-tab-content-9441\" class=\"elementor-tab-content elementor-clearfix\" data-tab=\"1\" role=\"tabpanel\" aria-labelledby=\"elementor-tab-title-9441\" tabindex=\"0\" hidden=\"false\"><div style=\"margin-top: 1rem;\">\n\nO alvar\u00e1 anual \u00e9 necess\u00e1rio para a pessoa jur\u00eddica que explora as seguintes atividades econ\u00f4micas:\n<ul style=\"margin: 2rem;\">\n \t<li style=\"margin-bottom: 0.5rem;\">Supermercado, hipermercado e similares que comercializem bebida alco\u00f3lica ou n\u00e3o;<\/li>\n \t<li style=\"margin-bottom: 0.5rem;\">Hot\u00e9is, mot\u00e9is, pousadas, campings e similares;<\/li>\n \t<li style=\"margin-bottom: 0.5rem;\">Sociedades esportivas, recreativas e sociais;<\/li>\n \t<li style=\"margin-bottom: 0.5rem;\">Estabelecimentos que recebam espectadores de competi\u00e7\u00f5es, espet\u00e1culos, eventos teatrais, culturais musicais, liter\u00e1rios e cong\u00eaneres;<\/li>\n \t<li style=\"margin-bottom: 0.5rem;\">Est\u00e1dios de futebol;<\/li>\n \t<li style=\"margin-bottom: 0.5rem;\">Ringues de patina\u00e7\u00e3o e similares, inclusive parque aqu\u00e1tico;<\/li>\n \t<li style=\"margin-bottom: 0.5rem;\">Hip\u00f3dromos, h\u00edpicas e similares;<\/li>\n \t<li>Jogo de simula\u00e7\u00e3o de guerra (paintball) ou similares, inclusive kart\u00f3dromos.<\/li>\n<\/ul>\nPara requerer requer\u00ea-lo, a pessoa interessada dever\u00e1 encaminhar para o Setor de Fiscaliza\u00e7\u00e3o da Pol\u00edcia Civil do munic\u00edpio onde se encontre estabelecida a atividade, at\u00e9 o \u00faltimo dia \u00fatil do m\u00eas de fevereiro do ano civil, os seguintes documentos:\n<ol style=\"margin: 2rem;\">\n \t<li style=\"margin-bottom: 0.5rem;\"><a style=\"color: #e4c46e;\" href=\"https:\/\/sistemas.pc.sc.gov.br\/publicacoes\/gefid\/Anexo_1_JD_RQ_alvara_anual_v.1.pdf\" target=\"_blank\" rel=\"noopener\"><strong>Requerimento preenchido<\/strong><\/a>;<\/li>\n \t<li style=\"margin-bottom: 0.5rem;\">Documento de identifica\u00e7\u00e3o do respons\u00e1vel com n\u00famero do CPF;<\/li>\n \t<li style=\"margin-bottom: 0.5rem;\">Comprovante de inscri\u00e7\u00e3o no Cadastro Nacional de Pessoa Jur\u00eddica \u2013 CNPJ da Receita Federal;<\/li>\n \t<li style=\"margin-bottom: 0.5rem;\">Comprovante de Resid\u00eancia atualizado do respons\u00e1vel;<\/li>\n \t<li style=\"margin-bottom: 0.5rem;\">Estatuto social, contrato social ou requerimento de firma individual, conforme o caso, registrado na Junta Comercial;<\/li>\n \t<li style=\"margin-bottom: 0.5rem;\">Comprovante de pagamento de taxas (DARE\/SC) para o servi\u00e7o principal e para vistoria, emitidos separadamente via Sistema de Administra\u00e7\u00e3o Tribut\u00e1ria \u2013 SAT;<\/li>\n \t<li style=\"margin-bottom: 0.5rem;\">Documento de Arrecada\u00e7\u00e3o de Receitas Estaduais (DARE) das taxas para a atividade principal e vistoria, e seus respectivos comprovantes de pagamentos;<\/li>\n \t<li style=\"margin-bottom: 0.5rem;\">Autoriza\u00e7\u00e3o para localiza\u00e7\u00e3o e funcionamento expedida pela prefeitura municipal ou documento p\u00fablico equivalente;<\/li>\n \t<li style=\"margin-bottom: 0.5rem;\">Autoriza\u00e7\u00e3o expedida pela Vigil\u00e2ncia Sanit\u00e1ria; e<\/li>\n \t<li>Atestado de funcionamento expedido pelo Corpo de Bombeiros ou documento equivalente.<\/li>\n<\/ol>\n<\/div><\/div>\n\t\t\t\t\t\t\t\t\t<div class=\"elementor-tab-title elementor-tab-mobile-title\" aria-selected=\"false\" data-tab=\"2\" role=\"tab\" tabindex=\"-1\" aria-controls=\"elementor-tab-content-9442\" aria-expanded=\"false\">Licen\u00e7a Mensal<\/div>\n\t\t\t\t\t<div id=\"elementor-tab-content-9442\" class=\"elementor-tab-content elementor-clearfix\" data-tab=\"2\" role=\"tabpanel\" aria-labelledby=\"elementor-tab-title-9442\" tabindex=\"0\" hidden=\"hidden\"><div style=\"margin-top: 1rem; margin-bottom: 2rem;\">\n\nA licen\u00e7a mensal \u00e9 necess\u00e1ria para a pessoa jur\u00eddica que explora as seguintes atividades econ\u00f4micas:\n<ul style=\"margin: 2rem;\">\n \t<li style=\"margin-bottom: 0.5rem;\">Boates, danceterias, casa de festas e eventos e similares;<\/li>\n \t<li>Parques de divers\u00f5es.<\/li>\n<\/ul>\nPara requer\u00ea-la, a pessoa interessada dever\u00e1 encaminhar para o Setor de Fiscaliza\u00e7\u00e3o da Pol\u00edcia Civil do munic\u00edpio onde se encontre estabelecida a atividade, at\u00e9 o dia 5 (cinco) de cada m\u00eas, os seguintes documentos:\n<ol style=\"margin: 2rem;\">\n \t<li style=\"margin-bottom: 0.5rem;\"><a style=\"color: #e4c46e;\" href=\"https:\/\/sistemas.pc.sc.gov.br\/publicacoes\/gefid\/Anexo_2_JD_RQ_licenca_mensal_v.1.pdf\" target=\"_blank\" rel=\"noopener\"><strong>Requerimento preenchido<\/strong><\/a>;<\/li>\n \t<li style=\"margin-bottom: 0.5rem;\">Documento de identifica\u00e7\u00e3o do respons\u00e1vel com n\u00famero do CPF;<\/li>\n \t<li style=\"margin-bottom: 0.5rem;\">Comprovante de Resid\u00eancia atualizado do respons\u00e1vel;<\/li>\n \t<li style=\"margin-bottom: 0.5rem;\">Estatuto social, contrato social ou requerimento de firma individual, conforme o caso, registrado na Junta Comercial;<\/li>\n \t<li style=\"margin-bottom: 0.5rem;\">Comprovante atualizado de inscri\u00e7\u00e3o no Cadastro Nacional de Pessoas Jur\u00eddicas (CNPJ) emitido pela Receita Federal do Brasil (RFB);<\/li>\n \t<li style=\"margin-bottom: 0.5rem;\">Comprovante de pagamento de taxas (DARE\/SC) para o servi\u00e7o principal e para vistoria, emitidos separadamente via Sistema de Administra\u00e7\u00e3o Tribut\u00e1ria \u2013 SAT;<\/li>\n \t<li style=\"margin-bottom: 0.5rem;\">Autoriza\u00e7\u00e3o para localiza\u00e7\u00e3o e funcionamento expedida pela prefeitura municipal ou documento p\u00fablico equivalente;<\/li>\n \t<li style=\"margin-bottom: 0.5rem;\">Autoriza\u00e7\u00e3o expedida pela Vigil\u00e2ncia Sanit\u00e1ria;<\/li>\n \t<li style=\"margin-bottom: 0.5rem;\">Atestado de vistoria para funcionamento expedido pelo Corpo de Bombeiros ou documento equivalente;<\/li>\n \t<li style=\"margin-bottom: 0.5rem;\">Certid\u00e3o de press\u00e3o sonora atestando o isolamento ac\u00fastico expedida pelo \u00f3rg\u00e3o ambiental municipal competente ou, na sua aus\u00eancia, documento equivalente;<\/li>\n \t<li>Contrato com empresa de seguran\u00e7a privada devidamente autorizada na forma da legisla\u00e7\u00e3o vigente.<\/li>\n<\/ol>\n<strong>Observa\u00e7\u00e3o:<\/strong> Para fins de fiscaliza\u00e7\u00e3o policial, considera-se como sendo casa de festas e eventos, discoteca, boate, sal\u00e3o de baile e similares, todo estabelecimento comercial voltado para divers\u00e3o p\u00fablica, em geral com a explora\u00e7\u00e3o de fonte sonora, e que possua espa\u00e7o destinado para dan\u00e7a.\n\n<\/div><\/div>\n\t\t\t\t\t\t\t\t\t<div class=\"elementor-tab-title elementor-tab-mobile-title\" aria-selected=\"false\" data-tab=\"3\" role=\"tab\" tabindex=\"-1\" aria-controls=\"elementor-tab-content-9443\" aria-expanded=\"false\">Licen\u00e7a Di\u00e1ria<\/div>\n\t\t\t\t\t<div id=\"elementor-tab-content-9443\" class=\"elementor-tab-content elementor-clearfix\" data-tab=\"3\" role=\"tabpanel\" aria-labelledby=\"elementor-tab-title-9443\" tabindex=\"0\" hidden=\"hidden\"><div style=\"margin-top: 1rem; margin-bottom: 2rem;\"><p>A licen\u00e7a di\u00e1ria \u00e9 necess\u00e1ria para a pessoa jur\u00eddica que explora as seguintes atividades econ\u00f4micas:<\/p><ul style=\"margin: 2rem;\"><li style=\"margin-bottom: 0.5rem;\">Shows e outras apresenta\u00e7\u00f5es cong\u00eaneres;<\/li><li style=\"margin-bottom: 0.5rem;\">Competi\u00e7\u00f5es, espet\u00e1culos, eventos teatrais, culturais, musicais, liter\u00e1rios e cong\u00eaneres, de car\u00e1ter tempor\u00e1rio, realizados em local ou estabelecimento que n\u00e3o possui alvar\u00e1 anual para esse fim;<\/li><li>Bailes p\u00fablicos ou similares, realizados em local ou estabelecimento que n\u00e3o possui licen\u00e7a mensal para esse fim<\/li><\/ul><p>Para requer\u00ea-la, a pessoa interessada dever\u00e1 encaminhar para o Setor de Fiscaliza\u00e7\u00e3o da Pol\u00edcia Civil do munic\u00edpio onde se encontre estabelecida a atividade, com pelo menos 2 (dois) dias \u00fateis de anteced\u00eancia do evento, os seguintes documentos:<\/p><ol style=\"margin: 2rem;\"><li style=\"margin-bottom: 0.5rem;\"><a style=\"color: #e4c46e;\" href=\"https:\/\/sistemas.pc.sc.gov.br\/publicacoes\/gefid\/Anexo_3_JD_RQ_licenca_di%C3%A1ria_v.1.pdf\" target=\"_blank\" rel=\"noopener\"><strong>Requerimento preenchido<\/strong><\/a>;<\/li><li style=\"margin-bottom: 0.5rem;\">Documento de identifica\u00e7\u00e3o do respons\u00e1vel com n\u00famero do CPF;<\/li><li style=\"margin-bottom: 0.5rem;\">Comprovante de Resid\u00eancia atualizado do respons\u00e1vel;<\/li><li style=\"margin-bottom: 0.5rem;\">Estatuto social, contrato social ou requerimento de firma individual, conforme o caso, registrado na Junta Comercial;<\/li><li style=\"margin-bottom: 0.5rem;\">Comprovante atualizado de inscri\u00e7\u00e3o no Cadastro Nacional de Pessoas Jur\u00eddicas (CNPJ) emitido pela Receita Federal do Brasil (RFB);<\/li><li style=\"margin-bottom: 0.5rem;\">Comprovante de pagamento de taxas (DARE\/SC) para o servi\u00e7o principal e para vistoria, emitidos separadamente via Sistema de Administra\u00e7\u00e3o Tribut\u00e1ria \u2013 SAT;<\/li><li style=\"margin-bottom: 0.5rem;\">Autoriza\u00e7\u00e3o para localiza\u00e7\u00e3o e funcionamento expedida pela prefeitura municipal ou documento p\u00fablico equivalente;<\/li><li style=\"margin-bottom: 0.5rem;\">Autoriza\u00e7\u00e3o expedida pela Vigil\u00e2ncia Sanit\u00e1ria;<\/li><li style=\"margin-bottom: 0.5rem;\">Atestado de vistoria para funcionamento expedido pelo Corpo de Bombeiros ou documento equivalente;<\/li><li style=\"margin-bottom: 0.5rem;\">Certid\u00e3o de press\u00e3o sonora atestando o isolamento ac\u00fastico expedida pelo \u00f3rg\u00e3o ambiental municipal competente ou, na sua aus\u00eancia, documento equivalente;<\/li><li style=\"margin-bottom: 0.5rem;\">Contrato com empresa de seguran\u00e7a privada devidamente autorizada na forma da legisla\u00e7\u00e3o vigente;<\/li><li style=\"margin-bottom: 0.5rem;\">Anota\u00e7\u00e3o de responsabilidade t\u00e9cnica (ART), expedida por engenheiro, para os casos de edifica\u00e7\u00f5es provis\u00f3rias; e<\/li><li>Documento que demonstre a solicita\u00e7\u00e3o de policiamento ostensivo, fiscaliza\u00e7\u00e3o e orienta\u00e7\u00e3o do tr\u00e2nsito, quando se tratar de evento a ser realizado em via ou espa\u00e7o p\u00fablico.<\/li><\/ol><p><strong>Observa\u00e7\u00e3o:<\/strong> Tratando-se de evento de car\u00e1ter beneficente, filantr\u00f3pico e\/ou religioso, poder\u00e3o ser dispensadas, mediante decis\u00e3o fundamentada pela Autoridade Policial, a exig\u00eancia contida no inciso VIII, do \u00a7 2\u00b0, artigo 2\u00b0, da Resolu\u00e7\u00e3o n\u00b0 28\/GAB\/DGPC\/PCSC\/2022, desde que algum \u00f3rg\u00e3o de seguran\u00e7a p\u00fablica se responsabilize pelo policiamento do evento.<\/p><\/div><\/div>\n\t\t\t\t\t\t\t<\/div>\n\t\t<\/div>\n\t\t\t\t\t\t<\/div>\n\t\t\t\t<\/div>\n\t\t\t\t<div class=\"elementor-element elementor-element-c1de20a elementor-widget elementor-widget-button\" data-id=\"c1de20a\" data-element_type=\"widget\" data-widget_type=\"button.default\">\n\t\t\t\t<div class=\"elementor-widget-container\">\n\t\t\t\t\t\t\t\t\t<div class=\"elementor-button-wrapper\">\n\t\t\t\t\t<a class=\"elementor-button elementor-button-link elementor-size-sm\" href=\"https:\/\/pc.sc.gov.br\/?page_id=35230\">\n\t\t\t\t\t\t<span class=\"elementor-button-content-wrapper\">\n\t\t\t\t\t\t<span class=\"elementor-button-icon\">\n\t\t\t\t<i aria-hidden=\"true\" class=\"fas fa-arrow-left\"><\/i>\t\t\t<\/span>\n\t\t\t\t\t\t\t\t\t<span class=\"elementor-button-text\">Fiscaliza\u00e7\u00e3o de Jogos, Divers\u00f5es P\u00fablicas e Produtos Controlados<\/span>\n\t\t\t\t\t<\/span>\n\t\t\t\t\t<\/a>\n\t\t\t\t<\/div>\n\t\t\t\t\t\t\t\t<\/div>\n\t\t\t\t<\/div>\n\t\t\t\t\t<\/div>\n\t\t<\/div>\n\t\t\t\t\t<\/div>\n\t\t<\/section>\n\t\t\t\t<\/div>\n\t\t","protected":false},"excerpt":{"rendered":"<p>Jogos e Divers\u00f5es P\u00fablicas Compete \u00e0 Pol\u00edcia Civil de Santa Catarina exercer a fiscaliza\u00e7\u00e3o de atividades consideradas jogos e divers\u00f5es p\u00fablicas, conforme disposi\u00e7\u00f5es contidas nos artigos 105, inciso I e 106, incisos VI, da Constitui\u00e7\u00e3o Estadual e a legisla\u00e7\u00e3o vigente.As autoriza\u00e7\u00f5es administrativas, nas modalidades de Alvar\u00e1 Anual, Licen\u00e7a Mensal e Licen\u00e7a Di\u00e1ria s\u00e3o expedidas pelos [&hellip;]<\/p>\n","protected":false},"author":10,"featured_media":0,"parent":0,"menu_order":0,"comment_status":"closed","ping_status":"closed","template":"","meta":{"_monsterinsights_skip_tracking":false,"_monsterinsights_sitenote_active":false,"_monsterinsights_sitenote_note":"","_monsterinsights_sitenote_category":0,"footnotes":""},"class_list":["post-35262","page","type-page","status-publish","hentry"],"_links":{"self":[{"href":"https:\/\/pc.sc.gov.br\/index.php?rest_route=\/wp\/v2\/pages\/35262","targetHints":{"allow":["GET"]}}],"collection":[{"href":"https:\/\/pc.sc.gov.br\/index.php?rest_route=\/wp\/v2\/pages"}],"about":[{"href":"https:\/\/pc.sc.gov.br\/index.php?rest_route=\/wp\/v2\/types\/page"}],"author":[{"embeddable":true,"href":"https:\/\/pc.sc.gov.br\/index.php?rest_route=\/wp\/v2\/users\/10"}],"replies":[{"embeddable":true,"href":"https:\/\/pc.sc.gov.br\/index.php?rest_route=%2Fwp%2Fv2%2Fcomments&post=35262"}],"version-history":[{"count":55,"href":"https:\/\/pc.sc.gov.br\/index.php?rest_route=\/wp\/v2\/pages\/35262\/revisions"}],"predecessor-version":[{"id":36119,"href":"https:\/\/pc.sc.gov.br\/index.php?rest_route=\/wp\/v2\/pages\/35262\/revisions\/36119"}],"wp:attachment":[{"href":"https:\/\/pc.sc.gov.br\/index.php?rest_route=%2Fwp%2Fv2%2Fmedia&parent=35262"}],"curies":[{"name":"wp","href":"https:\/\/api.w.org\/{rel}","templated":true}]}}