{"id":35317,"date":"2025-12-16T17:54:21","date_gmt":"2025-12-16T20:54:21","guid":{"rendered":"https:\/\/pc.sc.gov.br\/?page_id=35317"},"modified":"2026-02-03T17:31:47","modified_gmt":"2026-02-03T20:31:47","slug":"supermercados-e-similares","status":"publish","type":"page","link":"https:\/\/pc.sc.gov.br\/?page_id=35317","title":{"rendered":"Supermercados e Similares"},"content":{"rendered":"\t\t<div data-elementor-type=\"wp-page\" data-elementor-id=\"35317\" class=\"elementor elementor-35317\" data-elementor-post-type=\"page\">\n\t\t\t\t\t\t<section class=\"elementor-section elementor-top-section elementor-element elementor-element-155a9f1 elementor-section-boxed elementor-section-height-default elementor-section-height-default\" data-id=\"155a9f1\" data-element_type=\"section\">\n\t\t\t\t\t\t<div class=\"elementor-container elementor-column-gap-default\">\n\t\t\t\t\t<div class=\"elementor-column elementor-col-100 elementor-top-column elementor-element elementor-element-43de866\" data-id=\"43de866\" data-element_type=\"column\">\n\t\t\t<div class=\"elementor-widget-wrap elementor-element-populated\">\n\t\t\t\t\t\t<div class=\"elementor-element elementor-element-34da04c elementor-widget elementor-widget-heading\" data-id=\"34da04c\" data-element_type=\"widget\" data-widget_type=\"heading.default\">\n\t\t\t\t<div class=\"elementor-widget-container\">\n\t\t\t\t\t<h2 class=\"elementor-heading-title elementor-size-default\">SUPERMERCADOS E SIMILARES<\/h2>\t\t\t\t<\/div>\n\t\t\t\t<\/div>\n\t\t\t\t<div class=\"elementor-element elementor-element-5397b5e elementor-widget elementor-widget-text-editor\" data-id=\"5397b5e\" data-element_type=\"widget\" data-widget_type=\"text-editor.default\">\n\t\t\t\t<div class=\"elementor-widget-container\">\n\t\t\t\t\t\t\t\t\t<div><strong>AUTORIZA\u00c7\u00d5ES EM ESP\u00c9CIE<\/strong><\/div>\t\t\t\t\t\t\t\t<\/div>\n\t\t\t\t<\/div>\n\t\t\t\t<div class=\"elementor-element elementor-element-0c97b49 elementor-tabs-view-horizontal elementor-widget elementor-widget-tabs\" data-id=\"0c97b49\" data-element_type=\"widget\" data-widget_type=\"tabs.default\">\n\t\t\t\t<div class=\"elementor-widget-container\">\n\t\t\t\t\t\t\t<div class=\"elementor-tabs\">\n\t\t\t<div class=\"elementor-tabs-wrapper\" role=\"tablist\" >\n\t\t\t\t\t\t\t\t\t<div id=\"elementor-tab-title-1321\" class=\"elementor-tab-title elementor-tab-desktop-title\" aria-selected=\"true\" data-tab=\"1\" role=\"tab\" tabindex=\"0\" aria-controls=\"elementor-tab-content-1321\" aria-expanded=\"false\">Alvar\u00e1 Anual<\/div>\n\t\t\t\t\t\t\t<\/div>\n\t\t\t<div class=\"elementor-tabs-content-wrapper\" role=\"tablist\" aria-orientation=\"vertical\">\n\t\t\t\t\t\t\t\t\t<div class=\"elementor-tab-title elementor-tab-mobile-title\" aria-selected=\"true\" data-tab=\"1\" role=\"tab\" tabindex=\"0\" aria-controls=\"elementor-tab-content-1321\" aria-expanded=\"false\">Alvar\u00e1 Anual<\/div>\n\t\t\t\t\t<div id=\"elementor-tab-content-1321\" class=\"elementor-tab-content elementor-clearfix\" data-tab=\"1\" role=\"tabpanel\" aria-labelledby=\"elementor-tab-title-1321\" tabindex=\"0\" hidden=\"false\"><div style=\"margin-top: 1rem;\">\n\nO alvar\u00e1 anual \u00e9 necess\u00e1rio para a pessoa jur\u00eddica que explora as seguintes atividades econ\u00f4micas:\n<ul style=\"margin: 2rem;\">\n \t<li style=\"margin-bottom: 0.5rem;\">Supermercado, hipermercado e similares que comercializem bebida alco\u00f3lica ou n\u00e3o;<\/li>\n \t<li style=\"margin-bottom: 0.5rem;\">Hot\u00e9is, mot\u00e9is, pousadas, campings e similares;<\/li>\n \t<li style=\"margin-bottom: 0.5rem;\">Sociedades esportivas, recreativas e sociais;<\/li>\n \t<li style=\"margin-bottom: 0.5rem;\">Estabelecimentos que recebam espectadores de competi\u00e7\u00f5es, espet\u00e1culos, eventos teatrais, culturais musicais, liter\u00e1rios e cong\u00eaneres;<\/li>\n \t<li style=\"margin-bottom: 0.5rem;\">Est\u00e1dios de futebol;<\/li>\n \t<li style=\"margin-bottom: 0.5rem;\">Ringues de patina\u00e7\u00e3o e similares, inclusive parque aqu\u00e1tico;<\/li>\n \t<li style=\"margin-bottom: 0.5rem;\">Hip\u00f3dromos, h\u00edpicas e similares;<\/li>\n \t<li>Jogo de simula\u00e7\u00e3o de guerra (paintball) ou similares, inclusive kart\u00f3dromos.<\/li>\n<\/ul>\nPara requerer requer\u00ea-lo, a pessoa interessada dever\u00e1 encaminhar para o Setor de Fiscaliza\u00e7\u00e3o da Pol\u00edcia Civil do munic\u00edpio onde se encontre estabelecida a atividade, at\u00e9 o \u00faltimo dia \u00fatil do m\u00eas de fevereiro do ano civil, os seguintes documentos:\n<ol style=\"margin: 2rem;\">\n \t<li style=\"margin-bottom: 0.5rem;\"><a style=\"color: #e4c46e;\" href=\"https:\/\/sistemas.pc.sc.gov.br\/publicacoes\/gefid\/Anexo_1_JD_RQ_alvara_anual_v.1.pdf\" target=\"_blank\" rel=\"noopener\"><strong>Requerimento preenchido<\/strong><\/a>;<\/li>\n \t<li style=\"margin-bottom: 0.5rem;\">Documento de identifica\u00e7\u00e3o do respons\u00e1vel com n\u00famero do CPF;<\/li>\n \t<li style=\"margin-bottom: 0.5rem;\">Comprovante de inscri\u00e7\u00e3o no Cadastro Nacional de Pessoa Jur\u00eddica \u2013 CNPJ da Receita Federal;<\/li>\n \t<li style=\"margin-bottom: 0.5rem;\">Comprovante de Resid\u00eancia atualizado do respons\u00e1vel;<\/li>\n \t<li style=\"margin-bottom: 0.5rem;\">Estatuto social, contrato social ou requerimento de firma individual, conforme o caso, registrado na Junta Comercial;<\/li>\n \t<li style=\"margin-bottom: 0.5rem;\">Comprovante de pagamento de taxas (DARE\/SC) para o servi\u00e7o principal e para vistoria, emitidos separadamente via Sistema de Administra\u00e7\u00e3o Tribut\u00e1ria \u2013 SAT;<\/li>\n \t<li style=\"margin-bottom: 0.5rem;\">Documento de Arrecada\u00e7\u00e3o de Receitas Estaduais (DARE) das taxas para a atividade principal e vistoria, e seus respectivos comprovantes de pagamentos;<\/li>\n \t<li style=\"margin-bottom: 0.5rem;\">Autoriza\u00e7\u00e3o para localiza\u00e7\u00e3o e funcionamento expedida pela prefeitura municipal ou documento p\u00fablico equivalente;<\/li>\n \t<li style=\"margin-bottom: 0.5rem;\">Autoriza\u00e7\u00e3o expedida pela Vigil\u00e2ncia Sanit\u00e1ria; e<\/li>\n \t<li>Atestado de funcionamento expedido pelo Corpo de Bombeiros ou documento equivalente.<\/li>\n<\/ol>\n<\/div><\/div>\n\t\t\t\t\t\t\t<\/div>\n\t\t<\/div>\n\t\t\t\t\t\t<\/div>\n\t\t\t\t<\/div>\n\t\t\t\t<div class=\"elementor-element elementor-element-4c1d62e elementor-widget elementor-widget-button\" data-id=\"4c1d62e\" data-element_type=\"widget\" data-widget_type=\"button.default\">\n\t\t\t\t<div class=\"elementor-widget-container\">\n\t\t\t\t\t\t\t\t\t<div class=\"elementor-button-wrapper\">\n\t\t\t\t\t<a class=\"elementor-button elementor-button-link elementor-size-sm\" href=\"https:\/\/pc.sc.gov.br\/?page_id=35230\">\n\t\t\t\t\t\t<span class=\"elementor-button-content-wrapper\">\n\t\t\t\t\t\t<span class=\"elementor-button-icon\">\n\t\t\t\t<i aria-hidden=\"true\" class=\"fas fa-arrow-left\"><\/i>\t\t\t<\/span>\n\t\t\t\t\t\t\t\t\t<span class=\"elementor-button-text\">Fiscaliza\u00e7\u00e3o de Jogos, Divers\u00f5es P\u00fablicas e Produtos Controlados<\/span>\n\t\t\t\t\t<\/span>\n\t\t\t\t\t<\/a>\n\t\t\t\t<\/div>\n\t\t\t\t\t\t\t\t<\/div>\n\t\t\t\t<\/div>\n\t\t\t\t\t<\/div>\n\t\t<\/div>\n\t\t\t\t\t<\/div>\n\t\t<\/section>\n\t\t\t\t<\/div>\n\t\t","protected":false},"excerpt":{"rendered":"<p>SUPERMERCADOS E SIMILARES AUTORIZA\u00c7\u00d5ES EM ESP\u00c9CIE Alvar\u00e1 Anual Alvar\u00e1 Anual O alvar\u00e1 anual \u00e9 necess\u00e1rio para a pessoa jur\u00eddica que explora as seguintes atividades econ\u00f4micas: Supermercado, hipermercado e similares que comercializem bebida alco\u00f3lica ou n\u00e3o; Hot\u00e9is, mot\u00e9is, pousadas, campings e similares; Sociedades esportivas, recreativas e sociais; Estabelecimentos que recebam espectadores de competi\u00e7\u00f5es, espet\u00e1culos, eventos teatrais, [&hellip;]<\/p>\n","protected":false},"author":10,"featured_media":0,"parent":0,"menu_order":0,"comment_status":"closed","ping_status":"closed","template":"","meta":{"_monsterinsights_skip_tracking":false,"_monsterinsights_sitenote_active":false,"_monsterinsights_sitenote_note":"","_monsterinsights_sitenote_category":0,"footnotes":""},"class_list":["post-35317","page","type-page","status-publish","hentry"],"_links":{"self":[{"href":"https:\/\/pc.sc.gov.br\/index.php?rest_route=\/wp\/v2\/pages\/35317","targetHints":{"allow":["GET"]}}],"collection":[{"href":"https:\/\/pc.sc.gov.br\/index.php?rest_route=\/wp\/v2\/pages"}],"about":[{"href":"https:\/\/pc.sc.gov.br\/index.php?rest_route=\/wp\/v2\/types\/page"}],"author":[{"embeddable":true,"href":"https:\/\/pc.sc.gov.br\/index.php?rest_route=\/wp\/v2\/users\/10"}],"replies":[{"embeddable":true,"href":"https:\/\/pc.sc.gov.br\/index.php?rest_route=%2Fwp%2Fv2%2Fcomments&post=35317"}],"version-history":[{"count":28,"href":"https:\/\/pc.sc.gov.br\/index.php?rest_route=\/wp\/v2\/pages\/35317\/revisions"}],"predecessor-version":[{"id":36116,"href":"https:\/\/pc.sc.gov.br\/index.php?rest_route=\/wp\/v2\/pages\/35317\/revisions\/36116"}],"wp:attachment":[{"href":"https:\/\/pc.sc.gov.br\/index.php?rest_route=%2Fwp%2Fv2%2Fmedia&parent=35317"}],"curies":[{"name":"wp","href":"https:\/\/api.w.org\/{rel}","templated":true}]}}