{"id":35820,"date":"2026-01-26T13:38:39","date_gmt":"2026-01-26T16:38:39","guid":{"rendered":"https:\/\/pc.sc.gov.br\/?page_id=35820"},"modified":"2026-05-08T16:11:44","modified_gmt":"2026-05-08T19:11:44","slug":"elementor-35820","status":"publish","type":"page","link":"https:\/\/pc.sc.gov.br\/?page_id=35820","title":{"rendered":"Balada Segura"},"content":{"rendered":"\t\t<div data-elementor-type=\"wp-page\" data-elementor-id=\"35820\" class=\"elementor elementor-35820\" data-elementor-post-type=\"page\">\n\t\t\t\t\t\t<section class=\"elementor-section elementor-top-section elementor-element elementor-element-e3a72a6 elementor-section-boxed elementor-section-height-default elementor-section-height-default\" data-id=\"e3a72a6\" data-element_type=\"section\">\n\t\t\t\t\t\t<div class=\"elementor-container elementor-column-gap-default\">\n\t\t\t\t\t<div class=\"elementor-column elementor-col-66 elementor-top-column elementor-element elementor-element-3c78ddc\" data-id=\"3c78ddc\" data-element_type=\"column\">\n\t\t\t<div class=\"elementor-widget-wrap elementor-element-populated\">\n\t\t\t\t\t\t<div class=\"elementor-element elementor-element-2945a32 elementor-widget elementor-widget-heading\" data-id=\"2945a32\" data-element_type=\"widget\" data-widget_type=\"heading.default\">\n\t\t\t\t<div class=\"elementor-widget-container\">\n\t\t\t\t\t<h2 class=\"elementor-heading-title elementor-size-default\">Programa \"Balada Segura\"<\/h2>\t\t\t\t<\/div>\n\t\t\t\t<\/div>\n\t\t\t\t\t<\/div>\n\t\t<\/div>\n\t\t\t\t<div class=\"elementor-column elementor-col-33 elementor-top-column elementor-element elementor-element-83ade54\" data-id=\"83ade54\" data-element_type=\"column\">\n\t\t\t<div class=\"elementor-widget-wrap elementor-element-populated\">\n\t\t\t\t\t\t<div class=\"elementor-element elementor-element-d2bb525 elementor-hidden-desktop elementor-hidden-tablet elementor-hidden-mobile elementor-widget elementor-widget-text-editor\" data-id=\"d2bb525\" data-element_type=\"widget\" data-widget_type=\"text-editor.default\">\n\t\t\t\t<div class=\"elementor-widget-container\">\n\t\t\t\t\t\t\t\t\t<div style=\"border: 2px solid #bf971c; padding: 20px 10px; border-radius: 8px;\"><p><a href=\"https:\/\/datastudio.google.com\/u\/0\/reporting\/901c981b-e6b2-4e47-b0a1-d4f0def4a155\/page\/lgvsF\"><span style=\"color: black;\">VERIFIQUE <strong style=\"color: #bf971c;\">AQUI<\/strong> OS ESTABELECIMENTOS COM SELO BALADA SEGURA<\/span><\/a><\/p><\/div>\t\t\t\t\t\t\t\t<\/div>\n\t\t\t\t<\/div>\n\t\t\t\t\t<\/div>\n\t\t<\/div>\n\t\t\t\t\t<\/div>\n\t\t<\/section>\n\t\t\t\t<section class=\"elementor-section elementor-top-section elementor-element elementor-element-e55858a elementor-section-boxed elementor-section-height-default elementor-section-height-default\" data-id=\"e55858a\" data-element_type=\"section\">\n\t\t\t\t\t\t<div class=\"elementor-container elementor-column-gap-default\">\n\t\t\t\t\t<div class=\"elementor-column elementor-col-100 elementor-top-column elementor-element elementor-element-033fa67\" data-id=\"033fa67\" data-element_type=\"column\">\n\t\t\t<div class=\"elementor-widget-wrap elementor-element-populated\">\n\t\t\t\t\t\t<div class=\"elementor-element elementor-element-eeb79b8 elementor-widget elementor-widget-text-editor\" data-id=\"eeb79b8\" data-element_type=\"widget\" data-widget_type=\"text-editor.default\">\n\t\t\t\t<div class=\"elementor-widget-container\">\n\t\t\t\t\t\t\t\t\t<div>O selo <strong>Balada Segura<\/strong> foi institu\u00eddo pela <a style=\"color: #e4c46e;\" href=\"https:\/\/pc.sc.gov.br\/\/wp-content\/uploads\/2026\/02\/RESOLUCAO-No-21-2022-balada-segura.docx.pdf\" target=\"_blank\" rel=\"noopener\"><strong>Resolu\u00e7\u00e3o n\u00ba 21\/GAB\/DGPC\/PCSC\/2022<\/strong><\/a>, para valorizar os estabelecimentos de entretenimento dan\u00e7ante que demonstrem, com distin\u00e7\u00e3o, boas pr\u00e1ticas para garantir maior seguran\u00e7a e bem-estar aos frequentadores.<\/div>\t\t\t\t\t\t\t\t<\/div>\n\t\t\t\t<\/div>\n\t\t\t\t<div class=\"elementor-element elementor-element-99db687 elementor-widget elementor-widget-text-editor\" data-id=\"99db687\" data-element_type=\"widget\" data-widget_type=\"text-editor.default\">\n\t\t\t\t<div class=\"elementor-widget-container\">\n\t\t\t\t\t\t\t\t\t<div>O selo pode ser solicitado por casas noturnas, boates, sal\u00f5es de baile e similares, fiscalizados pela Pol\u00edcia Civil, que cumpram os requisitos previstos pela resolu\u00e7\u00e3o.<\/div>\t\t\t\t\t\t\t\t<\/div>\n\t\t\t\t<\/div>\n\t\t\t\t<div class=\"elementor-element elementor-element-7b8ae02 elementor-widget elementor-widget-text-editor\" data-id=\"7b8ae02\" data-element_type=\"widget\" data-widget_type=\"text-editor.default\">\n\t\t\t\t<div class=\"elementor-widget-container\">\n\t\t\t\t\t\t\t\t\t<div>Para solicitar o selo \u201cBalada Segura\u201d, o estabelecimento deve cumprir os seguintes requisitos:<\/div>\t\t\t\t\t\t\t\t<\/div>\n\t\t\t\t<\/div>\n\t\t\t\t<div class=\"elementor-element elementor-element-7acf73a elementor-widget elementor-widget-text-editor\" data-id=\"7acf73a\" data-element_type=\"widget\" data-widget_type=\"text-editor.default\">\n\t\t\t\t<div class=\"elementor-widget-container\">\n\t\t\t\t\t\t\t\t\t<div>\n<ul style=\"margin-left: 2rem;\">\n \t<li style=\"margin-bottom: 0.5rem;\">Ter Licen\u00e7a Mensal da Pol\u00edcia Civil regular;<\/li>\n \t<li style=\"margin-bottom: 0.5rem;\">Possuir um ou mais funcion\u00e1rios com curso de brigadista e\/ou atendimento de emerg\u00eancia;<\/li>\n \t<li style=\"margin-bottom: 0.5rem;\">Fomentar, no estabelecimento comercial, informa\u00e7\u00f5es educativas de preven\u00e7\u00e3o \u00e0 viol\u00eancia contra a mulher (cumprir o programa \u201cMulher Tem Voz\u201d);<\/li>\n \t<li style=\"margin-bottom: 0.5rem;\">Realizar pedido formal e gratuito do selo \u201cBALADA SEGURA\u201d (<a style=\"color: #e4c46e;\" href=\"https:\/\/pc.sc.gov.br\/\/wp-content\/uploads\/2026\/02\/GEFID_PCSC_RQ_BALADA-SEGURA.docx.odt\" target=\"_blank\" rel=\"noopener\"><strong>modelo de requerimento<\/strong><\/a>);<\/li>\n \t<li style=\"margin-bottom: 0.5rem;\">O selo \u201cBALADA SEGURA\u201d ter\u00e1 validade mensal sendo renovado automaticamente enquanto os requisitos forem cumpridos. O estabelecimento poder\u00e1 ser fiscalizado a qualquer momento;<\/li>\n \t<li style=\"margin-bottom: 0.5rem;\">Os certificados de brigadista ou atendente de emerg\u00eancia podem ser obtidos gratuitamente no site do <a style=\"color: #e4c46e;\" href=\"https:\/\/ensinovirtual.cbm.sc.gov.br\/login\/index.php\" target=\"_blank\" rel=\"noopener\"><strong>Corpo de Bombeiros Militar<\/strong><\/a>, nos cursos \u201cCredenciamento de Brigadista Particular &#8211; Civil\u201d ou \u201cCurso B\u00e1sico de Atendimento a Emerg\u00eancias\u201d;<\/li>\n \t<li style=\"margin-bottom: 0.5rem;\">O selo \u201cBALADA SEGURA\u201d n\u00e3o autoriza o funcionamento do estabelecimento comercial sem o respectivo alvar\u00e1 ou licen\u00e7a policial;<\/li>\n \t<li style=\"margin-bottom: 0.5rem;\">O pedido formal do selo deve ser encaminhado para o endere\u00e7o eletr\u00f4nico do setor de jogos e divers\u00f5es do munic\u00edpio no qual o estabelecimento est\u00e1 localizado;<\/li>\n \t<li>Busque orienta\u00e7\u00f5es junto ao <a style=\"color: #e4c46e;\" href=\"https:\/\/pc.sc.gov.br\/?page_id=83\" target=\"_blank\" rel=\"noopener\"><strong>setor de jogos e divers\u00f5es p\u00fablicas do seu munic\u00edpio<\/strong><\/a>.<\/li>\n<\/ul>\n<\/div>\t\t\t\t\t\t\t\t<\/div>\n\t\t\t\t<\/div>\n\t\t\t\t<div class=\"elementor-element elementor-element-50e06bc elementor-widget elementor-widget-text-editor\" data-id=\"50e06bc\" data-element_type=\"widget\" data-widget_type=\"text-editor.default\">\n\t\t\t\t<div class=\"elementor-widget-container\">\n\t\t\t\t\t\t\t\t\t<div><a style=\"color: #e4c46e;\" href=\"https:\/\/pc.sc.gov.br\/\/wp-content\/uploads\/2026\/02\/materialinformativo.zip\" target=\"_blank\" rel=\"noopener\"><strong>CLIQUE AQUI<\/strong><\/a> para baixar material informativo de preven\u00e7\u00e3o \u00e0 viol\u00eancia contra a Mulher<\/div>\t\t\t\t\t\t\t\t<\/div>\n\t\t\t\t<\/div>\n\t\t\t\t<div class=\"elementor-element elementor-element-8aa9ef4 elementor-widget elementor-widget-button\" data-id=\"8aa9ef4\" data-element_type=\"widget\" data-widget_type=\"button.default\">\n\t\t\t\t<div class=\"elementor-widget-container\">\n\t\t\t\t\t\t\t\t\t<div class=\"elementor-button-wrapper\">\n\t\t\t\t\t<a class=\"elementor-button elementor-button-link elementor-size-sm\" href=\"https:\/\/pc.sc.gov.br\/?page_id=35230\">\n\t\t\t\t\t\t<span class=\"elementor-button-content-wrapper\">\n\t\t\t\t\t\t<span class=\"elementor-button-icon\">\n\t\t\t\t<i aria-hidden=\"true\" class=\"fas fa-arrow-left\"><\/i>\t\t\t<\/span>\n\t\t\t\t\t\t\t\t\t<span class=\"elementor-button-text\">Fiscaliza\u00e7\u00e3o de Jogos, Divers\u00f5es P\u00fablicas e Produtos Controlados<\/span>\n\t\t\t\t\t<\/span>\n\t\t\t\t\t<\/a>\n\t\t\t\t<\/div>\n\t\t\t\t\t\t\t\t<\/div>\n\t\t\t\t<\/div>\n\t\t\t\t\t<\/div>\n\t\t<\/div>\n\t\t\t\t\t<\/div>\n\t\t<\/section>\n\t\t\t\t<\/div>\n\t\t","protected":false},"excerpt":{"rendered":"<p>Programa &#8220;Balada Segura&#8221; VERIFIQUE AQUI OS ESTABELECIMENTOS COM SELO BALADA SEGURA O selo Balada Segura foi institu\u00eddo pela Resolu\u00e7\u00e3o n\u00ba 21\/GAB\/DGPC\/PCSC\/2022, para valorizar os estabelecimentos de entretenimento dan\u00e7ante que demonstrem, com distin\u00e7\u00e3o, boas pr\u00e1ticas para garantir maior seguran\u00e7a e bem-estar aos frequentadores.O selo pode ser solicitado por casas noturnas, boates, sal\u00f5es de baile e similares, [&hellip;]<\/p>\n","protected":false},"author":10,"featured_media":0,"parent":0,"menu_order":0,"comment_status":"closed","ping_status":"closed","template":"","meta":{"_monsterinsights_skip_tracking":false,"_monsterinsights_sitenote_active":false,"_monsterinsights_sitenote_note":"","_monsterinsights_sitenote_category":0,"footnotes":""},"class_list":["post-35820","page","type-page","status-publish","hentry"],"_links":{"self":[{"href":"https:\/\/pc.sc.gov.br\/index.php?rest_route=\/wp\/v2\/pages\/35820","targetHints":{"allow":["GET"]}}],"collection":[{"href":"https:\/\/pc.sc.gov.br\/index.php?rest_route=\/wp\/v2\/pages"}],"about":[{"href":"https:\/\/pc.sc.gov.br\/index.php?rest_route=\/wp\/v2\/types\/page"}],"author":[{"embeddable":true,"href":"https:\/\/pc.sc.gov.br\/index.php?rest_route=\/wp\/v2\/users\/10"}],"replies":[{"embeddable":true,"href":"https:\/\/pc.sc.gov.br\/index.php?rest_route=%2Fwp%2Fv2%2Fcomments&post=35820"}],"version-history":[{"count":55,"href":"https:\/\/pc.sc.gov.br\/index.php?rest_route=\/wp\/v2\/pages\/35820\/revisions"}],"predecessor-version":[{"id":39027,"href":"https:\/\/pc.sc.gov.br\/index.php?rest_route=\/wp\/v2\/pages\/35820\/revisions\/39027"}],"wp:attachment":[{"href":"https:\/\/pc.sc.gov.br\/index.php?rest_route=%2Fwp%2Fv2%2Fmedia&parent=35820"}],"curies":[{"name":"wp","href":"https:\/\/api.w.org\/{rel}","templated":true}]}}