{"id":38284,"date":"2026-04-24T14:02:41","date_gmt":"2026-04-24T17:02:41","guid":{"rendered":"https:\/\/pc.sc.gov.br\/?page_id=38284"},"modified":"2026-04-28T16:04:38","modified_gmt":"2026-04-28T19:04:38","slug":"informativos","status":"publish","type":"page","link":"https:\/\/pc.sc.gov.br\/?page_id=38284","title":{"rendered":"Informativos"},"content":{"rendered":"\t\t<div data-elementor-type=\"wp-page\" data-elementor-id=\"38284\" class=\"elementor elementor-38284\" data-elementor-post-type=\"page\">\n\t\t\t\t\t\t<section class=\"elementor-section elementor-top-section elementor-element elementor-element-874e8da elementor-section-boxed elementor-section-height-default elementor-section-height-default\" data-id=\"874e8da\" data-element_type=\"section\">\n\t\t\t\t\t\t<div class=\"elementor-container elementor-column-gap-default\">\n\t\t\t\t\t<div class=\"elementor-column elementor-col-100 elementor-top-column elementor-element elementor-element-4e7d195\" data-id=\"4e7d195\" data-element_type=\"column\">\n\t\t\t<div class=\"elementor-widget-wrap elementor-element-populated\">\n\t\t\t\t\t\t<div class=\"elementor-element elementor-element-2526edc elementor-widget elementor-widget-heading\" data-id=\"2526edc\" data-element_type=\"widget\" data-widget_type=\"heading.default\">\n\t\t\t\t<div class=\"elementor-widget-container\">\n\t\t\t\t\t<h2 class=\"elementor-heading-title elementor-size-default\">Centro de Apoio \u00e0 Atividade de Pol\u00edcia Judici\u00e1ria - CAAPJ<\/h2>\t\t\t\t<\/div>\n\t\t\t\t<\/div>\n\t\t\t\t<div class=\"elementor-element elementor-element-8770d76 elementor-widget elementor-widget-heading\" data-id=\"8770d76\" data-element_type=\"widget\" data-widget_type=\"heading.default\">\n\t\t\t\t<div class=\"elementor-widget-container\">\n\t\t\t\t\t<h3 class=\"elementor-heading-title elementor-size-default\">Informativos \u2013 ASJUR<\/h3>\t\t\t\t<\/div>\n\t\t\t\t<\/div>\n\t\t\t\t<div class=\"elementor-element elementor-element-a3157a3 elementor-widget elementor-widget-accordion\" data-id=\"a3157a3\" data-element_type=\"widget\" data-widget_type=\"accordion.default\">\n\t\t\t\t<div class=\"elementor-widget-container\">\n\t\t\t\t\t\t\t<div class=\"elementor-accordion\">\n\t\t\t\t\t\t\t<div class=\"elementor-accordion-item\">\n\t\t\t\t\t<div id=\"elementor-tab-title-1711\" class=\"elementor-tab-title\" data-tab=\"1\" role=\"button\" aria-controls=\"elementor-tab-content-1711\" aria-expanded=\"false\">\n\t\t\t\t\t\t\t\t\t\t\t\t\t<span class=\"elementor-accordion-icon elementor-accordion-icon-left\" aria-hidden=\"true\">\n\t\t\t\t\t\t\t\t\t\t\t\t\t\t\t<span class=\"elementor-accordion-icon-closed\"><i class=\"fas fa-caret-down\"><\/i><\/span>\n\t\t\t\t\t\t\t\t<span class=\"elementor-accordion-icon-opened\"><i class=\"fas fa-caret-up\"><\/i><\/span>\n\t\t\t\t\t\t\t\t\t\t\t\t\t\t<\/span>\n\t\t\t\t\t\t\t\t\t\t\t\t<a class=\"elementor-accordion-title\" tabindex=\"0\">Atualiza\u00e7\u00e3o de Jurisprud\u00eancia por Informativo Mensais<\/a>\n\t\t\t\t\t<\/div>\n\t\t\t\t\t<div id=\"elementor-tab-content-1711\" class=\"elementor-tab-content elementor-clearfix\" data-tab=\"1\" role=\"region\" aria-labelledby=\"elementor-tab-title-1711\"><div style=\"margin: 8px 24px 16px 24px;\">\n\n<a style=\"color: #e4c46e; font-weight: 600;\" href=\"https:\/\/pc.sc.gov.br\/\/wp-content\/uploads\/2026\/04\/INFORMATIVO-02-2023.pdf\" target=\"_blank\" rel=\"noopener\">&#8211; BOLETIM INFORMATIVO 02\/2023<\/a>\n<p style=\"color: #54595f; font-weight: 600;\">(Abr\/2023 a Jun\/2023)<\/p>\n\n<\/div>\n<div style=\"margin: 8px 24px 16px 24px;\">\n\n<a style=\"color: #e4c46e; font-weight: 600;\" href=\"https:\/\/pc.sc.gov.br\/\/wp-content\/uploads\/2026\/04\/INFORMATIVO-JURISPRUDENCIA-01.2023-CAAPJ.pdf\" target=\"_blank\" rel=\"noopener\">&#8211; BOLETIM INFORMATIVO 01\/2023<\/a>\n<p style=\"color: #54595f; font-weight: 600;\">(Jan\/2023 a Fev\/2023)<\/p>\n\n<\/div>\n<div style=\"margin: 8px 24px 16px 24px;\">\n\n<a style=\"color: #e4c46e; font-weight: 600;\" href=\"https:\/\/pc.sc.gov.br\/\/wp-content\/uploads\/2026\/04\/INFORMATIVO-02-CAAPJ.pdf\" target=\"_blank\" rel=\"noopener\">&#8211; BOLETIM INFORMATIVO 02\/2022<\/a>\n<p style=\"color: #54595f; font-weight: 600;\">(Nov\/2022 a Dez\/2022)<\/p>\n\n<\/div>\n<div style=\"margin: 8px 24px 32px 24px;\">\n\n<a style=\"color: #e4c46e; font-weight: 600;\" href=\"https:\/\/pc.sc.gov.br\/\/wp-content\/uploads\/2026\/04\/INFORMATIVO-01-CAAPJ.pdf\" target=\"_blank\" rel=\"noopener\">&#8211; BOLETIM INFORMATIVO 01\/2022<\/a>\n<p style=\"color: #54595f; font-weight: 600;\">(Ago\/2022 a Nov\/2022)<\/p>\n\n<\/div><\/div>\n\t\t\t\t<\/div>\n\t\t\t\t\t\t\t<div class=\"elementor-accordion-item\">\n\t\t\t\t\t<div id=\"elementor-tab-title-1712\" class=\"elementor-tab-title\" data-tab=\"2\" role=\"button\" aria-controls=\"elementor-tab-content-1712\" aria-expanded=\"false\">\n\t\t\t\t\t\t\t\t\t\t\t\t\t<span class=\"elementor-accordion-icon elementor-accordion-icon-left\" aria-hidden=\"true\">\n\t\t\t\t\t\t\t\t\t\t\t\t\t\t\t<span class=\"elementor-accordion-icon-closed\"><i class=\"fas fa-caret-down\"><\/i><\/span>\n\t\t\t\t\t\t\t\t<span class=\"elementor-accordion-icon-opened\"><i class=\"fas fa-caret-up\"><\/i><\/span>\n\t\t\t\t\t\t\t\t\t\t\t\t\t\t<\/span>\n\t\t\t\t\t\t\t\t\t\t\t\t<a class=\"elementor-accordion-title\" tabindex=\"0\">Atualiza\u00e7\u00e3o de Jurisprud\u00eancia por Mat\u00e9ria<\/a>\n\t\t\t\t\t<\/div>\n\t\t\t\t\t<div id=\"elementor-tab-content-1712\" class=\"elementor-tab-content elementor-clearfix\" data-tab=\"2\" role=\"region\" aria-labelledby=\"elementor-tab-title-1712\"><div style=\"margin: 8px 24px 16px 24px;\">\n<a style=\"color: #e4c46e; font-weight: 600;\" href=\"https:\/\/pc.sc.gov.br\" target=\"_blank\" rel=\"noopener\">&#8211; T\u00edtulo do Informativo<\/a>\n<p style=\"color: #54595f; font-weight: 600;\">Descri\u00e7\u00e3o ou resumo do conte\u00fado do informativo.<\/p>\n<\/div>\n<div style=\"margin: 8px 24px 16px 24px;\">\n<a style=\"color: #e4c46e; font-weight: 600;\" href=\"https:\/\/pc.sc.gov.br\" target=\"_blank\" rel=\"noopener\">&#8211; T\u00edtulo do Informativo<\/a>\n<p style=\"color: #54595f; font-weight: 600;\">Descri\u00e7\u00e3o ou resumo do conte\u00fado do informativo.<\/p>\n<\/div>\n<div style=\"margin: 8px 24px 32px 24px;\">\n<a style=\"color: #e4c46e; font-weight: 600;\" href=\"https:\/\/pc.sc.gov.br\" target=\"_blank\" rel=\"noopener\">&#8211; T\u00edtulo do Informativo<\/a>\n<p style=\"color: #54595f; font-weight: 600;\">Descri\u00e7\u00e3o ou resumo do conte\u00fado do informativo.<\/p>\n<\/div><\/div>\n\t\t\t\t<\/div>\n\t\t\t\t\t\t\t\t<\/div>\n\t\t\t\t\t\t<\/div>\n\t\t\t\t<\/div>\n\t\t\t\t<div class=\"elementor-element elementor-element-6c6333c elementor-widget elementor-widget-button\" data-id=\"6c6333c\" data-element_type=\"widget\" data-widget_type=\"button.default\">\n\t\t\t\t<div class=\"elementor-widget-container\">\n\t\t\t\t\t\t\t\t\t<div class=\"elementor-button-wrapper\">\n\t\t\t\t\t<a class=\"elementor-button elementor-button-link elementor-size-sm elementor-animation-grow\" href=\"https:\/\/pc.sc.gov.br\/?page_id=37962\">\n\t\t\t\t\t\t<span class=\"elementor-button-content-wrapper\">\n\t\t\t\t\t\t<span class=\"elementor-button-icon\">\n\t\t\t\t<i aria-hidden=\"true\" class=\"fas fa-arrow-left\"><\/i>\t\t\t<\/span>\n\t\t\t\t\t\t\t\t<\/span>\n\t\t\t\t\t<\/a>\n\t\t\t\t<\/div>\n\t\t\t\t\t\t\t\t<\/div>\n\t\t\t\t<\/div>\n\t\t\t\t\t<\/div>\n\t\t<\/div>\n\t\t\t\t\t<\/div>\n\t\t<\/section>\n\t\t\t\t<section class=\"elementor-section elementor-top-section elementor-element elementor-element-1d8bce3 elementor-section-boxed elementor-section-height-default elementor-section-height-default\" data-id=\"1d8bce3\" data-element_type=\"section\">\n\t\t\t\t\t\t<div class=\"elementor-container elementor-column-gap-default\">\n\t\t\t\t\t<div class=\"elementor-column elementor-col-100 elementor-top-column elementor-element elementor-element-fc0ede0\" data-id=\"fc0ede0\" data-element_type=\"column\">\n\t\t\t<div class=\"elementor-widget-wrap\">\n\t\t\t\t\t\t\t<\/div>\n\t\t<\/div>\n\t\t\t\t\t<\/div>\n\t\t<\/section>\n\t\t\t\t<\/div>\n\t\t","protected":false},"excerpt":{"rendered":"<p>Centro de Apoio \u00e0 Atividade de Pol\u00edcia Judici\u00e1ria &#8211; CAAPJ Informativos \u2013 ASJUR Atualiza\u00e7\u00e3o de Jurisprud\u00eancia por Informativo Mensais &#8211; BOLETIM INFORMATIVO 02\/2023 (Abr\/2023 a Jun\/2023) &#8211; BOLETIM INFORMATIVO 01\/2023 (Jan\/2023 a Fev\/2023) &#8211; BOLETIM INFORMATIVO 02\/2022 (Nov\/2022 a Dez\/2022) &#8211; BOLETIM INFORMATIVO 01\/2022 (Ago\/2022 a Nov\/2022) Atualiza\u00e7\u00e3o de Jurisprud\u00eancia por Mat\u00e9ria &#8211; T\u00edtulo do [&hellip;]<\/p>\n","protected":false},"author":10,"featured_media":0,"parent":0,"menu_order":0,"comment_status":"closed","ping_status":"closed","template":"","meta":{"_monsterinsights_skip_tracking":false,"_monsterinsights_sitenote_active":false,"_monsterinsights_sitenote_note":"","_monsterinsights_sitenote_category":0,"footnotes":""},"class_list":["post-38284","page","type-page","status-publish","hentry"],"_links":{"self":[{"href":"https:\/\/pc.sc.gov.br\/index.php?rest_route=\/wp\/v2\/pages\/38284","targetHints":{"allow":["GET"]}}],"collection":[{"href":"https:\/\/pc.sc.gov.br\/index.php?rest_route=\/wp\/v2\/pages"}],"about":[{"href":"https:\/\/pc.sc.gov.br\/index.php?rest_route=\/wp\/v2\/types\/page"}],"author":[{"embeddable":true,"href":"https:\/\/pc.sc.gov.br\/index.php?rest_route=\/wp\/v2\/users\/10"}],"replies":[{"embeddable":true,"href":"https:\/\/pc.sc.gov.br\/index.php?rest_route=%2Fwp%2Fv2%2Fcomments&post=38284"}],"version-history":[{"count":79,"href":"https:\/\/pc.sc.gov.br\/index.php?rest_route=\/wp\/v2\/pages\/38284\/revisions"}],"predecessor-version":[{"id":38647,"href":"https:\/\/pc.sc.gov.br\/index.php?rest_route=\/wp\/v2\/pages\/38284\/revisions\/38647"}],"wp:attachment":[{"href":"https:\/\/pc.sc.gov.br\/index.php?rest_route=%2Fwp%2Fv2%2Fmedia&parent=38284"}],"curies":[{"name":"wp","href":"https:\/\/api.w.org\/{rel}","templated":true}]}}