{"id":399,"date":"2022-10-18T16:10:47","date_gmt":"2022-10-18T19:10:47","guid":{"rendered":"https:\/\/pc.sc.gov.br\/?page_id=399"},"modified":"2025-11-10T15:09:15","modified_gmt":"2025-11-10T18:09:15","slug":"34-sao-miguel-do-oeste-13-drp","status":"publish","type":"page","link":"https:\/\/pc.sc.gov.br\/?page_id=399","title":{"rendered":"34-sao-miguel-do-oeste-13-drp"},"content":{"rendered":"\t\t<div data-elementor-type=\"wp-page\" data-elementor-id=\"399\" class=\"elementor elementor-399\" data-elementor-post-type=\"page\">\n\t\t\t\t\t\t<section class=\"elementor-section elementor-top-section elementor-element elementor-element-2182df3 elementor-section-boxed elementor-section-height-default elementor-section-height-default\" data-id=\"2182df3\" data-element_type=\"section\">\n\t\t\t\t\t\t<div class=\"elementor-container elementor-column-gap-default\">\n\t\t\t\t\t<div class=\"elementor-column elementor-col-100 elementor-top-column elementor-element elementor-element-3caffbe\" data-id=\"3caffbe\" data-element_type=\"column\">\n\t\t\t<div class=\"elementor-widget-wrap elementor-element-populated\">\n\t\t\t\t\t\t<div class=\"elementor-element elementor-element-4a3ef6d elementor-widget elementor-widget-heading\" data-id=\"4a3ef6d\" data-element_type=\"widget\" data-widget_type=\"heading.default\">\n\t\t\t\t<div class=\"elementor-widget-container\">\n\t\t\t\t\t<h2 class=\"elementor-heading-title elementor-size-default\">13\u00aa DRP - S\u00e3o Miguel do Oeste<\/h2>\t\t\t\t<\/div>\n\t\t\t\t<\/div>\n\t\t\t\t\t<\/div>\n\t\t<\/div>\n\t\t\t\t\t<\/div>\n\t\t<\/section>\n\t\t\t\t<section class=\"elementor-section elementor-top-section elementor-element elementor-element-23415ff elementor-section-boxed elementor-section-height-default elementor-section-height-default\" data-id=\"23415ff\" data-element_type=\"section\">\n\t\t\t\t\t\t<div class=\"elementor-container elementor-column-gap-default\">\n\t\t\t\t\t<div class=\"elementor-column elementor-col-100 elementor-top-column elementor-element elementor-element-07adc8f\" data-id=\"07adc8f\" data-element_type=\"column\">\n\t\t\t<div class=\"elementor-widget-wrap elementor-element-populated\">\n\t\t\t\t\t\t<div class=\"elementor-element elementor-element-5b5f625 elementor-widget elementor-widget-text-editor\" data-id=\"5b5f625\" data-element_type=\"widget\" data-widget_type=\"text-editor.default\">\n\t\t\t\t<div class=\"elementor-widget-container\">\n\t\t\t\t\t\t\t\t\t<div><p><strong>13\u00aa &#8211; Delegacia Regional de Pol\u00edcia &#8211; S\u00e3o Miguel do Oeste<\/strong><br \/>Rua Waldemar Rangrab, 569 &#8211; Centro<br \/>S\u00e3o Miguel do Oeste &#8211; SC &#8211; CEP: 89900-000<br \/>Telefone: (49) 3622-6081 \/ 3622-6494 \/ 3622-6031 \/ 3622-6040<br \/><em>e-mail<\/em>: <a href=\"mailto:drpsaomigueldooeste@pc.sc.gov.br\">drpsaomigueldooeste@pc.sc.gov.br<\/a><br \/><strong>Atendimento ao p\u00fablico: 12h \u00e0s 19h<\/strong><\/p><p><strong>Anchieta &#8211; Delegacia de Pol\u00edcia da Comarca<\/strong> <br \/>Rua Domingos Dal Ri, 33 &#8211; Centro<br \/>Anchieta &#8211; SC &#8211; CEP: 89970-000<br \/>Telefone: (49) 3653-0021 \/ 3653-0958<br \/><em>e-mail<\/em>: <a href=\"mailto:dpanchieta@pc.sc.gov.br\">dpanchieta@pc.sc.gov.br<\/a><\/p><p><strong>Bandeirante &#8211; Delegacia de Pol\u00edcia do Munic\u00edpio<\/strong><br \/>Avenida Santo Ant\u00f4nio, 300 &#8211; Centro<br \/>Bandeirante &#8211; SC &#8211; CEP: 89905-000<br \/>Telefone: (49) 3631-2974<br \/>e-mail: <a href=\"mailto:dpbandeirante@pc.sc.gov.br\">dpbandeirante@pc.sc.gov.br<\/a><\/p><p><strong>Barra Bonita &#8211; Delegacia de Pol\u00edcia do Munic\u00edpio<\/strong><br \/>Travessa Buenos Aires, s\/n &#8211; Centro<br \/>Barra Bonita &#8211; SC &#8211; CEP: 89909-000<br \/>Telefone: (49) 3631-2958<br \/>e-mail:\u00a0<a href=\"mailto:dpbarrabonita@pc.sc.gov.br\" target=\"_blank\" rel=\"noopener\">dpbarrabonita@pc.sc.<wbr \/>gov.br<\/a><\/p><p><strong>Belmonte &#8211; Delegacia de Pol\u00edcia do Munic\u00edpio<\/strong><br \/>Rua Santos Dumont, s\/n &#8211; Centro<br \/>Belmonte &#8211; SC &#8211; CEP: 89925-000<br \/>Telefone: (49) 3625-0155<br \/><em>e-mail<\/em>: <a href=\"mailto:dpbelmonte@pc.sc.gov.br\">dpbelmonte@pc.sc.gov.br<\/a><\/p><p><strong>Descanso &#8211; Delegacia de Pol\u00edcia da Comarca<\/strong><br \/>Rua XV De Novembro, 491 &#8211; Centro<br \/>Descanso &#8211; SC &#8211; CEP: 89910-000<br \/>Telefone: (49) 3623-0139<br \/><em>e-mail<\/em>: <a href=\"mailto:dpdescanso@pc.sc.gov.br\">dpdescanso@pc.sc.gov.br<\/a><\/p><p><strong>Dion\u00edsio Cerqueira &#8211; Delegacia de Pol\u00edcia da Comarca<\/strong><br \/>Rua Felipe Schmidt, 450 &#8211; Centro<br \/>Dion\u00edsio Cerqueira &#8211; SC &#8211; CEP: 89950-000<br \/>Telefone: (49) 3644-1093 \/ 3644-0041<br \/><em>e-mail<\/em>: <a href=\"mailto:dpdionisiocerqueira@pc.sc.gov.br\">dpdionisiocerqueira@pc.sc.gov.br<\/a><\/p><p><strong>Guaraciaba &#8211; Delegacia de Pol\u00edcia do Munic\u00edpio<\/strong><br \/>Rua 13 De Maio, 103 &#8211; Centro<br \/>Guaraciaba &#8211; SC &#8211; CEP: 89920-000<br \/>Telefone: (49) 3631-2986<br \/><em>e-mail<\/em>: <a href=\"mailto:dpguaraciaba@pc.sc.gov.br\">dpguaraciaba@pc.sc.gov.br<\/a><\/p><p><strong>Guaruj\u00e1 do Sul &#8211; Delegacia de Pol\u00edcia do Munic\u00edpio<\/strong><br \/>Rua Cear\u00e1, 950 &#8211; Centro<br \/>Guaruj\u00e1 do Sul &#8211; SC &#8211; CEP: 89940-000<br \/>Telefone: (49) 3642-0142<br \/><em>e-mail<\/em>: <a href=\"mailto:dpguarujadosul@pc.sc.gov.br\">dpguarujadosul@pc.sc.gov.br<\/a><\/p><p><strong>Ipor\u00e3 do Oeste &#8211; Delegacia de Pol\u00edcia do Munic\u00edpio<\/strong><br \/>Rua Jo\u00e3o Paulo I, 130 &#8211; Centro<br \/>Ipor\u00e3 do Oeste &#8211; SC &#8211; CEP: 89899-000<br \/>Telefone: (49) 3634-1266<br \/><em>e-mail<\/em>: <a href=\"mailto:dpiporadooeste@pc.sc.gov.br\">dpiporadooeste@pc.sc.gov.br<\/a><\/p><p><strong>Itapiranga &#8211; Delegacia de Pol\u00edcia da Comarca<\/strong><br \/>Rua Jorge Lacerda, 12 &#8211; Centro<br \/>Itapiranga &#8211; SC &#8211; CEP: 89896-000<br \/>Telefone: (49) 3677-0903 \/ 3677-0490<br \/><em>e-mail<\/em>: <a href=\"mailto:dpitapiranga@pc.sc.gov.br\">dpitapiranga@pc.sc.gov.br<\/a><\/p><p><strong>Monda\u00ed &#8211; Delegacia de Pol\u00edcia da Comarca<\/strong> <br \/>Rua Antas, 576 &#8211; Centro<br \/>Monda\u00ed &#8211; SC &#8211; CEP: 89893-000<br \/>Telefone: (49) 3674-0490 \/ 3674-0422<br \/><em>e-mail<\/em>: <a href=\"mailto:dpmondai@pc.sc.gov.br\">dpmondai@pc.sc.gov.br<\/a><\/p><p><strong>Palma Sola &#8211; Delegacia de Pol\u00edcia do Munic\u00edpio<\/strong><br \/>Rua Pedro Mello Dos Santos, s\/n &#8211; Centro<br \/>Palma Sola &#8211; SC &#8211; CEP: 89985-000<br \/>Telefone: (49) 3652-0190<br \/><em>e-mail<\/em>: <a href=\"mailto:dppalmasola@pc.sc.gov.br\">dppalmasola@pc.sc.gov.br<\/a><\/p><p><strong>Para\u00edso &#8211; Delegacia de Pol\u00edcia do Munic\u00edpio<\/strong><br \/>Rua Avelino De Mathias, 867 &#8211; Centro<br \/>Para\u00edso &#8211; SC &#8211; CEP: 89906-000<br \/>Telefone: (49) 3631-2980<br \/><em>e-mail<\/em>: <a href=\"mailto:dpparaiso@pc.sc.gov.br\">dpparaiso@pc.sc.gov.br<\/a><\/p><p><strong>Princesa &#8211; Delegacia de Pol\u00edcia do Munic\u00edpio<\/strong><br \/>Avenida Cardeal Jaime, 975 &#8211; Centro<br \/>Princesa &#8211; SC &#8211; CEP: 89935-000<br \/>Telefone: (49) 3641-0022<br \/><em>e-mail<\/em>: <a href=\"mailto:dpprincesa@pc.sc.gov.br\">dpprincesa@pc.sc.gov.br<\/a><\/p><p><strong>Riqueza &#8211; Delegacia de Pol\u00edcia do Munic\u00edpio<\/strong><br \/>Rua Cristiano Scholl, 13 &#8211; Centro<br \/>Riqueza &#8211; SC &#8211; CEP: 89895-000<br \/>Telefone: (49) 3675-0032<br \/><em>e-mail<\/em>: <a href=\"mailto:dpriqueza@pc.sc.gov.br\">dpriqueza@pc.sc.gov.br<\/a><\/p><p><strong>Romel\u00e2ndia &#8211; Delegacia de Pol\u00edcia do Munic\u00edpio<\/strong><br \/>Avenida Brasil, 1645 &#8211; Centro<br \/>Romel\u00e2ndia &#8211; SC &#8211; CEP: 89908-000<br \/>Telefone: (49) 3664-6608<br \/><em>e-mail<\/em>: <a href=\"mailto:dpromelandia@pc.sc.gov.br\">dpromelandia@pc.sc.gov.br<\/a><\/p><p><strong>Santa Helena &#8211; Delegacia de Pol\u00edcia do Munic\u00edpio<\/strong><br \/>Rua Alexandre Lazarotto, s\/n &#8211; Centro<br \/>Santa Helena &#8211; SC &#8211; CEP: 89915-000<br \/>Telefone: (49) 3633-0181<br \/><em>e-mail<\/em>: <a href=\"mailto:dpsantahelena@pc.sc.gov.br\">dpsantahelena@pc.sc.gov.br<\/a><\/p><p><strong>S\u00e3o Jo\u00e3o do Oeste &#8211; Delegacia de Pol\u00edcia do Munic\u00edpio<\/strong><br \/>Rua 25 De Julho, 189 &#8211; Centro<br \/>S\u00e3o Jo\u00e3o do Oeste &#8211; SC &#8211; CEP: 89897-000<br \/>Telefone: (49) 3636-1258<br \/><em>e-mail<\/em>: <a href=\"mailto:dpsaojoaodooeste@pc.sc.gov.br\">dpsaojoaodooeste@pc.sc.gov.br<\/a><\/p><p><strong>S\u00e3o Jos\u00e9 do Cedro &#8211; Delegacia de Pol\u00edcia da Comarca<\/strong><br \/>Rua Padre Aur\u00e9lio, 376 &#8211; Centro<br \/>S\u00e3o Jos\u00e9 do Cedro &#8211; SC &#8211; CEP: 89930-000<br \/>Telefone: (49) 3644-3364 \/ 3644-3366<br \/><em>e-mail<\/em>: <a href=\"mailto:dpsaojosedocedro@pc.sc.gov.br\">dpsaojosedocedro@pc.sc.gov.br<\/a><\/p><p><strong>S\u00e3o Miguel do Oeste &#8211; Delegacia de Pol\u00edcia da Comarca<\/strong><br \/>Rua Rudolfo Spier, 320 &#8211; Sagrado Cora\u00e7\u00e3o de Jesus<br \/>S\u00e3o Miguel do Oeste &#8211; SC &#8211; CEP: 89900-000<br \/>Telefone: (49) 3622-0190 \/ 3621-1306<br \/><em>e-mail<\/em>: <a href=\"mailto:dpsmo@pc.sc.gov.br\">dpsaomigueldooeste@pc.sc.gov.br<\/a><\/p><p><strong>S\u00e3o Miguel do Oeste &#8211; Delegacia de Prote\u00e7\u00e3o \u00e0 Crian\u00e7a, Adolescente, Mulher e Idoso\u00a0&#8211; DPCAMI<\/strong><br \/>Rua Marques do Herval, n\u00ba 188, Bairro Centro,<br \/>S\u00e3o Miguel do Oeste &#8211; SC &#8211; CEP: 89900-000<br \/>Telefone: (49) 3622-6546<br \/>Ramal externo:\u00a000113491<br \/>e-mail: <a href=\"mailto:dpcamisaomigueldooeste@pc.sc.gov.br\">dpcamisaomigueldooeste@pc.sc.gov.br<\/a><\/p><p><strong>S\u00e3o Miguel do Oeste &#8211; Delegacia de Investiga\u00e7\u00e3o Criminal &#8211; DIC<\/strong><br \/>Rua Rudolfo Spier, 280 &#8211; Sagrado Cora\u00e7\u00e3o de Jesus<br \/>S\u00e3o Miguel do Oeste &#8211; SC &#8211; CEP: 89900-000<br \/>Telefone: (49) 3622-4213<br \/><em>e-mail<\/em>: <a href=\"mailto:dicsaomigueldooeste@pc.sc.gov.br\">dicsaomigueldooeste@pc.sc.gov.br<\/a><\/p><p><strong>Tun\u00e1polis &#8211; Delegacia de Pol\u00edcia do Munic\u00edpio<\/strong><br \/>Rua Albino Frantz, 68 &#8211; Centro<br \/>Tun\u00e1polis &#8211; SC &#8211; CEP: 89898-000<br \/>Telefone: (49) 3472-5074<br \/><em>e-mail<\/em>: <a href=\"mailto:dptunapolis@pc.sc.gov.br\">dptunapolis@pc.sc.gov.br<\/a><\/p><\/div>\t\t\t\t\t\t\t\t<\/div>\n\t\t\t\t<\/div>\n\t\t\t\t\t<\/div>\n\t\t<\/div>\n\t\t\t\t\t<\/div>\n\t\t<\/section>\n\t\t\t\t<\/div>\n\t\t","protected":false},"excerpt":{"rendered":"<p>13\u00aa DRP &#8211; S\u00e3o Miguel do Oeste 13\u00aa &#8211; Delegacia Regional de Pol\u00edcia &#8211; S\u00e3o Miguel do OesteRua Waldemar Rangrab, 569 &#8211; CentroS\u00e3o Miguel do Oeste &#8211; SC &#8211; CEP: 89900-000Telefone: (49) 3622-6081 \/ 3622-6494 \/ 3622-6031 \/ 3622-6040e-mail: drpsaomigueldooeste@pc.sc.gov.brAtendimento ao p\u00fablico: 12h \u00e0s 19h Anchieta &#8211; Delegacia de Pol\u00edcia da Comarca Rua Domingos Dal [&hellip;]<\/p>\n","protected":false},"author":1,"featured_media":0,"parent":83,"menu_order":0,"comment_status":"closed","ping_status":"closed","template":"elementor_header_footer","meta":{"_monsterinsights_skip_tracking":false,"_monsterinsights_sitenote_active":false,"_monsterinsights_sitenote_note":"","_monsterinsights_sitenote_category":0,"footnotes":""},"class_list":["post-399","page","type-page","status-publish","hentry"],"_links":{"self":[{"href":"https:\/\/pc.sc.gov.br\/index.php?rest_route=\/wp\/v2\/pages\/399","targetHints":{"allow":["GET"]}}],"collection":[{"href":"https:\/\/pc.sc.gov.br\/index.php?rest_route=\/wp\/v2\/pages"}],"about":[{"href":"https:\/\/pc.sc.gov.br\/index.php?rest_route=\/wp\/v2\/types\/page"}],"author":[{"embeddable":true,"href":"https:\/\/pc.sc.gov.br\/index.php?rest_route=\/wp\/v2\/users\/1"}],"replies":[{"embeddable":true,"href":"https:\/\/pc.sc.gov.br\/index.php?rest_route=%2Fwp%2Fv2%2Fcomments&post=399"}],"version-history":[{"count":19,"href":"https:\/\/pc.sc.gov.br\/index.php?rest_route=\/wp\/v2\/pages\/399\/revisions"}],"predecessor-version":[{"id":33913,"href":"https:\/\/pc.sc.gov.br\/index.php?rest_route=\/wp\/v2\/pages\/399\/revisions\/33913"}],"up":[{"embeddable":true,"href":"https:\/\/pc.sc.gov.br\/index.php?rest_route=\/wp\/v2\/pages\/83"}],"wp:attachment":[{"href":"https:\/\/pc.sc.gov.br\/index.php?rest_route=%2Fwp%2Fv2%2Fmedia&parent=399"}],"curies":[{"name":"wp","href":"https:\/\/api.w.org\/{rel}","templated":true}]}}