{"id":413,"date":"2022-10-18T16:22:31","date_gmt":"2022-10-18T19:22:31","guid":{"rendered":"https:\/\/pc.sc.gov.br\/?page_id=413"},"modified":"2026-02-05T13:24:55","modified_gmt":"2026-02-05T16:24:55","slug":"21-jaragua-do-sul-15-drp","status":"publish","type":"page","link":"https:\/\/pc.sc.gov.br\/?page_id=413","title":{"rendered":"21-jaragua-do-sul-15-drp"},"content":{"rendered":"\t\t<div data-elementor-type=\"wp-page\" data-elementor-id=\"413\" class=\"elementor elementor-413\" data-elementor-post-type=\"page\">\n\t\t\t\t\t\t<section class=\"elementor-section elementor-top-section elementor-element elementor-element-fc0b167 elementor-section-boxed elementor-section-height-default elementor-section-height-default\" data-id=\"fc0b167\" data-element_type=\"section\">\n\t\t\t\t\t\t<div class=\"elementor-container elementor-column-gap-default\">\n\t\t\t\t\t<div class=\"elementor-column elementor-col-100 elementor-top-column elementor-element elementor-element-b076fcf\" data-id=\"b076fcf\" data-element_type=\"column\">\n\t\t\t<div class=\"elementor-widget-wrap elementor-element-populated\">\n\t\t\t\t\t\t<div class=\"elementor-element elementor-element-3b3595e elementor-widget elementor-widget-heading\" data-id=\"3b3595e\" data-element_type=\"widget\" data-widget_type=\"heading.default\">\n\t\t\t\t<div class=\"elementor-widget-container\">\n\t\t\t\t\t<h2 class=\"elementor-heading-title elementor-size-default\">15\u00aa DRP - Jaragu\u00e1 do Sul<\/h2>\t\t\t\t<\/div>\n\t\t\t\t<\/div>\n\t\t\t\t\t<\/div>\n\t\t<\/div>\n\t\t\t\t\t<\/div>\n\t\t<\/section>\n\t\t\t\t<section class=\"elementor-section elementor-top-section elementor-element elementor-element-47b1074 elementor-section-boxed elementor-section-height-default elementor-section-height-default\" data-id=\"47b1074\" data-element_type=\"section\">\n\t\t\t\t\t\t<div class=\"elementor-container elementor-column-gap-default\">\n\t\t\t\t\t<div class=\"elementor-column elementor-col-100 elementor-top-column elementor-element elementor-element-e7963c0\" data-id=\"e7963c0\" data-element_type=\"column\">\n\t\t\t<div class=\"elementor-widget-wrap elementor-element-populated\">\n\t\t\t\t\t\t<div class=\"elementor-element elementor-element-6a2d35c elementor-widget elementor-widget-text-editor\" data-id=\"6a2d35c\" data-element_type=\"widget\" data-widget_type=\"text-editor.default\">\n\t\t\t\t<div class=\"elementor-widget-container\">\n\t\t\t\t\t\t\t\t\t<div><p><strong>15\u00aa &#8211; Delegacia Regional de Pol\u00edcia &#8211; Jaragu\u00e1 do Sul<\/strong><br \/>Rua Emmerich Ruysan, 85 &#8211; Vila Nova<br \/>Jaragu\u00e1 do Sul &#8211; SC &#8211; CEP: 89259-350<br \/>Telefone: (47) 3370-8383 \/ 3370-7948 \/ 3370-8351<br \/><em>e-mail<\/em>: <a href=\"mailto:drpjaraguadosul@pc.sc.gov.br\">drpjaraguadosul@pc.sc.gov.br<\/a><br \/><strong>Atendimento ao p\u00fablico: das 10h \u00e0s 18h.<\/strong><\/p><p><strong>Corup\u00e1 &#8211; Delegacia de Pol\u00edcia do Munic\u00edpio<\/strong><br \/>Rua Francisco Mess, 479 &#8211; Centro<br \/>Corup\u00e1 &#8211; SC &#8211; CEP: 89280-000<br \/>Telefone: (47) 3726-9480 \/ 3276-9483<br \/>Ramal externo: 02469480 \/ 02469483<br \/><em>e-mail<\/em>: <a href=\"mailto:dpcorupa@pc.sc.gov.br\">dpcorupa@pc.sc.gov.br<\/a><\/p><p><strong>Guaramirim &#8211; Delegacia de Pol\u00edcia da Comarca<\/strong><br \/>Rua Irineu Vilela Veiga, 93 &#8211; Centro<br \/>Guaramirim &#8211; SC &#8211; CEP: 89270-000<br \/>Telefone: (47) 3276-9358<br \/><em>e-mail<\/em>: <a href=\"mailto:dpguaramirim@pc.sc.gov.br\">dpguaramirim@pc.sc.gov.br<\/a><\/p><p><strong>Guaramirim &#8211; Delegacia de Prote\u00e7\u00e3o \u00e0 Crian\u00e7a, ao Adolescente, \u00e0 Mulher e ao Idoso &#8211; DPCAMI<\/strong><br \/>Rua Irineu Vilela Veiga, 93 &#8211; Centro<br \/>Guaramirim &#8211; SC &#8211; CEP: 89270-000<br \/>Telefone: (47) 3373-0222<br \/><em>e-mail<\/em>: <a href=\"mailto:dpcamiguaramirim@pc.sc.gov.br\">dpcamiguaramirim@pc.sc.gov.br<\/a><\/p><p><strong>Jaragu\u00e1 do Sul &#8211; 1\u00aa Delegacia de Pol\u00edcia da Comarca<\/strong><br \/>Rua Manoel Luiz da Silva, 230 &#8211; Vila Nova<br \/>Jaragu\u00e1 do Sul &#8211; SC &#8211; CEP: 89259-360<br \/>Telefone: (47) 3276-9572<br \/><em>e-mail<\/em>: <a href=\"mailto:dpjaraguadosul@pc.sc.gov.br\">dpjaraguadosul@pc.sc.gov.br<\/a><\/p><\/div><p><strong><br \/>Jaragu\u00e1 do Sul &#8211; 2\u00aa Delegacia de Pol\u00edcia da Comarca<\/strong><br \/>Rua Manoel Luiz da Silva, 230 &#8211; Vila Nova<br \/>Jaragu\u00e1 do Sul &#8211; SC &#8211; CEP: 89259-360<br \/>Telefone: (47) 3276-9572<br \/><em>e-mail<\/em>: <a href=\"mailto:2dpjaraguadosul@pc.sc.gov.br\">2dpjaraguadosul@pc.sc.gov.br<\/a><\/p><div><p><strong>Jaragu\u00e1 do Sul &#8211; Delegacia de Prote\u00e7\u00e3o \u00e0 Crian\u00e7a, ao Adolescente e \u00e0 Pessoa Idosa &#8211; DPCAI<\/strong><br \/>Rua Emmerich Ruysam, 33 &#8211; Vila Nova<br \/>Jaragu\u00e1 do Sul &#8211; SC &#8211; CEP: 89259-350<br \/>Telefone: (47) 3276-9552<br \/><em>e-mail<\/em>: <a href=\"mailto:dpcaijaraguadosul@pc.sc.gov.br\">dpcaijaraguadosul@pc.sc.gov.br<\/a><br \/><br \/><strong>Jaragu\u00e1 do Sul &#8211; Delegacia Especializada no Atendimento \u00e0 Mulher &#8211; DEAM<\/strong><br \/>Rua Emmerich Ruysam, 33 &#8211; Vila Nova<br \/>Jaragu\u00e1 do Sul &#8211; SC &#8211; CEP: 89259-350<br \/>Telefone: (47) 3276-9552<br \/><em>e-mail<\/em>: <a href=\"mailto:deamjaraguadosul@pc.sc.gov.br\">deamjaraguadosul@pc.sc.gov.br<\/a><\/p><p><strong>Jaragu\u00e1 do Sul &#8211; Divis\u00e3o de Investiga\u00e7\u00e3o Criminal &#8211; DIC<\/strong><br \/>Rua Anita Garibaldi, 136-1 &#8211; Centro<br \/>Jaragu\u00e1 do Sul &#8211; SC &#8211; CEP: 89251-130<br \/>Telefone: (47) 3276-9477<br \/>Ramail externo:\u00a002469478<br \/><em>e-mail<\/em>: <a href=\"mailto:dicjaraguadosul@pc.sc.gov.br\">dicjaraguadosul@pc.sc.gov.br<\/a><\/p><p><strong>Massaranduba &#8211; Delegacia de Pol\u00edcia do Munic\u00edpio<\/strong><br \/>Rua Victor Bramorski, 748 &#8211; Centro<br \/>Massaranduba &#8211; SC &#8211; CEP: 89108-000<br \/>Telefone: (47) 3276-9281<br \/><em>e-mail<\/em>: <a href=\"mailto:dpmassaranduba@pc.sc.gov.br\">dpmassaranduba@pc.sc.gov.br<\/a><\/p><p><strong>Schroeder &#8211; Delegacia de Pol\u00edcia do Munic\u00edpio<\/strong><br \/>Rua Paulo Jahn, 35 &#8211; Centro<br \/>Schroeder &#8211; SC &#8211; CEP: 89275-000<br \/>Telefone: (47) 3276-9327<br \/><em>e-mail<\/em>: <a href=\"mailto:dpschroeder@pc.sc.gov.br\">dpschroeder@pc.sc.gov.br<\/a><\/p><\/div>\t\t\t\t\t\t\t\t<\/div>\n\t\t\t\t<\/div>\n\t\t\t\t\t<\/div>\n\t\t<\/div>\n\t\t\t\t\t<\/div>\n\t\t<\/section>\n\t\t\t\t<\/div>\n\t\t","protected":false},"excerpt":{"rendered":"<p>15\u00aa DRP &#8211; Jaragu\u00e1 do Sul 15\u00aa &#8211; Delegacia Regional de Pol\u00edcia &#8211; Jaragu\u00e1 do SulRua Emmerich Ruysan, 85 &#8211; Vila NovaJaragu\u00e1 do Sul &#8211; SC &#8211; CEP: 89259-350Telefone: (47) 3370-8383 \/ 3370-7948 \/ 3370-8351e-mail: drpjaraguadosul@pc.sc.gov.brAtendimento ao p\u00fablico: das 10h \u00e0s 18h. Corup\u00e1 &#8211; Delegacia de Pol\u00edcia do Munic\u00edpioRua Francisco Mess, 479 &#8211; CentroCorup\u00e1 &#8211; [&hellip;]<\/p>\n","protected":false},"author":1,"featured_media":0,"parent":83,"menu_order":0,"comment_status":"closed","ping_status":"closed","template":"elementor_header_footer","meta":{"_monsterinsights_skip_tracking":false,"_monsterinsights_sitenote_active":false,"_monsterinsights_sitenote_note":"","_monsterinsights_sitenote_category":0,"footnotes":""},"class_list":["post-413","page","type-page","status-publish","hentry"],"_links":{"self":[{"href":"https:\/\/pc.sc.gov.br\/index.php?rest_route=\/wp\/v2\/pages\/413","targetHints":{"allow":["GET"]}}],"collection":[{"href":"https:\/\/pc.sc.gov.br\/index.php?rest_route=\/wp\/v2\/pages"}],"about":[{"href":"https:\/\/pc.sc.gov.br\/index.php?rest_route=\/wp\/v2\/types\/page"}],"author":[{"embeddable":true,"href":"https:\/\/pc.sc.gov.br\/index.php?rest_route=\/wp\/v2\/users\/1"}],"replies":[{"embeddable":true,"href":"https:\/\/pc.sc.gov.br\/index.php?rest_route=%2Fwp%2Fv2%2Fcomments&post=413"}],"version-history":[{"count":43,"href":"https:\/\/pc.sc.gov.br\/index.php?rest_route=\/wp\/v2\/pages\/413\/revisions"}],"predecessor-version":[{"id":36159,"href":"https:\/\/pc.sc.gov.br\/index.php?rest_route=\/wp\/v2\/pages\/413\/revisions\/36159"}],"up":[{"embeddable":true,"href":"https:\/\/pc.sc.gov.br\/index.php?rest_route=\/wp\/v2\/pages\/83"}],"wp:attachment":[{"href":"https:\/\/pc.sc.gov.br\/index.php?rest_route=%2Fwp%2Fv2%2Fmedia&parent=413"}],"curies":[{"name":"wp","href":"https:\/\/api.w.org\/{rel}","templated":true}]}}