{"id":432,"date":"2022-10-18T16:29:47","date_gmt":"2022-10-18T19:29:47","guid":{"rendered":"https:\/\/pc.sc.gov.br\/?page_id=432"},"modified":"2026-04-16T15:02:52","modified_gmt":"2026-04-16T18:02:52","slug":"10-brusque-17-drp","status":"publish","type":"page","link":"https:\/\/pc.sc.gov.br\/?page_id=432","title":{"rendered":"10-brusque-17-drp"},"content":{"rendered":"\t\t<div data-elementor-type=\"wp-page\" data-elementor-id=\"432\" class=\"elementor elementor-432\" data-elementor-post-type=\"page\">\n\t\t\t\t\t\t<section class=\"elementor-section elementor-top-section elementor-element elementor-element-6c059e4 elementor-section-boxed elementor-section-height-default elementor-section-height-default\" data-id=\"6c059e4\" data-element_type=\"section\">\n\t\t\t\t\t\t<div class=\"elementor-container elementor-column-gap-default\">\n\t\t\t\t\t<div class=\"elementor-column elementor-col-100 elementor-top-column elementor-element elementor-element-d9cbf0b\" data-id=\"d9cbf0b\" data-element_type=\"column\">\n\t\t\t<div class=\"elementor-widget-wrap elementor-element-populated\">\n\t\t\t\t\t\t<div class=\"elementor-element elementor-element-4ba09f4 elementor-widget elementor-widget-heading\" data-id=\"4ba09f4\" data-element_type=\"widget\" data-widget_type=\"heading.default\">\n\t\t\t\t<div class=\"elementor-widget-container\">\n\t\t\t\t\t<h2 class=\"elementor-heading-title elementor-size-default\">17\u00aa DRP - Brusque<\/h2>\t\t\t\t<\/div>\n\t\t\t\t<\/div>\n\t\t\t\t<div class=\"elementor-element elementor-element-2b29bfb elementor-widget elementor-widget-text-editor\" data-id=\"2b29bfb\" data-element_type=\"widget\" data-widget_type=\"text-editor.default\">\n\t\t\t\t<div class=\"elementor-widget-container\">\n\t\t\t\t\t\t\t\t\t<div><p><strong>17\u00aa &#8211; Delegacia Regional de Pol\u00edcia &#8211; Brusque<\/strong><br \/>Rua Pedro Werner, 98 &#8211; Centro<br \/>Brusque &#8211; SC &#8211; CEP: 88354-000<br \/>Telefone: (47) 3251-8324<br \/><em>e-mail<\/em>: <a href=\"mailto:drpbrusque@pc.sc.gov.br\">drpbrusque@pc.sc.gov.br<\/a><br \/><strong>Atendimento ao p\u00fablico: 12h \u00e0s 19h<\/strong><\/p><p><strong>Botuver\u00e1 &#8211; Delegacia de Policia do Munic\u00edpio<\/strong><br \/>Rua Jo\u00e3o Morelli, 16 &#8211; Centro<br \/>Botuver\u00e1 &#8211; SC &#8211; CEP: 88370-000<br \/>Telefone: (47) 3359-1211 \/ 3359-1190<br \/><em>e-mail<\/em>: <a href=\"mailto:dpbotuvera@pc.sc.gov.br\">dpbotuvera@pc.sc.gov.br<\/a><br \/><strong>Atendimento ao p\u00fablico: 8h \u00e0s 12h e 14h \u00e0s 18h<\/strong><\/p><p><strong>Brusque &#8211; 1\u00aa Delegacia de Pol\u00edcia da Comarca<\/strong><br \/>Rua do Convento, 49 &#8211; Centro<br \/>Brusque &#8211; SC &#8211; CEP: 88350-380<br \/>Telefone: (47) 3251-8164<br \/><em>e-mail<\/em>: <a href=\"mailto:dpbrusque@pc.sc.gov.br\">dpbrusque@pc.sc.gov.br<\/a><br \/>Atendimento ao p\u00fablico: 12h \u00e0s 19h<\/p><p><strong>Brusque &#8211; 2\u00aa Delegacia de Pol\u00edcia da Comarca<\/strong><br \/>Rua do Convento, 49 &#8211; Centro<br \/>Brusque &#8211; SC &#8211; CEP: 88350-380<br \/>Telefone: (47) 3251-8164<br \/><em>e-mail<\/em>: 2dpbrusque@pc.sc.gov.br<br \/>Atendimento ao p\u00fablico: 12h \u00e0s 19h<\/p><p><strong>Brusque &#8211; Delegacia Especializada no Atendimento \u00e0 Mulher &#8211; DEAM<\/strong><br \/>Rua do Convento, 49 &#8211; Centro<br \/>Brusque &#8211; SC &#8211; CEP: 88350-380<br \/>Telefone: (47) 3251-8311<br \/><em>e-mail<\/em>: <a href=\"mailto:deambrusque@pc.sc.gov.br\" target=\"_blank\" rel=\"noopener\">deambrusque@pc.sc.gov.br<\/a> <br \/><strong>Atendimento ao p\u00fablico: 12h \u00e0s 19h<\/strong><\/p><p><strong>Brusque &#8211; Delegacia de Prote\u00e7\u00e3o \u00e0 Crian\u00e7a, ao Adolescente e \u00e0 Pessoa Idosa &#8211; DPCAI<\/strong><br \/>Rua do Convento, 49 &#8211; Centro<br \/>Brusque &#8211; SC &#8211; CEP: 88350-380<br \/>Telefone: (47) 3251-8311<br \/><em>e-mail<\/em>: <a href=\"mailto:dpcaibrusque@pc.sc.gov.br\" target=\"_blank\" rel=\"noopener\">dpcaibrusque@pc.sc.gov.br<\/a> <br \/><strong>Atendimento ao p\u00fablico: 12h \u00e0s 19h<\/strong><\/p><p><strong>Brusque &#8211; Divis\u00e3o de Investiga\u00e7\u00e3o Criminal (DIC)<\/strong><br \/>Rua Humberto Matolli, n\u00ba 45, Centro, Brusque (Pra\u00e7a Sesquicenten\u00e1rio);<br \/>Brusque &#8211; SC &#8211; CEP: 88350-380<br \/>Telefone: (apenas Whatsapp) (47) 3251-8301<br \/><em>e-mail<\/em>: d<a href=\"mailto:icbrusque@pc.sc.gov.br\">icbrusque@pc.sc.gov.br<\/a>\u00a0<br \/><strong>Atendimento ao p\u00fablico: 12h \u00e0s 19h\u00a0<\/strong><\/p><p><strong>Guabiruba &#8211; Delegacia de Policia do Munic\u00edpio<\/strong><br \/>Rua Jos\u00e9 Fischer, 123 &#8211; Centro<br \/>Guabiruba &#8211; SC &#8211; CEP: 88360-000<br \/>Telefone: (47) 3354-0190 \/ (47) 3251-8181<br \/><em>e-mail<\/em>: <a href=\"mailto:dpguabiruba@pc.sc.gov.br\">dpguabiruba@pc.sc.gov.br<\/a><br \/><strong>Atendimento ao p\u00fablico: 8h \u00e0s 12h e 14h \u00e0s 18h<\/strong><\/p><p><strong>Major Gercino &#8211; Delegacia de Policia do Munic\u00edpio<\/strong><br \/>Rua Joaquim Silveira, 357 &#8211; Centro<br \/>Major Gercino &#8211; SC &#8211; CEP: 88260-000<br \/>Telefone: (48) 3665-5587<br \/>Ramal externo:\u00a001855587<br \/><em>e-mail<\/em>: <a href=\"mailto:dpmajorgercino@pc.sc.gov.br\">dpmajorgercino@pc.sc.gov.br<\/a><br \/><strong>Atendimento ao p\u00fablico: 8h \u00e0s 12h e 14h \u00e0s 18h<\/strong><\/p><p><strong>Nova Trento &#8211; Delegacia de Policia do Munic\u00edpio<\/strong><br \/>Rua Hip\u00f3lito Boiteux, 71 &#8211; Centro<br \/>Nova Trento &#8211; SC &#8211; CEP: 88270-000<br \/>Telefone: (48) 3267-0190<br \/><em>e-mail<\/em>: <a href=\"mailto:giovanit@pc.sc.gov.br\">dpnovatrento@pc.sc.gov.br<\/a><br \/><strong>Atendimento ao p\u00fablico: 12h \u00e0s 19h<\/strong><\/p><p><strong>S\u00e3o Jo\u00e3o Batista &#8211; Delegacia de Policia da Comarca<\/strong><br \/>Rua Marechal Floriano Peixoto, 124 &#8211; Centro<br \/>S\u00e3o Jo\u00e3o Batista &#8211; SC &#8211; CEP: 88240-000<br \/>Telefone: (48) 3265-0505 \/ 3265-0533<br \/><em>e-mail<\/em>: <a href=\"mailto:dpsaojoaobatista@pc.sc.gov.br\">dpsaojoaobatista@pc.sc.gov.br<\/a><br \/><strong>Atendimento ao p\u00fablico: 12h \u00e0s 19h<\/strong><\/p><\/div>\t\t\t\t\t\t\t\t<\/div>\n\t\t\t\t<\/div>\n\t\t\t\t\t<\/div>\n\t\t<\/div>\n\t\t\t\t\t<\/div>\n\t\t<\/section>\n\t\t\t\t<\/div>\n\t\t","protected":false},"excerpt":{"rendered":"<p>17\u00aa DRP &#8211; Brusque 17\u00aa &#8211; Delegacia Regional de Pol\u00edcia &#8211; BrusqueRua Pedro Werner, 98 &#8211; CentroBrusque &#8211; SC &#8211; CEP: 88354-000Telefone: (47) 3251-8324e-mail: drpbrusque@pc.sc.gov.brAtendimento ao p\u00fablico: 12h \u00e0s 19h Botuver\u00e1 &#8211; Delegacia de Policia do Munic\u00edpioRua Jo\u00e3o Morelli, 16 &#8211; CentroBotuver\u00e1 &#8211; SC &#8211; CEP: 88370-000Telefone: (47) 3359-1211 \/ 3359-1190e-mail: dpbotuvera@pc.sc.gov.brAtendimento ao p\u00fablico: 8h [&hellip;]<\/p>\n","protected":false},"author":1,"featured_media":0,"parent":83,"menu_order":0,"comment_status":"closed","ping_status":"closed","template":"elementor_header_footer","meta":{"_monsterinsights_skip_tracking":false,"_monsterinsights_sitenote_active":false,"_monsterinsights_sitenote_note":"","_monsterinsights_sitenote_category":0,"footnotes":""},"class_list":["post-432","page","type-page","status-publish","hentry"],"_links":{"self":[{"href":"https:\/\/pc.sc.gov.br\/index.php?rest_route=\/wp\/v2\/pages\/432","targetHints":{"allow":["GET"]}}],"collection":[{"href":"https:\/\/pc.sc.gov.br\/index.php?rest_route=\/wp\/v2\/pages"}],"about":[{"href":"https:\/\/pc.sc.gov.br\/index.php?rest_route=\/wp\/v2\/types\/page"}],"author":[{"embeddable":true,"href":"https:\/\/pc.sc.gov.br\/index.php?rest_route=\/wp\/v2\/users\/1"}],"replies":[{"embeddable":true,"href":"https:\/\/pc.sc.gov.br\/index.php?rest_route=%2Fwp%2Fv2%2Fcomments&post=432"}],"version-history":[{"count":34,"href":"https:\/\/pc.sc.gov.br\/index.php?rest_route=\/wp\/v2\/pages\/432\/revisions"}],"predecessor-version":[{"id":37958,"href":"https:\/\/pc.sc.gov.br\/index.php?rest_route=\/wp\/v2\/pages\/432\/revisions\/37958"}],"up":[{"embeddable":true,"href":"https:\/\/pc.sc.gov.br\/index.php?rest_route=\/wp\/v2\/pages\/83"}],"wp:attachment":[{"href":"https:\/\/pc.sc.gov.br\/index.php?rest_route=%2Fwp%2Fv2%2Fmedia&parent=432"}],"curies":[{"name":"wp","href":"https:\/\/api.w.org\/{rel}","templated":true}]}}