{"id":45,"date":"2022-10-14T15:49:02","date_gmt":"2022-10-14T18:49:02","guid":{"rendered":"https:\/\/pc.sc.gov.br\/?page_id=45"},"modified":"2022-12-02T13:07:43","modified_gmt":"2022-12-02T16:07:43","slug":"institucional","status":"publish","type":"page","link":"https:\/\/pc.sc.gov.br\/?page_id=45","title":{"rendered":"Institucional"},"content":{"rendered":"\t\t<div data-elementor-type=\"wp-page\" data-elementor-id=\"45\" class=\"elementor elementor-45\" data-elementor-post-type=\"page\">\n\t\t\t\t\t\t<section class=\"elementor-section elementor-top-section elementor-element elementor-element-8303576 elementor-section-full_width elementor-section-content-middle elementor-section-height-default elementor-section-height-default\" data-id=\"8303576\" data-element_type=\"section\" data-settings=\"{&quot;background_background&quot;:&quot;classic&quot;}\">\n\t\t\t\t\t\t<div class=\"elementor-container elementor-column-gap-default\">\n\t\t\t\t\t<div class=\"elementor-column elementor-col-100 elementor-top-column elementor-element elementor-element-8e4de63\" data-id=\"8e4de63\" data-element_type=\"column\">\n\t\t\t<div class=\"elementor-widget-wrap elementor-element-populated\">\n\t\t\t\t\t\t<section class=\"elementor-section elementor-inner-section elementor-element elementor-element-27fe3af elementor-section-boxed elementor-section-height-default elementor-section-height-default\" data-id=\"27fe3af\" data-element_type=\"section\">\n\t\t\t\t\t\t<div class=\"elementor-container elementor-column-gap-default\">\n\t\t\t\t\t<div class=\"elementor-column elementor-col-50 elementor-inner-column elementor-element elementor-element-67b7de2\" data-id=\"67b7de2\" data-element_type=\"column\">\n\t\t\t<div class=\"elementor-widget-wrap elementor-element-populated\">\n\t\t\t\t\t\t<div class=\"elementor-element elementor-element-22468be elementor-widget elementor-widget-image\" data-id=\"22468be\" data-element_type=\"widget\" data-widget_type=\"image.default\">\n\t\t\t\t<div class=\"elementor-widget-container\">\n\t\t\t\t\t\t\t\t\t\t\t\t\t\t\t<img fetchpriority=\"high\" decoding=\"async\" width=\"696\" height=\"606\" src=\"https:\/\/pc.sc.gov.br\/\/wp-content\/uploads\/2022\/10\/logopcsc-1024x892.png\" class=\"attachment-large size-large wp-image-675\" alt=\"\" srcset=\"https:\/\/pc.sc.gov.br\/\/wp-content\/uploads\/2022\/10\/logopcsc-1024x892.png 1024w, https:\/\/pc.sc.gov.br\/\/wp-content\/uploads\/2022\/10\/logopcsc-300x261.png 300w, https:\/\/pc.sc.gov.br\/\/wp-content\/uploads\/2022\/10\/logopcsc-768x669.png 768w, https:\/\/pc.sc.gov.br\/\/wp-content\/uploads\/2022\/10\/logopcsc.png 1193w\" sizes=\"(max-width: 696px) 100vw, 696px\" \/>\t\t\t\t\t\t\t\t\t\t\t\t\t\t\t<\/div>\n\t\t\t\t<\/div>\n\t\t\t\t\t<\/div>\n\t\t<\/div>\n\t\t\t\t<div class=\"elementor-column elementor-col-50 elementor-inner-column elementor-element elementor-element-ac008ac\" data-id=\"ac008ac\" data-element_type=\"column\">\n\t\t\t<div class=\"elementor-widget-wrap elementor-element-populated\">\n\t\t\t\t\t\t<div class=\"elementor-element elementor-element-7999bef elementor-widget elementor-widget-text-editor\" data-id=\"7999bef\" data-element_type=\"widget\" data-widget_type=\"text-editor.default\">\n\t\t\t\t<div class=\"elementor-widget-container\">\n\t\t\t\t\t\t\t\t\tINSTITUCIONAL\t\t\t\t\t\t\t\t<\/div>\n\t\t\t\t<\/div>\n\t\t\t\t\t<\/div>\n\t\t<\/div>\n\t\t\t\t\t<\/div>\n\t\t<\/section>\n\t\t\t\t\t<\/div>\n\t\t<\/div>\n\t\t\t\t\t<\/div>\n\t\t<\/section>\n\t\t\t\t<section class=\"elementor-section elementor-top-section elementor-element elementor-element-12c4690 elementor-section-boxed elementor-section-height-default elementor-section-height-default\" data-id=\"12c4690\" data-element_type=\"section\">\n\t\t\t\t\t\t<div class=\"elementor-container elementor-column-gap-default\">\n\t\t\t\t\t<div class=\"elementor-column elementor-col-20 elementor-top-column elementor-element elementor-element-6ff4d02\" data-id=\"6ff4d02\" data-element_type=\"column\">\n\t\t\t<div class=\"elementor-widget-wrap elementor-element-populated\">\n\t\t\t\t\t\t<div class=\"elementor-element elementor-element-1efc20a elementor-view-default elementor-position-top elementor-mobile-position-top elementor-widget elementor-widget-icon-box\" data-id=\"1efc20a\" data-element_type=\"widget\" data-widget_type=\"icon-box.default\">\n\t\t\t\t<div class=\"elementor-widget-container\">\n\t\t\t\t\t\t\t<div class=\"elementor-icon-box-wrapper\">\n\n\t\t\t\t\t\t<div class=\"elementor-icon-box-icon\">\n\t\t\t\t<a href=\"https:\/\/sistemas.pc.sc.gov.br\/wordpress\/?page_id=36\" class=\"elementor-icon\" tabindex=\"-1\" aria-label=\"Pol\u00edcia Civil\">\n\t\t\t\t<i aria-hidden=\"true\" class=\"fas fa-shield-alt\"><\/i>\t\t\t\t<\/a>\n\t\t\t<\/div>\n\t\t\t\n\t\t\t\t\t\t<div class=\"elementor-icon-box-content\">\n\n\t\t\t\t\t\t\t\t\t<h3 class=\"elementor-icon-box-title\">\n\t\t\t\t\t\t<a href=\"https:\/\/sistemas.pc.sc.gov.br\/wordpress\/?page_id=36\" >\n\t\t\t\t\t\t\tPol\u00edcia Civil\t\t\t\t\t\t<\/a>\n\t\t\t\t\t<\/h3>\n\t\t\t\t\n\t\t\t\t\n\t\t\t<\/div>\n\t\t\t\n\t\t<\/div>\n\t\t\t\t\t\t<\/div>\n\t\t\t\t<\/div>\n\t\t\t\t\t<\/div>\n\t\t<\/div>\n\t\t\t\t<div class=\"elementor-column elementor-col-20 elementor-top-column elementor-element elementor-element-9fedc4d\" data-id=\"9fedc4d\" data-element_type=\"column\">\n\t\t\t<div class=\"elementor-widget-wrap elementor-element-populated\">\n\t\t\t\t\t\t<div class=\"elementor-element elementor-element-0e67224 elementor-view-default elementor-position-top elementor-mobile-position-top elementor-widget elementor-widget-icon-box\" data-id=\"0e67224\" data-element_type=\"widget\" data-widget_type=\"icon-box.default\">\n\t\t\t\t<div class=\"elementor-widget-container\">\n\t\t\t\t\t\t\t<div class=\"elementor-icon-box-wrapper\">\n\n\t\t\t\t\t\t<div class=\"elementor-icon-box-icon\">\n\t\t\t\t<a href=\"https:\/\/sistemas.pc.sc.gov.br\/wordpress\/?page_id=34\" class=\"elementor-icon\" tabindex=\"-1\" aria-label=\"atribui\u00e7\u00f5es\">\n\t\t\t\t<i aria-hidden=\"true\" class=\"fas fa-stream\"><\/i>\t\t\t\t<\/a>\n\t\t\t<\/div>\n\t\t\t\n\t\t\t\t\t\t<div class=\"elementor-icon-box-content\">\n\n\t\t\t\t\t\t\t\t\t<h3 class=\"elementor-icon-box-title\">\n\t\t\t\t\t\t<a href=\"https:\/\/sistemas.pc.sc.gov.br\/wordpress\/?page_id=34\" >\n\t\t\t\t\t\t\tatribui\u00e7\u00f5es\t\t\t\t\t\t<\/a>\n\t\t\t\t\t<\/h3>\n\t\t\t\t\n\t\t\t\t\n\t\t\t<\/div>\n\t\t\t\n\t\t<\/div>\n\t\t\t\t\t\t<\/div>\n\t\t\t\t<\/div>\n\t\t\t\t\t<\/div>\n\t\t<\/div>\n\t\t\t\t<div class=\"elementor-column elementor-col-20 elementor-top-column elementor-element elementor-element-015483c\" data-id=\"015483c\" data-element_type=\"column\">\n\t\t\t<div class=\"elementor-widget-wrap elementor-element-populated\">\n\t\t\t\t\t\t<div class=\"elementor-element elementor-element-5b02b27 elementor-view-default elementor-position-top elementor-mobile-position-top elementor-widget elementor-widget-icon-box\" data-id=\"5b02b27\" data-element_type=\"widget\" data-widget_type=\"icon-box.default\">\n\t\t\t\t<div class=\"elementor-widget-container\">\n\t\t\t\t\t\t\t<div class=\"elementor-icon-box-wrapper\">\n\n\t\t\t\t\t\t<div class=\"elementor-icon-box-icon\">\n\t\t\t\t<a href=\"https:\/\/sistemas.pc.sc.gov.br\/wordpress\/?page_id=43\" class=\"elementor-icon\" tabindex=\"-1\" aria-label=\"delegacia geral\">\n\t\t\t\t<i aria-hidden=\"true\" class=\"fas fa-user-shield\"><\/i>\t\t\t\t<\/a>\n\t\t\t<\/div>\n\t\t\t\n\t\t\t\t\t\t<div class=\"elementor-icon-box-content\">\n\n\t\t\t\t\t\t\t\t\t<h3 class=\"elementor-icon-box-title\">\n\t\t\t\t\t\t<a href=\"https:\/\/sistemas.pc.sc.gov.br\/wordpress\/?page_id=43\" >\n\t\t\t\t\t\t\tdelegacia geral\t\t\t\t\t\t<\/a>\n\t\t\t\t\t<\/h3>\n\t\t\t\t\n\t\t\t\t\n\t\t\t<\/div>\n\t\t\t\n\t\t<\/div>\n\t\t\t\t\t\t<\/div>\n\t\t\t\t<\/div>\n\t\t\t\t\t<\/div>\n\t\t<\/div>\n\t\t\t\t<div class=\"elementor-column elementor-col-20 elementor-top-column elementor-element elementor-element-b6764dd\" data-id=\"b6764dd\" data-element_type=\"column\">\n\t\t\t<div class=\"elementor-widget-wrap elementor-element-populated\">\n\t\t\t\t\t\t<div class=\"elementor-element elementor-element-c8627e8 elementor-view-default elementor-position-top elementor-mobile-position-top elementor-widget elementor-widget-icon-box\" data-id=\"c8627e8\" data-element_type=\"widget\" data-widget_type=\"icon-box.default\">\n\t\t\t\t<div class=\"elementor-widget-container\">\n\t\t\t\t\t\t\t<div class=\"elementor-icon-box-wrapper\">\n\n\t\t\t\t\t\t<div class=\"elementor-icon-box-icon\">\n\t\t\t\t<a href=\"https:\/\/sistemas.pc.sc.gov.br\/wordpress\/?page_id=40\" class=\"elementor-icon\" tabindex=\"-1\" aria-label=\"hist\u00f3ria\">\n\t\t\t\t<i aria-hidden=\"true\" class=\"fas fa-history\"><\/i>\t\t\t\t<\/a>\n\t\t\t<\/div>\n\t\t\t\n\t\t\t\t\t\t<div class=\"elementor-icon-box-content\">\n\n\t\t\t\t\t\t\t\t\t<h3 class=\"elementor-icon-box-title\">\n\t\t\t\t\t\t<a href=\"https:\/\/sistemas.pc.sc.gov.br\/wordpress\/?page_id=40\" >\n\t\t\t\t\t\t\thist\u00f3ria\t\t\t\t\t\t<\/a>\n\t\t\t\t\t<\/h3>\n\t\t\t\t\n\t\t\t\t\n\t\t\t<\/div>\n\t\t\t\n\t\t<\/div>\n\t\t\t\t\t\t<\/div>\n\t\t\t\t<\/div>\n\t\t\t\t\t<\/div>\n\t\t<\/div>\n\t\t\t\t<div class=\"elementor-column elementor-col-20 elementor-top-column elementor-element elementor-element-fb3c70c\" data-id=\"fb3c70c\" data-element_type=\"column\">\n\t\t\t<div class=\"elementor-widget-wrap elementor-element-populated\">\n\t\t\t\t\t\t<div class=\"elementor-element elementor-element-ef53ec8 elementor-view-default elementor-position-top elementor-mobile-position-top elementor-widget elementor-widget-icon-box\" data-id=\"ef53ec8\" data-element_type=\"widget\" data-widget_type=\"icon-box.default\">\n\t\t\t\t<div class=\"elementor-widget-container\">\n\t\t\t\t\t\t\t<div class=\"elementor-icon-box-wrapper\">\n\n\t\t\t\t\t\t<div class=\"elementor-icon-box-icon\">\n\t\t\t\t<a href=\"https:\/\/sistemas.pc.sc.gov.br\/wordpress\/?page_id=38\" class=\"elementor-icon\" tabindex=\"-1\" aria-label=\"mapa estrat\u00e9gico\">\n\t\t\t\t<i aria-hidden=\"true\" class=\"far fa-map\"><\/i>\t\t\t\t<\/a>\n\t\t\t<\/div>\n\t\t\t\n\t\t\t\t\t\t<div class=\"elementor-icon-box-content\">\n\n\t\t\t\t\t\t\t\t\t<h3 class=\"elementor-icon-box-title\">\n\t\t\t\t\t\t<a href=\"https:\/\/sistemas.pc.sc.gov.br\/wordpress\/?page_id=38\" >\n\t\t\t\t\t\t\tmapa estrat\u00e9gico\t\t\t\t\t\t<\/a>\n\t\t\t\t\t<\/h3>\n\t\t\t\t\n\t\t\t\t\n\t\t\t<\/div>\n\t\t\t\n\t\t<\/div>\n\t\t\t\t\t\t<\/div>\n\t\t\t\t<\/div>\n\t\t\t\t\t<\/div>\n\t\t<\/div>\n\t\t\t\t\t<\/div>\n\t\t<\/section>\n\t\t\t\t<section class=\"elementor-section elementor-top-section elementor-element elementor-element-0b06c12 elementor-section-boxed elementor-section-height-default elementor-section-height-default\" data-id=\"0b06c12\" data-element_type=\"section\">\n\t\t\t\t\t\t<div class=\"elementor-container elementor-column-gap-default\">\n\t\t\t\t\t<div class=\"elementor-column elementor-col-100 elementor-top-column elementor-element elementor-element-5af336b\" data-id=\"5af336b\" data-element_type=\"column\">\n\t\t\t<div class=\"elementor-widget-wrap elementor-element-populated\">\n\t\t\t\t\t\t<div class=\"elementor-element elementor-element-74b5160 elementor-widget elementor-widget-text-editor\" data-id=\"74b5160\" data-element_type=\"widget\" data-widget_type=\"text-editor.default\">\n\t\t\t\t<div class=\"elementor-widget-container\">\n\t\t\t\t\t\t\t\t\t<p>A\u00a0<strong>Pol\u00edcia Civil do Estado de Santa Catarina<\/strong>\u00a0possui como atribui\u00e7\u00f5es constitucionais, previstas no Artigo 144, \u00a7 4\u00ba da Constitui\u00e7\u00e3o Federal, e Artigo 106 da Constitui\u00e7\u00e3o Estadual, entre outras:<\/p><p>&#8211; Exercer as atividades de pol\u00edcia judici\u00e1ria e apurar as infra\u00e7\u00f5es penais no \u00e2mbito do territ\u00f3rio estadual, na forma da legisla\u00e7\u00e3o em vigor;<br \/>&#8211; Reprimir as infra\u00e7\u00f5es penais;<br \/>&#8211; Promover as per\u00edcias criminais e m\u00e9dico-legais necess\u00e1rias, requisitando-as aos \u00f3rg\u00e3os competentes;<br \/>&#8211; Proteger pessoas e bens e os direitos e garantias individuais;<br \/>&#8211; Manter servi\u00e7o diuturno de atendimento aos cidad\u00e3os;<br \/>&#8211; Custodiar provisoriamente pessoas presas, nos limites de sua compet\u00eancia;<br \/>&#8211; Participar dos Sistemas Nacionais de Identifica\u00e7\u00e3o Criminal, de Armas e Explosivos, de Roubos e Furtos de Ve\u00edculos Automotores, informa\u00e7\u00e3o e Intelig\u00eancia, e de outros, no \u00e2mbito da Seguran\u00e7a P\u00fablica;<br \/>&#8211; A fiscaliza\u00e7\u00e3o de jogos e divers\u00f5es p\u00fablicas.<br \/><br \/><strong>Carreiras policiais civis:<\/strong><\/p><p>&#8211; Delegado de Pol\u00edcia (Autoridade Policial);<br \/>&#8211; Agente de Pol\u00edcia (Agente da Autoridade Policial);<br \/>&#8211; Escriv\u00e3o de Pol\u00edcia (Agente da Autoridade Policial);<br \/>&#8211; Psic\u00f3logo Policial (Agente da Autoridade Policial);<br \/><br \/>A\u00a0<strong>Pol\u00edcia Civil do Estado de Santa Catarina<\/strong>\u00a0\u00e9 dirigida pelo Delegado Geral de Pol\u00edcia e desenvolve os servi\u00e7os p\u00fablicos da sua compet\u00eancia, atrav\u00e9s das Delegacias de Pol\u00edcia. As Delegacias de Pol\u00edcia est\u00e3o distribu\u00eddas pelo territ\u00f3rio estadual e s\u00e3o, nas suas circunscri\u00e7\u00f5es, o centro das investiga\u00e7\u00f5es e dos demais atos de Pol\u00edcia Judici\u00e1ria, al\u00e9m de servirem como pontos de atendimento e prote\u00e7\u00e3o \u00e0 popula\u00e7\u00e3o.<\/p><p><br \/>A estrutura administrativa contempla algumas diretorias, com finalidades espec\u00edficas:<br \/><br \/>&#8211; <strong>Diretoria de Intelig\u00eancia da Pol\u00edcia Civil &#8211; DIPC<\/strong>, com atribui\u00e7\u00e3o estadual, \u00e9 respons\u00e1vel por concentrar todas as informa\u00e7\u00f5es de intelig\u00eancia necess\u00e1rias a permitir tomada de decis\u00f5es por parte do Delegado Geral da Pol\u00edcia Civil. Sob sua responsabilidade, ainda, a manuten\u00e7\u00e3o e suporte do Sistema Integrado de Seguran\u00e7a P\u00fablica (SISP), no\u00a0 m\u00f3dulo Pol\u00edcia Civil, e todos os sistemas de rede l\u00f3gica, r\u00e1dio comunica\u00e7\u00e3o, estat\u00edstica, etc.<br \/><strong>&#8211; Diretoria Estadual de Investiga\u00e7\u00f5es Criminais &#8211; DEIC<\/strong>, com atribui\u00e7\u00e3o estadual, possui as seguintes divis\u00f5es: Divis\u00e3o de Furtos e Roubos de Ve\u00edculos (DFRV), Divis\u00e3o de Roubos e Antissequestros (DRAS), Divis\u00e3o de Repress\u00e3o ao Crime Organizado (DRACO), Divis\u00e3o de Estelionatos e Defrauda\u00e7\u00f5es (DD), Divis\u00e3o Especializada no Combate ao Narcotr\u00e1fico (DENARC), Divis\u00e3o de Combate aos Crimes Contra o Patrim\u00f4nio P\u00fablico (DCCPP) e a Divis\u00e3o de Combate a Lavagem de Dinheiro (LAB\/LD).<br \/>&#8211; <strong>Diretoria de Pol\u00edcia do Litoral &#8211; DPOL<\/strong>. Sua compet\u00eancia \u00e9 a regi\u00e3o litor\u00e2nea do Estado de Santa Catarina.<br \/>&#8211; <strong>Diretoria de Pol\u00edcia do Interior &#8211; DPOI<\/strong>. Sua compet\u00eancia \u00e9 a regi\u00e3o do interior do Estado de Santa Catarina, entre o litoral e fronteira.<br \/>&#8211; <strong>Diretoria de Pol\u00edcia de Fronteira -DIFRON<\/strong>. Sua compet\u00eancia \u00e9 a regi\u00e3o de fronteira com a Argentina.<br \/>&#8211; <strong>Diretoria de Pol\u00edcia da Grande Florian\u00f3polis &#8211; DPGF<\/strong>. Sua compet\u00eancia \u00e9 regi\u00e3o da grande Florian\u00f3polis.<br \/>&#8211; <strong>Academia da Pol\u00edcia Civil \u2013 ACADEPOL<\/strong>. \u00d3rg\u00e3o de forma\u00e7\u00e3o das carreiras policiais civis, bem como sua capacita\u00e7\u00e3o e aperfei\u00e7oamento.<br \/>&#8211; <strong>Corregedoria Geral da Pol\u00edcia Civil. <\/strong>Possui como atribui\u00e7\u00e3o a orienta\u00e7\u00e3o e apura\u00e7\u00e3o de infra\u00e7\u00f5es disciplinares dos policiais civis.<br \/><br \/>Atualmente Santa Catarina conta com\u00a0459 unidades da Pol\u00edcia Civil, organizadas em\u00a030 Delegacias Regionais de Pol\u00edcia e Capital, por meio da Diretoria de Pol\u00edcia da Grande Florian\u00f3polis. A Pol\u00edcia Civil disp\u00f5e ainda do<strong> Servi\u00e7o Aeropolicial &#8211; SAER<\/strong>, possuindo duas aeronaves em opera\u00e7\u00e3o, estando uma localizada na regi\u00e3o sul do Estado, na cidade de Crici\u00fama, e outra na regi\u00e3o de fronteira, com base na cidade de Chapec\u00f3, cuja fun\u00e7\u00e3o \u00e9 de monitoramento e mapeamento a\u00e9reo, bem como auxiliar as equipes policiais em terra. A disposi\u00e7\u00e3o \u00e9 estrat\u00e9gica, tendo em vista que eram regi\u00f5es desprovidas deste tipo de servi\u00e7o &#8211; mesmo por parte de outras institui\u00e7\u00f5es.<br \/><br \/>Ressalta-se, ainda, a exist\u00eancia de ger\u00eancias, dentre as quais se pode citar a <strong>Ger\u00eancia de Gest\u00e3o de Pessoas<\/strong> e a <strong>Ger\u00eancia de Jogos e Divers\u00f5es<\/strong>, que \u00e9 respons\u00e1vel pela fiscaliza\u00e7\u00e3o dos espet\u00e1culos p\u00fablicos e concess\u00e3o de alvar\u00e1s para diversas atividades, como hot\u00e9is, pens\u00f5es, bares, teatros, cinemas, entre outras.<br \/><br \/>Das Delegacias de Pol\u00edcia Especializadas, destaca-se:<br \/><br \/>&#8211; Delegacias de Homic\u00eddios de Florian\u00f3polis e Joinville;<br \/>&#8211; Delegacia de Pessoas Desaparecidas &#8211; DPPD, em Florian\u00f3polis<br \/>&#8211; Delegacia de Prote\u00e7\u00e3o ao Turista &#8211; DPTUR, em Florian\u00f3polis;<br \/>&#8211; Delegacia de Repress\u00e3o a Roubos &#8211; DRR, em Florian\u00f3polis;<br \/>&#8211; Delegacia de Combate as Drogas &#8211; DECOD, em Florian\u00f3polis;<br \/>&#8211; Delegacias de Crimes de Tr\u00e2nsito, situadas em v\u00e1rias cidades do Estado;<br \/>&#8211; Delegacia de Crimes Ambientais, em Tubar\u00e3o;<br \/>&#8211; Delegacia de Prote\u00e7\u00e3o \u00e1 Crian\u00e7a, Adolescente, Mulher e Idoso &#8211; DPCAMI, localizadas nas sedes de cada regi\u00e3o policial civil;<br \/>&#8211; Divis\u00e3o de Investiga\u00e7\u00f5es Criminais &#8211; DICs. Ao todo 30 unidades, nas sedes das regi\u00f5es policiais, e respons\u00e1veis pela investiga\u00e7\u00e3o e apura\u00e7\u00e3o\u00a0\u00a0de crimes graves sem autoria, entre outros.<br \/><br \/>Dentre os servi\u00e7os oferecidos pela Pol\u00edcia Civil ao cidad\u00e3o est\u00e1 a\u00a0<strong>Delegacia de Pol\u00edcia Virtual.<\/strong>\u00a0Vale lembrar que este servi\u00e7o deve ser utilizado para fatos ocorridos no Estado de Santa Catarina. A\u00a0Delegacia Virtual\u00a0\u00e9 um servi\u00e7o de registro de ocorr\u00eancias disponibilizado ao cidad\u00e3o via Internet, 24 horas por dias, sete dias por semana. Desde mar\u00e7o de 2002, a Pol\u00edcia\u00a0 Civil de Santa Catarina disponibiliza este servi\u00e7o de autoatendimento na qual \u00e9 o pr\u00f3prio cidad\u00e3o quem efetua o registro. Seu objetivo \u00e9 oferecer ao cidad\u00e3o agilidade, conforto e confiabilidade no registro de ocorr\u00eancias via internet, do conforto de seu ambiente dom\u00e9stico ou profissional, sem a necessidade de deslocamento at\u00e9 uma Delegacia de Pol\u00edcia.<br \/><br \/>Este servi\u00e7o est\u00e1 em permanente desenvolvimento para permitir o maior n\u00famero poss\u00edvel de registros, sendo que, no momento, o servi\u00e7o j\u00e1 atende as seguintes modalidades de ocorr\u00eancias:<br \/>1. Acidente de tr\u00e2nsito sem v\u00edtima;<br \/>2. Perda de documentos;<br \/>3. \u00a0Perda de objetos;<br \/>4. \u00a0Recupera\u00e7\u00e3o de documentos e\/ou objetos;<br \/>5. \u00a0Amea\u00e7a;<br \/>6. \u00a0Cal\u00fania;<br \/>7. \u00a0Inj\u00faria;<br \/>8. \u00a0Difama\u00e7\u00e3o;<br \/>9. \u00a0Furto;<br \/>10. Roubo;<br \/>11. Dano causado por fen\u00f4menos da natureza;<br \/>12. Den\u00fancia an\u00f4nima.<br \/><br \/>O registro realizado pela internet \u00e9 seguro e r\u00e1pido e o possui o mesmo valor de um registro feito presencialmente numa Delegacia de Pol\u00edcia.<br \/><br \/><\/p><p><strong>DISQUE DEN\u00daNCIA &#8211; 181<br \/><\/strong><br \/>O\u00a0<strong>Disque Den\u00fancia 181<\/strong>\u00a0\u00e9 um servi\u00e7o destinado a mobilizar a sociedade na luta contra o crime e a viol\u00eancia no Estado de Santa Catarina.\u00a0Foi criado em outubro de 1998 com o objetivo de permitir a parceria da Pol\u00edcia Civil de Santa Catarina com a sociedade, proporcionando uma resposta r\u00e1pida e efetiva ao combate ao crime.<br \/>As liga\u00e7\u00f5es telef\u00f4nicas efetuadas para o\u00a0<strong>Disque Den\u00fancia <\/strong>n\u00e3o tem custo e s\u00e3o realizadas por meio do n\u00famero\u00a0<strong>181<\/strong>. O servi\u00e7o atende de forma ininterrupta e sua principal caracter\u00edstica \u00e9 o car\u00e1ter sigiloso dos procedimentos, j\u00e1 que em momento algum o denunciante precisa se identificar.<strong><br \/><br \/>O nosso compromisso \u00e9 verificar todas as informa\u00e7\u00f5es sem o envolvimento da fonte, evitando assim sua exposi\u00e7\u00e3o a qualquer tipo de risco.<br \/><br \/><\/strong>Em todos os locais onde foi instalado, o servi\u00e7o<strong> Disque Den\u00fancia 181<\/strong> tem recebido uma resposta significativa da popula\u00e7\u00e3o, por isso, representando uma importante arma na luta contra a viol\u00eancia e a criminalidade. Em Santa Catarina, o servi\u00e7o vem obtendo resultados expressivos desde a sua cria\u00e7\u00e3o, ajudando na pris\u00e3o de quadrilhas, apreens\u00e3o de drogas, armas, na pris\u00e3o de criminosos condenados e foragidos.<br \/><br \/>Colabore com a Pol\u00edcia, Denuncie. Disque.<\/p>\t\t\t\t\t\t\t\t<\/div>\n\t\t\t\t<\/div>\n\t\t\t\t\t<\/div>\n\t\t<\/div>\n\t\t\t\t\t<\/div>\n\t\t<\/section>\n\t\t\t\t<\/div>\n\t\t","protected":false},"excerpt":{"rendered":"<p>INSTITUCIONAL Pol\u00edcia Civil atribui\u00e7\u00f5es delegacia geral hist\u00f3ria mapa estrat\u00e9gico A\u00a0Pol\u00edcia Civil do Estado de Santa Catarina\u00a0possui como atribui\u00e7\u00f5es constitucionais, previstas no Artigo 144, \u00a7 4\u00ba da Constitui\u00e7\u00e3o Federal, e Artigo 106 da Constitui\u00e7\u00e3o Estadual, entre outras: &#8211; Exercer as atividades de pol\u00edcia judici\u00e1ria e apurar as infra\u00e7\u00f5es penais no \u00e2mbito do territ\u00f3rio estadual, na forma [&hellip;]<\/p>\n","protected":false},"author":1,"featured_media":0,"parent":0,"menu_order":0,"comment_status":"closed","ping_status":"closed","template":"elementor_header_footer","meta":{"_monsterinsights_skip_tracking":false,"_monsterinsights_sitenote_active":false,"_monsterinsights_sitenote_note":"","_monsterinsights_sitenote_category":0,"footnotes":""},"class_list":["post-45","page","type-page","status-publish","hentry"],"_links":{"self":[{"href":"https:\/\/pc.sc.gov.br\/index.php?rest_route=\/wp\/v2\/pages\/45","targetHints":{"allow":["GET"]}}],"collection":[{"href":"https:\/\/pc.sc.gov.br\/index.php?rest_route=\/wp\/v2\/pages"}],"about":[{"href":"https:\/\/pc.sc.gov.br\/index.php?rest_route=\/wp\/v2\/types\/page"}],"author":[{"embeddable":true,"href":"https:\/\/pc.sc.gov.br\/index.php?rest_route=\/wp\/v2\/users\/1"}],"replies":[{"embeddable":true,"href":"https:\/\/pc.sc.gov.br\/index.php?rest_route=%2Fwp%2Fv2%2Fcomments&post=45"}],"version-history":[{"count":28,"href":"https:\/\/pc.sc.gov.br\/index.php?rest_route=\/wp\/v2\/pages\/45\/revisions"}],"predecessor-version":[{"id":1546,"href":"https:\/\/pc.sc.gov.br\/index.php?rest_route=\/wp\/v2\/pages\/45\/revisions\/1546"}],"wp:attachment":[{"href":"https:\/\/pc.sc.gov.br\/index.php?rest_route=%2Fwp%2Fv2%2Fmedia&parent=45"}],"curies":[{"name":"wp","href":"https:\/\/api.w.org\/{rel}","templated":true}]}}