{"id":450,"date":"2022-10-18T16:47:36","date_gmt":"2022-10-18T19:47:36","guid":{"rendered":"https:\/\/pc.sc.gov.br\/?page_id=450"},"modified":"2025-09-11T19:06:07","modified_gmt":"2025-09-11T22:06:07","slug":"20-ituporanga-20-drp","status":"publish","type":"page","link":"https:\/\/pc.sc.gov.br\/?page_id=450","title":{"rendered":"20-ituporanga-20-drp"},"content":{"rendered":"\t\t<div data-elementor-type=\"wp-page\" data-elementor-id=\"450\" class=\"elementor elementor-450\" data-elementor-post-type=\"page\">\n\t\t\t\t\t\t<section class=\"elementor-section elementor-top-section elementor-element elementor-element-79ecf28 elementor-section-boxed elementor-section-height-default elementor-section-height-default\" data-id=\"79ecf28\" data-element_type=\"section\">\n\t\t\t\t\t\t<div class=\"elementor-container elementor-column-gap-default\">\n\t\t\t\t\t<div class=\"elementor-column elementor-col-100 elementor-top-column elementor-element elementor-element-a2dc1fa\" data-id=\"a2dc1fa\" data-element_type=\"column\">\n\t\t\t<div class=\"elementor-widget-wrap elementor-element-populated\">\n\t\t\t\t\t\t<div class=\"elementor-element elementor-element-df90f8f elementor-widget elementor-widget-heading\" data-id=\"df90f8f\" data-element_type=\"widget\" data-widget_type=\"heading.default\">\n\t\t\t\t<div class=\"elementor-widget-container\">\n\t\t\t\t\t<h2 class=\"elementor-heading-title elementor-size-default\">20\u00aa DRP - Ituporanga<\/h2>\t\t\t\t<\/div>\n\t\t\t\t<\/div>\n\t\t\t\t<div class=\"elementor-element elementor-element-23152bf elementor-widget elementor-widget-text-editor\" data-id=\"23152bf\" data-element_type=\"widget\" data-widget_type=\"text-editor.default\">\n\t\t\t\t<div class=\"elementor-widget-container\">\n\t\t\t\t\t\t\t\t\t<div><p><strong>20\u00aa &#8211; Delegacia Regional de Pol\u00edcia &#8211; Ituporanga<\/strong><br \/>Centro Administrativo Ant\u00f4nio Carlos Konder Reis, n\u00ba 123 &#8211; Centro<br \/>Ituporanga &#8211; SC &#8211; CEP: 88400-000<br \/>Telefone: (47) 3533-8917<br \/><em>e-mail<\/em>: <a href=\"mailto:drpituporanga@pc.sc.gov.br\">drpituporanga@pc.sc.gov.br<\/a><br \/><strong>Atendimento ao p\u00fablico: 8h \u00e0s 12h e 14h \u00e0s 18h<\/strong><\/p><p><strong>Atalanta &#8211; Delegacia de Pol\u00edcia do Munic\u00edpio<\/strong> <br \/>Rua Ernesto Becker, 310 &#8211; Centro<br \/>Atalanta &#8211; SC &#8211; CEP: 88410-000<br \/>Telefone: (47) 3533-8802<br \/>Ramal externo:\u00a001338802<br \/><em>e-mail<\/em>: <a href=\"mailto:dpatalanta@pc.sc.gov.br\">dpatalanta@pc.sc.gov.br<\/a><\/p><p><strong>Chapad\u00e3o do Lageado &#8211; Delegacia de Pol\u00edcia do Munic\u00edpio<\/strong> <br \/>Rua 29 de Novembro, 753 &#8211; Centro<br \/>Chapad\u00e3o do Lageado &#8211; SC &#8211; CEP: 88407-000<br \/>Telefone: (47) 3533-8808<br \/>Ramal Externo: 01338808<br \/><em>e-mail<\/em>: <a href=\"mailto:chapadaodolageado@pc.sc.gov.br\">chapadaodolageado@pc.sc.gov.br<\/a><\/p><p><strong>Imbuia &#8211; Delegacia de Pol\u00edcia do Munic\u00edpio<\/strong> <br \/>Rua 7 de Setembro, 1- Centro<br \/>Imbuia &#8211; SC &#8211; CEP: 88440-000<br \/>Telefone: (47) 3533-8789<br \/>Ramal Externo: 01338808<br \/><em>e-mail<\/em>: <a href=\"mailto:dpimbuia@pc.sc.gov.br\">dpimbuia@pc.sc.gov.br<\/a><\/p><p><strong>Ituporanga &#8211; Delegacia de Pol\u00edcia da Comarca<\/strong> <br \/>Centro Administrativo Ant\u00f4nio Carlos Konder Reis, n\u00ba 123 &#8211; Centro<br \/>Ituporanga &#8211; SC &#8211; CEP: 88400-000<br \/>Telefones: Secretaria (47) 3533-8909 &#8211; Plant\u00e3o (47) 3533-8911<br \/>Ramal Externo: 01338794<br \/><em>e-mail<\/em>: <a href=\"mailto:dpituporanga@pc.sc.gov.br\">dpituporanga@pc.sc.gov.br<\/a><\/p><p><strong>Ituporanga &#8211; Delegacia de Prote\u00e7\u00e3o a Crian\u00e7a, adolescente, Mulher e Idoso &#8211; DPCAMI<\/strong><br \/>Centro Administrativo Ant\u00f4nio Carlos Konder Reis, n\u00ba 123 &#8211; Centro<br \/>Ituporanga &#8211; SC &#8211; CEP: 88400-000<br \/>Telefone: (47) 3533-8902<br \/><em>e-mail<\/em>: <a href=\"mailto:dpcamiituporanga@pc.sc.gov.br\">dpcamiituporanga@pc.sc.gov.br<\/a><\/p><p><strong>Ituporanga &#8211; Delegacia de Investiga\u00e7\u00e3o Criminal &#8211; DIC<\/strong><br \/>Centro Administrativo Ant\u00f4nio Carlos Konder Reis, n\u00ba 123 &#8211; Centro<br \/>Ituporanga &#8211; SC &#8211; CEP: 88400-000<br \/>Telefone: (47) 3533-8905<br \/><em>e-mail<\/em>:\u00a0<a href=\"mailto:dpcamiituporanga@pc.sc.gov.br\">di<\/a><a href=\"mailto:cituporanga@pc.sc.gov.br\">cituporanga@pc.sc.gov.br<\/a><\/p><p><strong>Leoberto Leal &#8211; Delegacia de Pol\u00edcia do Munic\u00edpio<\/strong> <br \/>Avenida Adolfo Scheidt, 428 &#8211; Centro<br \/>Leoberto Leal &#8211; SC &#8211; CEP: 88445-000<br \/>Telefone: (48) 3665-5855<br \/>Ramal externo: 01855855<br \/><em>e-mail<\/em>: <a href=\"mailto:dpleobertoleal@pc.sc.gov.br\">dpleobertoleal@pc.sc.gov.br<\/a><\/p><p><strong>Petrol\u00e2ndia &#8211; Delegacia de Pol\u00edcia do Munic\u00edpio<\/strong><br \/>Rua Prefeito Frederico Probst, 67 &#8211; Centro<br \/>Petrol\u00e2ndia &#8211; SC &#8211; CEP: 88430-000<br \/>Telefone: (47) 3533-8804 e\u00a0<br \/>Ramal externo: 01338804<br \/><em>e-mail<\/em>: <a href=\"mailto:dppetrolandia@pc.sc.gov.br\">dppetrolandia@pc.sc.gov.br<\/a><\/p><p><strong>Vidal Ramos &#8211; Delegacia de Pol\u00edcia do Munic\u00edpio<\/strong> <br \/>Avenida Gilberto Comandolli, 500 &#8211; Centro<br \/>Vidal Ramos &#8211; SC &#8211; CEP: 88443-000<br \/>Telefone: (47) 3533-8788<br \/>Ramal externo: 01338788<br \/><em>e-mail<\/em>: <a href=\"mailto:dpvidalramos@pc.sc.gov.br\">dpvidalramos@pc.sc.gov.br<\/a><\/p><\/div>\t\t\t\t\t\t\t\t<\/div>\n\t\t\t\t<\/div>\n\t\t\t\t\t<\/div>\n\t\t<\/div>\n\t\t\t\t\t<\/div>\n\t\t<\/section>\n\t\t\t\t<\/div>\n\t\t","protected":false},"excerpt":{"rendered":"<p>20\u00aa DRP &#8211; Ituporanga 20\u00aa &#8211; Delegacia Regional de Pol\u00edcia &#8211; ItuporangaCentro Administrativo Ant\u00f4nio Carlos Konder Reis, n\u00ba 123 &#8211; CentroItuporanga &#8211; SC &#8211; CEP: 88400-000Telefone: (47) 3533-8917e-mail: drpituporanga@pc.sc.gov.brAtendimento ao p\u00fablico: 8h \u00e0s 12h e 14h \u00e0s 18h Atalanta &#8211; Delegacia de Pol\u00edcia do Munic\u00edpio Rua Ernesto Becker, 310 &#8211; CentroAtalanta &#8211; SC &#8211; CEP: [&hellip;]<\/p>\n","protected":false},"author":1,"featured_media":0,"parent":83,"menu_order":0,"comment_status":"closed","ping_status":"closed","template":"elementor_header_footer","meta":{"_monsterinsights_skip_tracking":false,"_monsterinsights_sitenote_active":false,"_monsterinsights_sitenote_note":"","_monsterinsights_sitenote_category":0,"footnotes":""},"class_list":["post-450","page","type-page","status-publish","hentry"],"_links":{"self":[{"href":"https:\/\/pc.sc.gov.br\/index.php?rest_route=\/wp\/v2\/pages\/450","targetHints":{"allow":["GET"]}}],"collection":[{"href":"https:\/\/pc.sc.gov.br\/index.php?rest_route=\/wp\/v2\/pages"}],"about":[{"href":"https:\/\/pc.sc.gov.br\/index.php?rest_route=\/wp\/v2\/types\/page"}],"author":[{"embeddable":true,"href":"https:\/\/pc.sc.gov.br\/index.php?rest_route=\/wp\/v2\/users\/1"}],"replies":[{"embeddable":true,"href":"https:\/\/pc.sc.gov.br\/index.php?rest_route=%2Fwp%2Fv2%2Fcomments&post=450"}],"version-history":[{"count":19,"href":"https:\/\/pc.sc.gov.br\/index.php?rest_route=\/wp\/v2\/pages\/450\/revisions"}],"predecessor-version":[{"id":32148,"href":"https:\/\/pc.sc.gov.br\/index.php?rest_route=\/wp\/v2\/pages\/450\/revisions\/32148"}],"up":[{"embeddable":true,"href":"https:\/\/pc.sc.gov.br\/index.php?rest_route=\/wp\/v2\/pages\/83"}],"wp:attachment":[{"href":"https:\/\/pc.sc.gov.br\/index.php?rest_route=%2Fwp%2Fv2%2Fmedia&parent=450"}],"curies":[{"name":"wp","href":"https:\/\/api.w.org\/{rel}","templated":true}]}}