{"id":472,"date":"2022-10-18T16:58:06","date_gmt":"2022-10-18T19:58:06","guid":{"rendered":"https:\/\/pc.sc.gov.br\/?page_id=472"},"modified":"2025-02-21T18:49:12","modified_gmt":"2025-02-21T21:49:12","slug":"17-curitibanos-24-drp","status":"publish","type":"page","link":"https:\/\/pc.sc.gov.br\/?page_id=472","title":{"rendered":"17-curitibanos-24-drp"},"content":{"rendered":"\t\t<div data-elementor-type=\"wp-page\" data-elementor-id=\"472\" class=\"elementor elementor-472\" data-elementor-post-type=\"page\">\n\t\t\t\t\t\t<section class=\"elementor-section elementor-top-section elementor-element elementor-element-c0ac822 elementor-section-boxed elementor-section-height-default elementor-section-height-default\" data-id=\"c0ac822\" data-element_type=\"section\">\n\t\t\t\t\t\t<div class=\"elementor-container elementor-column-gap-default\">\n\t\t\t\t\t<div class=\"elementor-column elementor-col-100 elementor-top-column elementor-element elementor-element-2a069ab\" data-id=\"2a069ab\" data-element_type=\"column\">\n\t\t\t<div class=\"elementor-widget-wrap elementor-element-populated\">\n\t\t\t\t\t\t<div class=\"elementor-element elementor-element-d1bcdc0 elementor-widget elementor-widget-heading\" data-id=\"d1bcdc0\" data-element_type=\"widget\" data-widget_type=\"heading.default\">\n\t\t\t\t<div class=\"elementor-widget-container\">\n\t\t\t\t\t<h2 class=\"elementor-heading-title elementor-size-default\">24\u00aa DRP - Curitibanos<\/h2>\t\t\t\t<\/div>\n\t\t\t\t<\/div>\n\t\t\t\t<div class=\"elementor-element elementor-element-0290cc0 elementor-widget elementor-widget-text-editor\" data-id=\"0290cc0\" data-element_type=\"widget\" data-widget_type=\"text-editor.default\">\n\t\t\t\t<div class=\"elementor-widget-container\">\n\t\t\t\t\t\t\t\t\t<div><p><strong>24\u00aa &#8211; Delegacia Regional de Pol\u00edcia &#8211; Curitibanos<\/strong><br \/>Rua Guerino Fontana, 128 &#8211; Bom Jesus<br \/>Curitibanos &#8211; SC &#8211; CEP: 89520-000<br \/>Telefone: (49) 3412-3340<br \/><em>e-mail<\/em>: <a href=\"mailto:drpcuritibanos@pc.sc.gov.br\">drpcuritibanos@pc.sc.gov.br<\/a><br \/><strong>Atendimento ao p\u00fablico: 8h \u00e0s 12h e 13h30min \u00e0s17h30min.<\/strong><\/p><p><strong>Curitibanos &#8211; Divis\u00e3o de Investiga\u00e7\u00e3o Criminal &#8211; DIC<\/strong><br \/>Rua Guerino Fontana, 128 &#8211; Bom Jesus<br \/>Curitibanos &#8211; SC &#8211; CEP: 89520-000<br \/>Telefone: (49) 3412-3338<br \/><em>e-mail<\/em>:\u00a0<a href=\"mailto:diccuritibanos@pc.sc.gov.br\">diccuritibanos@pc.sc.gov.br<\/a><\/p><p><strong>Curitibanos &#8211; Delegacia de Pol\u00edcia da Comarca<\/strong> <br \/>Rua Guerino Fontana,128 &#8211; Bom Jesus<br \/>Curitibanos &#8211; SC &#8211; CEP: 89520-000<br \/>Telefone: (49) 3412-3350<br \/><em>e-mail<\/em>: <a href=\"mailto:dpcuritibanos@pc.sc.gov.br\">dpcuritibanos@pc.sc.gov.br<\/a><\/p><p><strong>Curitibanos &#8211; Delegacia de Prote\u00e7\u00e3o \u00e0 Crian\u00e7a, Adolescente, Mulher e Idoso &#8211; DPCAMI<\/strong><br \/>Rua Guerino Fontana, 128 &#8211; Bom Jesus<br \/>Curitibanos &#8211; SC &#8211; CEP: 89520-000<br \/>Telefone: (49) 3412-3360<br \/><em>e-mail<\/em>: <a href=\"mailto:dpcamicuritibanos@pc.sc.gov.br\">dpcamicuritibanos@pc.sc.gov.br<\/a><\/p><p><strong>Curitibanos &#8211; Diretoria de Pol\u00edcia do Interior &#8211; DPOI<\/strong><br \/>Av. Duque de Caxias, 218<br \/>Bairro Nossa Senhora Aparecida<br \/>Curitibanos\/SC &#8211;\u00a089.520-000<br \/>Telefone: (49) 3412-3074<br \/><em>e-mail<\/em>: <a href=\"mailto:dpoi@pc.sc.gov.br\">dpoi@pc.sc.gov.br<\/a><\/p><p><strong>Frei Rog\u00e9rio &#8211; Delegacia de Pol\u00edcia do Munic\u00edpio<\/strong><br \/>Rua Adolfo Soletti, 940 &#8211; Centro<br \/>Frei Rog\u00e9rio &#8211; SC &#8211; CEP: 89530-000<br \/>Telefone: (49) 3412-3366<br \/><em>e-mail<\/em>: <a href=\"mailto:dpfreirogerio@pc.sc.gov.br\">dpfreirogerio@pc.sc.gov.br<\/a><\/p><p><strong>Ponte Alta do Norte &#8211; Delegacia de Pol\u00edcia do Munic\u00edpio<\/strong><br \/>Rua 30 de Mar\u00e7o, 189 &#8211; Centro<br \/>Ponte Alta do Norte &#8211; SC &#8211; CEP: 89535-000<br \/>Telefone: (49) 3412-3033<br \/><em>e-mail<\/em>: <a href=\"mailto:dppontealtadonorte@pc.sc.gov.br\">dppontealtadonorte@pc.sc.gov.br<\/a><\/p><p><strong>S\u00e3o Crist\u00f3v\u00e3o do Sul &#8211; Delegacia de Pol\u00edcia do Munic\u00edpio<\/strong><br \/>Rua Afonso Faedo, 50 &#8211; Centro<br \/>S\u00e3o Crist\u00f3v\u00e3o do Sul &#8211; SC &#8211; CEP: 89533-000<br \/>Telefone: (49) 3412-3030<br \/><em>e-mail<\/em>: <a href=\"mailto:dpsaocristovao@pc.sc.gov.br\">dpsaocristovao@pc.sc.gov.br<\/a><\/p><p style=\"letter-spacing: -0.2px;\"><span style=\"font-weight: bolder;\">Santa Cec\u00edlia &#8211; Delegacia de Pol\u00edcia da Comarca<\/span><br \/>Avenida XV de Novembro, s\/n &#8211; Centro<br \/>Santa Cec\u00edlia &#8211; SC &#8211; CEP: 89540-000<br \/>Telefone: (49) 3412-3100<br \/><em>e-mail:<\/em>\u00a0<a style=\"transition-property: all;\" href=\"mailto:dpsantacecilia@pc.sc.gov.br\">dpsantacecilia@pc.sc.gov.br<\/a><\/p><p style=\"letter-spacing: -0.2px;\"><span style=\"font-weight: bolder;\">Timb\u00f3 Grande &#8211; Delegacia de Pol\u00edcia do Munic\u00edpio<\/span><br \/>Avenida Antonio Furtado, 538 &#8211; Centro<br \/>Timb\u00f3 Grande &#8211; SC &#8211; CEP: 89545-000<br \/>Telefone: (49) 3561-5937<br \/><em>e-mail:<\/em>\u00a0<a style=\"transition-property: all;\" href=\"mailto:dptimbogrande@pc.sc.gov.br\">dptimbogrande@pc.sc.gov.br<\/a>\u00a0<\/p><\/div>\t\t\t\t\t\t\t\t<\/div>\n\t\t\t\t<\/div>\n\t\t\t\t\t<\/div>\n\t\t<\/div>\n\t\t\t\t\t<\/div>\n\t\t<\/section>\n\t\t\t\t<\/div>\n\t\t","protected":false},"excerpt":{"rendered":"<p>24\u00aa DRP &#8211; Curitibanos 24\u00aa &#8211; Delegacia Regional de Pol\u00edcia &#8211; CuritibanosRua Guerino Fontana, 128 &#8211; Bom JesusCuritibanos &#8211; SC &#8211; CEP: 89520-000Telefone: (49) 3412-3340e-mail: drpcuritibanos@pc.sc.gov.brAtendimento ao p\u00fablico: 8h \u00e0s 12h e 13h30min \u00e0s17h30min. Curitibanos &#8211; Divis\u00e3o de Investiga\u00e7\u00e3o Criminal &#8211; DICRua Guerino Fontana, 128 &#8211; Bom JesusCuritibanos &#8211; SC &#8211; CEP: 89520-000Telefone: (49) 3412-3338e-mail:\u00a0diccuritibanos@pc.sc.gov.br [&hellip;]<\/p>\n","protected":false},"author":1,"featured_media":0,"parent":83,"menu_order":0,"comment_status":"closed","ping_status":"closed","template":"elementor_header_footer","meta":{"_monsterinsights_skip_tracking":false,"_monsterinsights_sitenote_active":false,"_monsterinsights_sitenote_note":"","_monsterinsights_sitenote_category":0,"footnotes":""},"class_list":["post-472","page","type-page","status-publish","hentry"],"_links":{"self":[{"href":"https:\/\/pc.sc.gov.br\/index.php?rest_route=\/wp\/v2\/pages\/472","targetHints":{"allow":["GET"]}}],"collection":[{"href":"https:\/\/pc.sc.gov.br\/index.php?rest_route=\/wp\/v2\/pages"}],"about":[{"href":"https:\/\/pc.sc.gov.br\/index.php?rest_route=\/wp\/v2\/types\/page"}],"author":[{"embeddable":true,"href":"https:\/\/pc.sc.gov.br\/index.php?rest_route=\/wp\/v2\/users\/1"}],"replies":[{"embeddable":true,"href":"https:\/\/pc.sc.gov.br\/index.php?rest_route=%2Fwp%2Fv2%2Fcomments&post=472"}],"version-history":[{"count":13,"href":"https:\/\/pc.sc.gov.br\/index.php?rest_route=\/wp\/v2\/pages\/472\/revisions"}],"predecessor-version":[{"id":26843,"href":"https:\/\/pc.sc.gov.br\/index.php?rest_route=\/wp\/v2\/pages\/472\/revisions\/26843"}],"up":[{"embeddable":true,"href":"https:\/\/pc.sc.gov.br\/index.php?rest_route=\/wp\/v2\/pages\/83"}],"wp:attachment":[{"href":"https:\/\/pc.sc.gov.br\/index.php?rest_route=%2Fwp%2Fv2%2Fmedia&parent=472"}],"curies":[{"name":"wp","href":"https:\/\/api.w.org\/{rel}","templated":true}]}}