{"id":477,"date":"2022-10-18T17:00:47","date_gmt":"2022-10-18T20:00:47","guid":{"rendered":"https:\/\/pc.sc.gov.br\/?page_id=477"},"modified":"2025-06-13T15:51:56","modified_gmt":"2025-06-13T18:51:56","slug":"36-videira-25-drp","status":"publish","type":"page","link":"https:\/\/pc.sc.gov.br\/?page_id=477","title":{"rendered":"36-videira-25-drp"},"content":{"rendered":"\t\t<div data-elementor-type=\"wp-page\" data-elementor-id=\"477\" class=\"elementor elementor-477\" data-elementor-post-type=\"page\">\n\t\t\t\t\t\t<section class=\"elementor-section elementor-top-section elementor-element elementor-element-2f19c70 elementor-section-boxed elementor-section-height-default elementor-section-height-default\" data-id=\"2f19c70\" data-element_type=\"section\">\n\t\t\t\t\t\t<div class=\"elementor-container elementor-column-gap-default\">\n\t\t\t\t\t<div class=\"elementor-column elementor-col-100 elementor-top-column elementor-element elementor-element-3fee9cc\" data-id=\"3fee9cc\" data-element_type=\"column\">\n\t\t\t<div class=\"elementor-widget-wrap elementor-element-populated\">\n\t\t\t\t\t\t<div class=\"elementor-element elementor-element-9e457b3 elementor-widget elementor-widget-heading\" data-id=\"9e457b3\" data-element_type=\"widget\" data-widget_type=\"heading.default\">\n\t\t\t\t<div class=\"elementor-widget-container\">\n\t\t\t\t\t<h2 class=\"elementor-heading-title elementor-size-default\">25\u00aa DRP - Videira <\/h2>\t\t\t\t<\/div>\n\t\t\t\t<\/div>\n\t\t\t\t<div class=\"elementor-element elementor-element-aeb1c78 elementor-widget elementor-widget-text-editor\" data-id=\"aeb1c78\" data-element_type=\"widget\" data-widget_type=\"text-editor.default\">\n\t\t\t\t<div class=\"elementor-widget-container\">\n\t\t\t\t\t\t\t\t\t<div><p><strong>25\u00aa &#8211; Delegacia Regional de Pol\u00edcia &#8211; Videira<\/strong><br \/>Rua Padre Anchieta, 67 &#8211; Edif\u00edcio Brasil A\u00fastria &#8211; Centro<br \/>Videira &#8211; SC &#8211; CEP: 89560-000<br \/>Telefone: (49)\u00a03533-4231<br \/><em>e-mail<\/em>: <a href=\"mailto:drpvideira@pc.sc.gov.br\">drpvideira@pc.sc.gov.br<\/a><br \/><strong>Atendimento ao p\u00fablico: 12h00min &#8211; 19h00min<\/strong><\/p><p><strong>Arroio Trinta &#8211; Delegacia de Pol\u00edcia do Munic\u00edpio<\/strong><br \/>Rua XV de Novembro, s\/n &#8211; Centro<br \/>Arroio Trinta &#8211; SC &#8211; CEP: 89590-000<br \/>Telefone: (49) 3533-5451<br \/><em>e-mail<\/em>: <a href=\"mailto:dparroiotrinta@pc.sc.gov.br\">dparroiotrinta@pc.sc.gov.br<\/a><\/p><p><strong>Fraiburgo &#8211; Delegacia de Pol\u00edcia da Comarca<\/strong><br \/>Avenida Ca\u00e7ador, s\/n &#8211; S\u00e3o Jos\u00e9<br \/>Fraiburgo &#8211; SC &#8211; CEP: 89580-000<br \/>Telefone: (49) 3533-5456 \/ 3533-5457 \/ 3533-5452 \/ 3533-5666<br \/>Ramal externo:\u00a000935456<br \/><em>e-mail<\/em>: <a href=\"mailto:dpfraiburgo@pc.sc.gov.br\">dpfraiburgo@pc.sc.gov.br<\/a><\/p><p><strong>Ibiam &#8211; Delegacia de Pol\u00edcia do Munic\u00edpio<\/strong><br \/>Rua 20 de Julho, 769 &#8211; Centro<br \/>Ibian &#8211; SC &#8211; CEP: 89652-000<br \/>Telefone: (49) 3541-3399<br \/><em>e-mail<\/em>: <a href=\"mailto:dpibian@pc.sc.gov.br\">dpibian@pc.sc.gov.br<\/a><\/p><p><strong>Iomer\u00ea &#8211; Delegacia de Pol\u00edcia do Munic\u00edpio<\/strong><br \/>Rua Ademar Mendes, 590, Centro<br \/>Iomer\u00ea &#8211; SC &#8211; CEP: 89558-000<br \/>Telefone: (49) 3533-5455<br \/>Ramal externo:\u00a000935455<br \/><em>e-mail<\/em>: <a href=\"mailto:dpiomere@pc.sc.gov.br\">dpiomere@pc.sc.gov.br<\/a><\/p><p><strong>Monte Carlo &#8211; Delegacia de Pol\u00edcia do Munic\u00edpio<\/strong><br \/>Rua Maria Verg\u00ednia Corr\u00eaa, 345\u00a0<br \/>Monte Carlo &#8211; SC &#8211; CEP: 89618-000<br \/>Telefone: (49) 3541-3301<br \/><em>e-mail<\/em>: <a href=\"mailto:dpmontecarlo@pc.sc.gov.br\">dpmontecarlo@pc.sc.gov.br<\/a><\/p><p><strong>Pinheiro Preto &#8211; Delegacia de Pol\u00edcia do Munic\u00edpio<\/strong><br \/>Avenida Marechal Costa e Silva, 313 &#8211; Centro<br \/>Pinheiro Preto &#8211; SC &#8211; CEP: 89570-000<br \/>Telefone: (49) 3533-5683<br \/>Ramal Externo: 00935683<br \/><em>e-mail<\/em>: <a href=\"mailto:dppinheiropreto@pc.sc.gov.br\">dppinheiropreto@pc.sc.gov.br<\/a><\/p><p><strong>Salto Veloso &#8211; Delegacia de Pol\u00edcia do Munic\u00edpio<\/strong><br \/>Travessa das Flores, 91 &#8211; Centro<br \/>Salto Veloso &#8211; SC &#8211; CEP: 89595-000<br \/>Telefone: (49) 3536-0274 \/ (49) 3533-5471<br \/><em>e-mail<\/em>: <a href=\"mailto:dpsaltoveloso@pc.sc.gov.br\">dpsaltoveloso@pc.sc.gov.br<\/a><\/p><p><strong>Tangar\u00e1 &#8211; Delegacia de Pol\u00edcia da Comarca<\/strong><br \/>Rua Danilo Fornazzari, 82 &#8211; Centro<br \/>Tangar\u00e1 &#8211; SC &#8211; CEP: 89642-000<br \/>Telefone: (49)\u00a0 3532-7497 e (49) 3532-7498.<br \/><em>e-mail<\/em>: <a href=\"mailto:dptangara@pc.sc.gov.br\">dptangara@pc.sc.gov.br<\/a>\u00a0<\/p><p><strong>Videira &#8211; Delegacia de Pol\u00edcia da Comarca<\/strong><br \/>Rua Manoel Roque, 18 &#8211; Alvorada<br \/>Videira &#8211; SC &#8211; CEP: 89560-000<br \/>Telefone: (49) 3566-0259 \/ 3566-0258 \/ 3533-5319<br \/><em>e-mail<\/em>: <a href=\"mailto:dpvideira@pc.sc.gov.br\">dpvideira@pc.sc.gov.br<\/a><\/p><p><strong>Videira &#8211; Delegacia de prote\u00e7\u00e3o a Crian\u00e7a, Adolescente, Mulher e Idoso &#8211; DPCAMI<\/strong><br \/>Rua Padre Anchieta, 67 &#8211; Edif\u00edcio Brasil A\u00fastria &#8211; Centro<br \/>Videira &#8211; SC &#8211; CEP: 89560-000<br \/>Telefone: (49) 3533-4220<br \/><em>e-mail<\/em>: <a href=\"mailto:drpvideira@pc.sc.gov.br\">dpcamivideira@pc.sc.gov.br<\/a><\/p><p><strong>Videira &#8211; Divis\u00e3o de Investiga\u00e7\u00e3o Criminal &#8211; DIC<\/strong><br \/>Rua Padre Anchieta, 67 &#8211; Edif\u00edcio Brasil A\u00fastria<br \/>Centro &#8211; Videira &#8211; SC &#8211; CEP: 89560-000<br \/>Telefone: (49) 3533-4203 \/ (49) 3533-4226<br \/><em>e-mail<\/em>: <a href=\"mailto:dicvideira@pc.sc.gov.br\">dicvideira@pc.sc.gov.br<\/a><\/p><\/div>\t\t\t\t\t\t\t\t<\/div>\n\t\t\t\t<\/div>\n\t\t\t\t\t<\/div>\n\t\t<\/div>\n\t\t\t\t\t<\/div>\n\t\t<\/section>\n\t\t\t\t<\/div>\n\t\t","protected":false},"excerpt":{"rendered":"<p>25\u00aa DRP &#8211; Videira 25\u00aa &#8211; Delegacia Regional de Pol\u00edcia &#8211; VideiraRua Padre Anchieta, 67 &#8211; Edif\u00edcio Brasil A\u00fastria &#8211; CentroVideira &#8211; SC &#8211; CEP: 89560-000Telefone: (49)\u00a03533-4231e-mail: drpvideira@pc.sc.gov.brAtendimento ao p\u00fablico: 12h00min &#8211; 19h00min Arroio Trinta &#8211; Delegacia de Pol\u00edcia do Munic\u00edpioRua XV de Novembro, s\/n &#8211; CentroArroio Trinta &#8211; SC &#8211; CEP: 89590-000Telefone: (49) 3533-5451e-mail: [&hellip;]<\/p>\n","protected":false},"author":1,"featured_media":0,"parent":83,"menu_order":0,"comment_status":"closed","ping_status":"closed","template":"elementor_header_footer","meta":{"_monsterinsights_skip_tracking":false,"_monsterinsights_sitenote_active":false,"_monsterinsights_sitenote_note":"","_monsterinsights_sitenote_category":0,"footnotes":""},"class_list":["post-477","page","type-page","status-publish","hentry"],"_links":{"self":[{"href":"https:\/\/pc.sc.gov.br\/index.php?rest_route=\/wp\/v2\/pages\/477","targetHints":{"allow":["GET"]}}],"collection":[{"href":"https:\/\/pc.sc.gov.br\/index.php?rest_route=\/wp\/v2\/pages"}],"about":[{"href":"https:\/\/pc.sc.gov.br\/index.php?rest_route=\/wp\/v2\/types\/page"}],"author":[{"embeddable":true,"href":"https:\/\/pc.sc.gov.br\/index.php?rest_route=\/wp\/v2\/users\/1"}],"replies":[{"embeddable":true,"href":"https:\/\/pc.sc.gov.br\/index.php?rest_route=%2Fwp%2Fv2%2Fcomments&post=477"}],"version-history":[{"count":19,"href":"https:\/\/pc.sc.gov.br\/index.php?rest_route=\/wp\/v2\/pages\/477\/revisions"}],"predecessor-version":[{"id":29369,"href":"https:\/\/pc.sc.gov.br\/index.php?rest_route=\/wp\/v2\/pages\/477\/revisions\/29369"}],"up":[{"embeddable":true,"href":"https:\/\/pc.sc.gov.br\/index.php?rest_route=\/wp\/v2\/pages\/83"}],"wp:attachment":[{"href":"https:\/\/pc.sc.gov.br\/index.php?rest_route=%2Fwp%2Fv2%2Fmedia&parent=477"}],"curies":[{"name":"wp","href":"https:\/\/api.w.org\/{rel}","templated":true}]}}