{"id":500,"date":"2022-10-18T17:07:03","date_gmt":"2022-10-18T20:07:03","guid":{"rendered":"https:\/\/pc.sc.gov.br\/?page_id=500"},"modified":"2023-05-10T14:54:10","modified_gmt":"2023-05-10T17:54:10","slug":"33-sao-lourenco-do-oeste-28-drp","status":"publish","type":"page","link":"https:\/\/pc.sc.gov.br\/?page_id=500","title":{"rendered":"33-sao-lourenco-do-oeste-28-drp"},"content":{"rendered":"\t\t<div data-elementor-type=\"wp-page\" data-elementor-id=\"500\" class=\"elementor elementor-500\" data-elementor-post-type=\"page\">\n\t\t\t\t\t\t<section class=\"elementor-section elementor-top-section elementor-element elementor-element-f2b784f elementor-section-boxed elementor-section-height-default elementor-section-height-default\" data-id=\"f2b784f\" data-element_type=\"section\">\n\t\t\t\t\t\t<div class=\"elementor-container elementor-column-gap-default\">\n\t\t\t\t\t<div class=\"elementor-column elementor-col-100 elementor-top-column elementor-element elementor-element-232db44\" data-id=\"232db44\" data-element_type=\"column\">\n\t\t\t<div class=\"elementor-widget-wrap elementor-element-populated\">\n\t\t\t\t\t\t<div class=\"elementor-element elementor-element-1533def elementor-widget elementor-widget-heading\" data-id=\"1533def\" data-element_type=\"widget\" data-widget_type=\"heading.default\">\n\t\t\t\t<div class=\"elementor-widget-container\">\n\t\t\t\t\t<h2 class=\"elementor-heading-title elementor-size-default\">28\u00aa DRP - S\u00e3o Louren\u00e7o do Oeste<\/h2>\t\t\t\t<\/div>\n\t\t\t\t<\/div>\n\t\t\t\t<div class=\"elementor-element elementor-element-06142d0 elementor-widget elementor-widget-text-editor\" data-id=\"06142d0\" data-element_type=\"widget\" data-widget_type=\"text-editor.default\">\n\t\t\t\t<div class=\"elementor-widget-container\">\n\t\t\t\t\t\t\t\t\t<div>\n<p><strong>28\u00aa &#8211; Delegacia Regional de Pol\u00edcia de Fronteira &#8211; S\u00e3o Louren\u00e7o do Oeste<\/strong> <br>Rua Jo\u00e3o Beux Sobrinho, 788 &#8211; Bras\u00edlia<br>S\u00e3o Louren\u00e7o do Oeste &#8211; SC &#8211; CEP: 89990-000<br>Telefone: (49) 3344-1935 \/ 3344-1136<br><em>e-mail<\/em>: <a href=\"mailto:drpsaolourenco@pc.sc.gov.br\">drpsaolourenco@pc.sc.gov.br<\/a><br><strong>Atendimento ao p\u00fablico: 8h \u00e0s 12h e 14h \u00e0s 18h<\/strong><\/p>\n<p><strong>Campo Er\u00ea &#8211; Delegacia de Pol\u00edcia de Fronteira da Comarca<\/strong> <br>Rua Maranh\u00e3o, 491 &#8211; Centro<br>Campo Er\u00ea &#8211; SC &#8211; CEP: 89980-000<br>Telefone: (49) 3655-1077 \/ 3655-1088<br><em>e-mail<\/em>: <a href=\"mailto:dpcampoere@pc.sc.gov.br\">dpcampoere@pc.sc.gov.br<\/a><\/p>\n<p><strong>Coronel Martins &#8211; Delegacia de Pol\u00edcia de Fronteira do Munic\u00edpio<\/strong><br>Rua Saudades, 268 &#8211; Bela Vista<br>Coronel Martins &#8211; SC &#8211; CEP: 89837-000<br>Telefone: (49) 3459-0050<br><em>e-mail<\/em>: <a href=\"mailto:dpcoronelmartins@pc.sc.gov.br\">dpcoronelmartins@pc.sc.gov.br<\/a><\/p>\n<p><span style=\"font-weight: bolder; letter-spacing: -0.2px;\">Entre Rios &#8211; Delegacia de Pol\u00edcia do Munic\u00edpio<\/span><br style=\"letter-spacing: -0.2px;\"><span style=\"letter-spacing: -0.2px;\">Rua Dimas dos Santos, 338 &#8211; Centro<\/span><br style=\"letter-spacing: -0.2px;\"><span style=\"letter-spacing: -0.2px;\">Entre Rios &#8211; SC &#8211; CEP: 89862-000<\/span><br style=\"letter-spacing: -0.2px;\"><span style=\"letter-spacing: -0.2px;\">Telefone: (49) 3351-0121<\/span><br style=\"letter-spacing: -0.2px;\"><em style=\"letter-spacing: -0.2px;\">e-mail<\/em><span style=\"letter-spacing: -0.2px;\">:&nbsp;<\/span><a style=\"background-color: #ffffff; transition-property: all; letter-spacing: -0.2px;\" href=\"mailto:dpentrerios@pc.sc.gov.br\">dpentrerios@pc.sc.gov.br<\/a><\/p>\n<p><strong>Formosa do Sul &#8211; Delegacia de Pol\u00edcia de Fronteira do Munic\u00edpio<\/strong><br>Avenida Get\u00falio Vargas, 689 &#8211; Centro<br>Formosa do Sul &#8211; SC &#8211; CEP: 89859-000<br>Telefone: (49) 3346-2455<br>Ramal externo:&nbsp;03262455<br><em>e-mail<\/em>: <a href=\"mailto:dpformosadosul@pc.sc.gov.br\">dpformosadosul@pc.sc.gov.br<\/a><\/p>\n<p><strong>Galv\u00e3o &#8211; Delegacia de Pol\u00edcia de Fronteira do Munic\u00edpio<\/strong><br>Rua Nelson Hungria, 284 &#8211; Centro<br>Galv\u00e3o &#8211; SC &#8211; CEP: 89838-000<br>Telefone: (49) 3372-1068<br>Ramal externo:&nbsp;00321068<br><em>e-mail<\/em>: <a href=\"mailto:dpgalvao@pc.sc.gov.br\">dpgalvao@pc.sc.gov.br<\/a><\/p>\n<p><span style=\"font-weight: bolder; letter-spacing: -0.2px;\">Ipua\u00e7u &#8211; Delegacia de Pol\u00edcia do Munic\u00edpio<\/span><br style=\"letter-spacing: -0.2px;\"><span style=\"letter-spacing: -0.2px;\">Rua Am\u00e9rico Girotto, 117 &#8211; Centro<\/span><br style=\"letter-spacing: -0.2px;\"><span style=\"letter-spacing: -0.2px;\">Ipua\u00e7\u00fa &#8211; SC &#8211; CEP: 89832-000<\/span><br style=\"letter-spacing: -0.2px;\"><span style=\"letter-spacing: -0.2px;\">Telefone: (49) 3449-0035<\/span><br style=\"letter-spacing: -0.2px;\"><em style=\"letter-spacing: -0.2px;\">e-mail<\/em><span style=\"letter-spacing: -0.2px;\">:&nbsp;<\/span><a style=\"background-color: #ffffff; transition-property: all; letter-spacing: -0.2px;\" href=\"mailto:dpipuacu@pc.sc.gov.br\">dpipuacu@pc.sc.gov.br<\/a><\/p>\n<p><strong>Irati &#8211; Delegacia de Pol\u00edcia de Fronteira do Munic\u00edpio<\/strong> <br>Rua Rio Branco, s\/n &#8211; Centro<br>Irati &#8211; SC &#8211; CEP: 89856-000<br>Telefone: (49) 3349-0131<br><em>e-mail<\/em>: <a href=\"mailto:dpirati@pc.sc.gov.br\">dpirati@pc.sc.gov.br<\/a><\/p>\n<p><strong>Jupi\u00e1 &#8211; Delegacia de Pol\u00edcia de Fronteira do Munic\u00edpio<\/strong><br>Avenida Tupinamb\u00e1, s\/n &#8211; Centro<br>Jupi\u00e1 &#8211; SC &#8211; CEP: 89990-000<br>Telefone: (49) 3372 1073<br>Ramal externo:&nbsp;00321073<br><em>e-mail<\/em>: <a href=\"mailto:dpjupia@pc.sc.gov.br\">dpjupia@pc.sc.gov.br<\/a><\/p>\n<p><strong>Novo Horizonte &#8211; Delegacia de Pol\u00edcia de Fronteira do Munic\u00edpio<\/strong><br>Rua Jo\u00e3o Poglia, 39 &#8211; Centro<br>Novo Horizonte &#8211; SC &#8211; CEP: 89998-000<br>Telefone: (49) 3372-1059<br>Ramal externo:&nbsp;00321059<br><em>e-mail<\/em>: <a href=\"mailto:dpnovohorizonte@pc.sc.gov.br\">dpnovohorizonte@pc.sc.gov.br<\/a><\/p>\n<p><strong>Quilombo &#8211; Delegacia de Pol\u00edcia de Fronteira da Comarca<\/strong><br>Rua Dom Pedro I, 191 &#8211; Centro<br>Quilombo &#8211; SC &#8211; CEP: 89850-000<br>Telefone: (49) 3346-2460<br><em>e-mail<\/em>: <a href=\"mailto:dpquilombo@pc.sc.gov.br\">dpquilombo@pc.sc.gov.br<\/a><\/p>\n<p><strong>Saltinho &#8211; Delegacia de Pol\u00edcia de Fronteira do Munic\u00edpio<\/strong><br>Avenida Alfredo J\u00e1como Scoppel, s\/n &#8211; Centro<br>Saltinho &#8211; SC &#8211; CEP: 89981-000<br>Telefone: (49) 3664 6586<br>Ramal externo:&nbsp;00246586<br><em>e-mail<\/em>: <a href=\"mailto:dpsaltinho@pc.sc.gov.br\">dpsaltinho@pc.sc.gov.br<\/a><\/p>\n<p><strong>Santiago do Sul &#8211; Delegacia de Pol\u00edcia de Fronteira do Munic\u00edpio<\/strong><br>Rua Jo\u00e3o Corso, 380 &#8211; Centro <br>Santiago do Sul &#8211; SC &#8211; CEP: 89854-000<br>Telefone: (49) 3345-0532<br><em>e-mail<\/em>: <a href=\"mailto:dpsantiagodosul@pc.sc.gov.br\">dpsantiagodosul@pc.sc.gov.br<\/a><\/p>\n<p><strong>S\u00e3o Bernardino &#8211; Delegacia de Pol\u00edcia de Fronteira do Munic\u00edpio<\/strong><br>Rua Nossa Senhora Aparecida, 451 &#8211; Centro<br>S\u00e3o Bernardino &#8211; SC &#8211; CEP: 89982-000<br>Telefone: (49) 3372-1063<br>Ramal externo:&nbsp;00321063<br><em>e-mail<\/em>: <a href=\"mailto:dpsaobernardino@pc.sc.gov.br\">dpsaobernardino@pc.sc.gov.br<\/a><\/p>\n<p><strong>S\u00e3o Domingos &#8211; Delegacia de Pol\u00edcia de Fronteira da Comarca<\/strong><br>Rua Get\u00falio Vargas, 1132 &#8211; Centro<br>S\u00e3o Domingos &#8211; SC &#8211; CEP: 89835-000<br>Telefone: (49) 3443-0119 \/ 3443-0371<br><em>e-mail<\/em>: <a href=\"mailto:dpsaodomingos@pc.sc.gov.br\">dpsaodomingos@pc.sc.gov.br<\/a><\/p>\n<p><strong>S\u00e3o Louren\u00e7o do Oeste &#8211; Delegacia de Pol\u00edcia de Fronteira da Comarca<\/strong> <br>Rua Pedro Alvares Cabral, 394 &#8211; Centro<br>S\u00e3o Louren\u00e7o do Oeste &#8211; SC &#8211; CEP: 89990-000<br>Telefone: (49) 3344-1308 \/ 3344-3737<br><em>e-mail<\/em>: <a href=\"mailto:dpsaolourenco@pc.sc.gov.br\">dpsaolourenco@pc.sc.gov.br<\/a><\/p>\n<p><strong>S\u00e3o Louren\u00e7o do Oeste &#8211; Divis\u00e3o de Investiga\u00e7\u00e3o Criminal de Fronteira &#8211; DIC<br><\/strong>Rua Jarbas Mendes, 364 &#8211; Bras\u00edlia <br>S\u00e3o Louren\u00e7o do Oeste &#8211; SC &#8211; CEP: 89990-000<br>Telefone: (49) 3372-1111<br>Ramal Externo: 00321110<br><em>e-mail:&nbsp;<\/em><a href=\"mailto:dicsaolourencodooeste@pc.sc.gov.br\">dicsaolourencodooeste@pc.sc.gov.br<\/a><\/p>\n<p><b>S\u00e3o Louren\u00e7o do Oeste &#8211; Delegacia de Prote\u00e7\u00e3o \u00e0 Crian\u00e7a, Adolescente, Mulher e Idoso &#8211; DPCAMI<br><\/b><span style=\"font-family: var( --e-global-typography-primary-font-family ), Sans-serif; font-size: var( --e-global-typography-primary-font-size ); font-weight: var( --e-global-typography-primary-font-weight ); letter-spacing: var( --e-global-typography-primary-letter-spacing );\">Rua Nereu Ramos &#8211; 1225 &#8211;&nbsp; Centro<br><\/span><span style=\"font-family: var( --e-global-typography-primary-font-family ), Sans-serif; font-size: var( --e-global-typography-primary-font-size ); font-weight: var( --e-global-typography-primary-font-weight ); letter-spacing: var( --e-global-typography-primary-letter-spacing );\">S\u00e3o Louren\u00e7o do Oeste &#8211; SC &#8211; CEP: 89990-000<br><\/span><span style=\"font-family: var( --e-global-typography-primary-font-family ), Sans-serif; font-size: var( --e-global-typography-primary-font-size ); font-weight: var( --e-global-typography-primary-font-weight ); letter-spacing: var( --e-global-typography-primary-letter-spacing );\">Telefone: (49) 3372-1060<br><\/span><em style=\"font-family: var( --e-global-typography-primary-font-family ), Sans-serif; font-size: var( --e-global-typography-primary-font-size ); font-weight: var( --e-global-typography-primary-font-weight ); letter-spacing: var( --e-global-typography-primary-letter-spacing );\">e-mail<\/em><span style=\"font-family: var( --e-global-typography-primary-font-family ), Sans-serif; font-size: var( --e-global-typography-primary-font-size ); font-weight: var( --e-global-typography-primary-font-weight ); letter-spacing: var( --e-global-typography-primary-letter-spacing );\">:&nbsp;<\/span><a href=\"mailto:dpcamisaolourencodooeste@pc.sc.gov.br\" style=\"font-family: var( --e-global-typography-primary-font-family ), Sans-serif; font-size: var( --e-global-typography-primary-font-size ); font-weight: var( --e-global-typography-primary-font-weight ); letter-spacing: var( --e-global-typography-primary-letter-spacing ); background-color: rgb(255, 255, 255);\">dpcamisaolourencodooeste@pc.sc.gov.br<\/a><\/p>\n<p><\/p>\n<\/div>\t\t\t\t\t\t\t\t<\/div>\n\t\t\t\t<\/div>\n\t\t\t\t\t<\/div>\n\t\t<\/div>\n\t\t\t\t\t<\/div>\n\t\t<\/section>\n\t\t\t\t<\/div>\n\t\t","protected":false},"excerpt":{"rendered":"<p>28\u00aa DRP &#8211; S\u00e3o Louren\u00e7o do Oeste 28\u00aa &#8211; Delegacia Regional de Pol\u00edcia de Fronteira &#8211; S\u00e3o Louren\u00e7o do Oeste Rua Jo\u00e3o Beux Sobrinho, 788 &#8211; Bras\u00edliaS\u00e3o Louren\u00e7o do Oeste &#8211; SC &#8211; CEP: 89990-000Telefone: (49) 3344-1935 \/ 3344-1136e-mail: drpsaolourenco@pc.sc.gov.brAtendimento ao p\u00fablico: 8h \u00e0s 12h e 14h \u00e0s 18h Campo Er\u00ea &#8211; Delegacia de Pol\u00edcia [&hellip;]<\/p>\n","protected":false},"author":1,"featured_media":0,"parent":83,"menu_order":0,"comment_status":"closed","ping_status":"closed","template":"elementor_header_footer","meta":{"_monsterinsights_skip_tracking":false,"_monsterinsights_sitenote_active":false,"_monsterinsights_sitenote_note":"","_monsterinsights_sitenote_category":0,"footnotes":""},"class_list":["post-500","page","type-page","status-publish","hentry"],"_links":{"self":[{"href":"https:\/\/pc.sc.gov.br\/index.php?rest_route=\/wp\/v2\/pages\/500","targetHints":{"allow":["GET"]}}],"collection":[{"href":"https:\/\/pc.sc.gov.br\/index.php?rest_route=\/wp\/v2\/pages"}],"about":[{"href":"https:\/\/pc.sc.gov.br\/index.php?rest_route=\/wp\/v2\/types\/page"}],"author":[{"embeddable":true,"href":"https:\/\/pc.sc.gov.br\/index.php?rest_route=\/wp\/v2\/users\/1"}],"replies":[{"embeddable":true,"href":"https:\/\/pc.sc.gov.br\/index.php?rest_route=%2Fwp%2Fv2%2Fcomments&post=500"}],"version-history":[{"count":22,"href":"https:\/\/pc.sc.gov.br\/index.php?rest_route=\/wp\/v2\/pages\/500\/revisions"}],"predecessor-version":[{"id":8879,"href":"https:\/\/pc.sc.gov.br\/index.php?rest_route=\/wp\/v2\/pages\/500\/revisions\/8879"}],"up":[{"embeddable":true,"href":"https:\/\/pc.sc.gov.br\/index.php?rest_route=\/wp\/v2\/pages\/83"}],"wp:attachment":[{"href":"https:\/\/pc.sc.gov.br\/index.php?rest_route=%2Fwp%2Fv2%2Fmedia&parent=500"}],"curies":[{"name":"wp","href":"https:\/\/api.w.org\/{rel}","templated":true}]}}