{"id":55,"date":"2022-10-14T15:52:00","date_gmt":"2022-10-14T18:52:00","guid":{"rendered":"https:\/\/pc.sc.gov.br\/?page_id=55"},"modified":"2026-02-10T18:54:14","modified_gmt":"2026-02-10T21:54:14","slug":"denuncia_whatsapp","status":"publish","type":"page","link":"https:\/\/pc.sc.gov.br\/?page_id=55","title":{"rendered":"Den\u00fancia pelo WhatsApp"},"content":{"rendered":"\t\t<div data-elementor-type=\"wp-page\" data-elementor-id=\"55\" class=\"elementor elementor-55\" data-elementor-post-type=\"page\">\n\t\t\t\t\t\t<section class=\"elementor-section elementor-top-section elementor-element elementor-element-e4e689f elementor-section-boxed elementor-section-height-default elementor-section-height-default\" data-id=\"e4e689f\" data-element_type=\"section\">\n\t\t\t\t\t\t<div class=\"elementor-container elementor-column-gap-default\">\n\t\t\t\t\t<div class=\"elementor-column elementor-col-100 elementor-top-column elementor-element elementor-element-7c09bf3\" data-id=\"7c09bf3\" data-element_type=\"column\">\n\t\t\t<div class=\"elementor-widget-wrap elementor-element-populated\">\n\t\t\t\t\t\t<div class=\"elementor-element elementor-element-c7df10c elementor-widget elementor-widget-heading\" data-id=\"c7df10c\" data-element_type=\"widget\" data-widget_type=\"heading.default\">\n\t\t\t\t<div class=\"elementor-widget-container\">\n\t\t\t\t\t<h2 class=\"elementor-heading-title elementor-size-default\">Den\u00fancia pelo Whatsapp<\/h2>\t\t\t\t<\/div>\n\t\t\t\t<\/div>\n\t\t\t\t\t<\/div>\n\t\t<\/div>\n\t\t\t\t\t<\/div>\n\t\t<\/section>\n\t\t\t\t<section class=\"elementor-section elementor-top-section elementor-element elementor-element-5753ce5 elementor-section-boxed elementor-section-height-default elementor-section-height-default\" data-id=\"5753ce5\" data-element_type=\"section\">\n\t\t\t\t\t\t<div class=\"elementor-container elementor-column-gap-default\">\n\t\t\t\t\t<div class=\"elementor-column elementor-col-50 elementor-top-column elementor-element elementor-element-7c8d5de\" data-id=\"7c8d5de\" data-element_type=\"column\">\n\t\t\t<div class=\"elementor-widget-wrap elementor-element-populated\">\n\t\t\t\t\t\t<div class=\"elementor-element elementor-element-15c5c35 elementor-hidden-desktop elementor-widget elementor-widget-image\" data-id=\"15c5c35\" data-element_type=\"widget\" data-widget_type=\"image.default\">\n\t\t\t\t<div class=\"elementor-widget-container\">\n\t\t\t\t\t\t\t\t\t\t\t\t\t\t\t<img fetchpriority=\"high\" decoding=\"async\" width=\"696\" height=\"583\" src=\"https:\/\/pc.sc.gov.br\/\/wp-content\/uploads\/2022\/10\/WhatsApp_Image_2018-11-13_at_13.35.56.jpeg\" class=\"attachment-large size-large wp-image-237\" alt=\"Disque Den\u00fancia Whatsapp\" srcset=\"https:\/\/pc.sc.gov.br\/\/wp-content\/uploads\/2022\/10\/WhatsApp_Image_2018-11-13_at_13.35.56.jpeg 940w, https:\/\/pc.sc.gov.br\/\/wp-content\/uploads\/2022\/10\/WhatsApp_Image_2018-11-13_at_13.35.56-300x251.jpeg 300w, https:\/\/pc.sc.gov.br\/\/wp-content\/uploads\/2022\/10\/WhatsApp_Image_2018-11-13_at_13.35.56-768x644.jpeg 768w\" sizes=\"(max-width: 696px) 100vw, 696px\" \/>\t\t\t\t\t\t\t\t\t\t\t\t\t\t\t<\/div>\n\t\t\t\t<\/div>\n\t\t\t\t<div class=\"elementor-element elementor-element-2d504e8 elementor-widget elementor-widget-text-editor\" data-id=\"2d504e8\" data-element_type=\"widget\" data-widget_type=\"text-editor.default\">\n\t\t\t\t<div class=\"elementor-widget-container\">\n\t\t\t\t\t\t\t\t\t<p class=\"Default\"><strong>Pol\u00edcia Civil de Santa Catarina no WhatsApp<\/strong>\nAgora voc\u00ea pode denunciar enviando mensagens com fotos, v\u00eddeos e documentos para aux\u00edlio de investiga\u00e7\u00f5es criminais: atrav\u00e9s do telefone <em>(48) 98844-0083<\/em>. O\u00a0servi\u00e7o est\u00e1 dispon\u00edvel para receber den\u00fancia de forma f\u00e1cil e \u00e1gil, com a garantia de sigilo absoluto.<\/p>\n<p class=\"Default\">O nosso compromisso \u00e9 verificar todas as informa\u00e7\u00f5es sem o envolvimento da fonte, evitando assim sua exposi\u00e7\u00e3o a qualquer tipo de risco.<\/p>\n<p class=\"Default\">\u00a0Mas n\u00e3o se esque\u00e7a de mencionar algumas informa\u00e7\u00f5es b\u00e1sicas para que tenhamos condi\u00e7\u00f5es de apurar a den\u00fancia, como:<\/p>\n\n<ul>\n \t<li>Onde (qual a cidade, o bairro a rua, algum ponto de refer\u00eancia);<\/li>\n \t<li>Quem (o nome ou algo que possamos identificar a pessoa denunciada);<\/li>\n \t<li>Quando (procure sempre informar quando o fato ocorreu ou ir\u00e1 acontecer);<\/li>\n \t<li>Qualquer outra informa\u00e7\u00e3o que considere relevante para que possamos esclarecer a den\u00fancia.<\/li>\n<\/ul>\t\t\t\t\t\t\t\t<\/div>\n\t\t\t\t<\/div>\n\t\t\t\t\t<\/div>\n\t\t<\/div>\n\t\t\t\t<div class=\"elementor-column elementor-col-50 elementor-top-column elementor-element elementor-element-655e8e9\" data-id=\"655e8e9\" data-element_type=\"column\">\n\t\t\t<div class=\"elementor-widget-wrap elementor-element-populated\">\n\t\t\t\t\t\t<div class=\"elementor-element elementor-element-e773b45 elementor-hidden-tablet elementor-hidden-mobile elementor-widget elementor-widget-image\" data-id=\"e773b45\" data-element_type=\"widget\" data-widget_type=\"image.default\">\n\t\t\t\t<div class=\"elementor-widget-container\">\n\t\t\t\t\t\t\t\t\t\t\t\t\t\t\t<img decoding=\"async\" width=\"696\" height=\"583\" src=\"https:\/\/pc.sc.gov.br\/\/wp-content\/uploads\/2026\/02\/denunciawhatsapp.png\" class=\"attachment-large size-large wp-image-36257\" alt=\"\" srcset=\"https:\/\/pc.sc.gov.br\/\/wp-content\/uploads\/2026\/02\/denunciawhatsapp.png 940w, https:\/\/pc.sc.gov.br\/\/wp-content\/uploads\/2026\/02\/denunciawhatsapp-300x251.png 300w, https:\/\/pc.sc.gov.br\/\/wp-content\/uploads\/2026\/02\/denunciawhatsapp-768x644.png 768w\" sizes=\"(max-width: 696px) 100vw, 696px\" \/>\t\t\t\t\t\t\t\t\t\t\t\t\t\t\t<\/div>\n\t\t\t\t<\/div>\n\t\t\t\t\t<\/div>\n\t\t<\/div>\n\t\t\t\t\t<\/div>\n\t\t<\/section>\n\t\t\t\t<section class=\"elementor-section elementor-top-section elementor-element elementor-element-02247d7 elementor-section-boxed elementor-section-height-default elementor-section-height-default\" data-id=\"02247d7\" data-element_type=\"section\">\n\t\t\t\t\t\t<div class=\"elementor-container elementor-column-gap-default\">\n\t\t\t\t\t<div class=\"elementor-column elementor-col-100 elementor-top-column elementor-element elementor-element-cbbbad2\" data-id=\"cbbbad2\" data-element_type=\"column\">\n\t\t\t<div class=\"elementor-widget-wrap elementor-element-populated\">\n\t\t\t\t\t\t<div class=\"elementor-element elementor-element-937cba7 elementor-widget elementor-widget-text-editor\" data-id=\"937cba7\" data-element_type=\"widget\" data-widget_type=\"text-editor.default\">\n\t\t\t\t<div class=\"elementor-widget-container\">\n\t\t\t\t\t\t\t\t\t<p><strong>Auxilie denunciando:<\/strong><\/p><ul><li class=\"Default\">Autores de crimes<\/li><li class=\"Default\">Tr\u00e1fico de drogas<\/li><li class=\"Default\">Com\u00e9rcio de armas<\/li><li class=\"Default\">Localiza\u00e7\u00e3o de criminosos condenados e foragidos<\/li><li class=\"Default\">Localiza\u00e7\u00e3o de pessoas consideradas desaparecidas<\/li><\/ul><p>Depois de recebida a den\u00fancia, um policial civil ir\u00e1 analisar e, se presentes todos os requisitos, ir\u00e1 despachar para o setor respons\u00e1vel pela apura\u00e7\u00e3o.<\/p><p class=\"Default\">Se preferir, utilize nosso <a style=\"color: #bf971c;\" href=\"https:\/\/pc.sc.gov.br\/?page_id=51\">Disque Den\u00fancia 181<\/a>\u00a0ou <a style=\"color: #bf971c;\" href=\"https:\/\/delegaciavirtual.sc.gov.br\/nova-ocorrencia\">Den\u00fancia An\u00f4nima<\/a><\/p>\t\t\t\t\t\t\t\t<\/div>\n\t\t\t\t<\/div>\n\t\t\t\t\t<\/div>\n\t\t<\/div>\n\t\t\t\t\t<\/div>\n\t\t<\/section>\n\t\t\t\t<\/div>\n\t\t","protected":false},"excerpt":{"rendered":"<p>Den\u00fancia pelo Whatsapp Pol\u00edcia Civil de Santa Catarina no WhatsApp Agora voc\u00ea pode denunciar enviando mensagens com fotos, v\u00eddeos e documentos para aux\u00edlio de investiga\u00e7\u00f5es criminais: atrav\u00e9s do telefone (48) 98844-0083. O\u00a0servi\u00e7o est\u00e1 dispon\u00edvel para receber den\u00fancia de forma f\u00e1cil e \u00e1gil, com a garantia de sigilo absoluto. O nosso compromisso \u00e9 verificar todas as [&hellip;]<\/p>\n","protected":false},"author":1,"featured_media":0,"parent":47,"menu_order":0,"comment_status":"closed","ping_status":"closed","template":"elementor_header_footer","meta":{"_monsterinsights_skip_tracking":false,"_monsterinsights_sitenote_active":false,"_monsterinsights_sitenote_note":"","_monsterinsights_sitenote_category":0,"footnotes":""},"class_list":["post-55","page","type-page","status-publish","hentry"],"_links":{"self":[{"href":"https:\/\/pc.sc.gov.br\/index.php?rest_route=\/wp\/v2\/pages\/55","targetHints":{"allow":["GET"]}}],"collection":[{"href":"https:\/\/pc.sc.gov.br\/index.php?rest_route=\/wp\/v2\/pages"}],"about":[{"href":"https:\/\/pc.sc.gov.br\/index.php?rest_route=\/wp\/v2\/types\/page"}],"author":[{"embeddable":true,"href":"https:\/\/pc.sc.gov.br\/index.php?rest_route=\/wp\/v2\/users\/1"}],"replies":[{"embeddable":true,"href":"https:\/\/pc.sc.gov.br\/index.php?rest_route=%2Fwp%2Fv2%2Fcomments&post=55"}],"version-history":[{"count":49,"href":"https:\/\/pc.sc.gov.br\/index.php?rest_route=\/wp\/v2\/pages\/55\/revisions"}],"predecessor-version":[{"id":36264,"href":"https:\/\/pc.sc.gov.br\/index.php?rest_route=\/wp\/v2\/pages\/55\/revisions\/36264"}],"up":[{"embeddable":true,"href":"https:\/\/pc.sc.gov.br\/index.php?rest_route=\/wp\/v2\/pages\/47"}],"wp:attachment":[{"href":"https:\/\/pc.sc.gov.br\/index.php?rest_route=%2Fwp%2Fv2%2Fmedia&parent=55"}],"curies":[{"name":"wp","href":"https:\/\/api.w.org\/{rel}","templated":true}]}}