{"id":5650,"date":"2023-02-24T14:20:56","date_gmt":"2023-02-24T17:20:56","guid":{"rendered":"https:\/\/pc.sc.gov.br\/?page_id=5650"},"modified":"2024-09-18T13:31:19","modified_gmt":"2024-09-18T16:31:19","slug":"ouvidoria","status":"publish","type":"page","link":"https:\/\/pc.sc.gov.br\/?page_id=5650","title":{"rendered":"OUVIDORIA"},"content":{"rendered":"\t\t<div data-elementor-type=\"wp-page\" data-elementor-id=\"5650\" class=\"elementor elementor-5650\" data-elementor-post-type=\"page\">\n\t\t\t\t\t\t<section class=\"elementor-section elementor-top-section elementor-element elementor-element-4bb08ef elementor-section-boxed elementor-section-height-default elementor-section-height-default\" data-id=\"4bb08ef\" data-element_type=\"section\">\n\t\t\t\t\t\t<div class=\"elementor-container elementor-column-gap-default\">\n\t\t\t\t\t<div class=\"elementor-column elementor-col-100 elementor-top-column elementor-element elementor-element-6f08f17\" data-id=\"6f08f17\" data-element_type=\"column\">\n\t\t\t<div class=\"elementor-widget-wrap elementor-element-populated\">\n\t\t\t\t\t\t<div class=\"elementor-element elementor-element-ad2c1ae elementor-widget elementor-widget-heading\" data-id=\"ad2c1ae\" data-element_type=\"widget\" data-widget_type=\"heading.default\">\n\t\t\t\t<div class=\"elementor-widget-container\">\n\t\t\t\t\t<h2 class=\"elementor-heading-title elementor-size-large\">OUVIDORIA<\/h2>\t\t\t\t<\/div>\n\t\t\t\t<\/div>\n\t\t\t\t\t<\/div>\n\t\t<\/div>\n\t\t\t\t\t<\/div>\n\t\t<\/section>\n\t\t\t\t<section class=\"elementor-section elementor-top-section elementor-element elementor-element-b733621 elementor-section-boxed elementor-section-height-default elementor-section-height-default\" data-id=\"b733621\" data-element_type=\"section\">\n\t\t\t\t\t\t<div class=\"elementor-container elementor-column-gap-default\">\n\t\t\t\t\t<div class=\"elementor-column elementor-col-100 elementor-top-column elementor-element elementor-element-1a3f6d7\" data-id=\"1a3f6d7\" data-element_type=\"column\">\n\t\t\t<div class=\"elementor-widget-wrap elementor-element-populated\">\n\t\t\t\t\t\t<div class=\"elementor-element elementor-element-0e049a2 elementor-widget elementor-widget-text-editor\" data-id=\"0e049a2\" data-element_type=\"widget\" data-widget_type=\"text-editor.default\">\n\t\t\t\t<div class=\"elementor-widget-container\">\n\t\t\t\t\t\t\t\t\t<p><span dir=\"ltr\">A atividade de Ouvidoria da Pol\u00edcia Civil foi regulamentada pela RESOLUC\u00c3O N. <\/span><span dir=\"ltr\">35\/GAB\/DGPC\/PCSC. <\/span><\/p><p><span dir=\"ltr\">A Ouvidoria da Pol\u00edcia Civil de Santa Catarina possui atividade aut\u00f4noma desde o <\/span><span dir=\"ltr\">ano de 2022, tendo sede na Delegacia Geral da Pol\u00edcia Civil de Santa Catarina. <\/span><\/p><p><span dir=\"ltr\">Endere\u00e7o:<br \/>Rua Felipe Schmidt, 755, 4\u00ba andar, Centro, Florian\u00f3polis-SC<br \/><\/span><\/p><p><span dir=\"ltr\">A Ouvidoria da Pol\u00edcia Civil \u00e9 vinculada tecnicamente \u00e0 controladoria Geral do <\/span><span dir=\"ltr\">Estado, representada pela Ouvidoria Geral do Estado e subordinada hier\u00e1rquica e <\/span><span dir=\"ltr\">administrativamente ao Gabinete do Delegado Geral. <\/span><\/p><p><span dir=\"ltr\">No relat\u00f3rio abaixo, conforme os termos do art. 16\u00ba da resolu\u00e7\u00e3o citada, constam o n\u00famero <\/span><span dir=\"ltr\">de manifesta\u00e7\u00f5es recebidas no ano anterior (2022), os motivos das manifesta\u00e7\u00f5es, a <\/span><span dir=\"ltr\">an\u00e1lise dos pontos recorrentes, as provid\u00eancias adotadas pela Pol\u00edcia Civil nas solu\u00e7\u00f5es <\/span><span dir=\"ltr\">apresentadas, as falhas identificadas e as sugest\u00f5es de melhorias na presta\u00e7\u00e3o dos <\/span><span dir=\"ltr\">servi\u00e7os p\u00fablicos. <\/span><\/p>\t\t\t\t\t\t\t\t<\/div>\n\t\t\t\t<\/div>\n\t\t\t\t\t<\/div>\n\t\t<\/div>\n\t\t\t\t\t<\/div>\n\t\t<\/section>\n\t\t\t\t<section class=\"elementor-section elementor-top-section elementor-element elementor-element-e2f66e2 elementor-section-boxed elementor-section-height-default elementor-section-height-default\" data-id=\"e2f66e2\" data-element_type=\"section\">\n\t\t\t\t\t\t<div class=\"elementor-container elementor-column-gap-default\">\n\t\t\t\t\t<div class=\"elementor-column elementor-col-100 elementor-top-column elementor-element elementor-element-9026bd0\" data-id=\"9026bd0\" data-element_type=\"column\">\n\t\t\t<div class=\"elementor-widget-wrap elementor-element-populated\">\n\t\t\t\t\t\t<div class=\"elementor-element elementor-element-370d72b elementor-button-info elementor-widget elementor-widget-button\" data-id=\"370d72b\" data-element_type=\"widget\" data-widget_type=\"button.default\">\n\t\t\t\t<div class=\"elementor-widget-container\">\n\t\t\t\t\t\t\t\t\t<div class=\"elementor-button-wrapper\">\n\t\t\t\t\t<a class=\"elementor-button elementor-button-link elementor-size-sm\" href=\"https:\/\/pc.sc.gov.br\/wp-content\/uploads\/2024\/02\/RELATORIO_OUVIDORIA_2023.pdf\" target=\"_blank\">\n\t\t\t\t\t\t<span class=\"elementor-button-content-wrapper\">\n\t\t\t\t\t\t\t\t\t<span class=\"elementor-button-text\">CLIQUE AQUI PARA VISUALIZAR O RELAT\u00d3RIO<\/span>\n\t\t\t\t\t<\/span>\n\t\t\t\t\t<\/a>\n\t\t\t\t<\/div>\n\t\t\t\t\t\t\t\t<\/div>\n\t\t\t\t<\/div>\n\t\t\t\t\t<\/div>\n\t\t<\/div>\n\t\t\t\t\t<\/div>\n\t\t<\/section>\n\t\t\t\t<\/div>\n\t\t","protected":false},"excerpt":{"rendered":"<p>OUVIDORIA A atividade de Ouvidoria da Pol\u00edcia Civil foi regulamentada pela RESOLUC\u00c3O N. 35\/GAB\/DGPC\/PCSC. A Ouvidoria da Pol\u00edcia Civil de Santa Catarina possui atividade aut\u00f4noma desde o ano de 2022, tendo sede na Delegacia Geral da Pol\u00edcia Civil de Santa Catarina. Endere\u00e7o:Rua Felipe Schmidt, 755, 4\u00ba andar, Centro, Florian\u00f3polis-SC A Ouvidoria da Pol\u00edcia Civil \u00e9 [&hellip;]<\/p>\n","protected":false},"author":2,"featured_media":0,"parent":0,"menu_order":0,"comment_status":"closed","ping_status":"closed","template":"","meta":{"_monsterinsights_skip_tracking":false,"_monsterinsights_sitenote_active":false,"_monsterinsights_sitenote_note":"","_monsterinsights_sitenote_category":0,"footnotes":""},"class_list":["post-5650","page","type-page","status-publish","hentry"],"_links":{"self":[{"href":"https:\/\/pc.sc.gov.br\/index.php?rest_route=\/wp\/v2\/pages\/5650","targetHints":{"allow":["GET"]}}],"collection":[{"href":"https:\/\/pc.sc.gov.br\/index.php?rest_route=\/wp\/v2\/pages"}],"about":[{"href":"https:\/\/pc.sc.gov.br\/index.php?rest_route=\/wp\/v2\/types\/page"}],"author":[{"embeddable":true,"href":"https:\/\/pc.sc.gov.br\/index.php?rest_route=\/wp\/v2\/users\/2"}],"replies":[{"embeddable":true,"href":"https:\/\/pc.sc.gov.br\/index.php?rest_route=%2Fwp%2Fv2%2Fcomments&post=5650"}],"version-history":[{"count":22,"href":"https:\/\/pc.sc.gov.br\/index.php?rest_route=\/wp\/v2\/pages\/5650\/revisions"}],"predecessor-version":[{"id":23538,"href":"https:\/\/pc.sc.gov.br\/index.php?rest_route=\/wp\/v2\/pages\/5650\/revisions\/23538"}],"wp:attachment":[{"href":"https:\/\/pc.sc.gov.br\/index.php?rest_route=%2Fwp%2Fv2%2Fmedia&parent=5650"}],"curies":[{"name":"wp","href":"https:\/\/api.w.org\/{rel}","templated":true}]}}