{"id":75,"date":"2022-10-14T15:56:59","date_gmt":"2022-10-14T18:56:59","guid":{"rendered":"https:\/\/pc.sc.gov.br\/?page_id=75"},"modified":"2022-12-14T13:18:40","modified_gmt":"2022-12-14T16:18:40","slug":"dicas_seguranca","status":"publish","type":"page","link":"https:\/\/pc.sc.gov.br\/?page_id=75","title":{"rendered":"Dicas de Seguran\u00e7a"},"content":{"rendered":"\t\t<div data-elementor-type=\"wp-page\" data-elementor-id=\"75\" class=\"elementor elementor-75\" data-elementor-post-type=\"page\">\n\t\t\t\t\t\t<section class=\"elementor-section elementor-top-section elementor-element elementor-element-be6b5cc elementor-section-boxed elementor-section-height-default elementor-section-height-default\" data-id=\"be6b5cc\" data-element_type=\"section\">\n\t\t\t\t\t\t<div class=\"elementor-container elementor-column-gap-default\">\n\t\t\t\t\t<div class=\"elementor-column elementor-col-100 elementor-top-column elementor-element elementor-element-f1e8f7f\" data-id=\"f1e8f7f\" data-element_type=\"column\">\n\t\t\t<div class=\"elementor-widget-wrap elementor-element-populated\">\n\t\t\t\t\t\t<div class=\"elementor-element elementor-element-985aff0 elementor-widget elementor-widget-heading\" data-id=\"985aff0\" data-element_type=\"widget\" data-widget_type=\"heading.default\">\n\t\t\t\t<div class=\"elementor-widget-container\">\n\t\t\t\t\t<h2 class=\"elementor-heading-title elementor-size-default\">dicas de seguran\u00e7a<\/h2>\t\t\t\t<\/div>\n\t\t\t\t<\/div>\n\t\t\t\t<div class=\"elementor-element elementor-element-c00453a elementor-widget elementor-widget-text-editor\" data-id=\"c00453a\" data-element_type=\"widget\" data-widget_type=\"text-editor.default\">\n\t\t\t\t<div class=\"elementor-widget-container\">\n\t\t\t\t\t\t\t\t\t<p style=\"text-transform: uppercase;\">Cuidados com as Crian\u00e7as<\/p>\t\t\t\t\t\t\t\t<\/div>\n\t\t\t\t<\/div>\n\t\t\t\t<div class=\"elementor-element elementor-element-39707bc elementor-widget elementor-widget-text-editor\" data-id=\"39707bc\" data-element_type=\"widget\" data-widget_type=\"text-editor.default\">\n\t\t\t\t<div class=\"elementor-widget-container\">\n\t\t\t\t\t\t\t\t\t<div>1) N\u00e3o converse com estranhos. Diga para procurarem sua fam\u00edlia mas n\u00e3o forne\u00e7a o endere\u00e7o;<br \/><br \/><\/div><div>2) N\u00e3o aceite presentes, balas, chocolates ou outros doces de pessoas que voc\u00ea n\u00e3o conhece. Fale claro que voc\u00ea n\u00e3o quer e se afaste deles;<br \/><br \/><\/div><div>3) Procure n\u00e3o andar sozinho. Arrume sempre companhia entre seus amigos e se sentir medo ligue para a pol\u00edcia e explique seu problema;<br \/><br \/><\/div><div>4) Quando estiver esperando condu\u00e7\u00e3o para ir para a escola ou para voltar para casa, evite os pontos de parada em locais escuros e sem movimento;<br \/><br \/><\/div><div>5) N\u00e3o acredite em estranhos que dizem trazer recado de seus familiares. Pe\u00e7a a uma pessoa amiga que confirme o que est\u00e3o dizendo;<\/div><div>6) Se for seguido por estranhos na rua, entre na primeira casa habitada e pe\u00e7a socorro;<br \/><br \/><\/div><div>7) Se algu\u00e9m o atacar, tentando agarr\u00e1-lo, esperneie e grite bem alto muitas vezes pedindo ajuda;<br \/><br \/><\/div><div>8) Se outras crian\u00e7as o agredirem para roubar, n\u00e3o resista e entregue o que pedirem. Assim que puder pe\u00e7a ajuda da pol\u00edcia;<br \/><br \/><\/div><div>9) N\u00e3o aceite caronas de motoristas desconhecidos e, quando for chamado por algum deles, n\u00e3o lhe d\u00ea aten\u00e7\u00e3o e nunca se aproxime do ve\u00edculo;<br \/><br \/><\/div><div>10) Quando estiver desacompanhado e algu\u00e9m o incomodar, querendo por a m\u00e3o em seu corpo, grite bastante para chamar a aten\u00e7\u00e3o das outras pessoas que est\u00e3o a seu lado;<br \/><br \/><\/div><div>11) N\u00e3o atravesse as ruas correndo. Fa\u00e7a-o na faixa de pedestres, preferindo os cruzamentos que tenham sem\u00e1foros;<br \/><br \/><\/div><div>12) Se voc\u00ea ainda n\u00e3o consegue guardar na mem\u00f3ria o seu endere\u00e7o ou o telefone de sua fam\u00edlia, pe\u00e7a que os escrevam em um cart\u00e3o e carregue-o sempre consigo;<br \/><br \/><\/div><div>13) Quando precisar de ajuda, n\u00e3o se acanhe em procurar um policial. Voc\u00ea vai receber apoio e orienta\u00e7\u00e3o.<\/div>\t\t\t\t\t\t\t\t<\/div>\n\t\t\t\t<\/div>\n\t\t\t\t<div class=\"elementor-element elementor-element-fcc17f2 elementor-widget elementor-widget-text-editor\" data-id=\"fcc17f2\" data-element_type=\"widget\" data-widget_type=\"text-editor.default\">\n\t\t\t\t<div class=\"elementor-widget-container\">\n\t\t\t\t\t\t\t\t\t<p style=\"text-transform: uppercase;\">Dicas de seguran\u00e7a<\/p>\t\t\t\t\t\t\t\t<\/div>\n\t\t\t\t<\/div>\n\t\t\t\t<div class=\"elementor-element elementor-element-1992e65 elementor-widget elementor-widget-text-editor\" data-id=\"1992e65\" data-element_type=\"widget\" data-widget_type=\"text-editor.default\">\n\t\t\t\t<div class=\"elementor-widget-container\">\n\t\t\t\t\t\t\t\t\t<div><p>1) N\u00e3o ande sozinho. Sempre que for poss\u00edvel, n\u00e3o se exponha gratuitamente \u00e0 a\u00e7\u00e3o dos delinq\u00fcentes, passeando desacompanhado por locais ermos e ou em horas avan\u00e7adas. Em uma festa ou reuni\u00e3o espere pela companhia de um amigo para sairem juntos. Uma forma de prud\u00eancia \u00e9 antecipar-se ao perigo, prevenindo-se;<br \/><br \/>2) Quando estiver s\u00f3, escolha seu trajeto, evitando passar por locais desertos e ou pouco iluminados. Mantenha-se alerta ao cruzar com suspeitos e n\u00e3o pare para atender pedidos que lhe despertem desconfian\u00e7a. Caminhe junto \u00e0 guia da cal\u00e7ada e atravesse a rua a qualquer sinal de perigo. Ao pressentir a aproxima\u00e7\u00e3o de estranhos em atitude suspeita entre no primeiro local habitado que encontrar e pe\u00e7a ajuda;<\/p><p>3) N\u00e3o carregue consigo grandes import\u00e2ncias em dinheiro ou outros valores. Se o fizer por necessidade imperiosa, procure guardar o numer\u00e1rio de modo seguro e discreto, evitando grandes aglomera\u00e7\u00f5es, onde agem os punguistas e descuidistas, assim como em lugares sem movimento onde poder\u00e3o roub\u00e1-lo. As mulheres devem carregar suas bolsas firmemente seguras entre o bra\u00e7o e o corpo, mantendo a m\u00e3o sobre seu fecho. Siga diretamente para seu destino quando portar valores, n\u00e3o parando em bares ou casas de divers\u00e3o;<br \/><br \/>4) Ao parar em pontos de \u00f4nibus procure os que se situam em locais de grande movimento, preferencialmente aqueles localizados \u00e0 porta dos estabelecimentos comerciais;<br \/><br \/>5) Quando estiver em um coletivo e este for invadido por ladr\u00f5es, mantenha-se calmo. N\u00e3o encare diretamente os assaltantes e nem tente dialogar com eles. Se houver oportunidade de se desfazer de alguns de seus valores, fa\u00e7a-o de maneira a mais dissimulada poss\u00edvel, guardando consigo uma pequena soma de dinheiro. N\u00e3o reaja, sua vida n\u00e3o tem pre\u00e7o;<br \/><br \/>6) N\u00e3o use locais isolados para col\u00f3quios amorosos. Os namorados em lugares solit\u00e1rios s\u00e3o presa f\u00e1cil dos ladr\u00f5es;<br \/><br \/>7) Desconfie sempre de estranhos de conversa envolvente que tentem aproxima\u00e7\u00e3o. N\u00e3o aceite convites de desconhecidos casuais que venha a encontrar na rua, em bares ou casas de divers\u00e3o noturnas;<br \/><br \/>8) Igualmente n\u00e3o se deixe levar pela conversa de estranhos que venham a abord\u00e1-lo para propor &#8220;neg\u00f3cio da China&#8221;. S\u00e3o vigaristas, chame o policial mais pr\u00f3ximo;<br \/><br \/>9) N\u00e3o ande armado. Quam carrega arma de fogo, muitas vezes sem saber us\u00e1-la eficazmente, pode ser induzido \u00e0 pr\u00e1tica de atos temer\u00e1rios ante a a\u00e7\u00e3o de criminosos;<br \/><br \/>10) Procure controlar-se nas piores situa\u00e7\u00f5es. Os assaltantes valem-se do fator surpresa para atacar suas v\u00edtimas. N\u00e3o grite e nem discuta com eles &#8211; seu nervosismo poder\u00e1 aumentar a tens\u00e3o sob a qual agem e provocar uma atitude mais agressiva em seu desfavor.<\/p><p>11) Quando estiver\u00a0 em seu autom\u00f3vel , evite estacionar em lugares desertos e pouco iluminado.<\/p><p>12) Ao estacionar ou parar em cruzamentos, principalmente a noite, observe pessoas suspeitas nas proximidades. Evite deixar objetos de valor no interior de seu carro.<\/p><p>13 )\u00a0 Na sua resid\u00eancia mantenha todas as portas trancadas e s\u00f3 atenda \u00e0 porta ap\u00f3s identifica\u00e7\u00e3o pr\u00e9via.<\/p><p>14) N\u00e3o aceitar a entrada de t\u00e9cnicos n\u00e3o solicitados na sua resid\u00eancia.<\/p><p>15) \u00a0Ao sair ou retornar da resid\u00eancia, observe as proximidades e se constatar a presen\u00e7a de estranhos, n\u00e3o entre.<\/p><p>16) \u00a0Ao viajar, avise parentes ou vizinhos de confian\u00e7a, para que esporadicamente verifiquem a resid\u00eancia e fa\u00e7am a coleta de correspond\u00eancias.<\/p><p>17)\u00a0 Oriente familiares e empregados para que n\u00e3o comentem com estranhos sobre os bens que a fam\u00edlia possui tanto como seus h\u00e1bitos.<\/p><p>18) Nunca guarde grandes quantidades de dinheiro em casa.<\/p><p>19) Tome cuidado com empregados eventuais, que podem praticar delitos em sua resid\u00eancia ou obter informa\u00e7\u00f5es e repass\u00e1-las para delinquentes.<\/p><p>20) Se mora s\u00f3, procure manter contato regular com vizinhos em quem tenha confian\u00e7a, estabelecendo com eles uma rede de ajuda de prote\u00e7\u00e3o rec\u00edproca.<\/p><p>21) Se mora s\u00f3 com outra pessoa idosa, estabele\u00e7a com ela uma parceria para a seguran\u00e7a de ambas, pois a reciprocidade de cuidados com a seguran\u00e7a refor\u00e7a a prote\u00e7\u00e3o de todos(as).<\/p><p>\u00a022) Tenha se poss\u00edvel uma extens\u00e3o do telefone no seu quarto ou tenha ali um celular para os casos de precisar chamar a pol\u00edcia pelo fone 190, em caso de sua resid\u00eancia ser invadida.<\/p><p>23) Tenha sempre em local certo telefones de emerg\u00eancia, de parentes ou pessoas a quem possa pedir ajuda, para dispor deles quando precisar. Mantenha aten\u00e7\u00e3o constante ao entrar e sair de sua resid\u00eancia. Muitos delinquentes abordam suas v\u00edtimas nesta hora porque est\u00e3o distra\u00eddas.<\/p><p>\u00a024) Se mora em condom\u00ednios, procure ajudar no controle de acesso ao condom\u00ednio, evitando trazer pessoas estranhas para dentro dele.<\/p><p>25) Se mora s\u00f3, deixe \u00e0 disposi\u00e7\u00e3o do s\u00edndico telefones de contato de pessoas a quem se deva comunicar problemas ou pedir ajuda, para casos em que o Sr(a) n\u00e3o possa faz\u00ea-lo em momentos de necessidade.<\/p><p>26) N\u00e3o d\u00ea informa\u00e7\u00f5es por telefone para pessoas desconhecidas.<\/p><p>27) No dia do seu pagamento, evite a conversa com pessoas estranhas dentro ou fora do banco. Observe se algu\u00e9m est\u00e1 seguindo-o. Se precisar transportar muito dinheiro, n\u00e3o ande sozinho, pe\u00e7a a companhia de parentes, amigos ou seguran\u00e7as.<\/p><p>28)\u00a0 <strong>Em caixas eletr\u00f4nicos<\/strong><strong>, <\/strong>n\u00e3o revele sua senha para terceiros. Em caso de dificuldade, comunique-se com funcion\u00e1rios do banco. Observe atentamente as pessoas em atitudes suspeitas pr\u00f3ximas ao local. Evite hor\u00e1rios e locais de maior risco. Evite realizar saque de grandes quantias.<\/p><p>29) Em sequestro rel\u00e2mpagos, n\u00e3o reaja em nenhuma circunst\u00e2ncia.Procure obedecer todas as exig\u00eancias do bandido.Tente observar as caracter\u00edsticas f\u00edsicas, cicatrizes e marcas.Pe\u00e7a aux\u00edlio \u00e0 Pol\u00edcia assim que for libertado.<\/p><p>30) Ensine as crian\u00e7as a pedir auxilio \u00e0 pol\u00edcia (pessoalmente ou por telefone) ou \u00e0s pessoas conhecidas, quando perceber estranhos em atitudes suspeitas ou que estejam molestando.<\/p><p>31) Oriente seus filhos para n\u00e3o desviarem do trajeto casa-escola-casa, sem pr\u00e9vio acordo.<\/p><p>32) Oriente seus filhos para que se afastem de situa\u00e7\u00f5es perigosas, tais como: armas, acidentes, aglomera\u00e7\u00f5es, discuss\u00f5es, etc.<\/p><p>33) Quando for fazer compras, evite ir sozinha, pois assim voc\u00ea se\u00a0 torna uma pressa f\u00e1cil. Prefira pagar com cheque ou cart\u00e3o, para que n\u00e3o precise levar grandes quantias em dinheiro;<\/p><p>34) Nunca mostre dinheiro em p\u00fablico, principalmente em bares, restaurantes, lojas, cinemas, carrinhos de pipoca, etc.;<\/p><p>35) N\u00e3o carregue o seu celular \u00e0 mostra em ruas de grande movimento e transporte p\u00fablico. Procure levar no bolso e com o modo vibrador acionado.<\/p><p>36) Em bares, restaurantes, cafeterias e casas noturnas, jamais deixe celulares sobre a mesa ou balc\u00e3o.<\/p><p>37)Cuidado extremo ao atender chamadas em vias p\u00fablicas. Se for liga\u00e7\u00e3o urgente, entre em algum estabelecimento comercial, voc\u00ea poder\u00e1 falar com tranquilidade e o n\u00edvel de seguran\u00e7a ser\u00e1 bem maior.<\/p><p>38)Em coletivos, n\u00e3o use celular se estiver sentado pr\u00f3ximo \u00e0 janela e com vidro aberto, pois uma m\u00e3o sorrateira poder\u00e1 invadir o interior do \u00f4nibus e com rapidez e destreza subtrair o aparelho.<\/p><p>39)Procure usar fone de ouvido acoplado ao celular, e use com discri\u00e7\u00e3o, principalmente em lugares de grande movimento. Cuidado para que o celular n\u00e3o se torne um \u201cv\u00edcio\u201d em sua vida. Assim como existem usu\u00e1rios que falam ao celular at\u00e9 embaixo do chuveiro, encontramos pessoas desatentas que compulsivamente se veem obrigadas a atender chamadas em qualquer local, mesmo sabendo da possibilidade de roubo.<\/p><p>40)N\u00e3o carregue celular em balada. Antes de ir, procure saber se o local conta com chapelaria. Se n\u00e3o tiver, deixe o aparelho em casa.<\/p><p>41)Geralmente, temos em casa celular antigo e baratinho que n\u00e3o usamos mais. Quando for a lugares com maior risco de assaltos, utilize esse aparelho reserva, assim, no caso de ser v\u00edtima de bandidos, pelo menos o preju\u00edzo ser\u00e1 bem menor.<\/p><p>42)Jamais deixe o celular \u00e0 mostra no interior de ve\u00edculo.<\/p><p>43)Se seu celular possui tecnologia 3G, instale programa rastreador, pois em caso de subtra\u00e7\u00e3o aumenta, sobremaneira, a possibilidade de localizar o criminoso.<\/p><p>44)Assim como instalamos antiv\u00edrus no PC, devemos fazer o mesmo com o telefone m\u00f3vel ligado \u00e0 internet.<\/p><p>45)Fa\u00e7a back up semanal do conte\u00fado de seu equipamento, pois em caso de perda ou subtra\u00e7\u00e3o, a frustra\u00e7\u00e3o ser\u00e1 bem menor.<\/p><p>46)Cuidado com o armazenamento de fotos e v\u00eddeos sensuais; se ca\u00edrem em m\u00e3os erradas, voc\u00ea perder\u00e1 noites de sono.<\/p><p>47)Descubra o n\u00famero secreto de seu aparelho, conhecido por IMEI, digitando *#06#. Em caso de perda ou roubo, ao informar \u00e0 operadora o referido n\u00famero, automaticamente o aparelho ser\u00e1 bloqueado, independente de qual Sim Card esteja inserido.<\/p><p>48) Evite que os idosos andem desacompanhados por locais desertos ou por ruas de com\u00e9rcio muito movimentado, alertando-os para que tomem cuidado com os &#8220;contos do vig\u00e1rio&#8221;, praticados por marginais bem falantes; cuidado especialmente com pessoas que venham Ihe oferecer terrenos em locais distantes, planos de aposentadoria, j\u00f3ias achadas na rua, curas milagrosas, correntes e alian\u00e7as de ouro, etc.<\/p><p>49) Caso voc\u00ea tenha algum estabelecimento, para evitar assaltos e roubos \u00e9 preciso avaliar criteriosamente as vulnerabilidades do seu estabelecimento para poder se prevenir. Para isso, \u00e9 importante prestar aten\u00e7\u00e3o em cada detalhe que possa facilitar a a\u00e7\u00e3o criminosa, como, por exemplo, \u00e1reas sem monitoramento, prateleiras escondidas, itens leves, pequenos ou f\u00e1ceis de esconder, \u00e1reas pouco iluminadas, e at\u00e9 a falta de estrat\u00e9gia no posicionamento de pe\u00e7as de valor. \u00c9 importante manter os itens da loja expostos em \u00e1reas de f\u00e1cil visualiza\u00e7\u00e3o, para que se perceba rapidamente caso algo seja retirado do lugar.<\/p><p>50) Para evitar preju\u00edzos no com\u00e9rcio n\u00e3o guarde muito dinheiro no estabelecimento. Mantenha o caixa com valores mais baixos e guarde o restante no banco ou em cofres fora do estabelecimento comercial. Desta forma, al\u00e9m de proteger o seu patrim\u00f4nio, voc\u00ea minimizar\u00e1 os preju\u00edzos do seu estabelecimento no caso de uma a\u00e7\u00e3o criminosa.<\/p><p>51) Os seus funcion\u00e1rios pode ser um grande aliado na hora de prevenir assaltos no com\u00e9rcio. Combine uma maneira discreta de comunicar quando algu\u00e9m perceber algum movimento estranho, para que todos fiquem mais atentos \u00e9 importante que o \u201cc\u00f3digo de seguran\u00e7a\u201d da equipe n\u00e3o seja \u00f3bvio para n\u00e3o alertar o ladr\u00e3o.<\/p><p>52) Muitos dos roubos que acontecem no com\u00e9rcio demoram dias para serem descobertos. Para evitar essa situa\u00e7\u00e3o, mantenha o controle do estoque sempre em dia e tente fazer a confer\u00eancia dos itens no fim do dia. Assim, voc\u00ea vai perceber imediatamente quando algo estiver faltando.<\/p><p>53) O com\u00e9rcio \u00e9 vulner\u00e1vel a roubos e assaltos\u00a0 tanto durante o funcionamento como depois. Por isso, \u00e9 imprescind\u00edvel refor\u00e7ar a seguran\u00e7a nas portas e janelas, usar cadeados e travas de seguran\u00e7a no estoque e investir em grades, correntes e cadeados para dificultar a a\u00e7\u00e3o de bandidos durante a noite, aos fins de semana e nos outros momentos em que a loja estiver vazia.<\/p><\/div>\t\t\t\t\t\t\t\t<\/div>\n\t\t\t\t<\/div>\n\t\t\t\t\t<\/div>\n\t\t<\/div>\n\t\t\t\t\t<\/div>\n\t\t<\/section>\n\t\t\t\t<\/div>\n\t\t","protected":false},"excerpt":{"rendered":"<p>dicas de seguran\u00e7a Cuidados com as Crian\u00e7as 1) N\u00e3o converse com estranhos. Diga para procurarem sua fam\u00edlia mas n\u00e3o forne\u00e7a o endere\u00e7o; 2) N\u00e3o aceite presentes, balas, chocolates ou outros doces de pessoas que voc\u00ea n\u00e3o conhece. Fale claro que voc\u00ea n\u00e3o quer e se afaste deles; 3) Procure n\u00e3o andar sozinho. Arrume sempre companhia [&hellip;]<\/p>\n","protected":false},"author":1,"featured_media":0,"parent":65,"menu_order":0,"comment_status":"closed","ping_status":"closed","template":"elementor_header_footer","meta":{"_monsterinsights_skip_tracking":false,"_monsterinsights_sitenote_active":false,"_monsterinsights_sitenote_note":"","_monsterinsights_sitenote_category":0,"footnotes":""},"class_list":["post-75","page","type-page","status-publish","hentry"],"_links":{"self":[{"href":"https:\/\/pc.sc.gov.br\/index.php?rest_route=\/wp\/v2\/pages\/75","targetHints":{"allow":["GET"]}}],"collection":[{"href":"https:\/\/pc.sc.gov.br\/index.php?rest_route=\/wp\/v2\/pages"}],"about":[{"href":"https:\/\/pc.sc.gov.br\/index.php?rest_route=\/wp\/v2\/types\/page"}],"author":[{"embeddable":true,"href":"https:\/\/pc.sc.gov.br\/index.php?rest_route=\/wp\/v2\/users\/1"}],"replies":[{"embeddable":true,"href":"https:\/\/pc.sc.gov.br\/index.php?rest_route=%2Fwp%2Fv2%2Fcomments&post=75"}],"version-history":[{"count":10,"href":"https:\/\/pc.sc.gov.br\/index.php?rest_route=\/wp\/v2\/pages\/75\/revisions"}],"predecessor-version":[{"id":2327,"href":"https:\/\/pc.sc.gov.br\/index.php?rest_route=\/wp\/v2\/pages\/75\/revisions\/2327"}],"up":[{"embeddable":true,"href":"https:\/\/pc.sc.gov.br\/index.php?rest_route=\/wp\/v2\/pages\/65"}],"wp:attachment":[{"href":"https:\/\/pc.sc.gov.br\/index.php?rest_route=%2Fwp%2Fv2%2Fmedia&parent=75"}],"curies":[{"name":"wp","href":"https:\/\/api.w.org\/{rel}","templated":true}]}}