{"id":79,"date":"2022-10-14T15:57:43","date_gmt":"2022-10-14T18:57:43","guid":{"rendered":"https:\/\/pc.sc.gov.br\/?page_id=79"},"modified":"2022-12-14T13:27:43","modified_gmt":"2022-12-14T16:27:43","slug":"delegacias_especializadas","status":"publish","type":"page","link":"https:\/\/pc.sc.gov.br\/?page_id=79","title":{"rendered":"Delegacias Especializadas"},"content":{"rendered":"\t\t<div data-elementor-type=\"wp-page\" data-elementor-id=\"79\" class=\"elementor elementor-79\" data-elementor-post-type=\"page\">\n\t\t\t\t\t\t<section class=\"elementor-section elementor-top-section elementor-element elementor-element-0ee6152 elementor-section-boxed elementor-section-height-default elementor-section-height-default\" data-id=\"0ee6152\" data-element_type=\"section\">\n\t\t\t\t\t\t<div class=\"elementor-container elementor-column-gap-default\">\n\t\t\t\t\t<div class=\"elementor-column elementor-col-100 elementor-top-column elementor-element elementor-element-c14de61\" data-id=\"c14de61\" data-element_type=\"column\">\n\t\t\t<div class=\"elementor-widget-wrap elementor-element-populated\">\n\t\t\t\t\t\t<div class=\"elementor-element elementor-element-afe1a5d elementor-widget elementor-widget-heading\" data-id=\"afe1a5d\" data-element_type=\"widget\" data-widget_type=\"heading.default\">\n\t\t\t\t<div class=\"elementor-widget-container\">\n\t\t\t\t\t<h2 class=\"elementor-heading-title elementor-size-default\">Delegacias Especializadas<\/h2>\t\t\t\t<\/div>\n\t\t\t\t<\/div>\n\t\t\t\t\t<\/div>\n\t\t<\/div>\n\t\t\t\t\t<\/div>\n\t\t<\/section>\n\t\t\t\t<section class=\"elementor-section elementor-top-section elementor-element elementor-element-6598220 elementor-section-boxed elementor-section-height-default elementor-section-height-default\" data-id=\"6598220\" data-element_type=\"section\" id=\"table\">\n\t\t\t\t\t\t<div class=\"elementor-container elementor-column-gap-default\">\n\t\t\t\t\t<div class=\"elementor-column elementor-col-100 elementor-top-column elementor-element elementor-element-56b1c80\" data-id=\"56b1c80\" data-element_type=\"column\">\n\t\t\t<div class=\"elementor-widget-wrap elementor-element-populated\">\n\t\t\t\t\t\t<div class=\"elementor-element elementor-element-503857c elementor-widget elementor-widget-text-editor\" data-id=\"503857c\" data-element_type=\"widget\" data-widget_type=\"text-editor.default\">\n\t\t\t\t<div class=\"elementor-widget-container\">\n\t\t\t\t\t\t\t\t\t<div>\n<table class=\"tabela\" summary=\"Tabela com quantidade de Delegacias Especializadas no Estado de Santa Catarina\"><caption>QUANTIDADE DE DELEGACIAS ESPECIALIZADAS NO ESTADO DE SANTA CATARINA<\/caption>\n<thead>\n<tr class=\"cabecalho\">\n<th class=\"nomedelegacia\" scope=\"col\"><abbr title=\"Delegacias\">DELEGACIAS<\/abbr><\/th>\n<th scope=\"col\"><abbr title=\"Delegacia de Prote\u00e7\u00e3o \u00e0 Crian\u00e7a, ao Adolescente, \u00e0 Mulher e ao Idoso\">DPCAMI<\/abbr><\/th>\n<th scope=\"col\"><abbr title=\"Divis\u00e3o de Investiga\u00e7\u00f5es Criminais\">DIC<\/abbr><\/th>\n<th scope=\"col\"><abbr title=\"Central de Plant\u00e3o Policial\">CPP<\/abbr><\/th>\n<th scope=\"col\"><abbr title=\"Delegacia de Delitos de Tr\u00e2nsito\">DDT<\/abbr><\/th>\n<th scope=\"col\"><abbr title=\"Coordenadoria de Opera\u00e7\u00f5es Policiais Especiais\">COPE<\/abbr><\/th>\n<th scope=\"col\"><abbr title=\"Delegacia de Delitos de Tr\u00e2nsito e Divis\u00e3o de Crimes Ambientais\">DTCA<\/abbr><\/th>\n<th scope=\"col\"><abbr title=\"Delegacia de Homic\u00eddios\">HOMIC<\/abbr><\/th>\n<th scope=\"col\"><abbr title=\"Delegacia de Repress\u00e3o a Roubos\">ROUBOS<\/abbr><\/th>\n<th scope=\"col\"><abbr title=\"Servi\u00e7o Aeropolicial\">SAER<\/abbr><\/th>\n<th scope=\"col\"><abbr title=\"Diretoria Estadual de Investiga\u00e7\u00f5es Criminais\">DEIC<\/abbr><\/th>\n<th scope=\"col\"><abbr title=\"Delegacia de Prote\u00e7\u00e3o ao Turista\">DPTUR<\/abbr><\/th>\n<th scope=\"col\"><abbr title=\"Delegacia de Pol\u00edcia de Comarca\">DPCO<\/abbr><\/th>\n<th scope=\"col\"><abbr title=\"Delegacia de Pol\u00edcia Municipal\">DPMU<\/abbr><\/th>\n<th scope=\"col\"><abbr title=\"Delegacia de Pol\u00edcia Eletr\u00f4nica\">VIRTUAL<\/abbr><\/th>\n<th scope=\"col\"><abbr title=\"Unidade Especializada de Intoler\u00e2ncia Esportiva\">UEIE<\/abbr><\/th>\n<th scope=\"col\"><abbr title=\"Subdelegacia de Pol\u00edcia\">SUB\/DP<\/abbr><\/th>\n<th scope=\"col\"><abbr title=\"Delegacia Regional de Pol\u00edcia\">DRP<\/abbr><\/th>\n<th scope=\"col\"><abbr title=\"Delegacia de Pol\u00edcia de Combate \u00e0 Droga\">DCOD<\/abbr><\/th>\n<th scope=\"col\"><abbr title=\"Delegacia de Pol\u00edcia de Pessoas Desaparecidas\">DPPD<\/abbr><\/th>\n<th scope=\"col\"><abbr title=\"Ger\u00eancia de Fiscaliza\u00e7\u00e3o de Jogos e Divers\u00f5es P\u00fablicas\">GEFID<\/abbr><\/th>\n<th scope=\"col\"><abbr title=\"Diretoria de Intelig\u00eancia de Pol\u00edcia Civil\">DIPC<\/abbr><\/th>\n<th scope=\"col\"><abbr title=\"Corregedoria da Pol\u00edcia Civil\">CORREGEDORIA<\/abbr><\/th>\n<th scope=\"col\"><abbr title=\"Academia da Pol\u00edcia Civil\">ACADEPOL<\/abbr><\/th>\n<th scope=\"col\"><abbr title=\"Delegacia de Pol\u00edcia Interestadual\">POLINTER<\/abbr><\/th>\n<th scope=\"col\"><abbr title=\"Diretoria de Fronteira\">DIFRON<\/abbr><\/th>\n<th scope=\"col\"><abbr title=\"Diretoria de Pol\u00edcia do Interior\">DPOI<\/abbr><\/th>\n<th scope=\"col\"><abbr title=\"Diretoria de Pol\u00edcia do Litoral\">DPOL<\/abbr><\/th>\n<th scope=\"col\"><abbr title=\"Delegacia Geral de Pol\u00edcia Civil\">DGPC<\/abbr><\/th>\n<th scope=\"col\"><abbr title=\"Delegacia de Pol\u00edcia da Grande Florian\u00f3polis\">DPGF<\/abbr><\/th>\n<th scope=\"col\"><abbr title=\"Grupo de Atua\u00e7\u00e3o Especial de Combate ao Crime Organizado\">GAECO<\/abbr><\/th>\n<th scope=\"col\"><abbr title=\"Total por Delegacia\">TOTAL<\/abbr><\/th>\n<\/tr>\n<\/thead>\n<tbody>\n<tr>\n<td class=\"nomedelegacia\">DPGF 00 \u2013 FPOLIS<\/td>\n<td>2<\/td>\n<td>0<\/td>\n<td>2<\/td>\n<td>0<\/td>\n<td>0<\/td>\n<td>0<\/td>\n<td>1<\/td>\n<td>1<\/td>\n<td>1<\/td>\n<td>1<\/td>\n<td>1<\/td>\n<td>8<\/td>\n<td>0<\/td>\n<td>1<\/td>\n<td>1<\/td>\n<td>2<\/td>\n<td>0<\/td>\n<td>1<\/td>\n<td>1<\/td>\n<td>1<\/td>\n<td>1<\/td>\n<td>1<\/td>\n<td>1<\/td>\n<td>1<\/td>\n<td>0<\/td>\n<td>0<\/td>\n<td>0<\/td>\n<td>1<\/td>\n<td>1<\/td>\n<td>7<\/td>\n<td>37<\/td>\n<\/tr>\n<tr class=\"linhadiferente\">\n<td class=\"nomedelegacia\">DRP 01 \u2013 S\u00c3O JOS\u00c9<\/td>\n<td>1<\/td>\n<td>1<\/td>\n<td>1<\/td>\n<td>0<\/td>\n<td>0<\/td>\n<td>0<\/td>\n<td>0<\/td>\n<td>0<\/td>\n<td>0<\/td>\n<td>0<\/td>\n<td>0<\/td>\n<td>4<\/td>\n<td>3<\/td>\n<td>0<\/td>\n<td>0<\/td>\n<td>0<\/td>\n<td>1<\/td>\n<td>0<\/td>\n<td>0<\/td>\n<td>0<\/td>\n<td>0<\/td>\n<td>0<\/td>\n<td>0<\/td>\n<td>0<\/td>\n<td>0<\/td>\n<td>0<\/td>\n<td>0<\/td>\n<td>0<\/td>\n<td>0<\/td>\n<td>0<\/td>\n<td>11<\/td>\n<\/tr>\n<tr>\n<td class=\"nomedelegacia\">DRP 02 \u2013 JOINVILLE<\/td>\n<td>1<\/td>\n<td>1<\/td>\n<td>1<\/td>\n<td>1<\/td>\n<td>0<\/td>\n<td>0<\/td>\n<td>1<\/td>\n<td>0<\/td>\n<td>0<\/td>\n<td>0<\/td>\n<td>0<\/td>\n<td>12<\/td>\n<td>2<\/td>\n<td>0<\/td>\n<td>0<\/td>\n<td>0<\/td>\n<td>1<\/td>\n<td>0<\/td>\n<td>0<\/td>\n<td>0<\/td>\n<td>0<\/td>\n<td>0<\/td>\n<td>0<\/td>\n<td>0<\/td>\n<td>0<\/td>\n<td>0<\/td>\n<td>0<\/td>\n<td>0<\/td>\n<td>0<\/td>\n<td>0<\/td>\n<td>20<\/td>\n<\/tr>\n<tr class=\"linhadiferente\">\n<td>DRP 03 \u2013 BLUMENAU<\/td>\n<td>1<\/td>\n<td>1<\/td>\n<td>1<\/td>\n<td>0<\/td>\n<td>0<\/td>\n<td>0<\/td>\n<td>0<\/td>\n<td>0<\/td>\n<td>0<\/td>\n<td>0<\/td>\n<td>0<\/td>\n<td>7<\/td>\n<td>6<\/td>\n<td>0<\/td>\n<td>0<\/td>\n<td>1<\/td>\n<td>1<\/td>\n<td>0<\/td>\n<td>0<\/td>\n<td>0<\/td>\n<td>0<\/td>\n<td>0<\/td>\n<td>0<\/td>\n<td>0<\/td>\n<td>0<\/td>\n<td>0<\/td>\n<td>0<\/td>\n<td>0<\/td>\n<td>0<\/td>\n<td>0<\/td>\n<td>18<\/td>\n<\/tr>\n<tr>\n<td class=\"nomedelegacia\">DRP 04 \u2013 ITAJA\u00cd<\/td>\n<td>1<\/td>\n<td>1<\/td>\n<td>1<\/td>\n<td>1<\/td>\n<td>0<\/td>\n<td>0<\/td>\n<td>0<\/td>\n<td>0<\/td>\n<td>0<\/td>\n<td>0<\/td>\n<td>0<\/td>\n<td>4<\/td>\n<td>2<\/td>\n<td>0<\/td>\n<td>0<\/td>\n<td>0<\/td>\n<td>1<\/td>\n<td>0<\/td>\n<td>0<\/td>\n<td>0<\/td>\n<td>0<\/td>\n<td>0<\/td>\n<td>0<\/td>\n<td>0<\/td>\n<td>0<\/td>\n<td>0<\/td>\n<td>1<\/td>\n<td>0<\/td>\n<td>0<\/td>\n<td>0<\/td>\n<td>12<\/td>\n<\/tr>\n<tr class=\"linhadiferente\">\n<td class=\"nomedelegacia\">DRP 05 \u2013 TUBAR\u00c3O<\/td>\n<td>1<\/td>\n<td>1<\/td>\n<td>1<\/td>\n<td>0<\/td>\n<td>0<\/td>\n<td>1<\/td>\n<td>0<\/td>\n<td>0<\/td>\n<td>0<\/td>\n<td>0<\/td>\n<td>0<\/td>\n<td>4<\/td>\n<td>9<\/td>\n<td>0<\/td>\n<td>0<\/td>\n<td>0<\/td>\n<td>1<\/td>\n<td>0<\/td>\n<td>0<\/td>\n<td>0<\/td>\n<td>0<\/td>\n<td>0<\/td>\n<td>0<\/td>\n<td>0<\/td>\n<td>0<\/td>\n<td>0<\/td>\n<td>0<\/td>\n<td>0<\/td>\n<td>0<\/td>\n<td>0<\/td>\n<td>18<\/td>\n<\/tr>\n<tr>\n<td class=\"nomedelegacia\">DRP 06 \u2013 CRICI\u00daMA<\/td>\n<td>1<\/td>\n<td>1<\/td>\n<td>1<\/td>\n<td>0<\/td>\n<td>0<\/td>\n<td>0<\/td>\n<td>0<\/td>\n<td>0<\/td>\n<td>0<\/td>\n<td>0<\/td>\n<td>0<\/td>\n<td>7<\/td>\n<td>6<\/td>\n<td>0<\/td>\n<td>0<\/td>\n<td>0<\/td>\n<td>1<\/td>\n<td>0<\/td>\n<td>0<\/td>\n<td>0<\/td>\n<td>0<\/td>\n<td>0<\/td>\n<td>0<\/td>\n<td>0<\/td>\n<td>0<\/td>\n<td>0<\/td>\n<td>0<\/td>\n<td>0<\/td>\n<td>0<\/td>\n<td>0<\/td>\n<td>17<\/td>\n<\/tr>\n<tr class=\"linhadiferente\">\n<td class=\"nomedelegacia\">DRP 07 \u2013 RIO DO SUL<\/td>\n<td>1<\/td>\n<td>1<\/td>\n<td>1<\/td>\n<td>1<\/td>\n<td>0<\/td>\n<td>0<\/td>\n<td>0<\/td>\n<td>0<\/td>\n<td>0<\/td>\n<td>0<\/td>\n<td>0<\/td>\n<td>7<\/td>\n<td>15<\/td>\n<td>0<\/td>\n<td>0<\/td>\n<td>0<\/td>\n<td>1<\/td>\n<td>0<\/td>\n<td>0<\/td>\n<td>0<\/td>\n<td>0<\/td>\n<td>0<\/td>\n<td>0<\/td>\n<td>0<\/td>\n<td>0<\/td>\n<td>0<\/td>\n<td>0<\/td>\n<td>0<\/td>\n<td>0<\/td>\n<td>0<\/td>\n<td>27<\/td>\n<\/tr>\n<tr>\n<td class=\"nomedelegacia\">DRP 08 \u2013 LAGES<\/td>\n<td>1<\/td>\n<td>1<\/td>\n<td>1<\/td>\n<td>0<\/td>\n<td>0<\/td>\n<td>0<\/td>\n<td>0<\/td>\n<td>0<\/td>\n<td>0<\/td>\n<td>0<\/td>\n<td>0<\/td>\n<td>8<\/td>\n<td>10<\/td>\n<td>0<\/td>\n<td>0<\/td>\n<td>0<\/td>\n<td>1<\/td>\n<td>0<\/td>\n<td>0<\/td>\n<td>0<\/td>\n<td>0<\/td>\n<td>0<\/td>\n<td>0<\/td>\n<td>0<\/td>\n<td>0<\/td>\n<td>0<\/td>\n<td>0<\/td>\n<td>0<\/td>\n<td>0<\/td>\n<td>0<\/td>\n<td>22<\/td>\n<\/tr>\n<tr class=\"linhadiferente\">\n<td class=\"nomedelegacia\">DRP 09 \u2013 MAFRA<\/td>\n<td>1<\/td>\n<td>1<\/td>\n<td>1<\/td>\n<td>0<\/td>\n<td>0<\/td>\n<td>0<\/td>\n<td>0<\/td>\n<td>0<\/td>\n<td>0<\/td>\n<td>0<\/td>\n<td>0<\/td>\n<td>3<\/td>\n<td>1<\/td>\n<td>0<\/td>\n<td>0<\/td>\n<td>0<\/td>\n<td>1<\/td>\n<td>0<\/td>\n<td>0<\/td>\n<td>0<\/td>\n<td>0<\/td>\n<td>0<\/td>\n<td>0<\/td>\n<td>0<\/td>\n<td>0<\/td>\n<td>0<\/td>\n<td>0<\/td>\n<td>0<\/td>\n<td>0<\/td>\n<td>0<\/td>\n<td>8<\/td>\n<\/tr>\n<tr>\n<td>DRP 10 \u2013 CA\u00c7ADOR<\/td>\n<td class=\"nomedelegacia\">1<\/td>\n<td>1<\/td>\n<td>0<\/td>\n<td>0<\/td>\n<td>0<\/td>\n<td>0<\/td>\n<td>0<\/td>\n<td>0<\/td>\n<td>0<\/td>\n<td>0<\/td>\n<td>0<\/td>\n<td>3<\/td>\n<td>4<\/td>\n<td>0<\/td>\n<td>0<\/td>\n<td>0<\/td>\n<td>1<\/td>\n<td>0<\/td>\n<td>0<\/td>\n<td>0<\/td>\n<td>0<\/td>\n<td>0<\/td>\n<td>0<\/td>\n<td>0<\/td>\n<td>0<\/td>\n<td>0<\/td>\n<td>0<\/td>\n<td>0<\/td>\n<td>0<\/td>\n<td>0<\/td>\n<td>10<\/td>\n<\/tr>\n<tr class=\"linhadiferente\">\n<td class=\"nomedelegacia\">DRP 11 \u2013 JOA\u00c7ABA<\/td>\n<td>1<\/td>\n<td>1<\/td>\n<td>1<\/td>\n<td>0<\/td>\n<td>0<\/td>\n<td>0<\/td>\n<td>0<\/td>\n<td>0<\/td>\n<td>0<\/td>\n<td>0<\/td>\n<td>0<\/td>\n<td>4<\/td>\n<td>11<\/td>\n<td>0<\/td>\n<td>0<\/td>\n<td>0<\/td>\n<td>1<\/td>\n<td>0<\/td>\n<td>0<\/td>\n<td>0<\/td>\n<td>0<\/td>\n<td>0<\/td>\n<td>0<\/td>\n<td>0<\/td>\n<td>0<\/td>\n<td>0<\/td>\n<td>0<\/td>\n<td>0<\/td>\n<td>0<\/td>\n<td>0<\/td>\n<td>19<\/td>\n<\/tr>\n<tr>\n<td class=\"nomedelegacia\">DRP 12 \u2013 CHAPEC\u00d3<\/td>\n<td>1<\/td>\n<td>1<\/td>\n<td>1<\/td>\n<td>0<\/td>\n<td>0<\/td>\n<td>0<\/td>\n<td>0<\/td>\n<td>0<\/td>\n<td>1<\/td>\n<td>0<\/td>\n<td>0<\/td>\n<td>8<\/td>\n<td>16<\/td>\n<td>0<\/td>\n<td>0<\/td>\n<td>0<\/td>\n<td>1<\/td>\n<td>0<\/td>\n<td>0<\/td>\n<td>0<\/td>\n<td>0<\/td>\n<td>0<\/td>\n<td>0<\/td>\n<td>0<\/td>\n<td>1<\/td>\n<td>0<\/td>\n<td>0<\/td>\n<td>0<\/td>\n<td>0<\/td>\n<td>0<\/td>\n<td>30<\/td>\n<\/tr>\n<tr class=\"linhadiferente\">\n<td class=\"nomedelegacia\">DRP 13 \u2013 S\u00c3O MIGUEL D OESTE<\/td>\n<td>1<\/td>\n<td>1<\/td>\n<td>0<\/td>\n<td>0<\/td>\n<td>0<\/td>\n<td>0<\/td>\n<td>0<\/td>\n<td>0<\/td>\n<td>0<\/td>\n<td>0<\/td>\n<td>0<\/td>\n<td>9<\/td>\n<td>18<\/td>\n<td>0<\/td>\n<td>0<\/td>\n<td>0<\/td>\n<td>1<\/td>\n<td>0<\/td>\n<td>0<\/td>\n<td>0<\/td>\n<td>0<\/td>\n<td>0<\/td>\n<td>0<\/td>\n<td>0<\/td>\n<td>0<\/td>\n<td>0<\/td>\n<td>0<\/td>\n<td>0<\/td>\n<td>0<\/td>\n<td>0<\/td>\n<td>30<\/td>\n<\/tr>\n<tr>\n<td class=\"nomedelegacia\">DRP 14 \u2013 CONC\u00d3RDIA<\/td>\n<td>1<\/td>\n<td>1<\/td>\n<td>0<\/td>\n<td>0<\/td>\n<td>0<\/td>\n<td>0<\/td>\n<td>0<\/td>\n<td>0<\/td>\n<td>0<\/td>\n<td>0<\/td>\n<td>0<\/td>\n<td>4<\/td>\n<td>9<\/td>\n<td>0<\/td>\n<td>0<\/td>\n<td>0<\/td>\n<td>1<\/td>\n<td>0<\/td>\n<td>0<\/td>\n<td>0<\/td>\n<td>0<\/td>\n<td>0<\/td>\n<td>0<\/td>\n<td>0<\/td>\n<td>0<\/td>\n<td>0<\/td>\n<td>0<\/td>\n<td>0<\/td>\n<td>0<\/td>\n<td>0<\/td>\n<td>16<\/td>\n<\/tr>\n<tr class=\"linhadiferente\">\n<td class=\"nomedelegacia\">DRP 15 \u2013 JARAGU\u00c1 DO SUL<\/td>\n<td>1<\/td>\n<td>1<\/td>\n<td>0<\/td>\n<td>0<\/td>\n<td>0<\/td>\n<td>0<\/td>\n<td>0<\/td>\n<td>0<\/td>\n<td>0<\/td>\n<td>0<\/td>\n<td>0<\/td>\n<td>2<\/td>\n<td>3<\/td>\n<td>0<\/td>\n<td>0<\/td>\n<td>0<\/td>\n<td>1<\/td>\n<td>0<\/td>\n<td>0<\/td>\n<td>0<\/td>\n<td>0<\/td>\n<td>0<\/td>\n<td>0<\/td>\n<td>0<\/td>\n<td>0<\/td>\n<td>0<\/td>\n<td>0<\/td>\n<td>0<\/td>\n<td>0<\/td>\n<td>0<\/td>\n<td>8<\/td>\n<\/tr>\n<tr>\n<td class=\"nomedelegacia\">DRP 16 \u2013 XANXER\u00ca<\/td>\n<td>1<\/td>\n<td>1<\/td>\n<td>0<\/td>\n<td>0<\/td>\n<td>0<\/td>\n<td>0<\/td>\n<td>0<\/td>\n<td>0<\/td>\n<td>0<\/td>\n<td>0<\/td>\n<td>0<\/td>\n<td>4<\/td>\n<td>9<\/td>\n<td>0<\/td>\n<td>0<\/td>\n<td>0<\/td>\n<td>1<\/td>\n<td>0<\/td>\n<td>0<\/td>\n<td>0<\/td>\n<td>0<\/td>\n<td>0<\/td>\n<td>0<\/td>\n<td>0<\/td>\n<td>0<\/td>\n<td>0<\/td>\n<td>0<\/td>\n<td>0<\/td>\n<td>0<\/td>\n<td>0<\/td>\n<td>16<\/td>\n<\/tr>\n<tr class=\"linhadiferente\">\n<td class=\"nomedelegacia\">DRP 17 \u2013 BRUSQUE<\/td>\n<td>1<\/td>\n<td>1<\/td>\n<td>0<\/td>\n<td>0<\/td>\n<td>0<\/td>\n<td>0<\/td>\n<td>0<\/td>\n<td>0<\/td>\n<td>0<\/td>\n<td>0<\/td>\n<td>0<\/td>\n<td>2<\/td>\n<td>4<\/td>\n<td>0<\/td>\n<td>0<\/td>\n<td>0<\/td>\n<td>1<\/td>\n<td>0<\/td>\n<td>0<\/td>\n<td>0<\/td>\n<td>0<\/td>\n<td>0<\/td>\n<td>0<\/td>\n<td>0<\/td>\n<td>0<\/td>\n<td>0<\/td>\n<td>0<\/td>\n<td>0<\/td>\n<td>0<\/td>\n<td>0<\/td>\n<td>9<\/td>\n<\/tr>\n<tr>\n<td class=\"nomedelegacia\">DRP 18 \u2013 LAGUNA<\/td>\n<td>0<\/td>\n<td>1<\/td>\n<td>0<\/td>\n<td>0<\/td>\n<td>0<\/td>\n<td>0<\/td>\n<td>0<\/td>\n<td>0<\/td>\n<td>0<\/td>\n<td>0<\/td>\n<td>0<\/td>\n<td>4<\/td>\n<td>2<\/td>\n<td>0<\/td>\n<td>0<\/td>\n<td>0<\/td>\n<td>1<\/td>\n<td>0<\/td>\n<td>0<\/td>\n<td>0<\/td>\n<td>0<\/td>\n<td>0<\/td>\n<td>0<\/td>\n<td>0<\/td>\n<td>0<\/td>\n<td>0<\/td>\n<td>0<\/td>\n<td>0<\/td>\n<td>0<\/td>\n<td>0<\/td>\n<td>8<\/td>\n<\/tr>\n<tr class=\"linhadiferente\">\n<td class=\"nomedelegacia\">DRP 19 \u2013 ARARANGU\u00c1<\/td>\n<td>1<\/td>\n<td>1<\/td>\n<td>1<\/td>\n<td>0<\/td>\n<td>0<\/td>\n<td>0<\/td>\n<td>0<\/td>\n<td>0<\/td>\n<td>0<\/td>\n<td>0<\/td>\n<td>0<\/td>\n<td>5<\/td>\n<td>10<\/td>\n<td>0<\/td>\n<td>0<\/td>\n<td>0<\/td>\n<td>1<\/td>\n<td>0<\/td>\n<td>0<\/td>\n<td>0<\/td>\n<td>0<\/td>\n<td>0<\/td>\n<td>0<\/td>\n<td>0<\/td>\n<td>0<\/td>\n<td>0<\/td>\n<td>0<\/td>\n<td>0<\/td>\n<td>0<\/td>\n<td>0<\/td>\n<td>19<\/td>\n<\/tr>\n<tr>\n<td class=\"nomedelegacia\">DRP 20 \u2013 ITUPORANGA<\/td>\n<td>1<\/td>\n<td>1<\/td>\n<td>0<\/td>\n<td>0<\/td>\n<td>0<\/td>\n<td>0<\/td>\n<td>0<\/td>\n<td>0<\/td>\n<td>0<\/td>\n<td>0<\/td>\n<td>0<\/td>\n<td>1<\/td>\n<td>6<\/td>\n<td>0<\/td>\n<td>0<\/td>\n<td>0<\/td>\n<td>1<\/td>\n<td>0<\/td>\n<td>0<\/td>\n<td>0<\/td>\n<td>0<\/td>\n<td>0<\/td>\n<td>0<\/td>\n<td>0<\/td>\n<td>0<\/td>\n<td>0<\/td>\n<td>0<\/td>\n<td>0<\/td>\n<td>0<\/td>\n<td>0<\/td>\n<td>10<\/td>\n<\/tr>\n<tr class=\"linhadiferente\">\n<td class=\"nomedelegacia\">DRP 21 \u2013 S\u00c3O BENTO DO SUL<\/td>\n<td>1<\/td>\n<td>1<\/td>\n<td>0<\/td>\n<td>1<\/td>\n<td>0<\/td>\n<td>0<\/td>\n<td>0<\/td>\n<td>0<\/td>\n<td>0<\/td>\n<td>0<\/td>\n<td>0<\/td>\n<td>2<\/td>\n<td>1<\/td>\n<td>0<\/td>\n<td>0<\/td>\n<td>0<\/td>\n<td>1<\/td>\n<td>0<\/td>\n<td>0<\/td>\n<td>0<\/td>\n<td>0<\/td>\n<td>0<\/td>\n<td>0<\/td>\n<td>0<\/td>\n<td>0<\/td>\n<td>0<\/td>\n<td>0<\/td>\n<td>0<\/td>\n<td>0<\/td>\n<td>0<\/td>\n<td>7<\/td>\n<\/tr>\n<tr>\n<td class=\"nomedelegacia\">DRP 22 &#8211; CANOINHAS<\/td>\n<td>1<\/td>\n<td>1<\/td>\n<td>1<\/td>\n<td>0<\/td>\n<td>0<\/td>\n<td>0<\/td>\n<td>0<\/td>\n<td>0<\/td>\n<td>0<\/td>\n<td>0<\/td>\n<td>0<\/td>\n<td>1<\/td>\n<td>3<\/td>\n<td>0<\/td>\n<td>0<\/td>\n<td>0<\/td>\n<td>1<\/td>\n<td>0<\/td>\n<td>0<\/td>\n<td>0<\/td>\n<td>0<\/td>\n<td>0<\/td>\n<td>0<\/td>\n<td>0<\/td>\n<td>0<\/td>\n<td>0<\/td>\n<td>0<\/td>\n<td>0<\/td>\n<td>0<\/td>\n<td>0<\/td>\n<td>8<\/td>\n<\/tr>\n<tr class=\"linhadiferente\">\n<td class=\"nomedelegacia\">DRP 23 \u2013 PORTO UNI\u00c3O<\/td>\n<td>1<\/td>\n<td>1<\/td>\n<td>0<\/td>\n<td>0<\/td>\n<td>0<\/td>\n<td>0<\/td>\n<td>0<\/td>\n<td>0<\/td>\n<td>0<\/td>\n<td>0<\/td>\n<td>0<\/td>\n<td>1<\/td>\n<td>2<\/td>\n<td>0<\/td>\n<td>0<\/td>\n<td>0<\/td>\n<td>1<\/td>\n<td>0<\/td>\n<td>0<\/td>\n<td>0<\/td>\n<td>0<\/td>\n<td>0<\/td>\n<td>0<\/td>\n<td>0<\/td>\n<td>0<\/td>\n<td>0<\/td>\n<td>0<\/td>\n<td>0<\/td>\n<td>0<\/td>\n<td>0<\/td>\n<td>6<\/td>\n<\/tr>\n<tr>\n<td class=\"nomedelegacia\">DRP 24 \u2013 CURITIBANOS<\/td>\n<td>1<\/td>\n<td>1<\/td>\n<td>0<\/td>\n<td>0<\/td>\n<td>0<\/td>\n<td>0<\/td>\n<td>0<\/td>\n<td>0<\/td>\n<td>0<\/td>\n<td>0<\/td>\n<td>0<\/td>\n<td>1<\/td>\n<td>3<\/td>\n<td>0<\/td>\n<td>0<\/td>\n<td>0<\/td>\n<td>1<\/td>\n<td>0<\/td>\n<td>0<\/td>\n<td>0<\/td>\n<td>0<\/td>\n<td>0<\/td>\n<td>0<\/td>\n<td>0<\/td>\n<td>0<\/td>\n<td>1<\/td>\n<td>0<\/td>\n<td>0<\/td>\n<td>0<\/td>\n<td>0<\/td>\n<td>8<\/td>\n<\/tr>\n<tr class=\"linhadiferente\">\n<td class=\"nomedelegacia\">DRP 25 \u2013 VIDEIRA<\/td>\n<td>1<\/td>\n<td>1<\/td>\n<td>0<\/td>\n<td>0<\/td>\n<td>0<\/td>\n<td>0<\/td>\n<td>0<\/td>\n<td>0<\/td>\n<td>0<\/td>\n<td>0<\/td>\n<td>0<\/td>\n<td>3<\/td>\n<td>6<\/td>\n<td>0<\/td>\n<td>0<\/td>\n<td>0<\/td>\n<td>1<\/td>\n<td>0<\/td>\n<td>0<\/td>\n<td>0<\/td>\n<td>0<\/td>\n<td>0<\/td>\n<td>0<\/td>\n<td>0<\/td>\n<td>0<\/td>\n<td>0<\/td>\n<td>0<\/td>\n<td>0<\/td>\n<td>0<\/td>\n<td>0<\/td>\n<td>12<\/td>\n<\/tr>\n<tr>\n<td class=\"nomedelegacia\">DRP 26 &#8211; CAMPOS NOVOS<\/td>\n<td>1<\/td>\n<td>1<\/td>\n<td>0<\/td>\n<td>0<\/td>\n<td>0<\/td>\n<td>0<\/td>\n<td>0<\/td>\n<td>0<\/td>\n<td>0<\/td>\n<td>0<\/td>\n<td>0<\/td>\n<td>1<\/td>\n<td>3<\/td>\n<td>0<\/td>\n<td>0<\/td>\n<td>0<\/td>\n<td>1<\/td>\n<td>0<\/td>\n<td>0<\/td>\n<td>0<\/td>\n<td>0<\/td>\n<td>0<\/td>\n<td>0<\/td>\n<td>0<\/td>\n<td>0<\/td>\n<td>0<\/td>\n<td>0<\/td>\n<td>0<\/td>\n<td>0<\/td>\n<td>0<\/td>\n<td>7<\/td>\n<\/tr>\n<tr class=\"linhadiferente\">\n<td class=\"nomedelegacia\">DRP 27 \u2013 S\u00c3O JOAQUIM<\/td>\n<td>1<\/td>\n<td>1<\/td>\n<td>0<\/td>\n<td>0<\/td>\n<td>0<\/td>\n<td>0<\/td>\n<td>0<\/td>\n<td>0<\/td>\n<td>0<\/td>\n<td>0<\/td>\n<td>0<\/td>\n<td>2<\/td>\n<td>3<\/td>\n<td>0<\/td>\n<td>0<\/td>\n<td>0<\/td>\n<td>1<\/td>\n<td>0<\/td>\n<td>0<\/td>\n<td>0<\/td>\n<td>0<\/td>\n<td>0<\/td>\n<td>0<\/td>\n<td>0<\/td>\n<td>0<\/td>\n<td>0<\/td>\n<td>0<\/td>\n<td>0<\/td>\n<td>0<\/td>\n<td>0<\/td>\n<td>8<\/td>\n<\/tr>\n<tr>\n<td>DRP 28 \u2013 S\u00c3O LOUREN\u00c7O D\u2019OESTE<\/td>\n<td>1<\/td>\n<td>1<\/td>\n<td>0<\/td>\n<td>0<\/td>\n<td>0<\/td>\n<td>0<\/td>\n<td>0<\/td>\n<td>0<\/td>\n<td>0<\/td>\n<td>0<\/td>\n<td>0<\/td>\n<td>4<\/td>\n<td>10<\/td>\n<td>0<\/td>\n<td>0<\/td>\n<td>0<\/td>\n<td>1<\/td>\n<td>0<\/td>\n<td>0<\/td>\n<td>0<\/td>\n<td>0<\/td>\n<td>0<\/td>\n<td>0<\/td>\n<td>0<\/td>\n<td>0<\/td>\n<td>0<\/td>\n<td>0<\/td>\n<td>0<\/td>\n<td>0<\/td>\n<td>0<\/td>\n<td>17<\/td>\n<\/tr>\n<tr class=\"linhadiferente\">\n<td class=\"nomedelegacia\">DRP 29 \u2013 BALNE\u00c1RIO CAMBORI\u00da<\/td>\n<td>1<\/td>\n<td>1<\/td>\n<td>1<\/td>\n<td>0<\/td>\n<td>0<\/td>\n<td>0<\/td>\n<td>0<\/td>\n<td>0<\/td>\n<td>0<\/td>\n<td>0<\/td>\n<td>0<\/td>\n<td>5<\/td>\n<td>2<\/td>\n<td>0<\/td>\n<td>0<\/td>\n<td>0<\/td>\n<td>1<\/td>\n<td>0<\/td>\n<td>0<\/td>\n<td>0<\/td>\n<td>0<\/td>\n<td>0<\/td>\n<td>0<\/td>\n<td>0<\/td>\n<td>0<\/td>\n<td>0<\/td>\n<td>0<\/td>\n<td>0<\/td>\n<td>0<\/td>\n<td>0<\/td>\n<td>11<\/td>\n<\/tr>\n<tr>\n<td class=\"nomedelegacia\">DRP 30 \u2013 PALHO\u00c7A<\/td>\n<td>1<\/td>\n<td>1<\/td>\n<td>0<\/td>\n<td>0<\/td>\n<td>0<\/td>\n<td>0<\/td>\n<td>0<\/td>\n<td>0<\/td>\n<td>0<\/td>\n<td>0<\/td>\n<td>0<\/td>\n<td>2<\/td>\n<td>5<\/td>\n<td>0<\/td>\n<td>0<\/td>\n<td>1<\/td>\n<td>1<\/td>\n<td>0<\/td>\n<td>0<\/td>\n<td>0<\/td>\n<td>0<\/td>\n<td>0<\/td>\n<td>0<\/td>\n<td>0<\/td>\n<td>0<\/td>\n<td>0<\/td>\n<td>0<\/td>\n<td>0<\/td>\n<td>0<\/td>\n<td>0<\/td>\n<td>11<\/td>\n<\/tr>\n<tr class=\"rodape\">\n<td class=\"nomedelegacia\">TOTAL<\/td>\n<td>31<\/td>\n<td>30<\/td>\n<td>16<\/td>\n<td>4<\/td>\n<td>0<\/td>\n<td>1<\/td>\n<td>2<\/td>\n<td>1<\/td>\n<td>2<\/td>\n<td>1<\/td>\n<td>1<\/td>\n<td>132<\/td>\n<td>184<\/td>\n<td>1<\/td>\n<td>1<\/td>\n<td>4<\/td>\n<td>30<\/td>\n<td>1<\/td>\n<td>1<\/td>\n<td>1<\/td>\n<td>1<\/td>\n<td>1<\/td>\n<td>1<\/td>\n<td>1<\/td>\n<td>1<\/td>\n<td>1<\/td>\n<td>1<\/td>\n<td>1<\/td>\n<td>1<\/td>\n<td>7<\/td>\n<td>460<\/td>\n<\/tr>\n<\/tbody>\n<\/table>\n<style type=\"text\/css\">.tabela { border-collapse: collapse; border-style: none; width: 2900px; border-spacing: 0px; border: 1px solid #aaa; }<br \/>\n.tabela caption { font-weight: bold; }<br \/>\n.tabela td { padding: 5px; border: 1px solid #aaa; }<br \/>\n.tabela th { padding: 5px; text-align: left; border: 1px solid #aaa; }<br \/>\n.tabela caption { text-align: left; }<br \/>\n.cabecalho, .rodape { background-color: #ccc; font-weight: bold; }<br \/>\n.linhadiferente { background-color: #eee; }<br \/>\n.nomedelegacia { width: 120px; }<\/style><\/div>\t\t\t\t\t\t\t\t<\/div>\n\t\t\t\t<\/div>\n\t\t\t\t\t<\/div>\n\t\t<\/div>\n\t\t\t\t\t<\/div>\n\t\t<\/section>\n\t\t\t\t<\/div>\n\t\t","protected":false},"excerpt":{"rendered":"<p>Delegacias Especializadas QUANTIDADE DE DELEGACIAS ESPECIALIZADAS NO ESTADO DE SANTA CATARINA DELEGACIAS DPCAMI DIC CPP DDT COPE DTCA HOMIC ROUBOS SAER DEIC DPTUR DPCO DPMU VIRTUAL UEIE SUB\/DP DRP DCOD DPPD GEFID DIPC CORREGEDORIA ACADEPOL POLINTER DIFRON DPOI DPOL DGPC DPGF GAECO TOTAL DPGF 00 \u2013 FPOLIS 2 0 2 0 0 0 1 1 [&hellip;]<\/p>\n","protected":false},"author":1,"featured_media":0,"parent":65,"menu_order":0,"comment_status":"closed","ping_status":"closed","template":"elementor_header_footer","meta":{"_monsterinsights_skip_tracking":false,"_monsterinsights_sitenote_active":false,"_monsterinsights_sitenote_note":"","_monsterinsights_sitenote_category":0,"footnotes":""},"class_list":["post-79","page","type-page","status-publish","hentry"],"_links":{"self":[{"href":"https:\/\/pc.sc.gov.br\/index.php?rest_route=\/wp\/v2\/pages\/79","targetHints":{"allow":["GET"]}}],"collection":[{"href":"https:\/\/pc.sc.gov.br\/index.php?rest_route=\/wp\/v2\/pages"}],"about":[{"href":"https:\/\/pc.sc.gov.br\/index.php?rest_route=\/wp\/v2\/types\/page"}],"author":[{"embeddable":true,"href":"https:\/\/pc.sc.gov.br\/index.php?rest_route=\/wp\/v2\/users\/1"}],"replies":[{"embeddable":true,"href":"https:\/\/pc.sc.gov.br\/index.php?rest_route=%2Fwp%2Fv2%2Fcomments&post=79"}],"version-history":[{"count":39,"href":"https:\/\/pc.sc.gov.br\/index.php?rest_route=\/wp\/v2\/pages\/79\/revisions"}],"predecessor-version":[{"id":36541,"href":"https:\/\/pc.sc.gov.br\/index.php?rest_route=\/wp\/v2\/pages\/79\/revisions\/36541"}],"up":[{"embeddable":true,"href":"https:\/\/pc.sc.gov.br\/index.php?rest_route=\/wp\/v2\/pages\/65"}],"wp:attachment":[{"href":"https:\/\/pc.sc.gov.br\/index.php?rest_route=%2Fwp%2Fv2%2Fmedia&parent=79"}],"curies":[{"name":"wp","href":"https:\/\/api.w.org\/{rel}","templated":true}]}}