{"id":83,"date":"2022-10-14T15:58:43","date_gmt":"2022-10-14T18:58:43","guid":{"rendered":"https:\/\/pc.sc.gov.br\/?page_id=83"},"modified":"2023-05-09T14:09:53","modified_gmt":"2023-05-09T17:09:53","slug":"enderecos","status":"publish","type":"page","link":"https:\/\/pc.sc.gov.br\/?page_id=83","title":{"rendered":"Endere\u00e7os"},"content":{"rendered":"\t\t<div data-elementor-type=\"wp-page\" data-elementor-id=\"83\" class=\"elementor elementor-83\" data-elementor-post-type=\"page\">\n\t\t\t\t\t\t<section class=\"elementor-section elementor-top-section elementor-element elementor-element-585b501 elementor-section-boxed elementor-section-height-default elementor-section-height-default\" data-id=\"585b501\" data-element_type=\"section\">\n\t\t\t\t\t\t<div class=\"elementor-container elementor-column-gap-default\">\n\t\t\t\t\t<div class=\"elementor-column elementor-col-100 elementor-top-column elementor-element elementor-element-7b61279\" data-id=\"7b61279\" data-element_type=\"column\">\n\t\t\t<div class=\"elementor-widget-wrap elementor-element-populated\">\n\t\t\t\t\t\t<div class=\"elementor-element elementor-element-d67c489 elementor-widget elementor-widget-heading\" data-id=\"d67c489\" data-element_type=\"widget\" data-widget_type=\"heading.default\">\n\t\t\t\t<div class=\"elementor-widget-container\">\n\t\t\t\t\t<h2 class=\"elementor-heading-title elementor-size-default\">Delegacias de Pol\u00edcia<\/h2>\t\t\t\t<\/div>\n\t\t\t\t<\/div>\n\t\t\t\t\t<\/div>\n\t\t<\/div>\n\t\t\t\t\t<\/div>\n\t\t<\/section>\n\t\t\t\t<section class=\"elementor-section elementor-top-section elementor-element elementor-element-f26a98a elementor-section-boxed elementor-section-height-default elementor-section-height-default\" data-id=\"f26a98a\" data-element_type=\"section\">\n\t\t\t\t\t\t<div class=\"elementor-container elementor-column-gap-default\">\n\t\t\t\t\t<div class=\"elementor-column elementor-col-100 elementor-top-column elementor-element elementor-element-eee0c44\" data-id=\"eee0c44\" data-element_type=\"column\">\n\t\t\t<div class=\"elementor-widget-wrap elementor-element-populated\">\n\t\t\t\t\t\t<div class=\"elementor-element elementor-element-d2cc4f4 elementor-align-right elementor-hidden-tablet elementor-hidden-mobile elementor-widget elementor-widget-button\" data-id=\"d2cc4f4\" data-element_type=\"widget\" data-widget_type=\"button.default\">\n\t\t\t\t<div class=\"elementor-widget-container\">\n\t\t\t\t\t\t\t\t\t<div class=\"elementor-button-wrapper\">\n\t\t\t\t\t<a class=\"elementor-button elementor-button-link elementor-size-sm\" href=\"https:\/\/sistemas.pc.sc.gov.br\/publicacoes\/pesquisa.unidades.php\" target=\"_blank\">\n\t\t\t\t\t\t<span class=\"elementor-button-content-wrapper\">\n\t\t\t\t\t\t<span class=\"elementor-button-icon\">\n\t\t\t\t<i aria-hidden=\"true\" class=\"fas fa-arrow-circle-right\"><\/i>\t\t\t<\/span>\n\t\t\t\t\t\t\t\t\t<span class=\"elementor-button-text\">Consultar Regional por munic\u00edpio<\/span>\n\t\t\t\t\t<\/span>\n\t\t\t\t\t<\/a>\n\t\t\t\t<\/div>\n\t\t\t\t\t\t\t\t<\/div>\n\t\t\t\t<\/div>\n\t\t\t\t<div class=\"elementor-element elementor-element-a1c5039 elementor-align-center elementor-hidden-desktop elementor-widget elementor-widget-button\" data-id=\"a1c5039\" data-element_type=\"widget\" data-widget_type=\"button.default\">\n\t\t\t\t<div class=\"elementor-widget-container\">\n\t\t\t\t\t\t\t\t\t<div class=\"elementor-button-wrapper\">\n\t\t\t\t\t<a class=\"elementor-button elementor-button-link elementor-size-xs\" href=\"https:\/\/sistemas.pc.sc.gov.br\/publicacoes\/pesquisa.unidades.php\" target=\"_blank\">\n\t\t\t\t\t\t<span class=\"elementor-button-content-wrapper\">\n\t\t\t\t\t\t<span class=\"elementor-button-icon\">\n\t\t\t\t<i aria-hidden=\"true\" class=\"fas fa-arrow-circle-right\"><\/i>\t\t\t<\/span>\n\t\t\t\t\t\t\t\t\t<span class=\"elementor-button-text\">Consultar Regional <br> por munic\u00edpio<\/span>\n\t\t\t\t\t<\/span>\n\t\t\t\t\t<\/a>\n\t\t\t\t<\/div>\n\t\t\t\t\t\t\t\t<\/div>\n\t\t\t\t<\/div>\n\t\t\t\t<div class=\"elementor-element elementor-element-b7ba8d5 elementor-widget elementor-widget-text-editor\" data-id=\"b7ba8d5\" data-element_type=\"widget\" data-widget_type=\"text-editor.default\">\n\t\t\t\t<div class=\"elementor-widget-container\">\n\t\t\t\t\t\t\t\t\t<div id=\"jsn-maincontent\" class=\"span9 order2 offset3 row-fluid\">\n    <div id=\"jsn-maincontent_inner\">\n    <div id=\"jsn-centercol\" class=\"span12 order1 \">\n    <div id=\"jsn-centercol_inner\">\n    <div id=\"jsn-mainbody-content\" class=\" jsn-hasmainbody\">\n    <div id=\"jsn-mainbody\">\n    <div class=\"category-list\">\n    <div class=\"content-category\"><form id=\"adminForm\" class=\"form-inline\" action=\"\/enderecos\" method=\"post\" name=\"adminForm\">\n    <table class=\"category table table-striped table-bordered table-hover table-noheader\">\n    <tbody>\n    <tr class=\"cat-list-row0\">\n    <td class=\"list-title\" headers=\"categorylist_header_title\"><a style=\"padding-left: 15px;\" href=\"https:\/\/pc.sc.gov.br\/?page_id=283\">00 Delegacia-Geral da Pol\u00edcia Civil &#8211; Florian\u00f3polis <\/a><\/td>\n    <\/tr>\n    <tr class=\"cat-list-row1\">\n    <td class=\"list-title\" headers=\"categorylist_header_title\"><a style=\"padding-left: 15px;\" href=\"https:\/\/pc.sc.gov.br\/?page_id=292\"> 00 Diretoria de Pol\u00edcia da Grande Florian\u00f3polis <\/a><\/td>\n    <\/tr>\n    <tr class=\"cat-list-row1\">\n    <td class=\"list-title\" headers=\"categorylist_header_title\"><a style=\"padding-left: 15px;\" href=\"https:\/\/pc.sc.gov.br\/?page_id=8780\"> 00 Diretoria Estadual de Investiga\u00e7\u00f5es Criminais  <\/a><\/td>\n    <\/tr>\n    <tr class=\"cat-list-row0\">\n    <td class=\"list-title\" headers=\"categorylist_header_title\"><a style=\"padding-left: 15px;\" href=\"https:\/\/pc.sc.gov.br\/?page_id=304\"> 01\u00aa DRP &#8211; S\u00e3o Jos\u00e9 <\/a><\/td>\n    <\/tr>\n    <tr class=\"cat-list-row1\">\n    <td class=\"list-title\" headers=\"categorylist_header_title\"><a style=\"padding-left: 15px;\" href=\"https:\/\/pc.sc.gov.br\/?page_id=309\"> 02\u00aa DRP &#8211; Joinville <\/a><\/td>\n    <\/tr>\n    <tr class=\"cat-list-row0\">\n    <td class=\"list-title\" headers=\"categorylist_header_title\"><a style=\"padding-left: 15px;\" href=\"https:\/\/pc.sc.gov.br\/?page_id=318\"> 03\u00aa DRP &#8211; Blumenau <\/a><\/td>\n    <\/tr>\n    <tr class=\"cat-list-row1\">\n    <td class=\"list-title\" headers=\"categorylist_header_title\"><a style=\"padding-left: 15px;\" href=\"https:\/\/pc.sc.gov.br\/?page_id=324\"> 04\u00aa DRP &#8211; Itaja\u00ed <\/a><\/td>\n    <\/tr>\n    <tr class=\"cat-list-row0\">\n    <td class=\"list-title\" headers=\"categorylist_header_title\"><a style=\"padding-left: 15px;\" href=\"https:\/\/pc.sc.gov.br\/?page_id=333\"> 05\u00aa DRP &#8211; Tubar\u00e3o <\/a><\/td>\n    <\/tr>\n    <tr class=\"cat-list-row1\">\n    <td class=\"list-title\" headers=\"categorylist_header_title\"><a style=\"padding-left: 15px;\" href=\"https:\/\/pc.sc.gov.br\/?page_id=341\"> 06\u00aa DRP &#8211; Crici\u00fama <\/a><\/td>\n    <\/tr>\n    <tr class=\"cat-list-row0\">\n    <td class=\"list-title\" headers=\"categorylist_header_title\"><a style=\"padding-left: 15px;\" href=\"https:\/\/pc.sc.gov.br\/?page_id=349\"> 07\u00aa DRP &#8211; Rio do Sul <\/a><\/td>\n    <\/tr>\n    <tr class=\"cat-list-row1\">\n    <td class=\"list-title\" headers=\"categorylist_header_title\"><a style=\"padding-left: 15px;\" href=\"https:\/\/pc.sc.gov.br\/?page_id=358\"> 08\u00aa DRP &#8211; Lages <\/a><\/td>\n    <\/tr>\n    <tr class=\"cat-list-row0\">\n    <td class=\"list-title\" headers=\"categorylist_header_title\"><a style=\"padding-left: 15px;\" href=\"https:\/\/pc.sc.gov.br\/?page_id=368\"> 09\u00aa DRP &#8211; Mafra <\/a><\/td>\n    <\/tr>\n    <tr class=\"cat-list-row1\">\n    <td class=\"list-title\" headers=\"categorylist_header_title\"><a style=\"padding-left: 15px;\" href=\"https:\/\/pc.sc.gov.br\/?page_id=374\"> 10\u00aa DRP &#8211; Ca\u00e7ador <\/a><\/td>\n    <\/tr>\n    <tr class=\"cat-list-row0\">\n    <td class=\"list-title\" headers=\"categorylist_header_title\"><a style=\"padding-left: 15px;\" href=\"https:\/\/pc.sc.gov.br\/?page_id=384\"> 11\u00aa DRP &#8211; Joa\u00e7aba <\/a><\/td>\n    <\/tr>\n    <tr class=\"cat-list-row1\">\n    <td class=\"list-title\" headers=\"categorylist_header_title\"><a style=\"padding-left: 15px;\" href=\"https:\/\/pc.sc.gov.br\/?page_id=393\"> 12\u00aa DRP &#8211; Chapec\u00f3 <\/a><\/td>\n    <\/tr>\n    <tr class=\"cat-list-row0\">\n    <td class=\"list-title\" headers=\"categorylist_header_title\"><a style=\"padding-left: 15px;\" href=\"https:\/\/pc.sc.gov.br\/?page_id=399\"> 13\u00aa DRP &#8211; S\u00e3o Miguel do Oeste <\/a><\/td>\n    <\/tr>\n    <tr class=\"cat-list-row1\">\n    <td class=\"list-title\" headers=\"categorylist_header_title\"><a style=\"padding-left: 15px;\" href=\"https:\/\/pc.sc.gov.br\/?page_id=404\"> 14\u00aa DRP &#8211; Conc\u00f3rdia <\/a><\/td>\n    <\/tr>\n    <tr class=\"cat-list-row0\">\n    <td class=\"list-title\" headers=\"categorylist_header_title\"><a style=\"padding-left: 15px;\" href=\"https:\/\/pc.sc.gov.br\/?page_id=413\"> 15\u00aa DRP &#8211; Jaragu\u00e1 do Sul <\/a><\/td>\n    <\/tr>\n    <tr class=\"cat-list-row1\">\n    <td class=\"list-title\" headers=\"categorylist_header_title\"><a style=\"padding-left: 15px;\" href=\"https:\/\/pc.sc.gov.br\/?page_id=422\"> 16\u00aa DRP &#8211; Xanxer\u00ea <\/a><\/td>\n    <\/tr>\n    <tr class=\"cat-list-row0\">\n    <td class=\"list-title\" headers=\"categorylist_header_title\"><a style=\"padding-left: 15px;\" href=\"https:\/\/pc.sc.gov.br\/?page_id=432\"> 17\u00aa DRP &#8211; Brusque <\/a><\/td>\n    <\/tr>\n    <tr class=\"cat-list-row1\">\n    <td class=\"list-title\" headers=\"categorylist_header_title\"><a style=\"padding-left: 15px;\" href=\"https:\/\/pc.sc.gov.br\/?page_id=440\"> 18\u00aa DRP &#8211; Laguna <\/a><\/td>\n    <\/tr>\n    <tr class=\"cat-list-row0\">\n    <td class=\"list-title\" headers=\"categorylist_header_title\"><a style=\"padding-left: 15px;\" href=\"https:\/\/pc.sc.gov.br\/?page_id=445\"> 19\u00aa DRP &#8211; Ararangu\u00e1 <\/a><\/td>\n    <\/tr>\n    <tr class=\"cat-list-row1\">\n    <td class=\"list-title\" headers=\"categorylist_header_title\"><a style=\"padding-left: 15px;\" href=\"https:\/\/pc.sc.gov.br\/?page_id=450\"> 20\u00aa DRP &#8211; Ituporanga <\/a><\/td>\n    <\/tr>\n    <tr class=\"cat-list-row0\">\n    <td class=\"list-title\" headers=\"categorylist_header_title\"><a style=\"padding-left: 15px;\" href=\"https:\/\/pc.sc.gov.br\/?page_id=455\"> 21\u00aa DRP &#8211; S\u00e3o Bento do Sul <\/a><\/td>\n    <\/tr>\n    <tr class=\"cat-list-row1\">\n    <td class=\"list-title\" headers=\"categorylist_header_title\"><a style=\"padding-left: 15px;\" href=\"https:\/\/pc.sc.gov.br\/?page_id=461\"> 22\u00aa DRP &#8211; Canoinhas <\/a><\/td>\n    <\/tr>\n    <tr class=\"cat-list-row0\">\n    <td class=\"list-title\" headers=\"categorylist_header_title\"><a style=\"padding-left: 15px;\" href=\"https:\/\/pc.sc.gov.br\/?page_id=467\"> 23\u00aa DRP &#8211; Porto Uni\u00e3o <\/a><\/td>\n    <\/tr>\n    <tr class=\"cat-list-row1\">\n    <td class=\"list-title\" headers=\"categorylist_header_title\"><a style=\"padding-left: 15px;\" href=\"https:\/\/pc.sc.gov.br\/?page_id=472\"> 24\u00aa DRP &#8211; Curitibanos <\/a><\/td>\n    <\/tr>\n    <tr class=\"cat-list-row0\">\n    <td class=\"list-title\" headers=\"categorylist_header_title\"><a style=\"padding-left: 15px;\" href=\"https:\/\/pc.sc.gov.br\/?page_id=477\"> 25\u00aa DRP &#8211; Videira <\/a><\/td>\n    <\/tr>\n    <tr class=\"cat-list-row1\">\n    <td class=\"list-title\" headers=\"categorylist_header_title\"><a style=\"padding-left: 15px;\" href=\"https:\/\/pc.sc.gov.br\/?page_id=486\"> 26\u00aa DRP &#8211; Campos Novos <\/a><\/td>\n    <\/tr>\n    <tr class=\"cat-list-row0\">\n    <td class=\"list-title\" headers=\"categorylist_header_title\"><a style=\"padding-left: 15px;\" href=\"https:\/\/pc.sc.gov.br\/?page_id=495\"> 27\u00aa DRP &#8211; S\u00e3o Joaquim <\/a><\/td>\n    <\/tr>\n    <tr class=\"cat-list-row1\">\n    <td class=\"list-title\" headers=\"categorylist_header_title\"><a style=\"padding-left: 15px;\" href=\"https:\/\/pc.sc.gov.br\/?page_id=500\"> 28\u00aa DRP &#8211; S\u00e3o Louren\u00e7o do Oeste <\/a><\/td>\n    <\/tr>\n    <tr class=\"cat-list-row0\">\n    <td class=\"list-title\" headers=\"categorylist_header_title\"><a style=\"padding-left: 15px;\" href=\"https:\/\/pc.sc.gov.br\/?page_id=509\"> 29\u00aa DRP &#8211; Balne\u00e1rio Cambori\u00fa <\/a><\/td>\n    <\/tr>\n    <tr class=\"cat-list-row1\">\n    <td class=\"list-title\" headers=\"categorylist_header_title\"><a style=\"padding-left: 15px;\" href=\"https:\/\/pc.sc.gov.br\/?page_id=515\"> 30\u00aa DRP &#8211; Palho\u00e7a <\/a><\/td>\n    <\/tr>\n    <tr class=\"cat-list-row0\">\n    <td class=\"list-title\" headers=\"categorylist_header_title\"><a style=\"padding-left: 15px;\" href=\"https:\/\/pc.sc.gov.br\/?page_id=524\"> 31\u00aa DRP &#8211; Maravilha <\/a><\/td>\n    <\/tr>\n    <\/tbody>\n    <\/table>\n    <\/form><\/div>\n    <\/div>\n    <\/div>\n    <\/div>\n    <\/div>\n    <\/div>\n    <\/div>\n    <\/div>\t\t\t\t\t\t\t\t<\/div>\n\t\t\t\t<\/div>\n\t\t\t\t\t<\/div>\n\t\t<\/div>\n\t\t\t\t\t<\/div>\n\t\t<\/section>\n\t\t\t\t<\/div>\n\t\t","protected":false},"excerpt":{"rendered":"<p>Delegacias de Pol\u00edcia Consultar Regional por munic\u00edpio Consultar Regional por munic\u00edpio 00 Delegacia-Geral da Pol\u00edcia Civil &#8211; Florian\u00f3polis 00 Diretoria de Pol\u00edcia da Grande Florian\u00f3polis 00 Diretoria Estadual de Investiga\u00e7\u00f5es Criminais 01\u00aa DRP &#8211; S\u00e3o Jos\u00e9 02\u00aa DRP &#8211; Joinville 03\u00aa DRP &#8211; Blumenau 04\u00aa DRP &#8211; Itaja\u00ed 05\u00aa DRP &#8211; Tubar\u00e3o 06\u00aa DRP &#8211; [&hellip;]<\/p>\n","protected":false},"author":1,"featured_media":0,"parent":65,"menu_order":0,"comment_status":"closed","ping_status":"closed","template":"elementor_header_footer","meta":{"_monsterinsights_skip_tracking":false,"_monsterinsights_sitenote_active":false,"_monsterinsights_sitenote_note":"","_monsterinsights_sitenote_category":0,"footnotes":""},"class_list":["post-83","page","type-page","status-publish","hentry"],"_links":{"self":[{"href":"https:\/\/pc.sc.gov.br\/index.php?rest_route=\/wp\/v2\/pages\/83","targetHints":{"allow":["GET"]}}],"collection":[{"href":"https:\/\/pc.sc.gov.br\/index.php?rest_route=\/wp\/v2\/pages"}],"about":[{"href":"https:\/\/pc.sc.gov.br\/index.php?rest_route=\/wp\/v2\/types\/page"}],"author":[{"embeddable":true,"href":"https:\/\/pc.sc.gov.br\/index.php?rest_route=\/wp\/v2\/users\/1"}],"replies":[{"embeddable":true,"href":"https:\/\/pc.sc.gov.br\/index.php?rest_route=%2Fwp%2Fv2%2Fcomments&post=83"}],"version-history":[{"count":64,"href":"https:\/\/pc.sc.gov.br\/index.php?rest_route=\/wp\/v2\/pages\/83\/revisions"}],"predecessor-version":[{"id":8792,"href":"https:\/\/pc.sc.gov.br\/index.php?rest_route=\/wp\/v2\/pages\/83\/revisions\/8792"}],"up":[{"embeddable":true,"href":"https:\/\/pc.sc.gov.br\/index.php?rest_route=\/wp\/v2\/pages\/65"}],"wp:attachment":[{"href":"https:\/\/pc.sc.gov.br\/index.php?rest_route=%2Fwp%2Fv2%2Fmedia&parent=83"}],"curies":[{"name":"wp","href":"https:\/\/api.w.org\/{rel}","templated":true}]}}